{"id":9719,"date":"2025-03-11T08:31:20","date_gmt":"2025-03-10T23:31:20","guid":{"rendered":"https:\/\/www.chemipaz.com\/vi\/?page_id=9719"},"modified":"2025-04-25T19:20:28","modified_gmt":"2025-04-25T10:20:28","slug":"name-thoughts","status":"publish","type":"page","link":"https:\/\/www.chemipaz.com\/vi\/philosophy\/name-thoughts\/","title":{"rendered":"\u00dd ngh\u0129a \u1ea9n ch\u1ee9a trong t\u00ean c\u00f4ng ty"},"content":{"rendered":"\n<div class=\"wp-block-cover under-mv-static\" style=\"min-height:384px;aspect-ratio:unset;\"><span aria-hidden=\"true\" class=\"wp-block-cover__background has-black-background-color has-background-dim-0 has-background-dim\"><\/span><img decoding=\"async\" class=\"wp-block-cover__image-background wp-image-11831\" alt=\"\" src=\"https:\/\/www.chemipaz.com\/wp-content\/uploads\/2025\/01\/philosophy-mv.png\" data-object-fit=\"cover\"\/><div class=\"wp-block-cover__inner-container is-layout-constrained wp-block-cover-is-layout-constrained\"><div class=\"yoast-breadcrumbs\"><span><span><a href=\"https:\/\/www.chemipaz.com\/vi\/\">Trang ch\u1ee7<\/a><\/span> \u00bb <span><a href=\"https:\/\/www.chemipaz.com\/vi\/philosophy\/\">Tri\u1ebft l\u00fd v\u00e0 l\u1ecbch s\u1eed ph\u00e1t tri\u1ec3n c\u1ee7a T\u1eadp \u0111o\u00e0n<\/a><\/span> \u00bb <span class=\"breadcrumb_last\" aria-current=\"page\">\u00dd ngh\u0129a \u1ea9n ch\u1ee9a trong t\u00ean c\u00f4ng ty<\/span><\/span><\/div>\n\n\n<p class=\"has-text-align-center\"><strong>PHILOSOPHY<\/strong><\/p>\n\n\n<h2 class=\"has-text-align-center wp-block-post-title\">\u00dd ngh\u0129a \u1ea9n ch\u1ee9a trong t\u00ean c\u00f4ng ty<\/h2><\/div><\/div>\n\n\n\n<div id=\"philosophy-name-thoughts\" class=\"wp-block-group philosophy-name-thoughts is-layout-constrained wp-block-group-is-layout-constrained\">\n<div class=\"wp-block-group message is-layout-constrained wp-block-group-is-layout-constrained\">\n<div class=\"wp-block-group inner is-layout-constrained wp-block-group-is-layout-constrained\">\n<figure class=\"wp-block-image aligncenter size-large message__logo\"><img decoding=\"async\" src=\"https:\/\/www.chemipaz.com\/wp-content\/themes\/chemipaz\/assets\/images\/common\/logo.svg\" alt=\"\" title=\"\"\/><\/figure>\n\n\n\n<p class=\"has-text-align-left title-type04 size03\">D\u1ef1a tr\u00ean n\u0103ng l\u1ef1c c\u00f4ng ngh\u1ec7 v\u1eefng m\u1ea1nh,<br>ch\u00fang t\u00f4i lu\u00f4n t\u1ef1 h\u00e0o l\u00e0 m\u1ed9t nh\u00e0 s\u1ea3n xu\u1ea5t h\u00f3a h\u1ecdc (CHEMICAL).<br><br>H\u01a1n c\u1ea3 vai tr\u00f2 h\u1ed7 tr\u1ee3 kh\u00e1ch h\u00e0ng,<br>Ch\u00fang t\u00f4i mang trong m\u00ecnh quy\u1ebft t\u00e2m tr\u1edf th\u00e0nh \u0111\u1ed1i t\u00e1c (PARTNER) \u0111\u1ed3ng s\u00e1ng t\u1ea1o (CHEMISTRY) xu\u1ea5t s\u1eafc c\u00f9ng nhau h\u01b0\u1edbng t\u1edbi t\u01b0\u01a1ng lai.<br><br>C\u00f9ng v\u1edbi kh\u00e1ch h\u00e0ng c\u1ee7a m\u00ecnh, ch\u00fang t\u00f4i cung c\u1ea5p c\u00e1c s\u1ea3n ph\u1ea9m c\u1ea7n thi\u1ebft v\u00e0 kh\u00f4ng th\u1ec3 thi\u1ebfu \u0111\u1ebfn m\u1ecdi ng\u01b0\u1eddi (PERSON) trong m\u1ecdi kh\u00eda c\u1ea1nh c\u1ee7a cu\u1ed9c s\u1ed1ng h\u00e0ng ng\u00e0y (A-Z) .<br><br>Ch\u00fang t\u00f4i s\u1ebd bi\u1ebfn ni\u1ec1m vui \u0111\u00f3 th\u00e0nh ni\u1ec1m \u0111am m\u00ea l\u1edbn h\u01a1n (PASSION). <br class=\"pc\">Ch\u00fang t\u00f4i s\u1ebd &#8220;th\u1eafp s\u00e1ng\u201d (PA)\u00a0 v\u00e0 &#8220;lu\u00f4n lu\u00f4n&#8221; (Z) chi\u1ebfu s\u00e1ng cu\u1ed9c s\u1ed1ng c\u1ee7a m\u1ecdi ng\u01b0\u1eddi.<br class=\"pc\">\u0110\u00f3 ch\u00ednh l\u00e0 x\u00e3 h\u1ed9i t\u01b0\u01a1ng lai m\u00e0 ch\u00fang t\u00f4i lu\u00f4n \u1ea5p \u1ee7 l\u1eddi h\u1ee9a \u0111\u1ec3 h\u01b0\u1edbng \u0111\u1ebfn.<\/p>\n<\/div>\n<\/div>\n\n\n\n<div class=\"wp-block-group group scrollItem fadeTop is-layout-constrained wp-block-group-is-layout-constrained\">\n<div class=\"wp-block-group inner is-layout-constrained wp-block-group-is-layout-constrained\">\n<h2 class=\"wp-block-heading title-type04\">Tri\u1ebft l\u00fd c\u1ee7a T\u1eadp \u0111o\u00e0n<\/h2>\n\n\n\n<h3 class=\"wp-block-heading title-type04 size04\">Cu\u1ed9c s\u1ed1ng ti\u1ec7n nghi,<br>T\u01b0\u01a1ng lai t\u01b0\u01a1i m\u1edbi<\/h3>\n\n\n\n<p class=\"text-type01\">C\u00f9ng v\u1edbi vi\u1ec7c \u0111\u1ecbnh ngh\u0129a l\u1ea1i \u201cc\u00f4ng ngh\u1ec7 ti\u00ean ti\u1ebfn c\u00f3 t\u00ednh \u0111\u1ed9c \u0111\u00e1o\u201d, \u201ckh\u1ea3 n\u0103ng n\u1eafm b\u1eaft nhu c\u1ea7u c\u1ee7a kh\u00e1ch h\u00e0ng\u201d v\u00e0 \u201ckh\u1ea3 n\u0103ng cung c\u1ea5p \u1ed5n \u0111\u1ecbnh c\u00e1c s\u1ea3n ph\u1ea9m ch\u1ea5t l\u01b0\u1ee3ng cao\u201d, s\u1ee9 m\u1ec7nh \u201cCu\u1ed9c s\u1ed1ng ti\u1ec7n nghi, T\u01b0\u01a1ng lai t\u01b0\u01a1i m\u1edbi\u201d \u0111\u01b0\u1ee3c t\u1ea1o ra d\u1ef1a tr\u00ean t\u01b0 t\u01b0\u1edfng mong mu\u1ed1n h\u01b0\u1edbng t\u1edbi \u201ct\u1ea1o ra \u2018s\u1ef1 ti\u1ec7n nghi\u2019 trong sinh ho\u1ea1t b\u1eb1ng c\u00e1ch \u0111\u00f3ng g\u00f3p v\u00e0o c\u00e1c s\u1ea3n ph\u1ea9m cu\u1ed1i v\u00e0 \u0111\u1ea1t \u0111\u01b0\u1ee3c m\u1ed9t t\u01b0\u01a1ng lai b\u1ec1n v\u1eefng\u201d.<\/p>\n\n\n\n<div class=\"wp-block-group content-type07 is-layout-grid wp-container-core-group-is-layout-baef362d wp-block-group-is-layout-grid\"><a href=\"https:\/\/www.chemipaz.com\/vi\/philosophy\/conduct-guidelines\/\"    class=\"content-type07__item wp-block-tiptip-hyperlink-group-block\" >\n<figure class=\"wp-block-image size-full\"><img decoding=\"async\" src=\"https:\/\/www.chemipaz.com\/wp-content\/uploads\/2025\/03\/Rectangle-286.png\" alt=\"\" class=\"wp-image-13130\"\/><\/figure>\n\n<p class=\"text\">Tri\u1ebft l\u00fd v\u00e0 ph\u01b0\u01a1ng ch\u00e2m h\u00e0nh \u0111\u1ed9ng c\u1ee7a T\u1eadp \u0111o\u00e0n<\/p>\n<\/a><\/div>\n<\/div>\n<\/div>\n<\/div>\n\n\n\n            <div class=\"under-bottom-nav\">\n                <div class=\"inner\">\n                    <p class=\"under-bottom-nav__link01\"><a href=\"https:\/\/www.chemipaz.com\/vi\/philosophy\/\">Tri\u1ebft l\u00fd v\u00e0 l\u1ecbch s\u1eed ph\u00e1t tri\u1ec3n c\u1ee7a T\u1eadp \u0111o\u00e0n<\/a><\/p>\n                    <div class=\"under-bottom-nav__link02\">\n                        <a class=\"item\" href=\"https:\/\/www.chemipaz.com\/vi\/philosophy\/conduct-guidelines\/\">Tri\u1ebft l\u00fd v\u00e0 ph\u01b0\u01a1ng ch\u00e2m h\u00e0nh \u0111\u1ed9ng c\u1ee7a T\u1eadp \u0111o\u00e0n<\/a><a class=\"item\" href=\"https:\/\/www.chemipaz.com\/vi\/philosophy\/history\/\">L\u1ecbch s\u1eed h\u00ecnh th\u00e0nh v\u00e0 ph\u00e1t tri\u1ec3n<\/a><a class=\"item\" href=\"https:\/\/www.chemipaz.com\/vi\/philosophy\/name-thoughts\/\">\u00dd ngh\u0129a \u1ea9n ch\u1ee9a trong t\u00ean c\u00f4ng ty<\/a>\n                    <\/div>\n                <\/div>\n            <\/div>\n        \n\n\n\n<p><\/p>\n","protected":false},"excerpt":{"rendered":"<p>D\u1ef1a tr\u00ean n\u0103ng l\u1ef1c c\u00f4ng ngh\u1ec7 v\u1eefng m\u1ea1nh,ch\u00fang t\u00f4i lu\u00f4n t\u1ef1 h\u00e0o l\u00e0 m\u1ed9t nh\u00e0 s\u1ea3n xu\u1ea5t h\u00f3a h\u1ecdc (CHEMICAL). H\u01a1n c\u1ea3 vai tr\u00f2 h\u1ed7 tr\u1ee3 kh\u00e1ch h\u00e0ng,Ch\u00fang t\u00f4i mang trong m\u00ecnh quy\u1ebft t\u00e2m tr\u1edf th\u00e0nh \u0111\u1ed1i t\u00e1c (PARTNER) \u0111\u1ed3ng s\u00e1ng t\u1ea1o (CHEMISTRY) xu\u1ea5t s\u1eafc c\u00f9ng nhau h\u01b0\u1edbng t\u1edbi t\u01b0\u01a1ng lai. C\u00f9ng v\u1edbi kh\u00e1ch h\u00e0ng c\u1ee7a m\u00ecnh, ch\u00fang t\u00f4i cung c\u1ea5p c\u00e1c s\u1ea3n ph\u1ea9m c\u1ea7n thi\u1ebft v\u00e0 kh\u00f4ng th\u1ec3 thi\u1ebfu \u0111\u1ebfn m\u1ecdi ng\u01b0\u1eddi (PERSON) trong m\u1ecdi kh\u00eda c\u1ea1nh c\u1ee7a cu\u1ed9c s\u1ed1ng h\u00e0ng ng\u00e0y (A-Z) . Ch\u00fang t\u00f4i s\u1ebd bi\u1ebfn ni\u1ec1m vui \u0111\u00f3 th\u00e0nh ni\u1ec1m \u0111am m\u00ea l\u1edbn h\u01a1n (PASSION). Ch\u00fang t\u00f4i s\u1ebd &#8220;th\u1eafp s\u00e1ng\u201d (PA)\u00a0 v\u00e0 &#8220;lu\u00f4n lu\u00f4n&#8221; (Z) chi\u1ebfu [&hellip;]<\/p>\n","protected":false},"author":6,"featured_media":0,"parent":9609,"menu_order":6,"comment_status":"closed","ping_status":"closed","template":"","meta":{"_acf_changed":false,"footnotes":""},"class_list":["post-9719","page","type-page","status-publish","hentry"],"acf":[],"yoast_head":"<!-- This site is optimized with the Yoast SEO plugin v27.6 - https:\/\/yoast.com\/product\/yoast-seo-wordpress\/ -->\n<title>\u00dd ngh\u0129a \u1ea9n ch\u1ee9a trong t\u00ean c\u00f4ng ty - C\u00d4NG TY SEIKO PMC CORPORATION<\/title>\n<meta name=\"robots\" content=\"index, follow, max-snippet:-1, max-image-preview:large, max-video-preview:-1\" \/>\n<link rel=\"canonical\" href=\"https:\/\/www.chemipaz.com\/vi\/philosophy\/name-thoughts\/\" \/>\n<meta property=\"og:locale\" content=\"vi_VN\" \/>\n<meta property=\"og:type\" content=\"article\" \/>\n<meta property=\"og:title\" content=\"\u00dd ngh\u0129a \u1ea9n ch\u1ee9a trong t\u00ean c\u00f4ng ty - C\u00d4NG TY SEIKO PMC CORPORATION\" \/>\n<meta property=\"og:description\" content=\"D\u1ef1a tr\u00ean n\u0103ng l\u1ef1c c\u00f4ng ngh\u1ec7 v\u1eefng m\u1ea1nh,ch\u00fang t\u00f4i lu\u00f4n t\u1ef1 h\u00e0o l\u00e0 m\u1ed9t nh\u00e0 s\u1ea3n xu\u1ea5t h\u00f3a h\u1ecdc (CHEMICAL). H\u01a1n c\u1ea3 vai tr\u00f2 h\u1ed7 tr\u1ee3 kh\u00e1ch h\u00e0ng,Ch\u00fang t\u00f4i mang trong m\u00ecnh quy\u1ebft t\u00e2m tr\u1edf th\u00e0nh \u0111\u1ed1i t\u00e1c (PARTNER) \u0111\u1ed3ng s\u00e1ng t\u1ea1o (CHEMISTRY) xu\u1ea5t s\u1eafc c\u00f9ng nhau h\u01b0\u1edbng t\u1edbi t\u01b0\u01a1ng lai. C\u00f9ng v\u1edbi kh\u00e1ch h\u00e0ng c\u1ee7a m\u00ecnh, ch\u00fang t\u00f4i cung c\u1ea5p c\u00e1c s\u1ea3n ph\u1ea9m c\u1ea7n thi\u1ebft v\u00e0 kh\u00f4ng th\u1ec3 thi\u1ebfu \u0111\u1ebfn m\u1ecdi ng\u01b0\u1eddi (PERSON) trong m\u1ecdi kh\u00eda c\u1ea1nh c\u1ee7a cu\u1ed9c s\u1ed1ng h\u00e0ng ng\u00e0y (A-Z) . Ch\u00fang t\u00f4i s\u1ebd bi\u1ebfn ni\u1ec1m vui \u0111\u00f3 th\u00e0nh ni\u1ec1m \u0111am m\u00ea l\u1edbn h\u01a1n (PASSION). Ch\u00fang t\u00f4i s\u1ebd &#8220;th\u1eafp s\u00e1ng\u201d (PA)\u00a0 v\u00e0 &#8220;lu\u00f4n lu\u00f4n&#8221; (Z) chi\u1ebfu [&hellip;]\" \/>\n<meta property=\"og:url\" content=\"https:\/\/www.chemipaz.com\/vi\/philosophy\/name-thoughts\/\" \/>\n<meta property=\"og:site_name\" content=\"C\u00d4NG TY SEIKO PMC CORPORATION\" \/>\n<meta property=\"article:modified_time\" content=\"2025-04-25T10:20:28+00:00\" \/>\n<meta name=\"twitter:card\" content=\"summary_large_image\" \/>\n<meta name=\"twitter:label1\" content=\"\u01af\u1edbc t\u00ednh th\u1eddi gian \u0111\u1ecdc\" \/>\n\t<meta name=\"twitter:data1\" content=\"2 ph\u00fat\" \/>\n<script type=\"application\/ld+json\" class=\"yoast-schema-graph\">{\"@context\":\"https:\\\/\\\/schema.org\",\"@graph\":[{\"@type\":\"WebPage\",\"@id\":\"https:\\\/\\\/www.chemipaz.com\\\/vi\\\/philosophy\\\/name-thoughts\\\/\",\"url\":\"https:\\\/\\\/www.chemipaz.com\\\/vi\\\/philosophy\\\/name-thoughts\\\/\",\"name\":\"\u00dd ngh\u0129a \u1ea9n ch\u1ee9a trong t\u00ean c\u00f4ng ty - C\u00d4NG TY SEIKO PMC CORPORATION\",\"isPartOf\":{\"@id\":\"https:\\\/\\\/www.chemipaz.com\\\/vi\\\/#website\"},\"primaryImageOfPage\":{\"@id\":\"https:\\\/\\\/www.chemipaz.com\\\/vi\\\/philosophy\\\/name-thoughts\\\/#primaryimage\"},\"image\":{\"@id\":\"https:\\\/\\\/www.chemipaz.com\\\/vi\\\/philosophy\\\/name-thoughts\\\/#primaryimage\"},\"thumbnailUrl\":\"https:\\\/\\\/www.chemipaz.com\\\/wp-content\\\/uploads\\\/2025\\\/01\\\/philosophy-mv.png\",\"datePublished\":\"2025-03-10T23:31:20+00:00\",\"dateModified\":\"2025-04-25T10:20:28+00:00\",\"breadcrumb\":{\"@id\":\"https:\\\/\\\/www.chemipaz.com\\\/vi\\\/philosophy\\\/name-thoughts\\\/#breadcrumb\"},\"inLanguage\":\"vi\",\"potentialAction\":[{\"@type\":\"ReadAction\",\"target\":[\"https:\\\/\\\/www.chemipaz.com\\\/vi\\\/philosophy\\\/name-thoughts\\\/\"]}]},{\"@type\":\"ImageObject\",\"inLanguage\":\"vi\",\"@id\":\"https:\\\/\\\/www.chemipaz.com\\\/vi\\\/philosophy\\\/name-thoughts\\\/#primaryimage\",\"url\":\"https:\\\/\\\/www.chemipaz.com\\\/wp-content\\\/uploads\\\/2025\\\/01\\\/philosophy-mv.png\",\"contentUrl\":\"https:\\\/\\\/www.chemipaz.com\\\/wp-content\\\/uploads\\\/2025\\\/01\\\/philosophy-mv.png\"},{\"@type\":\"BreadcrumbList\",\"@id\":\"https:\\\/\\\/www.chemipaz.com\\\/vi\\\/philosophy\\\/name-thoughts\\\/#breadcrumb\",\"itemListElement\":[{\"@type\":\"ListItem\",\"position\":1,\"name\":\"Trang ch\u1ee7\",\"item\":\"https:\\\/\\\/www.chemipaz.com\\\/vi\\\/\"},{\"@type\":\"ListItem\",\"position\":2,\"name\":\"Tri\u1ebft l\u00fd v\u00e0 l\u1ecbch s\u1eed ph\u00e1t tri\u1ec3n c\u1ee7a T\u1eadp \u0111o\u00e0n\",\"item\":\"https:\\\/\\\/www.chemipaz.com\\\/vi\\\/philosophy\\\/\"},{\"@type\":\"ListItem\",\"position\":3,\"name\":\"\u00dd ngh\u0129a \u1ea9n ch\u1ee9a trong t\u00ean c\u00f4ng ty\"}]},{\"@type\":\"WebSite\",\"@id\":\"https:\\\/\\\/www.chemipaz.com\\\/vi\\\/#website\",\"url\":\"https:\\\/\\\/www.chemipaz.com\\\/vi\\\/\",\"name\":\"C\u00d4NG TY SEIKO PMC CORPORATION\",\"description\":\"Ch\u00fang t\u00f4i \u0111\u00e1p \u1ee9ng nhanh ch\u00f3ng nhu c\u1ea7u c\u1ee7a kh\u00e1ch h\u00e0ng b\u1eb1ng h\u1ec7 th\u1ed1ng ba trong m\u1ed9t, cung c\u1ea5p c\u00e1c h\u00f3a ch\u1ea5t s\u1ea3n xu\u1ea5t gi\u1ea5y v\u00e0 c\u00e1c s\u1ea3n ph\u1ea9m nh\u1ef1a c\u00f3 gi\u00e1 tr\u1ecb gia t\u0103ng cao.\",\"potentialAction\":[{\"@type\":\"SearchAction\",\"target\":{\"@type\":\"EntryPoint\",\"urlTemplate\":\"https:\\\/\\\/www.chemipaz.com\\\/vi\\\/?s={search_term_string}\"},\"query-input\":{\"@type\":\"PropertyValueSpecification\",\"valueRequired\":true,\"valueName\":\"search_term_string\"}}],\"inLanguage\":\"vi\"}]}<\/script>\n<!-- \/ Yoast SEO plugin. -->","yoast_head_json":{"title":"\u00dd ngh\u0129a \u1ea9n ch\u1ee9a trong t\u00ean c\u00f4ng ty - C\u00d4NG TY SEIKO PMC CORPORATION","robots":{"index":"index","follow":"follow","max-snippet":"max-snippet:-1","max-image-preview":"max-image-preview:large","max-video-preview":"max-video-preview:-1"},"canonical":"https:\/\/www.chemipaz.com\/vi\/philosophy\/name-thoughts\/","og_locale":"vi_VN","og_type":"article","og_title":"\u00dd ngh\u0129a \u1ea9n ch\u1ee9a trong t\u00ean c\u00f4ng ty - C\u00d4NG TY SEIKO PMC CORPORATION","og_description":"D\u1ef1a tr\u00ean n\u0103ng l\u1ef1c c\u00f4ng ngh\u1ec7 v\u1eefng m\u1ea1nh,ch\u00fang t\u00f4i lu\u00f4n t\u1ef1 h\u00e0o l\u00e0 m\u1ed9t nh\u00e0 s\u1ea3n xu\u1ea5t h\u00f3a h\u1ecdc (CHEMICAL). H\u01a1n c\u1ea3 vai tr\u00f2 h\u1ed7 tr\u1ee3 kh\u00e1ch h\u00e0ng,Ch\u00fang t\u00f4i mang trong m\u00ecnh quy\u1ebft t\u00e2m tr\u1edf th\u00e0nh \u0111\u1ed1i t\u00e1c (PARTNER) \u0111\u1ed3ng s\u00e1ng t\u1ea1o (CHEMISTRY) xu\u1ea5t s\u1eafc c\u00f9ng nhau h\u01b0\u1edbng t\u1edbi t\u01b0\u01a1ng lai. C\u00f9ng v\u1edbi kh\u00e1ch h\u00e0ng c\u1ee7a m\u00ecnh, ch\u00fang t\u00f4i cung c\u1ea5p c\u00e1c s\u1ea3n ph\u1ea9m c\u1ea7n thi\u1ebft v\u00e0 kh\u00f4ng th\u1ec3 thi\u1ebfu \u0111\u1ebfn m\u1ecdi ng\u01b0\u1eddi (PERSON) trong m\u1ecdi kh\u00eda c\u1ea1nh c\u1ee7a cu\u1ed9c s\u1ed1ng h\u00e0ng ng\u00e0y (A-Z) . Ch\u00fang t\u00f4i s\u1ebd bi\u1ebfn ni\u1ec1m vui \u0111\u00f3 th\u00e0nh ni\u1ec1m \u0111am m\u00ea l\u1edbn h\u01a1n (PASSION). Ch\u00fang t\u00f4i s\u1ebd &#8220;th\u1eafp s\u00e1ng\u201d (PA)\u00a0 v\u00e0 &#8220;lu\u00f4n lu\u00f4n&#8221; (Z) chi\u1ebfu [&hellip;]","og_url":"https:\/\/www.chemipaz.com\/vi\/philosophy\/name-thoughts\/","og_site_name":"C\u00d4NG TY SEIKO PMC CORPORATION","article_modified_time":"2025-04-25T10:20:28+00:00","twitter_card":"summary_large_image","twitter_misc":{"\u01af\u1edbc t\u00ednh th\u1eddi gian \u0111\u1ecdc":"2 ph\u00fat"},"schema":{"@context":"https:\/\/schema.org","@graph":[{"@type":"WebPage","@id":"https:\/\/www.chemipaz.com\/vi\/philosophy\/name-thoughts\/","url":"https:\/\/www.chemipaz.com\/vi\/philosophy\/name-thoughts\/","name":"\u00dd ngh\u0129a \u1ea9n ch\u1ee9a trong t\u00ean c\u00f4ng ty - C\u00d4NG TY SEIKO PMC CORPORATION","isPartOf":{"@id":"https:\/\/www.chemipaz.com\/vi\/#website"},"primaryImageOfPage":{"@id":"https:\/\/www.chemipaz.com\/vi\/philosophy\/name-thoughts\/#primaryimage"},"image":{"@id":"https:\/\/www.chemipaz.com\/vi\/philosophy\/name-thoughts\/#primaryimage"},"thumbnailUrl":"https:\/\/www.chemipaz.com\/wp-content\/uploads\/2025\/01\/philosophy-mv.png","datePublished":"2025-03-10T23:31:20+00:00","dateModified":"2025-04-25T10:20:28+00:00","breadcrumb":{"@id":"https:\/\/www.chemipaz.com\/vi\/philosophy\/name-thoughts\/#breadcrumb"},"inLanguage":"vi","potentialAction":[{"@type":"ReadAction","target":["https:\/\/www.chemipaz.com\/vi\/philosophy\/name-thoughts\/"]}]},{"@type":"ImageObject","inLanguage":"vi","@id":"https:\/\/www.chemipaz.com\/vi\/philosophy\/name-thoughts\/#primaryimage","url":"https:\/\/www.chemipaz.com\/wp-content\/uploads\/2025\/01\/philosophy-mv.png","contentUrl":"https:\/\/www.chemipaz.com\/wp-content\/uploads\/2025\/01\/philosophy-mv.png"},{"@type":"BreadcrumbList","@id":"https:\/\/www.chemipaz.com\/vi\/philosophy\/name-thoughts\/#breadcrumb","itemListElement":[{"@type":"ListItem","position":1,"name":"Trang ch\u1ee7","item":"https:\/\/www.chemipaz.com\/vi\/"},{"@type":"ListItem","position":2,"name":"Tri\u1ebft l\u00fd v\u00e0 l\u1ecbch s\u1eed ph\u00e1t tri\u1ec3n c\u1ee7a T\u1eadp \u0111o\u00e0n","item":"https:\/\/www.chemipaz.com\/vi\/philosophy\/"},{"@type":"ListItem","position":3,"name":"\u00dd ngh\u0129a \u1ea9n ch\u1ee9a trong t\u00ean c\u00f4ng ty"}]},{"@type":"WebSite","@id":"https:\/\/www.chemipaz.com\/vi\/#website","url":"https:\/\/www.chemipaz.com\/vi\/","name":"C\u00d4NG TY SEIKO PMC CORPORATION","description":"Ch\u00fang t\u00f4i \u0111\u00e1p \u1ee9ng nhanh ch\u00f3ng nhu c\u1ea7u c\u1ee7a kh\u00e1ch h\u00e0ng b\u1eb1ng h\u1ec7 th\u1ed1ng ba trong m\u1ed9t, cung c\u1ea5p c\u00e1c h\u00f3a ch\u1ea5t s\u1ea3n xu\u1ea5t gi\u1ea5y v\u00e0 c\u00e1c s\u1ea3n ph\u1ea9m nh\u1ef1a c\u00f3 gi\u00e1 tr\u1ecb gia t\u0103ng cao.","potentialAction":[{"@type":"SearchAction","target":{"@type":"EntryPoint","urlTemplate":"https:\/\/www.chemipaz.com\/vi\/?s={search_term_string}"},"query-input":{"@type":"PropertyValueSpecification","valueRequired":true,"valueName":"search_term_string"}}],"inLanguage":"vi"}]}},"_links":{"self":[{"href":"https:\/\/www.chemipaz.com\/vi\/wp-json\/wp\/v2\/pages\/9719","targetHints":{"allow":["GET"]}}],"collection":[{"href":"https:\/\/www.chemipaz.com\/vi\/wp-json\/wp\/v2\/pages"}],"about":[{"href":"https:\/\/www.chemipaz.com\/vi\/wp-json\/wp\/v2\/types\/page"}],"author":[{"embeddable":true,"href":"https:\/\/www.chemipaz.com\/vi\/wp-json\/wp\/v2\/users\/6"}],"replies":[{"embeddable":true,"href":"https:\/\/www.chemipaz.com\/vi\/wp-json\/wp\/v2\/comments?post=9719"}],"version-history":[{"count":20,"href":"https:\/\/www.chemipaz.com\/vi\/wp-json\/wp\/v2\/pages\/9719\/revisions"}],"predecessor-version":[{"id":11647,"href":"https:\/\/www.chemipaz.com\/vi\/wp-json\/wp\/v2\/pages\/9719\/revisions\/11647"}],"up":[{"embeddable":true,"href":"https:\/\/www.chemipaz.com\/vi\/wp-json\/wp\/v2\/pages\/9609"}],"wp:attachment":[{"href":"https:\/\/www.chemipaz.com\/vi\/wp-json\/wp\/v2\/media?parent=9719"}],"curies":[{"name":"wp","href":"https:\/\/api.w.org\/{rel}","templated":true}]}}