{"id":9594,"date":"2025-03-09T21:54:46","date_gmt":"2025-03-09T12:54:46","guid":{"rendered":"https:\/\/www.chemipaz.com\/vi\/?page_id=9594"},"modified":"2026-01-09T17:13:42","modified_gmt":"2026-01-09T08:13:42","slug":"policy","status":"publish","type":"page","link":"https:\/\/www.chemipaz.com\/vi\/sustainability\/policy\/","title":{"rendered":"Ph\u01b0\u01a1ng ch\u00e2m c\u01a1 b\u1ea3n"},"content":{"rendered":"\n<div class=\"wp-block-cover is-light under-mv-static\" style=\"min-height:455px;aspect-ratio:unset;\"><span aria-hidden=\"true\" class=\"wp-block-cover__background has-black-background-color has-background-dim-0 has-background-dim\"><\/span><img decoding=\"async\" class=\"wp-block-cover__image-background wp-image-12968\" alt=\"\" src=\"https:\/\/www.chemipaz.com\/wp-content\/uploads\/2025\/03\/Group-2651.png\" data-object-fit=\"cover\"\/><div class=\"wp-block-cover__inner-container is-layout-constrained wp-block-cover-is-layout-constrained\"><div class=\"yoast-breadcrumbs\"><span><span><a href=\"https:\/\/www.chemipaz.com\/vi\/\">Trang ch\u1ee7<\/a><\/span> \u00bb <span><a href=\"https:\/\/www.chemipaz.com\/vi\/sustainability\/\">T\u00ednh b\u1ec1n v\u1eefng<\/a><\/span> \u00bb <span class=\"breadcrumb_last\" aria-current=\"page\">Ph\u01b0\u01a1ng ch\u00e2m c\u01a1 b\u1ea3n<\/span><\/span><\/div>\n\n\n<p class=\"has-text-align-center\">SUSTAINABILITY<\/p>\n\n\n<h2 class=\"has-text-align-center wp-block-post-title\">Ph\u01b0\u01a1ng ch\u00e2m c\u01a1 b\u1ea3n<\/h2>\n\n\n<figure class=\"wp-block-image size-full is-resized bg-sp\"><img decoding=\"async\" src=\"https:\/\/www.chemipaz.com\/wp-content\/uploads\/2025\/03\/Rectangle-13-4.png\" alt=\"\" class=\"wp-image-12969\" style=\"width:248px;height:auto\"\/><\/figure>\n<\/div><\/div>\n\n\n\n<div id=\"sustainability-policy\" class=\"wp-block-group sustainability-policy sec-type01 is-layout-constrained wp-block-group-is-layout-constrained\">\n<div class=\"wp-block-group inner is-layout-constrained wp-block-group-is-layout-constrained\">\n<div class=\"wp-block-group intro is-layout-constrained wp-block-group-is-layout-constrained\">\n<p class=\"title-type07\">Tr\u01b0\u1edbc s\u1ef1 gia t\u0103ng t\u00ednh kh\u00f4ng ch\u1eafc ch\u1eafn c\u1ee7a m\u00f4i tr\u01b0\u1eddng kinh doanh v\u00e0 s\u1ef1 t\u0103ng cao v\u1ec1 m\u1eb7t \u0111\u1ecbnh t\u00ednh v\u00e0 \u0111\u1ecbnh l\u01b0\u1ee3ng trong y\u00eau c\u1ea7u x\u00e3 h\u1ed9i \u0111\u1eb7t ra cho c\u00e1c doanh nghi\u1ec7p, T\u1eadp \u0111o\u00e0n ch\u00fang t\u00f4i \u0111\u00e3 thi\u1ebft l\u1eadp ph\u01b0\u01a1ng ch\u00e2m c\u01a1 b\u1ea3n v\u1ec1 b\u1ec1n v\u1eefng l\u00e0m ph\u01b0\u01a1ng ch\u00e2m qu\u1ea3n l\u00fd quan tr\u1ecdng \u0111\u1ec3 h\u01b0\u1edbng t\u1edbi tu\u1ea7n ho\u00e0n hi\u1ec7u qu\u1ea3 \u201cn\u00e2ng cao t\u00ednh b\u1ec1n v\u1eefng c\u1ee7a m\u00f4i tr\u01b0\u1eddng v\u00e0 x\u00e3 h\u1ed9i\u201d v\u00e0 \u201cn\u00e2ng cao gi\u00e1 tr\u1ecb doanh nghi\u1ec7p b\u1ec1n v\u1eefng c\u1ee7a ch\u00fang t\u00f4i\u201d.<\/p>\n<\/div>\n\n\n\n<div class=\"wp-block-group content-type05 is-layout-constrained wp-block-group-is-layout-constrained\">\n<p class=\"text\">T\u1eadp \u0111o\u00e0n ch\u00fang t\u00f4i h\u01b0\u1edbng \u0111\u1ebfn m\u1ee5c ti\u00eau n\u00e2ng cao gi\u00e1 tr\u1ecb doanh nghi\u1ec7p tr\u00ean quy m\u00f4 to\u00e0n c\u1ea7u b\u1eb1ng c\u00e1ch \u0111\u00f3ng g\u00f3p v\u00e0o vi\u1ec7c n\u00e2ng cao t\u00ednh b\u1ec1n v\u1eefng c\u1ee7a m\u00f4i tr\u01b0\u1eddng v\u00e0 x\u00e3 h\u1ed9i, \u0111\u1ed3ng th\u1eddi t\u1ef1 ph\u00e1t tri\u1ec3n b\u1ec1n v\u1eefng. T\u1eadp \u0111o\u00e0n CHEMIPAZ s\u1ebd th\u00fac \u0111\u1ea9y c\u00e1c ho\u1ea1t \u0111\u1ed9ng kinh doanh c\u00f3 \u00fd th\u1ee9c v\u1ec1 5 h\u1ea1ng m\u1ee5c sau \u0111\u00e2y.<\/p>\n\n\n\n<div class=\"wp-block-group content-type05__list is-layout-constrained wp-block-group-is-layout-constrained\">\n<ul class=\"wp-block-list\">\n<li>Xem x\u00e9t \u0111\u1ebfn m\u00f4i tr\u01b0\u1eddng Tr\u00e1i \u0110\u1ea5t v\u00e0 qu\u1ea3n l\u00fd r\u1ee7i ro<\/li>\n\n\n\n<li>T\u1ea1o ra gi\u00e1 tr\u1ecb v\u1ec1 m\u00f4i tr\u01b0\u1eddng, x\u00e3 h\u1ed9i v\u00e0 kinh t\u1ebf th\u00f4ng qua s\u00e1ng t\u1ea1o c\u00f4ng ngh\u1ec7 m\u1edbi<\/li>\n\n\n\n<li>X\u00e2y d\u1ef1ng m\u00f4i tr\u01b0\u1eddng l\u00e0m vi\u1ec7c tho\u1ea3i m\u00e1i v\u00e0 v\u0103n h\u00f3a doanh nghi\u1ec7p t\u00f4n tr\u1ecdng nh\u00e2n quy\u1ec1n v\u00e0 s\u1ef1 \u0111a d\u1ea1ng, c\u0169ng nh\u01b0 c\u00e2n nh\u1eafc \u0111\u1ebfn an to\u00e0n v\u00e0 s\u1ee9c kh\u1ecfe<\/li>\n\n\n\n<li>X\u00e2y d\u1ef1ng m\u1ed1i quan h\u1ec7 t\u1ed1t \u0111\u1eb9p v\u1edbi c\u00e1c b\u00ean li\u00ean quan th\u00f4ng qua \u0111\u1ed1i tho\u1ea1i v\u00e0 t\u1ea1o ra gi\u00e1 tr\u1ecb h\u1ee3p t\u00e1c<\/li>\n\n\n\n<li>Tu\u00e2n th\u1ee7 quy \u0111\u1ecbnh lu\u1eadt ph\u00e1p v\u00e0 qu\u1ea3n tr\u1ecb T\u1eadp \u0111o\u00e0n h\u1ee3p l\u00fd<\/li>\n<\/ul>\n<\/div>\n<\/div>\n<\/div>\n<\/div>\n\n\n\n            <div class=\"under-bottom-nav\">\n                <div class=\"inner\">\n                    <p class=\"under-bottom-nav__link01\"><a href=\"https:\/\/www.chemipaz.com\/vi\/sustainability\/\">T\u00ednh b\u1ec1n v\u1eefng<\/a><\/p>\n                    <div class=\"under-bottom-nav__link02\">\n                        <a class=\"item\" href=\"https:\/\/www.chemipaz.com\/vi\/sustainability\/policy\/\">Ph\u01b0\u01a1ng ch\u00e2m c\u01a1 b\u1ea3n<\/a><a class=\"item\" href=\"https:\/\/www.chemipaz.com\/vi\/sustainability\/product-development\/\">Ph\u00e1t tri\u1ec3n s\u1ea3n ph\u1ea9m g\u00f3p ph\u1ea7n x\u00e2y d\u1ef1ng x\u00e3 h\u1ed9i b\u1ec1n v\u1eefng<\/a>\n                    <\/div>\n                <\/div>\n            <\/div>\n        \n","protected":false},"excerpt":{"rendered":"<p>Tr\u01b0\u1edbc s\u1ef1 gia t\u0103ng t\u00ednh kh\u00f4ng ch\u1eafc ch\u1eafn c\u1ee7a m\u00f4i tr\u01b0\u1eddng kinh doanh v\u00e0 s\u1ef1 t\u0103ng cao v\u1ec1 m\u1eb7t \u0111\u1ecbnh t\u00ednh v\u00e0 \u0111\u1ecbnh l\u01b0\u1ee3ng trong y\u00eau c\u1ea7u x\u00e3 h\u1ed9i \u0111\u1eb7t ra cho c\u00e1c doanh nghi\u1ec7p, T\u1eadp \u0111o\u00e0n ch\u00fang t\u00f4i \u0111\u00e3 thi\u1ebft l\u1eadp ph\u01b0\u01a1ng ch\u00e2m c\u01a1 b\u1ea3n v\u1ec1 b\u1ec1n v\u1eefng l\u00e0m ph\u01b0\u01a1ng ch\u00e2m qu\u1ea3n l\u00fd quan tr\u1ecdng \u0111\u1ec3 h\u01b0\u1edbng t\u1edbi tu\u1ea7n ho\u00e0n hi\u1ec7u qu\u1ea3 \u201cn\u00e2ng cao t\u00ednh b\u1ec1n v\u1eefng c\u1ee7a m\u00f4i tr\u01b0\u1eddng v\u00e0 x\u00e3 h\u1ed9i\u201d v\u00e0 \u201cn\u00e2ng cao gi\u00e1 tr\u1ecb doanh nghi\u1ec7p b\u1ec1n v\u1eefng c\u1ee7a ch\u00fang t\u00f4i\u201d. T\u1eadp \u0111o\u00e0n ch\u00fang t\u00f4i h\u01b0\u1edbng \u0111\u1ebfn m\u1ee5c ti\u00eau n\u00e2ng cao gi\u00e1 tr\u1ecb doanh nghi\u1ec7p tr\u00ean quy m\u00f4 to\u00e0n c\u1ea7u b\u1eb1ng c\u00e1ch \u0111\u00f3ng g\u00f3p v\u00e0o [&hellip;]<\/p>\n","protected":false},"author":6,"featured_media":0,"parent":526,"menu_order":20,"comment_status":"closed","ping_status":"closed","template":"","meta":{"_acf_changed":false,"footnotes":""},"class_list":["post-9594","page","type-page","status-publish","hentry"],"acf":[],"yoast_head":"<!-- This site is optimized with the Yoast SEO plugin v27.6 - https:\/\/yoast.com\/product\/yoast-seo-wordpress\/ -->\n<title>Ph\u01b0\u01a1ng ch\u00e2m c\u01a1 b\u1ea3n - C\u00d4NG TY SEIKO PMC CORPORATION<\/title>\n<meta name=\"robots\" content=\"index, follow, max-snippet:-1, max-image-preview:large, max-video-preview:-1\" \/>\n<link rel=\"canonical\" href=\"https:\/\/www.chemipaz.com\/vi\/sustainability\/policy\/\" \/>\n<meta property=\"og:locale\" content=\"vi_VN\" \/>\n<meta property=\"og:type\" content=\"article\" \/>\n<meta property=\"og:title\" content=\"Ph\u01b0\u01a1ng ch\u00e2m c\u01a1 b\u1ea3n - C\u00d4NG TY SEIKO PMC CORPORATION\" \/>\n<meta property=\"og:description\" content=\"Tr\u01b0\u1edbc s\u1ef1 gia t\u0103ng t\u00ednh kh\u00f4ng ch\u1eafc ch\u1eafn c\u1ee7a m\u00f4i tr\u01b0\u1eddng kinh doanh v\u00e0 s\u1ef1 t\u0103ng cao v\u1ec1 m\u1eb7t \u0111\u1ecbnh t\u00ednh v\u00e0 \u0111\u1ecbnh l\u01b0\u1ee3ng trong y\u00eau c\u1ea7u x\u00e3 h\u1ed9i \u0111\u1eb7t ra cho c\u00e1c doanh nghi\u1ec7p, T\u1eadp \u0111o\u00e0n ch\u00fang t\u00f4i \u0111\u00e3 thi\u1ebft l\u1eadp ph\u01b0\u01a1ng ch\u00e2m c\u01a1 b\u1ea3n v\u1ec1 b\u1ec1n v\u1eefng l\u00e0m ph\u01b0\u01a1ng ch\u00e2m qu\u1ea3n l\u00fd quan tr\u1ecdng \u0111\u1ec3 h\u01b0\u1edbng t\u1edbi tu\u1ea7n ho\u00e0n hi\u1ec7u qu\u1ea3 \u201cn\u00e2ng cao t\u00ednh b\u1ec1n v\u1eefng c\u1ee7a m\u00f4i tr\u01b0\u1eddng v\u00e0 x\u00e3 h\u1ed9i\u201d v\u00e0 \u201cn\u00e2ng cao gi\u00e1 tr\u1ecb doanh nghi\u1ec7p b\u1ec1n v\u1eefng c\u1ee7a ch\u00fang t\u00f4i\u201d. T\u1eadp \u0111o\u00e0n ch\u00fang t\u00f4i h\u01b0\u1edbng \u0111\u1ebfn m\u1ee5c ti\u00eau n\u00e2ng cao gi\u00e1 tr\u1ecb doanh nghi\u1ec7p tr\u00ean quy m\u00f4 to\u00e0n c\u1ea7u b\u1eb1ng c\u00e1ch \u0111\u00f3ng g\u00f3p v\u00e0o [&hellip;]\" \/>\n<meta property=\"og:url\" content=\"https:\/\/www.chemipaz.com\/vi\/sustainability\/policy\/\" \/>\n<meta property=\"og:site_name\" content=\"C\u00d4NG TY SEIKO PMC CORPORATION\" \/>\n<meta property=\"article:modified_time\" content=\"2026-01-09T08:13:42+00:00\" \/>\n<meta name=\"twitter:card\" content=\"summary_large_image\" \/>\n<meta name=\"twitter:label1\" content=\"\u01af\u1edbc t\u00ednh th\u1eddi gian \u0111\u1ecdc\" \/>\n\t<meta name=\"twitter:data1\" content=\"2 ph\u00fat\" \/>\n<script type=\"application\/ld+json\" class=\"yoast-schema-graph\">{\"@context\":\"https:\\\/\\\/schema.org\",\"@graph\":[{\"@type\":\"WebPage\",\"@id\":\"https:\\\/\\\/www.chemipaz.com\\\/vi\\\/sustainability\\\/policy\\\/\",\"url\":\"https:\\\/\\\/www.chemipaz.com\\\/vi\\\/sustainability\\\/policy\\\/\",\"name\":\"Ph\u01b0\u01a1ng ch\u00e2m c\u01a1 b\u1ea3n - C\u00d4NG TY SEIKO PMC CORPORATION\",\"isPartOf\":{\"@id\":\"https:\\\/\\\/www.chemipaz.com\\\/vi\\\/#website\"},\"primaryImageOfPage\":{\"@id\":\"https:\\\/\\\/www.chemipaz.com\\\/vi\\\/sustainability\\\/policy\\\/#primaryimage\"},\"image\":{\"@id\":\"https:\\\/\\\/www.chemipaz.com\\\/vi\\\/sustainability\\\/policy\\\/#primaryimage\"},\"thumbnailUrl\":\"https:\\\/\\\/www.chemipaz.com\\\/wp-content\\\/uploads\\\/2025\\\/03\\\/Group-2651.png\",\"datePublished\":\"2025-03-09T12:54:46+00:00\",\"dateModified\":\"2026-01-09T08:13:42+00:00\",\"breadcrumb\":{\"@id\":\"https:\\\/\\\/www.chemipaz.com\\\/vi\\\/sustainability\\\/policy\\\/#breadcrumb\"},\"inLanguage\":\"vi\",\"potentialAction\":[{\"@type\":\"ReadAction\",\"target\":[\"https:\\\/\\\/www.chemipaz.com\\\/vi\\\/sustainability\\\/policy\\\/\"]}]},{\"@type\":\"ImageObject\",\"inLanguage\":\"vi\",\"@id\":\"https:\\\/\\\/www.chemipaz.com\\\/vi\\\/sustainability\\\/policy\\\/#primaryimage\",\"url\":\"https:\\\/\\\/www.chemipaz.com\\\/wp-content\\\/uploads\\\/2025\\\/03\\\/Group-2651.png\",\"contentUrl\":\"https:\\\/\\\/www.chemipaz.com\\\/wp-content\\\/uploads\\\/2025\\\/03\\\/Group-2651.png\"},{\"@type\":\"BreadcrumbList\",\"@id\":\"https:\\\/\\\/www.chemipaz.com\\\/vi\\\/sustainability\\\/policy\\\/#breadcrumb\",\"itemListElement\":[{\"@type\":\"ListItem\",\"position\":1,\"name\":\"Trang ch\u1ee7\",\"item\":\"https:\\\/\\\/www.chemipaz.com\\\/vi\\\/\"},{\"@type\":\"ListItem\",\"position\":2,\"name\":\"T\u00ednh b\u1ec1n v\u1eefng\",\"item\":\"https:\\\/\\\/www.chemipaz.com\\\/vi\\\/sustainability\\\/\"},{\"@type\":\"ListItem\",\"position\":3,\"name\":\"Ph\u01b0\u01a1ng ch\u00e2m c\u01a1 b\u1ea3n\"}]},{\"@type\":\"WebSite\",\"@id\":\"https:\\\/\\\/www.chemipaz.com\\\/vi\\\/#website\",\"url\":\"https:\\\/\\\/www.chemipaz.com\\\/vi\\\/\",\"name\":\"C\u00d4NG TY SEIKO PMC CORPORATION\",\"description\":\"Ch\u00fang t\u00f4i \u0111\u00e1p \u1ee9ng nhanh ch\u00f3ng nhu c\u1ea7u c\u1ee7a kh\u00e1ch h\u00e0ng b\u1eb1ng h\u1ec7 th\u1ed1ng ba trong m\u1ed9t, cung c\u1ea5p c\u00e1c h\u00f3a ch\u1ea5t s\u1ea3n xu\u1ea5t gi\u1ea5y v\u00e0 c\u00e1c s\u1ea3n ph\u1ea9m nh\u1ef1a c\u00f3 gi\u00e1 tr\u1ecb gia t\u0103ng cao.\",\"potentialAction\":[{\"@type\":\"SearchAction\",\"target\":{\"@type\":\"EntryPoint\",\"urlTemplate\":\"https:\\\/\\\/www.chemipaz.com\\\/vi\\\/?s={search_term_string}\"},\"query-input\":{\"@type\":\"PropertyValueSpecification\",\"valueRequired\":true,\"valueName\":\"search_term_string\"}}],\"inLanguage\":\"vi\"}]}<\/script>\n<!-- \/ Yoast SEO plugin. -->","yoast_head_json":{"title":"Ph\u01b0\u01a1ng ch\u00e2m c\u01a1 b\u1ea3n - C\u00d4NG TY SEIKO PMC CORPORATION","robots":{"index":"index","follow":"follow","max-snippet":"max-snippet:-1","max-image-preview":"max-image-preview:large","max-video-preview":"max-video-preview:-1"},"canonical":"https:\/\/www.chemipaz.com\/vi\/sustainability\/policy\/","og_locale":"vi_VN","og_type":"article","og_title":"Ph\u01b0\u01a1ng ch\u00e2m c\u01a1 b\u1ea3n - C\u00d4NG TY SEIKO PMC CORPORATION","og_description":"Tr\u01b0\u1edbc s\u1ef1 gia t\u0103ng t\u00ednh kh\u00f4ng ch\u1eafc ch\u1eafn c\u1ee7a m\u00f4i tr\u01b0\u1eddng kinh doanh v\u00e0 s\u1ef1 t\u0103ng cao v\u1ec1 m\u1eb7t \u0111\u1ecbnh t\u00ednh v\u00e0 \u0111\u1ecbnh l\u01b0\u1ee3ng trong y\u00eau c\u1ea7u x\u00e3 h\u1ed9i \u0111\u1eb7t ra cho c\u00e1c doanh nghi\u1ec7p, T\u1eadp \u0111o\u00e0n ch\u00fang t\u00f4i \u0111\u00e3 thi\u1ebft l\u1eadp ph\u01b0\u01a1ng ch\u00e2m c\u01a1 b\u1ea3n v\u1ec1 b\u1ec1n v\u1eefng l\u00e0m ph\u01b0\u01a1ng ch\u00e2m qu\u1ea3n l\u00fd quan tr\u1ecdng \u0111\u1ec3 h\u01b0\u1edbng t\u1edbi tu\u1ea7n ho\u00e0n hi\u1ec7u qu\u1ea3 \u201cn\u00e2ng cao t\u00ednh b\u1ec1n v\u1eefng c\u1ee7a m\u00f4i tr\u01b0\u1eddng v\u00e0 x\u00e3 h\u1ed9i\u201d v\u00e0 \u201cn\u00e2ng cao gi\u00e1 tr\u1ecb doanh nghi\u1ec7p b\u1ec1n v\u1eefng c\u1ee7a ch\u00fang t\u00f4i\u201d. T\u1eadp \u0111o\u00e0n ch\u00fang t\u00f4i h\u01b0\u1edbng \u0111\u1ebfn m\u1ee5c ti\u00eau n\u00e2ng cao gi\u00e1 tr\u1ecb doanh nghi\u1ec7p tr\u00ean quy m\u00f4 to\u00e0n c\u1ea7u b\u1eb1ng c\u00e1ch \u0111\u00f3ng g\u00f3p v\u00e0o [&hellip;]","og_url":"https:\/\/www.chemipaz.com\/vi\/sustainability\/policy\/","og_site_name":"C\u00d4NG TY SEIKO PMC CORPORATION","article_modified_time":"2026-01-09T08:13:42+00:00","twitter_card":"summary_large_image","twitter_misc":{"\u01af\u1edbc t\u00ednh th\u1eddi gian \u0111\u1ecdc":"2 ph\u00fat"},"schema":{"@context":"https:\/\/schema.org","@graph":[{"@type":"WebPage","@id":"https:\/\/www.chemipaz.com\/vi\/sustainability\/policy\/","url":"https:\/\/www.chemipaz.com\/vi\/sustainability\/policy\/","name":"Ph\u01b0\u01a1ng ch\u00e2m c\u01a1 b\u1ea3n - C\u00d4NG TY SEIKO PMC CORPORATION","isPartOf":{"@id":"https:\/\/www.chemipaz.com\/vi\/#website"},"primaryImageOfPage":{"@id":"https:\/\/www.chemipaz.com\/vi\/sustainability\/policy\/#primaryimage"},"image":{"@id":"https:\/\/www.chemipaz.com\/vi\/sustainability\/policy\/#primaryimage"},"thumbnailUrl":"https:\/\/www.chemipaz.com\/wp-content\/uploads\/2025\/03\/Group-2651.png","datePublished":"2025-03-09T12:54:46+00:00","dateModified":"2026-01-09T08:13:42+00:00","breadcrumb":{"@id":"https:\/\/www.chemipaz.com\/vi\/sustainability\/policy\/#breadcrumb"},"inLanguage":"vi","potentialAction":[{"@type":"ReadAction","target":["https:\/\/www.chemipaz.com\/vi\/sustainability\/policy\/"]}]},{"@type":"ImageObject","inLanguage":"vi","@id":"https:\/\/www.chemipaz.com\/vi\/sustainability\/policy\/#primaryimage","url":"https:\/\/www.chemipaz.com\/wp-content\/uploads\/2025\/03\/Group-2651.png","contentUrl":"https:\/\/www.chemipaz.com\/wp-content\/uploads\/2025\/03\/Group-2651.png"},{"@type":"BreadcrumbList","@id":"https:\/\/www.chemipaz.com\/vi\/sustainability\/policy\/#breadcrumb","itemListElement":[{"@type":"ListItem","position":1,"name":"Trang ch\u1ee7","item":"https:\/\/www.chemipaz.com\/vi\/"},{"@type":"ListItem","position":2,"name":"T\u00ednh b\u1ec1n v\u1eefng","item":"https:\/\/www.chemipaz.com\/vi\/sustainability\/"},{"@type":"ListItem","position":3,"name":"Ph\u01b0\u01a1ng ch\u00e2m c\u01a1 b\u1ea3n"}]},{"@type":"WebSite","@id":"https:\/\/www.chemipaz.com\/vi\/#website","url":"https:\/\/www.chemipaz.com\/vi\/","name":"C\u00d4NG TY SEIKO PMC CORPORATION","description":"Ch\u00fang t\u00f4i \u0111\u00e1p \u1ee9ng nhanh ch\u00f3ng nhu c\u1ea7u c\u1ee7a kh\u00e1ch h\u00e0ng b\u1eb1ng h\u1ec7 th\u1ed1ng ba trong m\u1ed9t, cung c\u1ea5p c\u00e1c h\u00f3a ch\u1ea5t s\u1ea3n xu\u1ea5t gi\u1ea5y v\u00e0 c\u00e1c s\u1ea3n ph\u1ea9m nh\u1ef1a c\u00f3 gi\u00e1 tr\u1ecb gia t\u0103ng cao.","potentialAction":[{"@type":"SearchAction","target":{"@type":"EntryPoint","urlTemplate":"https:\/\/www.chemipaz.com\/vi\/?s={search_term_string}"},"query-input":{"@type":"PropertyValueSpecification","valueRequired":true,"valueName":"search_term_string"}}],"inLanguage":"vi"}]}},"_links":{"self":[{"href":"https:\/\/www.chemipaz.com\/vi\/wp-json\/wp\/v2\/pages\/9594","targetHints":{"allow":["GET"]}}],"collection":[{"href":"https:\/\/www.chemipaz.com\/vi\/wp-json\/wp\/v2\/pages"}],"about":[{"href":"https:\/\/www.chemipaz.com\/vi\/wp-json\/wp\/v2\/types\/page"}],"author":[{"embeddable":true,"href":"https:\/\/www.chemipaz.com\/vi\/wp-json\/wp\/v2\/users\/6"}],"replies":[{"embeddable":true,"href":"https:\/\/www.chemipaz.com\/vi\/wp-json\/wp\/v2\/comments?post=9594"}],"version-history":[{"count":9,"href":"https:\/\/www.chemipaz.com\/vi\/wp-json\/wp\/v2\/pages\/9594\/revisions"}],"predecessor-version":[{"id":11760,"href":"https:\/\/www.chemipaz.com\/vi\/wp-json\/wp\/v2\/pages\/9594\/revisions\/11760"}],"up":[{"embeddable":true,"href":"https:\/\/www.chemipaz.com\/vi\/wp-json\/wp\/v2\/pages\/526"}],"wp:attachment":[{"href":"https:\/\/www.chemipaz.com\/vi\/wp-json\/wp\/v2\/media?parent=9594"}],"curies":[{"name":"wp","href":"https:\/\/api.w.org\/{rel}","templated":true}]}}