{"id":536,"date":"2020-11-11T10:32:15","date_gmt":"2020-11-11T01:32:15","guid":{"rendered":"https:\/\/www.chemipaz.com\/vi\/use\/"},"modified":"2025-03-18T23:04:37","modified_gmt":"2025-03-18T14:04:37","slug":"use","status":"publish","type":"page","link":"https:\/\/www.chemipaz.com\/vi\/use\/","title":{"rendered":"V\u1ec0 VI\u1ec6C S\u1eec D\u1ee4NG TRANG WEB"},"content":{"rendered":"\n<div class=\"wp-block-cover is-light under-mv-static mv-base\"><span aria-hidden=\"true\" class=\"wp-block-cover__background has-black-background-color has-background-dim-0 has-background-dim\"><\/span><div class=\"wp-block-cover__inner-container is-layout-constrained wp-block-cover-is-layout-constrained\"><div class=\"yoast-breadcrumbs\"><span><span><a href=\"https:\/\/www.chemipaz.com\/vi\/\">Trang ch\u1ee7<\/a><\/span> \u00bb <span class=\"breadcrumb_last\" aria-current=\"page\">V\u1ec0 VI\u1ec6C S\u1eec D\u1ee4NG TRANG WEB<\/span><\/span><\/div>\n\n<h2 class=\"has-text-align-center wp-block-post-title\">V\u1ec0 VI\u1ec6C S\u1eec D\u1ee4NG TRANG WEB<\/h2><\/div><\/div>\n\n\n\n<div class=\"wp-block-group content-base use-content is-layout-constrained wp-block-group-is-layout-constrained\">\n<div class=\"wp-block-group inner is-layout-constrained wp-block-group-is-layout-constrained\">\n<ul class=\"wp-block-list\">\n<li>Th\u00f4ng tin tr\u00ean trang web n\u00e0y c\u00f3 th\u1ec3 ch\u1ee9a th\u00f4ng tin kh\u00f4ng ch\u00ednh x\u00e1c ho\u1eb7c l\u1ed7i ch\u00ednh t\u1ea3.<br>Ch\u00fang t\u00f4i kh\u00f4ng th\u1ec3 \u0111\u1ea3m b\u1ea3o t\u00ednh ch\u00ednh x\u00e1c ho\u1eb7c \u0111\u1ea7y \u0111\u1ee7 c\u1ee7a n\u00f3.<\/li>\n\n\n\n<li>Ch\u00fang t\u00f4i s\u1ebd kh\u00f4ng ch\u1ecbu tr\u00e1ch nhi\u1ec7m v\u1ec1 b\u1ea5t k\u1ef3 thi\u1ec7t h\u1ea1i ho\u1eb7c thi\u1ec7t h\u1ea1i n\u00e0o c\u00f3 th\u1ec3 x\u1ea3y ra do s\u1eed d\u1ee5ng th\u00f4ng tin \u0111\u01b0\u1ee3c cung c\u1ea5p tr\u00ean trang web n\u00e0y.<\/li>\n\n\n\n<li>T\u1ea5t c\u1ea3 th\u00f4ng tin \u0111\u01b0\u1ee3c cung c\u1ea5p tr\u00ean trang n\u00e0y \u0111\u1ec1u \u0111\u01b0\u1ee3c b\u1ea3o v\u1ec7 b\u1edfi lu\u1eadt b\u1ea3n quy\u1ec1n v\u00e0 m\u1ecdi h\u00e0nh vi s\u1eed d\u1ee5ng, sao ch\u00e9p ho\u1eb7c s\u1eeda \u0111\u1ed5i tr\u00e1i ph\u00e9p ngo\u00e0i ph\u1ea1m vi \u0111\u01b0\u1ee3c ph\u00e1p lu\u1eadt cho ph\u00e9p \u0111\u1ec1u b\u1ecb c\u1ea5m.<\/li>\n\n\n\n<li>N\u1ed9i dung c\u00e1c trang web c\u1ee7a b\u00ean th\u1ee9 ba \u0111\u01b0\u1ee3c li\u00ean k\u1ebft \u0111\u1ebfn ho\u1eb7c t\u1eeb trang web n\u00e0y \u0111\u01b0\u1ee3c qu\u1ea3n l\u00fd theo tr\u00e1ch nhi\u1ec7m c\u1ee7a m\u1ed7i c\u00f4ng ty v\u00e0 kh\u00f4ng thu\u1ed9c quy\u1ec1n ki\u1ec3m so\u00e1t c\u1ee7a ch\u00fang t\u00f4i. V\u00ec v\u1eady, ch\u00fang t\u00f4i kh\u00f4ng th\u1ec3 ch\u1ecbu tr\u00e1ch nhi\u1ec7m cho b\u1ea5t k\u1ef3 thi\u1ec7t h\u1ea1i n\u00e0o do vi\u1ec7c s\u1eed d\u1ee5ng th\u00f4ng tin \u0111\u00f3 g\u00e2y ra.<\/li>\n\n\n\n<li>Ho\u1ea1t \u0111\u1ed9ng c\u1ee7a trang web c\u00f3 th\u1ec3 b\u1ecb gi\u00e1n \u0111o\u1ea1n ho\u1eb7c b\u1ecb h\u1ee7y b\u1ecf ho\u1eb7c th\u00f4ng tin c\u00f3 th\u1ec3 \u0111\u01b0\u1ee3c thay \u0111\u1ed5i m\u00e0 kh\u00f4ng c\u1ea7n th\u00f4ng b\u00e1o tr\u01b0\u1edbc. Xin h\u00e3y hi\u1ec3u r\u1eb1ng ch\u00fang t\u00f4i kh\u00f4ng th\u1ec3 ch\u1ecbu tr\u00e1ch nhi\u1ec7m cho b\u1ea5t k\u1ef3 thi\u1ec7t h\u1ea1i n\u00e0o do vi\u1ec7c n\u00e0y g\u00e2y ra.<\/li>\n\n\n\n<li>Ph\u1ea7n \u201cV\u1ec1 vi\u1ec7c s\u1eed d\u1ee5ng trang web\u201d n\u00e0y c\u00f3 th\u1ec3 \u0111\u01b0\u1ee3c thay \u0111\u1ed5i. Trong tr\u01b0\u1eddng h\u1ee3p \u0111\u00f3, ch\u00fang t\u00f4i s\u1ebd \u0111\u0103ng phi\u00ean b\u1ea3n s\u1eeda \u0111\u1ed5i c\u1ee7a t\u00e0i li\u1ec7u n\u00e0y, v\u00ec v\u1eady vui l\u00f2ng ki\u1ec3m tra n\u1ed9i dung m\u1edbi nh\u1ea5t.<\/li>\n<\/ul>\n\n\n\n<p class=\"has-text-align-right use__set-date\">(Thi\u1ebft l\u1eadp ng\u00e0y 1 th\u00e1ng 4 n\u0103m 2025)<\/p>\n\n\n\n<div class=\"wp-block-group use__adobe-reader is-layout-constrained wp-block-group-is-layout-constrained\">\n<figure class=\"wp-block-image size-full\"><a href=\"https:\/\/helpx.adobe.com\/support.html\" target=\"_blank\" rel=\" noreferrer noopener\"><img decoding=\"async\" src=\"https:\/\/www.chemipaz.com\/wp-content\/uploads\/2025\/02\/Get-Adobe-Acrobat-Reader-badge.png\" alt=\"\" class=\"wp-image-12633\"\/><\/a><\/figure>\n\n\n\n<p>\u0110\u1ec3 xem t\u1ec7p PDF, b\u1ea1n c\u1ea7n c\u00f3 Adobe Reader.<br>N\u1ebfu ch\u01b0a c\u00e0i \u0111\u1eb7t, vui l\u00f2ng t\u1ea3i xu\u1ed1ng tr\u01b0\u1edbc khi xem.<\/p>\n<\/div>\n\n\n\n<p><\/p>\n<\/div>\n<\/div>\n","protected":false},"excerpt":{"rendered":"<p>(Thi\u1ebft l\u1eadp ng\u00e0y 1 th\u00e1ng 4 n\u0103m 2025) \u0110\u1ec3 xem t\u1ec7p PDF, b\u1ea1n c\u1ea7n c\u00f3 Adobe Reader.N\u1ebfu ch\u01b0a c\u00e0i \u0111\u1eb7t, vui l\u00f2ng t\u1ea3i xu\u1ed1ng tr\u01b0\u1edbc khi xem.<\/p>\n","protected":false},"author":6,"featured_media":0,"parent":0,"menu_order":22,"comment_status":"closed","ping_status":"closed","template":"","meta":{"_acf_changed":false,"footnotes":""},"class_list":["post-536","page","type-page","status-publish","hentry"],"acf":[],"yoast_head":"<!-- This site is optimized with the Yoast SEO plugin v27.4 - https:\/\/yoast.com\/product\/yoast-seo-wordpress\/ -->\n<title>V\u1ec0 VI\u1ec6C S\u1eec D\u1ee4NG TRANG WEB - C\u00d4NG TY SEIKO PMC CORPORATION<\/title>\n<meta name=\"robots\" content=\"index, follow, max-snippet:-1, max-image-preview:large, max-video-preview:-1\" \/>\n<link rel=\"canonical\" href=\"https:\/\/www.chemipaz.com\/vi\/use\/\" \/>\n<meta property=\"og:locale\" content=\"vi_VN\" \/>\n<meta property=\"og:type\" content=\"article\" \/>\n<meta property=\"og:title\" content=\"V\u1ec0 VI\u1ec6C S\u1eec D\u1ee4NG TRANG WEB - C\u00d4NG TY SEIKO PMC CORPORATION\" \/>\n<meta property=\"og:description\" content=\"(Thi\u1ebft l\u1eadp ng\u00e0y 1 th\u00e1ng 4 n\u0103m 2025) \u0110\u1ec3 xem t\u1ec7p PDF, b\u1ea1n c\u1ea7n c\u00f3 Adobe Reader.N\u1ebfu ch\u01b0a c\u00e0i \u0111\u1eb7t, vui l\u00f2ng t\u1ea3i xu\u1ed1ng tr\u01b0\u1edbc khi xem.\" \/>\n<meta property=\"og:url\" content=\"https:\/\/www.chemipaz.com\/vi\/use\/\" \/>\n<meta property=\"og:site_name\" content=\"C\u00d4NG TY SEIKO PMC CORPORATION\" \/>\n<meta property=\"article:modified_time\" content=\"2025-03-18T14:04:37+00:00\" \/>\n<meta name=\"twitter:card\" content=\"summary_large_image\" \/>\n<meta name=\"twitter:label1\" content=\"\u01af\u1edbc t\u00ednh th\u1eddi gian \u0111\u1ecdc\" \/>\n\t<meta name=\"twitter:data1\" content=\"2 ph\u00fat\" \/>\n<script type=\"application\/ld+json\" class=\"yoast-schema-graph\">{\"@context\":\"https:\\\/\\\/schema.org\",\"@graph\":[{\"@type\":\"WebPage\",\"@id\":\"https:\\\/\\\/www.chemipaz.com\\\/vi\\\/use\\\/\",\"url\":\"https:\\\/\\\/www.chemipaz.com\\\/vi\\\/use\\\/\",\"name\":\"V\u1ec0 VI\u1ec6C S\u1eec D\u1ee4NG TRANG WEB - C\u00d4NG TY SEIKO PMC CORPORATION\",\"isPartOf\":{\"@id\":\"https:\\\/\\\/www.chemipaz.com\\\/vi\\\/#website\"},\"primaryImageOfPage\":{\"@id\":\"https:\\\/\\\/www.chemipaz.com\\\/vi\\\/use\\\/#primaryimage\"},\"image\":{\"@id\":\"https:\\\/\\\/www.chemipaz.com\\\/vi\\\/use\\\/#primaryimage\"},\"thumbnailUrl\":\"https:\\\/\\\/www.chemipaz.com\\\/wp-content\\\/uploads\\\/2025\\\/02\\\/Get-Adobe-Acrobat-Reader-badge.png\",\"datePublished\":\"2020-11-11T01:32:15+00:00\",\"dateModified\":\"2025-03-18T14:04:37+00:00\",\"breadcrumb\":{\"@id\":\"https:\\\/\\\/www.chemipaz.com\\\/vi\\\/use\\\/#breadcrumb\"},\"inLanguage\":\"vi\",\"potentialAction\":[{\"@type\":\"ReadAction\",\"target\":[\"https:\\\/\\\/www.chemipaz.com\\\/vi\\\/use\\\/\"]}]},{\"@type\":\"ImageObject\",\"inLanguage\":\"vi\",\"@id\":\"https:\\\/\\\/www.chemipaz.com\\\/vi\\\/use\\\/#primaryimage\",\"url\":\"https:\\\/\\\/www.chemipaz.com\\\/wp-content\\\/uploads\\\/2025\\\/02\\\/Get-Adobe-Acrobat-Reader-badge.png\",\"contentUrl\":\"https:\\\/\\\/www.chemipaz.com\\\/wp-content\\\/uploads\\\/2025\\\/02\\\/Get-Adobe-Acrobat-Reader-badge.png\"},{\"@type\":\"BreadcrumbList\",\"@id\":\"https:\\\/\\\/www.chemipaz.com\\\/vi\\\/use\\\/#breadcrumb\",\"itemListElement\":[{\"@type\":\"ListItem\",\"position\":1,\"name\":\"Trang ch\u1ee7\",\"item\":\"https:\\\/\\\/www.chemipaz.com\\\/vi\\\/\"},{\"@type\":\"ListItem\",\"position\":2,\"name\":\"V\u1ec0 VI\u1ec6C S\u1eec D\u1ee4NG TRANG WEB\"}]},{\"@type\":\"WebSite\",\"@id\":\"https:\\\/\\\/www.chemipaz.com\\\/vi\\\/#website\",\"url\":\"https:\\\/\\\/www.chemipaz.com\\\/vi\\\/\",\"name\":\"C\u00d4NG TY SEIKO PMC CORPORATION\",\"description\":\"Ch\u00fang t\u00f4i \u0111\u00e1p \u1ee9ng nhanh ch\u00f3ng nhu c\u1ea7u c\u1ee7a kh\u00e1ch h\u00e0ng b\u1eb1ng h\u1ec7 th\u1ed1ng ba trong m\u1ed9t, cung c\u1ea5p c\u00e1c h\u00f3a ch\u1ea5t s\u1ea3n xu\u1ea5t gi\u1ea5y v\u00e0 c\u00e1c s\u1ea3n ph\u1ea9m nh\u1ef1a c\u00f3 gi\u00e1 tr\u1ecb gia t\u0103ng cao.\",\"potentialAction\":[{\"@type\":\"SearchAction\",\"target\":{\"@type\":\"EntryPoint\",\"urlTemplate\":\"https:\\\/\\\/www.chemipaz.com\\\/vi\\\/?s={search_term_string}\"},\"query-input\":{\"@type\":\"PropertyValueSpecification\",\"valueRequired\":true,\"valueName\":\"search_term_string\"}}],\"inLanguage\":\"vi\"}]}<\/script>\n<!-- \/ Yoast SEO plugin. -->","yoast_head_json":{"title":"V\u1ec0 VI\u1ec6C S\u1eec D\u1ee4NG TRANG WEB - C\u00d4NG TY SEIKO PMC CORPORATION","robots":{"index":"index","follow":"follow","max-snippet":"max-snippet:-1","max-image-preview":"max-image-preview:large","max-video-preview":"max-video-preview:-1"},"canonical":"https:\/\/www.chemipaz.com\/vi\/use\/","og_locale":"vi_VN","og_type":"article","og_title":"V\u1ec0 VI\u1ec6C S\u1eec D\u1ee4NG TRANG WEB - C\u00d4NG TY SEIKO PMC CORPORATION","og_description":"(Thi\u1ebft l\u1eadp ng\u00e0y 1 th\u00e1ng 4 n\u0103m 2025) \u0110\u1ec3 xem t\u1ec7p PDF, b\u1ea1n c\u1ea7n c\u00f3 Adobe Reader.N\u1ebfu ch\u01b0a c\u00e0i \u0111\u1eb7t, vui l\u00f2ng t\u1ea3i xu\u1ed1ng tr\u01b0\u1edbc khi xem.","og_url":"https:\/\/www.chemipaz.com\/vi\/use\/","og_site_name":"C\u00d4NG TY SEIKO PMC CORPORATION","article_modified_time":"2025-03-18T14:04:37+00:00","twitter_card":"summary_large_image","twitter_misc":{"\u01af\u1edbc t\u00ednh th\u1eddi gian \u0111\u1ecdc":"2 ph\u00fat"},"schema":{"@context":"https:\/\/schema.org","@graph":[{"@type":"WebPage","@id":"https:\/\/www.chemipaz.com\/vi\/use\/","url":"https:\/\/www.chemipaz.com\/vi\/use\/","name":"V\u1ec0 VI\u1ec6C S\u1eec D\u1ee4NG TRANG WEB - C\u00d4NG TY SEIKO PMC CORPORATION","isPartOf":{"@id":"https:\/\/www.chemipaz.com\/vi\/#website"},"primaryImageOfPage":{"@id":"https:\/\/www.chemipaz.com\/vi\/use\/#primaryimage"},"image":{"@id":"https:\/\/www.chemipaz.com\/vi\/use\/#primaryimage"},"thumbnailUrl":"https:\/\/www.chemipaz.com\/wp-content\/uploads\/2025\/02\/Get-Adobe-Acrobat-Reader-badge.png","datePublished":"2020-11-11T01:32:15+00:00","dateModified":"2025-03-18T14:04:37+00:00","breadcrumb":{"@id":"https:\/\/www.chemipaz.com\/vi\/use\/#breadcrumb"},"inLanguage":"vi","potentialAction":[{"@type":"ReadAction","target":["https:\/\/www.chemipaz.com\/vi\/use\/"]}]},{"@type":"ImageObject","inLanguage":"vi","@id":"https:\/\/www.chemipaz.com\/vi\/use\/#primaryimage","url":"https:\/\/www.chemipaz.com\/wp-content\/uploads\/2025\/02\/Get-Adobe-Acrobat-Reader-badge.png","contentUrl":"https:\/\/www.chemipaz.com\/wp-content\/uploads\/2025\/02\/Get-Adobe-Acrobat-Reader-badge.png"},{"@type":"BreadcrumbList","@id":"https:\/\/www.chemipaz.com\/vi\/use\/#breadcrumb","itemListElement":[{"@type":"ListItem","position":1,"name":"Trang ch\u1ee7","item":"https:\/\/www.chemipaz.com\/vi\/"},{"@type":"ListItem","position":2,"name":"V\u1ec0 VI\u1ec6C S\u1eec D\u1ee4NG TRANG WEB"}]},{"@type":"WebSite","@id":"https:\/\/www.chemipaz.com\/vi\/#website","url":"https:\/\/www.chemipaz.com\/vi\/","name":"C\u00d4NG TY SEIKO PMC CORPORATION","description":"Ch\u00fang t\u00f4i \u0111\u00e1p \u1ee9ng nhanh ch\u00f3ng nhu c\u1ea7u c\u1ee7a kh\u00e1ch h\u00e0ng b\u1eb1ng h\u1ec7 th\u1ed1ng ba trong m\u1ed9t, cung c\u1ea5p c\u00e1c h\u00f3a ch\u1ea5t s\u1ea3n xu\u1ea5t gi\u1ea5y v\u00e0 c\u00e1c s\u1ea3n ph\u1ea9m nh\u1ef1a c\u00f3 gi\u00e1 tr\u1ecb gia t\u0103ng cao.","potentialAction":[{"@type":"SearchAction","target":{"@type":"EntryPoint","urlTemplate":"https:\/\/www.chemipaz.com\/vi\/?s={search_term_string}"},"query-input":{"@type":"PropertyValueSpecification","valueRequired":true,"valueName":"search_term_string"}}],"inLanguage":"vi"}]}},"_links":{"self":[{"href":"https:\/\/www.chemipaz.com\/vi\/wp-json\/wp\/v2\/pages\/536","targetHints":{"allow":["GET"]}}],"collection":[{"href":"https:\/\/www.chemipaz.com\/vi\/wp-json\/wp\/v2\/pages"}],"about":[{"href":"https:\/\/www.chemipaz.com\/vi\/wp-json\/wp\/v2\/types\/page"}],"author":[{"embeddable":true,"href":"https:\/\/www.chemipaz.com\/vi\/wp-json\/wp\/v2\/users\/6"}],"replies":[{"embeddable":true,"href":"https:\/\/www.chemipaz.com\/vi\/wp-json\/wp\/v2\/comments?post=536"}],"version-history":[{"count":7,"href":"https:\/\/www.chemipaz.com\/vi\/wp-json\/wp\/v2\/pages\/536\/revisions"}],"predecessor-version":[{"id":10525,"href":"https:\/\/www.chemipaz.com\/vi\/wp-json\/wp\/v2\/pages\/536\/revisions\/10525"}],"wp:attachment":[{"href":"https:\/\/www.chemipaz.com\/vi\/wp-json\/wp\/v2\/media?parent=536"}],"curies":[{"name":"wp","href":"https:\/\/api.w.org\/{rel}","templated":true}]}}