{"id":533,"date":"2020-11-11T10:32:15","date_gmt":"2020-11-11T01:32:15","guid":{"rendered":"https:\/\/www.chemipaz.com\/vi\/tech-system\/"},"modified":"2025-03-29T12:30:55","modified_gmt":"2025-03-29T03:30:55","slug":"system","status":"publish","type":"page","link":"https:\/\/www.chemipaz.com\/vi\/tech\/system\/","title":{"rendered":"Ph\u01b0\u01a1ng ch\u00e2m nghi\u00ean c\u1ee9u v\u00e0 ph\u00e1t tri\u1ec3n"},"content":{"rendered":"\n<div class=\"wp-block-cover is-light under-mv-static\" style=\"min-height:384px;aspect-ratio:unset;\"><span aria-hidden=\"true\" class=\"wp-block-cover__background has-black-background-color has-background-dim-0 has-background-dim\"><\/span><img decoding=\"async\" class=\"wp-block-cover__image-background wp-image-11038\" alt=\"\" src=\"https:\/\/www.chemipaz.com\/wp-content\/uploads\/2025\/01\/tech-system-mv.png\" data-object-fit=\"cover\"\/><div class=\"wp-block-cover__inner-container is-layout-constrained wp-block-cover-is-layout-constrained\"><div class=\"yoast-breadcrumbs\"><span><span><a href=\"https:\/\/www.chemipaz.com\/vi\/\">Trang ch\u1ee7<\/a><\/span> \u00bb <span><a href=\"https:\/\/www.chemipaz.com\/vi\/tech\/\">Nghi\u00ean c\u1ee9u v\u00e0 ph\u00e1t tri\u1ec3n<\/a><\/span> \u00bb <span class=\"breadcrumb_last\" aria-current=\"page\">Ph\u01b0\u01a1ng ch\u00e2m nghi\u00ean c\u1ee9u v\u00e0 ph\u00e1t tri\u1ec3n<\/span><\/span><\/div>\n\n\n<p class=\"has-text-align-center\">RESEARCH &amp; DEVELOPMENT<\/p>\n\n\n<h2 class=\"has-text-align-center wp-block-post-title\">Ph\u01b0\u01a1ng ch\u00e2m nghi\u00ean c\u1ee9u v\u00e0 ph\u00e1t tri\u1ec3n<\/h2><\/div><\/div>\n\n\n\n<div class=\"wp-block-group tech-system is-layout-constrained wp-block-group-is-layout-constrained\">\n<div class=\"wp-block-group message is-layout-constrained wp-block-group-is-layout-constrained\">\n<div class=\"wp-block-group is-layout-constrained wp-block-group-is-layout-constrained\">\n<div class=\"wp-block-cover is-light message__title\"><span aria-hidden=\"true\" class=\"wp-block-cover__background has-background-dim\" style=\"background-color:#bdedff\"><\/span><img decoding=\"async\" class=\"wp-block-cover__image-background wp-image-11037\" alt=\"\" src=\"https:\/\/www.chemipaz.com\/wp-content\/uploads\/2025\/01\/tech-system-bg01.png\" data-object-fit=\"cover\"\/><div class=\"wp-block-cover__inner-container is-layout-constrained wp-block-cover-is-layout-constrained\">\n<h2 class=\"wp-block-heading title\">\u201cCu\u1ed9c s\u1ed1ng ti\u1ec7n nghi, <br>t\u01b0\u01a1ng lai t\u01b0\u01a1i m\u1edbi\u201d<\/h2>\n<\/div><\/div>\n<\/div>\n\n\n\n<div class=\"wp-block-group message__info scrollItem fadeTop is-layout-constrained wp-block-group-is-layout-constrained\">\n<div class=\"wp-block-group inner is-layout-constrained wp-block-group-is-layout-constrained\">\n<p class=\"message__text\">C\u00e1c v\u1ea5n \u0111\u1ec1 m\u00f4i tr\u01b0\u1eddng m\u00e0 Tr\u00e1i \u0110\u1ea5t hi\u1ec7n nay \u0111ang ph\u1ea3i \u0111\u1ed1i m\u1eb7t, nh\u01b0 s\u1ef1 n\u00f3ng l\u00ean to\u00e0n c\u1ea7u, \u00f4 nhi\u1ec5m m\u00f4i tr\u01b0\u1eddng, v\u00e0 c\u1ea1n ki\u1ec7t t\u00e0i nguy\u00ean h\u00f3a th\u1ea1ch, v.v\u2026 \u0111ang ph\u00e1t sinh \u0111\u1ec1u c\u00f3 nguy\u00ean nh\u00e2n t\u1eeb ho\u1ea1t \u0111\u1ed9ng kinh t\u1ebf c\u1ee7a ch\u00fang ta.<br>\u0110\u1ec3 m\u1ed9t doanh nghi\u1ec7p c\u00f3 th\u1ec3 duy tr\u00ec kinh doanh, m\u00f4 h\u00ecnh kinh doanh c\u1ee7a doanh nghi\u1ec7p c\u0169ng ph\u1ea3i h\u01b0\u1edbng t\u1edbi m\u1ed9t x\u00e3 h\u1ed9i b\u1ec1n v\u1eefng.<br>Trong b\u1ed1i c\u1ea3nh x\u00e3 h\u1ed9i nh\u01b0 v\u1eady, c\u00f4ng ty ch\u00fang t\u00f4i t\u00edch c\u1ef1c t\u1eadn d\u1ee5ng c\u00f4ng ngh\u1ec7 IT \u0111\u1ec3 \u0111\u1ea1t \u0111\u01b0\u1ee3c<\/p>\n\n\n\n<ul class=\"wp-block-list message__list\">\n<li><p>Gi\u1ea3m thi\u1ec3u t\u00e1c \u0111\u1ed9ng <br class=\"pc\">\u0111\u1ebfn m\u00f4i tr\u01b0\u1eddng, <br>ti\u1ebft ki\u1ec7m n\u0103ng l\u01b0\u1ee3ng<\/p><\/li>\n\n\n\n<li><p>S\u1eed d\u1ee5ng v\u00e0 t\u00e1i <br class=\"pc\">ch\u1ebf hi\u1ec7u <br class=\"sp\">qu\u1ea3 c\u00e1c <br class=\"pc\">ngu\u1ed3n t\u00e0i nguy\u00ean<\/p><\/li>\n\n\n\n<li><p>D\u1eebng s\u1eed d\u1ee5ng d\u1ea7u <br class=\"pc\">m\u1ecf v\u00e0 t\u1eadn <br class=\"sp\">d\u1ee5ng hi\u1ec7u <br class=\"pc\">qu\u1ea3 c\u00e1c ngu\u1ed3n <br class=\"sp\">t\u00e0i nguy\u00ean <br class=\"pc\">sinh kh\u1ed1i biomass.<\/p><\/li>\n<\/ul>\n\n\n\n<p class=\"message__text\">T\u1eeb \u0111\u00f3 g\u00f3p ph\u1ea7n hi\u1ec7n th\u1ef1c h\u00f3a t\u01b0\u01a1ng lai b\u1ec1n v\u1eefng b\u1eb1ng c\u00e1ch s\u1eed d\u1ee5ng c\u00e1c ngu\u1ed3n t\u00e0i nguy\u00ean m\u1ed9t c\u00e1ch th\u1eadn tr\u1ecdng.<\/p>\n<\/div>\n<\/div>\n<\/div>\n\n\n\n<div class=\"wp-block-group vision scrollItem fadeTop is-layout-constrained wp-block-group-is-layout-constrained\">\n<div class=\"wp-block-group inner is-layout-constrained wp-block-group-is-layout-constrained\">\n<div class=\"wp-block-group title-type02 is-layout-constrained wp-block-group-is-layout-constrained\">\n<h2 class=\"wp-block-heading en\">VISION<\/h2>\n\n\n\n<p class=\"ja\">H\u00ecnh \u1ea3nh v\u1ec1 m\u1ee5c ti\u00eau h\u01b0\u1edbng \u0111\u1ebfn trong nghi\u00ean c\u1ee9u v\u00e0 ph\u00e1t tri\u1ec3n<\/p>\n<\/div>\n\n\n\n<h3 class=\"wp-block-heading title-type04\">H\u01b0\u1edbng \u0111\u1ebfn m\u1ed9t x\u00e3 h\u1ed9i b\u1ec1n v\u1eefng<\/h3>\n\n\n\n<div class=\"wp-block-group vision__content is-layout-constrained wp-block-group-is-layout-constrained\">\n<div class=\"wp-block-group base is-layout-constrained wp-block-group-is-layout-constrained\">\n<p class=\"title\">C\u00f4ng ngh\u1ec7 n\u1ec1n t\u1ea3ng<\/p>\n\n\n\n<ul class=\"wp-block-list list\">\n<li>Nh\u0169 h\u00f3a, Ph\u00e2n t\u00e1n<\/li>\n\n\n\n<li>Thi\u1ebft k\u1ebf ch\u1ea5t cao ph\u00e2n t\u1eed<\/li>\n\n\n\n<li>Thi\u1ebft k\u1ebf ph\u00e2n t\u1eed ch\u1ee9c n\u0103ng<\/li>\n\n\n\n<li>C\u00f4ng ngh\u1ec7 sinh h\u1ecdc<\/li>\n\n\n\n<li>\u0110\u00e1nh gi\u00e1 v\u00e0 ph\u00e2n t\u00edch \u1ee9ng d\u1ee5ng<\/li>\n<\/ul>\n<\/div>\n\n\n\n<p class=\"text\">X\u00e3 h\u1ed9i b\u1ec1n v\u1eefng<small>(CO\u2082 th\u1ea5p, tu\u1ea7n ho\u00e0n m\u00f4i tr\u01b0\u1eddng, h\u00f2a h\u1ee3p v\u1edbi thi\u00ean nhi\u00ean)<\/small><\/p>\n<\/div>\n<\/div>\n<\/div>\n<\/div>\n\n\n\n            <div class=\"under-bottom-nav\">\n                <div class=\"inner\">\n                    <p class=\"under-bottom-nav__link01\"><a href=\"https:\/\/www.chemipaz.com\/vi\/tech\/\">Nghi\u00ean c\u1ee9u v\u00e0 ph\u00e1t tri\u1ec3n<\/a><\/p>\n                    <div class=\"under-bottom-nav__link02\">\n                        <a class=\"item\" href=\"https:\/\/www.chemipaz.com\/vi\/tech\/system\/\">Ph\u01b0\u01a1ng ch\u00e2m nghi\u00ean c\u1ee9u v\u00e0 ph\u00e1t tri\u1ec3n<\/a><a class=\"item\" href=\"https:\/\/www.chemipaz.com\/vi\/tech\/ecotechnology\/\">Gi\u1edbi thi\u1ec7u c\u00f4ng ngh\u1ec7 sinh th\u00e1i<\/a>\n                    <\/div>\n                <\/div>\n            <\/div>\n        \n\n\n\n<p><\/p>\n\n\n\n<p><\/p>\n","protected":false},"excerpt":{"rendered":"<p>C\u00e1c v\u1ea5n \u0111\u1ec1 m\u00f4i tr\u01b0\u1eddng m\u00e0 Tr\u00e1i \u0110\u1ea5t hi\u1ec7n nay \u0111ang ph\u1ea3i \u0111\u1ed1i m\u1eb7t, nh\u01b0 s\u1ef1 n\u00f3ng l\u00ean to\u00e0n c\u1ea7u, \u00f4 nhi\u1ec5m m\u00f4i tr\u01b0\u1eddng, v\u00e0 c\u1ea1n ki\u1ec7t t\u00e0i nguy\u00ean h\u00f3a th\u1ea1ch, v.v\u2026 \u0111ang ph\u00e1t sinh \u0111\u1ec1u c\u00f3 nguy\u00ean nh\u00e2n t\u1eeb ho\u1ea1t \u0111\u1ed9ng kinh t\u1ebf c\u1ee7a ch\u00fang ta.\u0110\u1ec3 m\u1ed9t doanh nghi\u1ec7p c\u00f3 th\u1ec3 duy tr\u00ec kinh doanh, m\u00f4 h\u00ecnh kinh doanh c\u1ee7a doanh nghi\u1ec7p c\u0169ng ph\u1ea3i h\u01b0\u1edbng t\u1edbi m\u1ed9t x\u00e3 h\u1ed9i b\u1ec1n v\u1eefng.Trong b\u1ed1i c\u1ea3nh x\u00e3 h\u1ed9i nh\u01b0 v\u1eady, c\u00f4ng ty ch\u00fang t\u00f4i t\u00edch c\u1ef1c t\u1eadn d\u1ee5ng c\u00f4ng ngh\u1ec7 IT \u0111\u1ec3 \u0111\u1ea1t \u0111\u01b0\u1ee3c T\u1eeb \u0111\u00f3 g\u00f3p ph\u1ea7n hi\u1ec7n th\u1ef1c h\u00f3a t\u01b0\u01a1ng lai b\u1ec1n v\u1eefng b\u1eb1ng c\u00e1ch s\u1eed d\u1ee5ng c\u00e1c ngu\u1ed3n t\u00e0i [&hellip;]<\/p>\n","protected":false},"author":6,"featured_media":0,"parent":534,"menu_order":15,"comment_status":"closed","ping_status":"closed","template":"","meta":{"_acf_changed":false,"footnotes":""},"class_list":["post-533","page","type-page","status-publish","hentry"],"acf":[],"yoast_head":"<!-- This site is optimized with the Yoast SEO plugin v27.4 - https:\/\/yoast.com\/product\/yoast-seo-wordpress\/ -->\n<title>Ph\u01b0\u01a1ng ch\u00e2m nghi\u00ean c\u1ee9u v\u00e0 ph\u00e1t tri\u1ec3n - C\u00d4NG TY SEIKO PMC CORPORATION<\/title>\n<meta name=\"robots\" content=\"index, follow, max-snippet:-1, max-image-preview:large, max-video-preview:-1\" \/>\n<link rel=\"canonical\" href=\"https:\/\/www.chemipaz.com\/vi\/tech\/system\/\" \/>\n<meta property=\"og:locale\" content=\"vi_VN\" \/>\n<meta property=\"og:type\" content=\"article\" \/>\n<meta property=\"og:title\" content=\"Ph\u01b0\u01a1ng ch\u00e2m nghi\u00ean c\u1ee9u v\u00e0 ph\u00e1t tri\u1ec3n - C\u00d4NG TY SEIKO PMC CORPORATION\" \/>\n<meta property=\"og:description\" content=\"C\u00e1c v\u1ea5n \u0111\u1ec1 m\u00f4i tr\u01b0\u1eddng m\u00e0 Tr\u00e1i \u0110\u1ea5t hi\u1ec7n nay \u0111ang ph\u1ea3i \u0111\u1ed1i m\u1eb7t, nh\u01b0 s\u1ef1 n\u00f3ng l\u00ean to\u00e0n c\u1ea7u, \u00f4 nhi\u1ec5m m\u00f4i tr\u01b0\u1eddng, v\u00e0 c\u1ea1n ki\u1ec7t t\u00e0i nguy\u00ean h\u00f3a th\u1ea1ch, v.v\u2026 \u0111ang ph\u00e1t sinh \u0111\u1ec1u c\u00f3 nguy\u00ean nh\u00e2n t\u1eeb ho\u1ea1t \u0111\u1ed9ng kinh t\u1ebf c\u1ee7a ch\u00fang ta.\u0110\u1ec3 m\u1ed9t doanh nghi\u1ec7p c\u00f3 th\u1ec3 duy tr\u00ec kinh doanh, m\u00f4 h\u00ecnh kinh doanh c\u1ee7a doanh nghi\u1ec7p c\u0169ng ph\u1ea3i h\u01b0\u1edbng t\u1edbi m\u1ed9t x\u00e3 h\u1ed9i b\u1ec1n v\u1eefng.Trong b\u1ed1i c\u1ea3nh x\u00e3 h\u1ed9i nh\u01b0 v\u1eady, c\u00f4ng ty ch\u00fang t\u00f4i t\u00edch c\u1ef1c t\u1eadn d\u1ee5ng c\u00f4ng ngh\u1ec7 IT \u0111\u1ec3 \u0111\u1ea1t \u0111\u01b0\u1ee3c T\u1eeb \u0111\u00f3 g\u00f3p ph\u1ea7n hi\u1ec7n th\u1ef1c h\u00f3a t\u01b0\u01a1ng lai b\u1ec1n v\u1eefng b\u1eb1ng c\u00e1ch s\u1eed d\u1ee5ng c\u00e1c ngu\u1ed3n t\u00e0i [&hellip;]\" \/>\n<meta property=\"og:url\" content=\"https:\/\/www.chemipaz.com\/vi\/tech\/system\/\" \/>\n<meta property=\"og:site_name\" content=\"C\u00d4NG TY SEIKO PMC CORPORATION\" \/>\n<meta property=\"article:modified_time\" content=\"2025-03-29T03:30:55+00:00\" \/>\n<meta name=\"twitter:card\" content=\"summary_large_image\" \/>\n<meta name=\"twitter:label1\" content=\"\u01af\u1edbc t\u00ednh th\u1eddi gian \u0111\u1ecdc\" \/>\n\t<meta name=\"twitter:data1\" content=\"2 ph\u00fat\" \/>\n<script type=\"application\/ld+json\" class=\"yoast-schema-graph\">{\"@context\":\"https:\\\/\\\/schema.org\",\"@graph\":[{\"@type\":\"WebPage\",\"@id\":\"https:\\\/\\\/www.chemipaz.com\\\/vi\\\/tech\\\/system\\\/\",\"url\":\"https:\\\/\\\/www.chemipaz.com\\\/vi\\\/tech\\\/system\\\/\",\"name\":\"Ph\u01b0\u01a1ng ch\u00e2m nghi\u00ean c\u1ee9u v\u00e0 ph\u00e1t tri\u1ec3n - C\u00d4NG TY SEIKO PMC CORPORATION\",\"isPartOf\":{\"@id\":\"https:\\\/\\\/www.chemipaz.com\\\/vi\\\/#website\"},\"primaryImageOfPage\":{\"@id\":\"https:\\\/\\\/www.chemipaz.com\\\/vi\\\/tech\\\/system\\\/#primaryimage\"},\"image\":{\"@id\":\"https:\\\/\\\/www.chemipaz.com\\\/vi\\\/tech\\\/system\\\/#primaryimage\"},\"thumbnailUrl\":\"https:\\\/\\\/www.chemipaz.com\\\/wp-content\\\/uploads\\\/2025\\\/01\\\/tech-system-mv.png\",\"datePublished\":\"2020-11-11T01:32:15+00:00\",\"dateModified\":\"2025-03-29T03:30:55+00:00\",\"breadcrumb\":{\"@id\":\"https:\\\/\\\/www.chemipaz.com\\\/vi\\\/tech\\\/system\\\/#breadcrumb\"},\"inLanguage\":\"vi\",\"potentialAction\":[{\"@type\":\"ReadAction\",\"target\":[\"https:\\\/\\\/www.chemipaz.com\\\/vi\\\/tech\\\/system\\\/\"]}]},{\"@type\":\"ImageObject\",\"inLanguage\":\"vi\",\"@id\":\"https:\\\/\\\/www.chemipaz.com\\\/vi\\\/tech\\\/system\\\/#primaryimage\",\"url\":\"https:\\\/\\\/www.chemipaz.com\\\/wp-content\\\/uploads\\\/2025\\\/01\\\/tech-system-mv.png\",\"contentUrl\":\"https:\\\/\\\/www.chemipaz.com\\\/wp-content\\\/uploads\\\/2025\\\/01\\\/tech-system-mv.png\"},{\"@type\":\"BreadcrumbList\",\"@id\":\"https:\\\/\\\/www.chemipaz.com\\\/vi\\\/tech\\\/system\\\/#breadcrumb\",\"itemListElement\":[{\"@type\":\"ListItem\",\"position\":1,\"name\":\"Trang ch\u1ee7\",\"item\":\"https:\\\/\\\/www.chemipaz.com\\\/vi\\\/\"},{\"@type\":\"ListItem\",\"position\":2,\"name\":\"Nghi\u00ean c\u1ee9u v\u00e0 ph\u00e1t tri\u1ec3n\",\"item\":\"https:\\\/\\\/www.chemipaz.com\\\/vi\\\/tech\\\/\"},{\"@type\":\"ListItem\",\"position\":3,\"name\":\"Ph\u01b0\u01a1ng ch\u00e2m nghi\u00ean c\u1ee9u v\u00e0 ph\u00e1t tri\u1ec3n\"}]},{\"@type\":\"WebSite\",\"@id\":\"https:\\\/\\\/www.chemipaz.com\\\/vi\\\/#website\",\"url\":\"https:\\\/\\\/www.chemipaz.com\\\/vi\\\/\",\"name\":\"C\u00d4NG TY SEIKO PMC CORPORATION\",\"description\":\"Ch\u00fang t\u00f4i \u0111\u00e1p \u1ee9ng nhanh ch\u00f3ng nhu c\u1ea7u c\u1ee7a kh\u00e1ch h\u00e0ng b\u1eb1ng h\u1ec7 th\u1ed1ng ba trong m\u1ed9t, cung c\u1ea5p c\u00e1c h\u00f3a ch\u1ea5t s\u1ea3n xu\u1ea5t gi\u1ea5y v\u00e0 c\u00e1c s\u1ea3n ph\u1ea9m nh\u1ef1a c\u00f3 gi\u00e1 tr\u1ecb gia t\u0103ng cao.\",\"potentialAction\":[{\"@type\":\"SearchAction\",\"target\":{\"@type\":\"EntryPoint\",\"urlTemplate\":\"https:\\\/\\\/www.chemipaz.com\\\/vi\\\/?s={search_term_string}\"},\"query-input\":{\"@type\":\"PropertyValueSpecification\",\"valueRequired\":true,\"valueName\":\"search_term_string\"}}],\"inLanguage\":\"vi\"}]}<\/script>\n<!-- \/ Yoast SEO plugin. -->","yoast_head_json":{"title":"Ph\u01b0\u01a1ng ch\u00e2m nghi\u00ean c\u1ee9u v\u00e0 ph\u00e1t tri\u1ec3n - C\u00d4NG TY SEIKO PMC CORPORATION","robots":{"index":"index","follow":"follow","max-snippet":"max-snippet:-1","max-image-preview":"max-image-preview:large","max-video-preview":"max-video-preview:-1"},"canonical":"https:\/\/www.chemipaz.com\/vi\/tech\/system\/","og_locale":"vi_VN","og_type":"article","og_title":"Ph\u01b0\u01a1ng ch\u00e2m nghi\u00ean c\u1ee9u v\u00e0 ph\u00e1t tri\u1ec3n - C\u00d4NG TY SEIKO PMC CORPORATION","og_description":"C\u00e1c v\u1ea5n \u0111\u1ec1 m\u00f4i tr\u01b0\u1eddng m\u00e0 Tr\u00e1i \u0110\u1ea5t hi\u1ec7n nay \u0111ang ph\u1ea3i \u0111\u1ed1i m\u1eb7t, nh\u01b0 s\u1ef1 n\u00f3ng l\u00ean to\u00e0n c\u1ea7u, \u00f4 nhi\u1ec5m m\u00f4i tr\u01b0\u1eddng, v\u00e0 c\u1ea1n ki\u1ec7t t\u00e0i nguy\u00ean h\u00f3a th\u1ea1ch, v.v\u2026 \u0111ang ph\u00e1t sinh \u0111\u1ec1u c\u00f3 nguy\u00ean nh\u00e2n t\u1eeb ho\u1ea1t \u0111\u1ed9ng kinh t\u1ebf c\u1ee7a ch\u00fang ta.\u0110\u1ec3 m\u1ed9t doanh nghi\u1ec7p c\u00f3 th\u1ec3 duy tr\u00ec kinh doanh, m\u00f4 h\u00ecnh kinh doanh c\u1ee7a doanh nghi\u1ec7p c\u0169ng ph\u1ea3i h\u01b0\u1edbng t\u1edbi m\u1ed9t x\u00e3 h\u1ed9i b\u1ec1n v\u1eefng.Trong b\u1ed1i c\u1ea3nh x\u00e3 h\u1ed9i nh\u01b0 v\u1eady, c\u00f4ng ty ch\u00fang t\u00f4i t\u00edch c\u1ef1c t\u1eadn d\u1ee5ng c\u00f4ng ngh\u1ec7 IT \u0111\u1ec3 \u0111\u1ea1t \u0111\u01b0\u1ee3c T\u1eeb \u0111\u00f3 g\u00f3p ph\u1ea7n hi\u1ec7n th\u1ef1c h\u00f3a t\u01b0\u01a1ng lai b\u1ec1n v\u1eefng b\u1eb1ng c\u00e1ch s\u1eed d\u1ee5ng c\u00e1c ngu\u1ed3n t\u00e0i [&hellip;]","og_url":"https:\/\/www.chemipaz.com\/vi\/tech\/system\/","og_site_name":"C\u00d4NG TY SEIKO PMC CORPORATION","article_modified_time":"2025-03-29T03:30:55+00:00","twitter_card":"summary_large_image","twitter_misc":{"\u01af\u1edbc t\u00ednh th\u1eddi gian \u0111\u1ecdc":"2 ph\u00fat"},"schema":{"@context":"https:\/\/schema.org","@graph":[{"@type":"WebPage","@id":"https:\/\/www.chemipaz.com\/vi\/tech\/system\/","url":"https:\/\/www.chemipaz.com\/vi\/tech\/system\/","name":"Ph\u01b0\u01a1ng ch\u00e2m nghi\u00ean c\u1ee9u v\u00e0 ph\u00e1t tri\u1ec3n - C\u00d4NG TY SEIKO PMC CORPORATION","isPartOf":{"@id":"https:\/\/www.chemipaz.com\/vi\/#website"},"primaryImageOfPage":{"@id":"https:\/\/www.chemipaz.com\/vi\/tech\/system\/#primaryimage"},"image":{"@id":"https:\/\/www.chemipaz.com\/vi\/tech\/system\/#primaryimage"},"thumbnailUrl":"https:\/\/www.chemipaz.com\/wp-content\/uploads\/2025\/01\/tech-system-mv.png","datePublished":"2020-11-11T01:32:15+00:00","dateModified":"2025-03-29T03:30:55+00:00","breadcrumb":{"@id":"https:\/\/www.chemipaz.com\/vi\/tech\/system\/#breadcrumb"},"inLanguage":"vi","potentialAction":[{"@type":"ReadAction","target":["https:\/\/www.chemipaz.com\/vi\/tech\/system\/"]}]},{"@type":"ImageObject","inLanguage":"vi","@id":"https:\/\/www.chemipaz.com\/vi\/tech\/system\/#primaryimage","url":"https:\/\/www.chemipaz.com\/wp-content\/uploads\/2025\/01\/tech-system-mv.png","contentUrl":"https:\/\/www.chemipaz.com\/wp-content\/uploads\/2025\/01\/tech-system-mv.png"},{"@type":"BreadcrumbList","@id":"https:\/\/www.chemipaz.com\/vi\/tech\/system\/#breadcrumb","itemListElement":[{"@type":"ListItem","position":1,"name":"Trang ch\u1ee7","item":"https:\/\/www.chemipaz.com\/vi\/"},{"@type":"ListItem","position":2,"name":"Nghi\u00ean c\u1ee9u v\u00e0 ph\u00e1t tri\u1ec3n","item":"https:\/\/www.chemipaz.com\/vi\/tech\/"},{"@type":"ListItem","position":3,"name":"Ph\u01b0\u01a1ng ch\u00e2m nghi\u00ean c\u1ee9u v\u00e0 ph\u00e1t tri\u1ec3n"}]},{"@type":"WebSite","@id":"https:\/\/www.chemipaz.com\/vi\/#website","url":"https:\/\/www.chemipaz.com\/vi\/","name":"C\u00d4NG TY SEIKO PMC CORPORATION","description":"Ch\u00fang t\u00f4i \u0111\u00e1p \u1ee9ng nhanh ch\u00f3ng nhu c\u1ea7u c\u1ee7a kh\u00e1ch h\u00e0ng b\u1eb1ng h\u1ec7 th\u1ed1ng ba trong m\u1ed9t, cung c\u1ea5p c\u00e1c h\u00f3a ch\u1ea5t s\u1ea3n xu\u1ea5t gi\u1ea5y v\u00e0 c\u00e1c s\u1ea3n ph\u1ea9m nh\u1ef1a c\u00f3 gi\u00e1 tr\u1ecb gia t\u0103ng cao.","potentialAction":[{"@type":"SearchAction","target":{"@type":"EntryPoint","urlTemplate":"https:\/\/www.chemipaz.com\/vi\/?s={search_term_string}"},"query-input":{"@type":"PropertyValueSpecification","valueRequired":true,"valueName":"search_term_string"}}],"inLanguage":"vi"}]}},"_links":{"self":[{"href":"https:\/\/www.chemipaz.com\/vi\/wp-json\/wp\/v2\/pages\/533","targetHints":{"allow":["GET"]}}],"collection":[{"href":"https:\/\/www.chemipaz.com\/vi\/wp-json\/wp\/v2\/pages"}],"about":[{"href":"https:\/\/www.chemipaz.com\/vi\/wp-json\/wp\/v2\/types\/page"}],"author":[{"embeddable":true,"href":"https:\/\/www.chemipaz.com\/vi\/wp-json\/wp\/v2\/users\/6"}],"replies":[{"embeddable":true,"href":"https:\/\/www.chemipaz.com\/vi\/wp-json\/wp\/v2\/comments?post=533"}],"version-history":[{"count":70,"href":"https:\/\/www.chemipaz.com\/vi\/wp-json\/wp\/v2\/pages\/533\/revisions"}],"predecessor-version":[{"id":11281,"href":"https:\/\/www.chemipaz.com\/vi\/wp-json\/wp\/v2\/pages\/533\/revisions\/11281"}],"up":[{"embeddable":true,"href":"https:\/\/www.chemipaz.com\/vi\/wp-json\/wp\/v2\/pages\/534"}],"wp:attachment":[{"href":"https:\/\/www.chemipaz.com\/vi\/wp-json\/wp\/v2\/media?parent=533"}],"curies":[{"name":"wp","href":"https:\/\/api.w.org\/{rel}","templated":true}]}}