{"id":529,"date":"2020-11-11T10:32:15","date_gmt":"2020-11-11T01:32:15","guid":{"rendered":"https:\/\/www.chemipaz.com\/vi\/tech-ecotechnology\/"},"modified":"2025-03-27T23:43:37","modified_gmt":"2025-03-27T14:43:37","slug":"ecotechnology","status":"publish","type":"page","link":"https:\/\/www.chemipaz.com\/vi\/tech\/ecotechnology\/","title":{"rendered":"Gi\u1edbi thi\u1ec7u c\u00f4ng ngh\u1ec7 sinh th\u00e1i"},"content":{"rendered":"\n<div class=\"wp-block-cover under-mv-static\" style=\"min-height:384px;aspect-ratio:unset;\"><span aria-hidden=\"true\" class=\"wp-block-cover__background has-black-background-color has-background-dim-0 has-background-dim\"><\/span><img decoding=\"async\" class=\"wp-block-cover__image-background wp-image-11061\" alt=\"\" src=\"https:\/\/www.chemipaz.com\/wp-content\/uploads\/2025\/01\/ecotechnology-mv.png\" data-object-fit=\"cover\"\/><div class=\"wp-block-cover__inner-container is-layout-constrained wp-block-cover-is-layout-constrained\"><div class=\"yoast-breadcrumbs\"><span><span><a href=\"https:\/\/www.chemipaz.com\/vi\/\">Trang ch\u1ee7<\/a><\/span> \u00bb <span><a href=\"https:\/\/www.chemipaz.com\/vi\/tech\/\">Nghi\u00ean c\u1ee9u v\u00e0 ph\u00e1t tri\u1ec3n<\/a><\/span> \u00bb <span class=\"breadcrumb_last\" aria-current=\"page\">Gi\u1edbi thi\u1ec7u c\u00f4ng ngh\u1ec7 sinh th\u00e1i<\/span><\/span><\/div>\n\n\n<p class=\"has-text-align-center\">RESEARCH &amp; DEVELOPMENT<\/p>\n\n\n<h2 class=\"has-text-align-center wp-block-post-title\">Gi\u1edbi thi\u1ec7u c\u00f4ng ngh\u1ec7 sinh th\u00e1i<\/h2><\/div><\/div>\n\n\n\n<div id=\"tech-ecotechnology\" class=\"wp-block-group tech-ecotechnology sec-type01 is-layout-constrained wp-block-group-is-layout-constrained\">\n<div class=\"wp-block-group inner is-layout-constrained wp-block-group-is-layout-constrained\">\n<h2 class=\"wp-block-heading title-type04\">Gi\u1edbi thi\u1ec7u c\u00f4ng ngh\u1ec7 sinh th\u00e1i<\/h2>\n\n\n\n<div class=\"wp-block-group content-type03 is-layout-constrained wp-block-group-is-layout-constrained\"><a href=\"https:\/\/www.chemipaz.com\/vi\/tech\/ecotechnology\/paper\/\"    class=\"content-type03__item wp-block-tiptip-hyperlink-group-block\" >\n<figure class=\"wp-block-image size-full is-resized\"><img decoding=\"async\" src=\"https:\/\/www.chemipaz.com\/wp-content\/uploads\/2025\/01\/f232ad57114b29b667776e4cd18bd2e0.jpg\" alt=\"\" class=\"wp-image-11070\" style=\"width:276px;height:auto\"\/><\/figure>\n\n<p class=\"text\">C\u00f4ng ngh\u1ec7 m\u1edf r\u1ed9ng t\u00ednh n\u0103ng c\u1ee7a gi\u1ea5y<\/p>\n<\/a>\n\n<a href=\"https:\/\/www.chemipaz.com\/vi\/tech\/ecotechnology\/environmental-loading-reduction\/\"    class=\"content-type03__item wp-block-tiptip-hyperlink-group-block\" >\n<figure class=\"wp-block-image size-full is-resized\"><img decoding=\"async\" src=\"https:\/\/www.chemipaz.com\/wp-content\/uploads\/2025\/01\/5209fb7e6f2e4a9368304b142f5af89b.jpg\" alt=\"\" class=\"wp-image-11071\" style=\"width:276px;height:auto\"\/><\/figure>\n\n<p class=\"text\">C\u00f4ng ngh\u1ec7 g\u00f3p ph\u1ea7n gi\u1ea3m thi\u1ec3u t\u00e1c \u0111\u1ed9ng \u0111\u1ebfn m\u00f4i tr\u01b0\u1eddng<\/p>\n<\/a><\/div>\n<\/div>\n<\/div>\n\n\n\n            <div class=\"under-bottom-nav\">\n                <div class=\"inner\">\n                    <p class=\"under-bottom-nav__link01\"><a href=\"https:\/\/www.chemipaz.com\/vi\/tech\/\">Nghi\u00ean c\u1ee9u v\u00e0 ph\u00e1t tri\u1ec3n<\/a><\/p>\n                    <div class=\"under-bottom-nav__link02\">\n                        <a class=\"item\" href=\"https:\/\/www.chemipaz.com\/vi\/tech\/system\/\">Ph\u01b0\u01a1ng ch\u00e2m nghi\u00ean c\u1ee9u v\u00e0 ph\u00e1t tri\u1ec3n<\/a><a class=\"item\" href=\"https:\/\/www.chemipaz.com\/vi\/tech\/ecotechnology\/\">Gi\u1edbi thi\u1ec7u c\u00f4ng ngh\u1ec7 sinh th\u00e1i<\/a>\n                    <\/div>\n                <\/div>\n            <\/div>\n        \n\n\n\n<p><\/p>\n\n\n\n<p><\/p>\n","protected":false},"excerpt":{"rendered":"<p>Gi\u1edbi thi\u1ec7u c\u00f4ng ngh\u1ec7 sinh th\u00e1i<\/p>\n","protected":false},"author":6,"featured_media":0,"parent":534,"menu_order":16,"comment_status":"closed","ping_status":"closed","template":"","meta":{"_acf_changed":false,"footnotes":""},"class_list":["post-529","page","type-page","status-publish","hentry"],"acf":[],"yoast_head":"<!-- This site is optimized with the Yoast SEO plugin v27.4 - https:\/\/yoast.com\/product\/yoast-seo-wordpress\/ -->\n<title>Gi\u1edbi thi\u1ec7u c\u00f4ng ngh\u1ec7 sinh th\u00e1i - C\u00d4NG TY SEIKO PMC CORPORATION<\/title>\n<meta name=\"robots\" content=\"index, follow, max-snippet:-1, max-image-preview:large, max-video-preview:-1\" \/>\n<link rel=\"canonical\" href=\"https:\/\/www.chemipaz.com\/vi\/tech\/ecotechnology\/\" \/>\n<meta property=\"og:locale\" content=\"vi_VN\" \/>\n<meta property=\"og:type\" content=\"article\" \/>\n<meta property=\"og:title\" content=\"Gi\u1edbi thi\u1ec7u c\u00f4ng ngh\u1ec7 sinh th\u00e1i - C\u00d4NG TY SEIKO PMC CORPORATION\" \/>\n<meta property=\"og:description\" content=\"Gi\u1edbi thi\u1ec7u c\u00f4ng ngh\u1ec7 sinh th\u00e1i\" \/>\n<meta property=\"og:url\" content=\"https:\/\/www.chemipaz.com\/vi\/tech\/ecotechnology\/\" \/>\n<meta property=\"og:site_name\" content=\"C\u00d4NG TY SEIKO PMC CORPORATION\" \/>\n<meta property=\"article:modified_time\" content=\"2025-03-27T14:43:37+00:00\" \/>\n<meta name=\"twitter:card\" content=\"summary_large_image\" \/>\n<meta name=\"twitter:label1\" content=\"\u01af\u1edbc t\u00ednh th\u1eddi gian \u0111\u1ecdc\" \/>\n\t<meta name=\"twitter:data1\" content=\"1 ph\u00fat\" \/>\n<script type=\"application\/ld+json\" class=\"yoast-schema-graph\">{\"@context\":\"https:\\\/\\\/schema.org\",\"@graph\":[{\"@type\":\"WebPage\",\"@id\":\"https:\\\/\\\/www.chemipaz.com\\\/vi\\\/tech\\\/ecotechnology\\\/\",\"url\":\"https:\\\/\\\/www.chemipaz.com\\\/vi\\\/tech\\\/ecotechnology\\\/\",\"name\":\"Gi\u1edbi thi\u1ec7u c\u00f4ng ngh\u1ec7 sinh th\u00e1i - C\u00d4NG TY SEIKO PMC CORPORATION\",\"isPartOf\":{\"@id\":\"https:\\\/\\\/www.chemipaz.com\\\/vi\\\/#website\"},\"primaryImageOfPage\":{\"@id\":\"https:\\\/\\\/www.chemipaz.com\\\/vi\\\/tech\\\/ecotechnology\\\/#primaryimage\"},\"image\":{\"@id\":\"https:\\\/\\\/www.chemipaz.com\\\/vi\\\/tech\\\/ecotechnology\\\/#primaryimage\"},\"thumbnailUrl\":\"https:\\\/\\\/www.chemipaz.com\\\/wp-content\\\/uploads\\\/2025\\\/01\\\/ecotechnology-mv.png\",\"datePublished\":\"2020-11-11T01:32:15+00:00\",\"dateModified\":\"2025-03-27T14:43:37+00:00\",\"breadcrumb\":{\"@id\":\"https:\\\/\\\/www.chemipaz.com\\\/vi\\\/tech\\\/ecotechnology\\\/#breadcrumb\"},\"inLanguage\":\"vi\",\"potentialAction\":[{\"@type\":\"ReadAction\",\"target\":[\"https:\\\/\\\/www.chemipaz.com\\\/vi\\\/tech\\\/ecotechnology\\\/\"]}]},{\"@type\":\"ImageObject\",\"inLanguage\":\"vi\",\"@id\":\"https:\\\/\\\/www.chemipaz.com\\\/vi\\\/tech\\\/ecotechnology\\\/#primaryimage\",\"url\":\"https:\\\/\\\/www.chemipaz.com\\\/wp-content\\\/uploads\\\/2025\\\/01\\\/ecotechnology-mv.png\",\"contentUrl\":\"https:\\\/\\\/www.chemipaz.com\\\/wp-content\\\/uploads\\\/2025\\\/01\\\/ecotechnology-mv.png\"},{\"@type\":\"BreadcrumbList\",\"@id\":\"https:\\\/\\\/www.chemipaz.com\\\/vi\\\/tech\\\/ecotechnology\\\/#breadcrumb\",\"itemListElement\":[{\"@type\":\"ListItem\",\"position\":1,\"name\":\"Trang ch\u1ee7\",\"item\":\"https:\\\/\\\/www.chemipaz.com\\\/vi\\\/\"},{\"@type\":\"ListItem\",\"position\":2,\"name\":\"Nghi\u00ean c\u1ee9u v\u00e0 ph\u00e1t tri\u1ec3n\",\"item\":\"https:\\\/\\\/www.chemipaz.com\\\/vi\\\/tech\\\/\"},{\"@type\":\"ListItem\",\"position\":3,\"name\":\"Gi\u1edbi thi\u1ec7u c\u00f4ng ngh\u1ec7 sinh th\u00e1i\"}]},{\"@type\":\"WebSite\",\"@id\":\"https:\\\/\\\/www.chemipaz.com\\\/vi\\\/#website\",\"url\":\"https:\\\/\\\/www.chemipaz.com\\\/vi\\\/\",\"name\":\"C\u00d4NG TY SEIKO PMC CORPORATION\",\"description\":\"Ch\u00fang t\u00f4i \u0111\u00e1p \u1ee9ng nhanh ch\u00f3ng nhu c\u1ea7u c\u1ee7a kh\u00e1ch h\u00e0ng b\u1eb1ng h\u1ec7 th\u1ed1ng ba trong m\u1ed9t, cung c\u1ea5p c\u00e1c h\u00f3a ch\u1ea5t s\u1ea3n xu\u1ea5t gi\u1ea5y v\u00e0 c\u00e1c s\u1ea3n ph\u1ea9m nh\u1ef1a c\u00f3 gi\u00e1 tr\u1ecb gia t\u0103ng cao.\",\"potentialAction\":[{\"@type\":\"SearchAction\",\"target\":{\"@type\":\"EntryPoint\",\"urlTemplate\":\"https:\\\/\\\/www.chemipaz.com\\\/vi\\\/?s={search_term_string}\"},\"query-input\":{\"@type\":\"PropertyValueSpecification\",\"valueRequired\":true,\"valueName\":\"search_term_string\"}}],\"inLanguage\":\"vi\"}]}<\/script>\n<!-- \/ Yoast SEO plugin. -->","yoast_head_json":{"title":"Gi\u1edbi thi\u1ec7u c\u00f4ng ngh\u1ec7 sinh th\u00e1i - C\u00d4NG TY SEIKO PMC CORPORATION","robots":{"index":"index","follow":"follow","max-snippet":"max-snippet:-1","max-image-preview":"max-image-preview:large","max-video-preview":"max-video-preview:-1"},"canonical":"https:\/\/www.chemipaz.com\/vi\/tech\/ecotechnology\/","og_locale":"vi_VN","og_type":"article","og_title":"Gi\u1edbi thi\u1ec7u c\u00f4ng ngh\u1ec7 sinh th\u00e1i - C\u00d4NG TY SEIKO PMC CORPORATION","og_description":"Gi\u1edbi thi\u1ec7u c\u00f4ng ngh\u1ec7 sinh th\u00e1i","og_url":"https:\/\/www.chemipaz.com\/vi\/tech\/ecotechnology\/","og_site_name":"C\u00d4NG TY SEIKO PMC CORPORATION","article_modified_time":"2025-03-27T14:43:37+00:00","twitter_card":"summary_large_image","twitter_misc":{"\u01af\u1edbc t\u00ednh th\u1eddi gian \u0111\u1ecdc":"1 ph\u00fat"},"schema":{"@context":"https:\/\/schema.org","@graph":[{"@type":"WebPage","@id":"https:\/\/www.chemipaz.com\/vi\/tech\/ecotechnology\/","url":"https:\/\/www.chemipaz.com\/vi\/tech\/ecotechnology\/","name":"Gi\u1edbi thi\u1ec7u c\u00f4ng ngh\u1ec7 sinh th\u00e1i - C\u00d4NG TY SEIKO PMC CORPORATION","isPartOf":{"@id":"https:\/\/www.chemipaz.com\/vi\/#website"},"primaryImageOfPage":{"@id":"https:\/\/www.chemipaz.com\/vi\/tech\/ecotechnology\/#primaryimage"},"image":{"@id":"https:\/\/www.chemipaz.com\/vi\/tech\/ecotechnology\/#primaryimage"},"thumbnailUrl":"https:\/\/www.chemipaz.com\/wp-content\/uploads\/2025\/01\/ecotechnology-mv.png","datePublished":"2020-11-11T01:32:15+00:00","dateModified":"2025-03-27T14:43:37+00:00","breadcrumb":{"@id":"https:\/\/www.chemipaz.com\/vi\/tech\/ecotechnology\/#breadcrumb"},"inLanguage":"vi","potentialAction":[{"@type":"ReadAction","target":["https:\/\/www.chemipaz.com\/vi\/tech\/ecotechnology\/"]}]},{"@type":"ImageObject","inLanguage":"vi","@id":"https:\/\/www.chemipaz.com\/vi\/tech\/ecotechnology\/#primaryimage","url":"https:\/\/www.chemipaz.com\/wp-content\/uploads\/2025\/01\/ecotechnology-mv.png","contentUrl":"https:\/\/www.chemipaz.com\/wp-content\/uploads\/2025\/01\/ecotechnology-mv.png"},{"@type":"BreadcrumbList","@id":"https:\/\/www.chemipaz.com\/vi\/tech\/ecotechnology\/#breadcrumb","itemListElement":[{"@type":"ListItem","position":1,"name":"Trang ch\u1ee7","item":"https:\/\/www.chemipaz.com\/vi\/"},{"@type":"ListItem","position":2,"name":"Nghi\u00ean c\u1ee9u v\u00e0 ph\u00e1t tri\u1ec3n","item":"https:\/\/www.chemipaz.com\/vi\/tech\/"},{"@type":"ListItem","position":3,"name":"Gi\u1edbi thi\u1ec7u c\u00f4ng ngh\u1ec7 sinh th\u00e1i"}]},{"@type":"WebSite","@id":"https:\/\/www.chemipaz.com\/vi\/#website","url":"https:\/\/www.chemipaz.com\/vi\/","name":"C\u00d4NG TY SEIKO PMC CORPORATION","description":"Ch\u00fang t\u00f4i \u0111\u00e1p \u1ee9ng nhanh ch\u00f3ng nhu c\u1ea7u c\u1ee7a kh\u00e1ch h\u00e0ng b\u1eb1ng h\u1ec7 th\u1ed1ng ba trong m\u1ed9t, cung c\u1ea5p c\u00e1c h\u00f3a ch\u1ea5t s\u1ea3n xu\u1ea5t gi\u1ea5y v\u00e0 c\u00e1c s\u1ea3n ph\u1ea9m nh\u1ef1a c\u00f3 gi\u00e1 tr\u1ecb gia t\u0103ng cao.","potentialAction":[{"@type":"SearchAction","target":{"@type":"EntryPoint","urlTemplate":"https:\/\/www.chemipaz.com\/vi\/?s={search_term_string}"},"query-input":{"@type":"PropertyValueSpecification","valueRequired":true,"valueName":"search_term_string"}}],"inLanguage":"vi"}]}},"_links":{"self":[{"href":"https:\/\/www.chemipaz.com\/vi\/wp-json\/wp\/v2\/pages\/529","targetHints":{"allow":["GET"]}}],"collection":[{"href":"https:\/\/www.chemipaz.com\/vi\/wp-json\/wp\/v2\/pages"}],"about":[{"href":"https:\/\/www.chemipaz.com\/vi\/wp-json\/wp\/v2\/types\/page"}],"author":[{"embeddable":true,"href":"https:\/\/www.chemipaz.com\/vi\/wp-json\/wp\/v2\/users\/6"}],"replies":[{"embeddable":true,"href":"https:\/\/www.chemipaz.com\/vi\/wp-json\/wp\/v2\/comments?post=529"}],"version-history":[{"count":11,"href":"https:\/\/www.chemipaz.com\/vi\/wp-json\/wp\/v2\/pages\/529\/revisions"}],"predecessor-version":[{"id":11143,"href":"https:\/\/www.chemipaz.com\/vi\/wp-json\/wp\/v2\/pages\/529\/revisions\/11143"}],"up":[{"embeddable":true,"href":"https:\/\/www.chemipaz.com\/vi\/wp-json\/wp\/v2\/pages\/534"}],"wp:attachment":[{"href":"https:\/\/www.chemipaz.com\/vi\/wp-json\/wp\/v2\/media?parent=529"}],"curies":[{"name":"wp","href":"https:\/\/api.w.org\/{rel}","templated":true}]}}