{"id":528,"date":"2020-11-11T10:32:15","date_gmt":"2020-11-11T01:32:15","guid":{"rendered":"https:\/\/www.chemipaz.com\/vi\/tech-ecotechnology-paper\/"},"modified":"2025-03-31T14:25:51","modified_gmt":"2025-03-31T05:25:51","slug":"paper","status":"publish","type":"page","link":"https:\/\/www.chemipaz.com\/vi\/tech\/ecotechnology\/paper\/","title":{"rendered":"C\u00f4ng ngh\u1ec7 m\u1edf r\u1ed9ng t\u00ednh n\u0103ng c\u1ee7a gi\u1ea5y"},"content":{"rendered":"\n<div class=\"wp-block-cover under-mv-static\" style=\"min-height:384px;aspect-ratio:unset;\"><span aria-hidden=\"true\" class=\"wp-block-cover__background has-black-background-color has-background-dim-0 has-background-dim\"><\/span><img decoding=\"async\" class=\"wp-block-cover__image-background wp-image-11090\" alt=\"\" src=\"https:\/\/www.chemipaz.com\/wp-content\/uploads\/2025\/01\/tech-paper-mv.png\" data-object-fit=\"cover\"\/><div class=\"wp-block-cover__inner-container is-layout-constrained wp-block-cover-is-layout-constrained\"><div class=\"yoast-breadcrumbs\"><span><span><a href=\"https:\/\/www.chemipaz.com\/vi\/\">Trang ch\u1ee7<\/a><\/span> \u00bb <span><a href=\"https:\/\/www.chemipaz.com\/vi\/tech\/\">Nghi\u00ean c\u1ee9u v\u00e0 ph\u00e1t tri\u1ec3n<\/a><\/span> \u00bb <span><a href=\"https:\/\/www.chemipaz.com\/vi\/tech\/ecotechnology\/\">Gi\u1edbi thi\u1ec7u c\u00f4ng ngh\u1ec7 sinh th\u00e1i<\/a><\/span> \u00bb <span class=\"breadcrumb_last\" aria-current=\"page\">C\u00f4ng ngh\u1ec7 m\u1edf r\u1ed9ng t\u00ednh n\u0103ng c\u1ee7a gi\u1ea5y<\/span><\/span><\/div>\n\n\n<p class=\"has-text-align-center\">RESEARCH &amp; DEVELOPMENT<\/p>\n\n\n<h2 class=\"has-text-align-center wp-block-post-title\">C\u00f4ng ngh\u1ec7 m\u1edf r\u1ed9ng t\u00ednh n\u0103ng c\u1ee7a gi\u1ea5y<\/h2><\/div><\/div>\n\n\n\n<div id=\"tech-paper\" class=\"wp-block-group tech-paper sec-type01 is-layout-constrained wp-block-group-is-layout-constrained\">\n<div class=\"wp-block-group content-type04 is-layout-constrained wp-block-group-is-layout-constrained\">\n<div class=\"wp-block-group inner is-vertical is-layout-flex wp-container-core-group-is-layout-8cf370e7 wp-block-group-is-layout-flex\">\n<figure class=\"wp-block-image size-large is-resized\"><img decoding=\"async\" src=\"https:\/\/www.chemipaz.com\/wp-content\/uploads\/2025\/01\/img-ecotechnology-paper-main-1024x449.jpg\" alt=\"\" class=\"wp-image-11092\" style=\"width:1216px;height:auto\" title=\"content-type04__img\"\/><\/figure>\n\n\n\n<div class=\"wp-block-group title-type06 is-layout-constrained wp-block-group-is-layout-constrained\">\n<p class=\"en01\">COMFORTABLE LIFE, INNOVATIVE FUTURE<\/p>\n\n\n\n<h2 class=\"wp-block-heading ja\">Cu\u1ed9c s\u1ed1ng ti\u1ec7n nghi, t\u01b0\u01a1ng lai t\u01b0\u01a1i m\u1edbi<\/h2>\n<\/div>\n\n\n\n<p class=\"content-type04__text\">\u201cGi\u1ea5y\u201d l\u00e0 m\u1ed9t ph\u1ea7n thi\u1ebft y\u1ebfu trong cu\u1ed9c s\u1ed1ng. Gi\u1ea5y \u0111\u01b0\u1ee3c l\u00e0m t\u1eeb g\u1ed7, m\u1ed9t ngu\u1ed3n t\u00e0i nguy\u00ean phong ph\u00fa v\u00e0 c\u00f3 th\u1ec3 t\u00e1i t\u1ea1o, v\u00e0 \u0111\u01b0\u1ee3c xem nh\u01b0 l\u00e0 m\u1ed9t t\u00e0i nguy\u00ean tu\u1ea7n ho\u00e0n. Vi\u1ec7c thi\u1ebft l\u1eadp v\u00e0 x\u00e2y d\u1ef1ng c\u00e1c h\u1ec7 th\u1ed1ng t\u00e1i ch\u1ebf \u0111\u00e3 m\u1edf r\u1ed9ng ph\u1ea1m vi s\u1eed d\u1ee5ng c\u1ee7a gi\u1ea5y, \u0111i\u1ec1u n\u00e0y v\u00f4 c\u00f9ng quan tr\u1ecdng \u0111\u1ec3 x\u00e2y d\u1ef1ng m\u1ed9t x\u00e3 h\u1ed9i b\u1ec1n v\u1eefng th\u00f4ng qua vi\u1ec7c khai th\u00e1c m\u1edf r\u1ed9ng \u201cti\u1ec1m n\u0103ng c\u1ee7a gi\u1ea5y\u201d.<br>H\u00f3a ch\u1ea5t ng\u00e0nh gi\u1ea5y l\u00e0 c\u00e1c h\u00f3a ch\u1ea5t gi\u00fap t\u0103ng \u0111\u1ed9 b\u1ec1n cho gi\u1ea5y v\u00e0 l\u00e0m cho gi\u1ea5y b\u1ec1n h\u01a1n v\u1edbi n\u01b0\u1edbc, nh\u1edd \u0111\u00f3 m\u00e0 t\u00e1i ch\u1ebf gi\u1ea5y d\u1ec5 h\u01a1n c\u0169ng nh\u01b0 l\u00e0 mang l\u1ea1i th\u00eam nhi\u1ec1u t\u00ednh n\u0103ng kh\u00e1c \u0111\u1ec3 g\u00f3p ph\u1ea7n m\u1edf r\u1ed9ng kh\u1ea3 n\u0103ng c\u1ee7a gi\u1ea5y.<br>Gi\u1ea5y \u0111\u01b0\u1ee3c s\u1eed d\u1ee5ng thay th\u1ebf cho nh\u1ef1a plastic trong v\u1eadt li\u1ec7u bao b\u00ec ng\u00e0y c\u00e0ng nhi\u1ec1u \u0111\u1eb7c bi\u1ec7t trong nh\u1eefng n\u0103m g\u1ea7n \u0111\u00e2y. \u0110i\u1ec1u n\u00e0y \u0111\u00e3 t\u1ea1o \u0111\u1ed9ng l\u1ef1c th\u00fac \u0111\u1ea9y ph\u00e1t tri\u1ec3n c\u00e1c ch\u1ea5t tr\u00e1ng ph\u1ee7 chuy\u00ean d\u1ee5ng cho gi\u1ea5y, t\u1eeb \u0111\u00f3 \u0111ang m\u1edf ra nhi\u1ec1u c\u01a1 h\u1ed9i h\u01a1n trong vi\u1ec7c khai ph\u00e1 kh\u1ea3 n\u0103ng c\u1ee7a gi\u1ea5y.<\/p>\n<\/div>\n<\/div>\n\n\n\n<div class=\"wp-block-group intro is-layout-constrained wp-block-group-is-layout-constrained\">\n<div class=\"wp-block-group inner is-layout-constrained wp-block-group-is-layout-constrained\">\n<div class=\"wp-block-group intro__item is-layout-constrained wp-block-group-is-layout-constrained\">\n<h2 class=\"wp-block-heading title-type03\">C\u00f4ng ngh\u1ec7 n\u00e2ng cao kh\u1ea3 n\u0103ng t\u00e1i ch\u1ebf gi\u1ea5y<\/h2>\n\n\n\n<div class=\"wp-block-group scroll-content is-layout-constrained wp-block-group-is-layout-constrained\">\n<figure class=\"wp-block-image size-large is-resized\"><img loading=\"lazy\" decoding=\"async\" width=\"1024\" height=\"566\" src=\"https:\/\/www.chemipaz.com\/vi\/wp-content\/uploads\/sites\/4\/2025\/03\/Group-2660-1024x566.png\" alt=\"\" class=\"wp-image-10940\" style=\"width:1216px;height:auto\" srcset=\"https:\/\/www.chemipaz.com\/vi\/wp-content\/uploads\/sites\/4\/2025\/03\/Group-2660-1024x566.png 1024w, https:\/\/www.chemipaz.com\/vi\/wp-content\/uploads\/sites\/4\/2025\/03\/Group-2660-512x283.png 512w, https:\/\/www.chemipaz.com\/vi\/wp-content\/uploads\/sites\/4\/2025\/03\/Group-2660-768x424.png 768w, https:\/\/www.chemipaz.com\/vi\/wp-content\/uploads\/sites\/4\/2025\/03\/Group-2660-1536x849.png 1536w, https:\/\/www.chemipaz.com\/vi\/wp-content\/uploads\/sites\/4\/2025\/03\/Group-2660-2048x1132.png 2048w\" sizes=\"auto, (max-width: 1024px) 100vw, 1024px\" \/><\/figure>\n<\/div>\n<\/div>\n\n\n\n<div class=\"wp-block-group intro__item is-layout-constrained wp-block-group-is-layout-constrained\">\n<h2 class=\"wp-block-heading title-type03\">C\u00f4ng ngh\u1ec7 m\u1edf r\u1ed9ng ph\u1ea1m vi \u1ee9ng d\u1ee5ng c\u1ee7a gi\u1ea5y<\/h2>\n\n\n\n<div class=\"wp-block-group scroll-content is-layout-constrained wp-block-group-is-layout-constrained\">\n<figure class=\"wp-block-image size-large is-resized\"><img loading=\"lazy\" decoding=\"async\" width=\"1015\" height=\"1024\" src=\"https:\/\/www.chemipaz.com\/vi\/wp-content\/uploads\/sites\/4\/2025\/03\/Group-2662-1015x1024.png\" alt=\"\" class=\"wp-image-10941\" style=\"width:1216px;height:auto\" srcset=\"https:\/\/www.chemipaz.com\/vi\/wp-content\/uploads\/sites\/4\/2025\/03\/Group-2662-1015x1024.png 1015w, https:\/\/www.chemipaz.com\/vi\/wp-content\/uploads\/sites\/4\/2025\/03\/Group-2662-508x512.png 508w, https:\/\/www.chemipaz.com\/vi\/wp-content\/uploads\/sites\/4\/2025\/03\/Group-2662-150x150.png 150w, https:\/\/www.chemipaz.com\/vi\/wp-content\/uploads\/sites\/4\/2025\/03\/Group-2662-768x775.png 768w, https:\/\/www.chemipaz.com\/vi\/wp-content\/uploads\/sites\/4\/2025\/03\/Group-2662-1523x1536.png 1523w, https:\/\/www.chemipaz.com\/vi\/wp-content\/uploads\/sites\/4\/2025\/03\/Group-2662-2030x2048.png 2030w\" sizes=\"auto, (max-width: 1015px) 100vw, 1015px\" \/><\/figure>\n<\/div>\n<\/div>\n\n\n\n<p class=\"link-type02\"><a href=\"https:\/\/www.chemipaz.com\/vi\/tech\/ecotechnology\/environmental-loading-reduction\/\">C\u00f4ng ngh\u1ec7 g\u00f3p ph\u1ea7n gi\u1ea3m thi\u1ec3u t\u00e1c \u0111\u1ed9ng \u0111\u1ebfn m\u00f4i tr\u01b0\u1eddng<\/a><\/p>\n<\/div>\n<\/div>\n<\/div>\n\n\n\n            <div class=\"under-bottom-nav\">\n                <div class=\"inner\">\n                    <p class=\"under-bottom-nav__link01\"><a href=\"https:\/\/www.chemipaz.com\/vi\/tech\/\">Nghi\u00ean c\u1ee9u v\u00e0 ph\u00e1t tri\u1ec3n<\/a><\/p>\n                    <div class=\"under-bottom-nav__link02\">\n                        <a class=\"item\" href=\"https:\/\/www.chemipaz.com\/vi\/tech\/system\/\">Ph\u01b0\u01a1ng ch\u00e2m nghi\u00ean c\u1ee9u v\u00e0 ph\u00e1t tri\u1ec3n<\/a><a class=\"item\" href=\"https:\/\/www.chemipaz.com\/vi\/tech\/ecotechnology\/\">Gi\u1edbi thi\u1ec7u c\u00f4ng ngh\u1ec7 sinh th\u00e1i<\/a>\n                    <\/div>\n                <\/div>\n            <\/div>\n        \n","protected":false},"excerpt":{"rendered":"<p>COMFORTABLE LIFE, INNOVATIVE FUTURE Cu\u1ed9c s\u1ed1ng ti\u1ec7n nghi, t\u01b0\u01a1ng lai t\u01b0\u01a1i m\u1edbi \u201cGi\u1ea5y\u201d l\u00e0 m\u1ed9t ph\u1ea7n thi\u1ebft y\u1ebfu trong cu\u1ed9c s\u1ed1ng. Gi\u1ea5y \u0111\u01b0\u1ee3c l\u00e0m t\u1eeb g\u1ed7, m\u1ed9t ngu\u1ed3n t\u00e0i nguy\u00ean phong ph\u00fa v\u00e0 c\u00f3 th\u1ec3 t\u00e1i t\u1ea1o, v\u00e0 \u0111\u01b0\u1ee3c xem nh\u01b0 l\u00e0 m\u1ed9t t\u00e0i nguy\u00ean tu\u1ea7n ho\u00e0n. Vi\u1ec7c thi\u1ebft l\u1eadp v\u00e0 x\u00e2y d\u1ef1ng c\u00e1c h\u1ec7 th\u1ed1ng t\u00e1i ch\u1ebf \u0111\u00e3 m\u1edf r\u1ed9ng ph\u1ea1m vi s\u1eed d\u1ee5ng c\u1ee7a gi\u1ea5y, \u0111i\u1ec1u n\u00e0y v\u00f4 c\u00f9ng quan tr\u1ecdng \u0111\u1ec3 x\u00e2y d\u1ef1ng m\u1ed9t x\u00e3 h\u1ed9i b\u1ec1n v\u1eefng th\u00f4ng qua vi\u1ec7c khai th\u00e1c m\u1edf r\u1ed9ng \u201cti\u1ec1m n\u0103ng c\u1ee7a gi\u1ea5y\u201d.H\u00f3a ch\u1ea5t ng\u00e0nh gi\u1ea5y l\u00e0 c\u00e1c h\u00f3a ch\u1ea5t gi\u00fap t\u0103ng \u0111\u1ed9 b\u1ec1n cho gi\u1ea5y v\u00e0 l\u00e0m cho gi\u1ea5y b\u1ec1n [&hellip;]<\/p>\n","protected":false},"author":6,"featured_media":0,"parent":529,"menu_order":17,"comment_status":"closed","ping_status":"closed","template":"","meta":{"_acf_changed":false,"footnotes":""},"class_list":["post-528","page","type-page","status-publish","hentry"],"acf":[],"yoast_head":"<!-- This site is optimized with the Yoast SEO plugin v27.4 - https:\/\/yoast.com\/product\/yoast-seo-wordpress\/ -->\n<title>C\u00f4ng ngh\u1ec7 m\u1edf r\u1ed9ng t\u00ednh n\u0103ng c\u1ee7a gi\u1ea5y - C\u00d4NG TY SEIKO PMC CORPORATION<\/title>\n<meta name=\"robots\" content=\"index, follow, max-snippet:-1, max-image-preview:large, max-video-preview:-1\" \/>\n<link rel=\"canonical\" href=\"https:\/\/www.chemipaz.com\/vi\/tech\/ecotechnology\/paper\/\" \/>\n<meta property=\"og:locale\" content=\"vi_VN\" \/>\n<meta property=\"og:type\" content=\"article\" \/>\n<meta property=\"og:title\" content=\"C\u00f4ng ngh\u1ec7 m\u1edf r\u1ed9ng t\u00ednh n\u0103ng c\u1ee7a gi\u1ea5y - C\u00d4NG TY SEIKO PMC CORPORATION\" \/>\n<meta property=\"og:description\" content=\"COMFORTABLE LIFE, INNOVATIVE FUTURE Cu\u1ed9c s\u1ed1ng ti\u1ec7n nghi, t\u01b0\u01a1ng lai t\u01b0\u01a1i m\u1edbi \u201cGi\u1ea5y\u201d l\u00e0 m\u1ed9t ph\u1ea7n thi\u1ebft y\u1ebfu trong cu\u1ed9c s\u1ed1ng. Gi\u1ea5y \u0111\u01b0\u1ee3c l\u00e0m t\u1eeb g\u1ed7, m\u1ed9t ngu\u1ed3n t\u00e0i nguy\u00ean phong ph\u00fa v\u00e0 c\u00f3 th\u1ec3 t\u00e1i t\u1ea1o, v\u00e0 \u0111\u01b0\u1ee3c xem nh\u01b0 l\u00e0 m\u1ed9t t\u00e0i nguy\u00ean tu\u1ea7n ho\u00e0n. Vi\u1ec7c thi\u1ebft l\u1eadp v\u00e0 x\u00e2y d\u1ef1ng c\u00e1c h\u1ec7 th\u1ed1ng t\u00e1i ch\u1ebf \u0111\u00e3 m\u1edf r\u1ed9ng ph\u1ea1m vi s\u1eed d\u1ee5ng c\u1ee7a gi\u1ea5y, \u0111i\u1ec1u n\u00e0y v\u00f4 c\u00f9ng quan tr\u1ecdng \u0111\u1ec3 x\u00e2y d\u1ef1ng m\u1ed9t x\u00e3 h\u1ed9i b\u1ec1n v\u1eefng th\u00f4ng qua vi\u1ec7c khai th\u00e1c m\u1edf r\u1ed9ng \u201cti\u1ec1m n\u0103ng c\u1ee7a gi\u1ea5y\u201d.H\u00f3a ch\u1ea5t ng\u00e0nh gi\u1ea5y l\u00e0 c\u00e1c h\u00f3a ch\u1ea5t gi\u00fap t\u0103ng \u0111\u1ed9 b\u1ec1n cho gi\u1ea5y v\u00e0 l\u00e0m cho gi\u1ea5y b\u1ec1n [&hellip;]\" \/>\n<meta property=\"og:url\" content=\"https:\/\/www.chemipaz.com\/vi\/tech\/ecotechnology\/paper\/\" \/>\n<meta property=\"og:site_name\" content=\"C\u00d4NG TY SEIKO PMC CORPORATION\" \/>\n<meta property=\"article:modified_time\" content=\"2025-03-31T05:25:51+00:00\" \/>\n<meta name=\"twitter:card\" content=\"summary_large_image\" \/>\n<meta name=\"twitter:label1\" content=\"\u01af\u1edbc t\u00ednh th\u1eddi gian \u0111\u1ecdc\" \/>\n\t<meta name=\"twitter:data1\" content=\"3 ph\u00fat\" \/>\n<script type=\"application\/ld+json\" class=\"yoast-schema-graph\">{\"@context\":\"https:\\\/\\\/schema.org\",\"@graph\":[{\"@type\":\"WebPage\",\"@id\":\"https:\\\/\\\/www.chemipaz.com\\\/vi\\\/tech\\\/ecotechnology\\\/paper\\\/\",\"url\":\"https:\\\/\\\/www.chemipaz.com\\\/vi\\\/tech\\\/ecotechnology\\\/paper\\\/\",\"name\":\"C\u00f4ng ngh\u1ec7 m\u1edf r\u1ed9ng t\u00ednh n\u0103ng c\u1ee7a gi\u1ea5y - C\u00d4NG TY SEIKO PMC CORPORATION\",\"isPartOf\":{\"@id\":\"https:\\\/\\\/www.chemipaz.com\\\/vi\\\/#website\"},\"primaryImageOfPage\":{\"@id\":\"https:\\\/\\\/www.chemipaz.com\\\/vi\\\/tech\\\/ecotechnology\\\/paper\\\/#primaryimage\"},\"image\":{\"@id\":\"https:\\\/\\\/www.chemipaz.com\\\/vi\\\/tech\\\/ecotechnology\\\/paper\\\/#primaryimage\"},\"thumbnailUrl\":\"https:\\\/\\\/www.chemipaz.com\\\/wp-content\\\/uploads\\\/2025\\\/01\\\/tech-paper-mv.png\",\"datePublished\":\"2020-11-11T01:32:15+00:00\",\"dateModified\":\"2025-03-31T05:25:51+00:00\",\"breadcrumb\":{\"@id\":\"https:\\\/\\\/www.chemipaz.com\\\/vi\\\/tech\\\/ecotechnology\\\/paper\\\/#breadcrumb\"},\"inLanguage\":\"vi\",\"potentialAction\":[{\"@type\":\"ReadAction\",\"target\":[\"https:\\\/\\\/www.chemipaz.com\\\/vi\\\/tech\\\/ecotechnology\\\/paper\\\/\"]}]},{\"@type\":\"ImageObject\",\"inLanguage\":\"vi\",\"@id\":\"https:\\\/\\\/www.chemipaz.com\\\/vi\\\/tech\\\/ecotechnology\\\/paper\\\/#primaryimage\",\"url\":\"https:\\\/\\\/www.chemipaz.com\\\/wp-content\\\/uploads\\\/2025\\\/01\\\/tech-paper-mv.png\",\"contentUrl\":\"https:\\\/\\\/www.chemipaz.com\\\/wp-content\\\/uploads\\\/2025\\\/01\\\/tech-paper-mv.png\"},{\"@type\":\"BreadcrumbList\",\"@id\":\"https:\\\/\\\/www.chemipaz.com\\\/vi\\\/tech\\\/ecotechnology\\\/paper\\\/#breadcrumb\",\"itemListElement\":[{\"@type\":\"ListItem\",\"position\":1,\"name\":\"Trang ch\u1ee7\",\"item\":\"https:\\\/\\\/www.chemipaz.com\\\/vi\\\/\"},{\"@type\":\"ListItem\",\"position\":2,\"name\":\"Nghi\u00ean c\u1ee9u v\u00e0 ph\u00e1t tri\u1ec3n\",\"item\":\"https:\\\/\\\/www.chemipaz.com\\\/vi\\\/tech\\\/\"},{\"@type\":\"ListItem\",\"position\":3,\"name\":\"Gi\u1edbi thi\u1ec7u c\u00f4ng ngh\u1ec7 sinh th\u00e1i\",\"item\":\"https:\\\/\\\/www.chemipaz.com\\\/vi\\\/tech\\\/ecotechnology\\\/\"},{\"@type\":\"ListItem\",\"position\":4,\"name\":\"C\u00f4ng ngh\u1ec7 m\u1edf r\u1ed9ng t\u00ednh n\u0103ng c\u1ee7a gi\u1ea5y\"}]},{\"@type\":\"WebSite\",\"@id\":\"https:\\\/\\\/www.chemipaz.com\\\/vi\\\/#website\",\"url\":\"https:\\\/\\\/www.chemipaz.com\\\/vi\\\/\",\"name\":\"C\u00d4NG TY SEIKO PMC CORPORATION\",\"description\":\"Ch\u00fang t\u00f4i \u0111\u00e1p \u1ee9ng nhanh ch\u00f3ng nhu c\u1ea7u c\u1ee7a kh\u00e1ch h\u00e0ng b\u1eb1ng h\u1ec7 th\u1ed1ng ba trong m\u1ed9t, cung c\u1ea5p c\u00e1c h\u00f3a ch\u1ea5t s\u1ea3n xu\u1ea5t gi\u1ea5y v\u00e0 c\u00e1c s\u1ea3n ph\u1ea9m nh\u1ef1a c\u00f3 gi\u00e1 tr\u1ecb gia t\u0103ng cao.\",\"potentialAction\":[{\"@type\":\"SearchAction\",\"target\":{\"@type\":\"EntryPoint\",\"urlTemplate\":\"https:\\\/\\\/www.chemipaz.com\\\/vi\\\/?s={search_term_string}\"},\"query-input\":{\"@type\":\"PropertyValueSpecification\",\"valueRequired\":true,\"valueName\":\"search_term_string\"}}],\"inLanguage\":\"vi\"}]}<\/script>\n<!-- \/ Yoast SEO plugin. -->","yoast_head_json":{"title":"C\u00f4ng ngh\u1ec7 m\u1edf r\u1ed9ng t\u00ednh n\u0103ng c\u1ee7a gi\u1ea5y - C\u00d4NG TY SEIKO PMC CORPORATION","robots":{"index":"index","follow":"follow","max-snippet":"max-snippet:-1","max-image-preview":"max-image-preview:large","max-video-preview":"max-video-preview:-1"},"canonical":"https:\/\/www.chemipaz.com\/vi\/tech\/ecotechnology\/paper\/","og_locale":"vi_VN","og_type":"article","og_title":"C\u00f4ng ngh\u1ec7 m\u1edf r\u1ed9ng t\u00ednh n\u0103ng c\u1ee7a gi\u1ea5y - C\u00d4NG TY SEIKO PMC CORPORATION","og_description":"COMFORTABLE LIFE, INNOVATIVE FUTURE Cu\u1ed9c s\u1ed1ng ti\u1ec7n nghi, t\u01b0\u01a1ng lai t\u01b0\u01a1i m\u1edbi \u201cGi\u1ea5y\u201d l\u00e0 m\u1ed9t ph\u1ea7n thi\u1ebft y\u1ebfu trong cu\u1ed9c s\u1ed1ng. Gi\u1ea5y \u0111\u01b0\u1ee3c l\u00e0m t\u1eeb g\u1ed7, m\u1ed9t ngu\u1ed3n t\u00e0i nguy\u00ean phong ph\u00fa v\u00e0 c\u00f3 th\u1ec3 t\u00e1i t\u1ea1o, v\u00e0 \u0111\u01b0\u1ee3c xem nh\u01b0 l\u00e0 m\u1ed9t t\u00e0i nguy\u00ean tu\u1ea7n ho\u00e0n. Vi\u1ec7c thi\u1ebft l\u1eadp v\u00e0 x\u00e2y d\u1ef1ng c\u00e1c h\u1ec7 th\u1ed1ng t\u00e1i ch\u1ebf \u0111\u00e3 m\u1edf r\u1ed9ng ph\u1ea1m vi s\u1eed d\u1ee5ng c\u1ee7a gi\u1ea5y, \u0111i\u1ec1u n\u00e0y v\u00f4 c\u00f9ng quan tr\u1ecdng \u0111\u1ec3 x\u00e2y d\u1ef1ng m\u1ed9t x\u00e3 h\u1ed9i b\u1ec1n v\u1eefng th\u00f4ng qua vi\u1ec7c khai th\u00e1c m\u1edf r\u1ed9ng \u201cti\u1ec1m n\u0103ng c\u1ee7a gi\u1ea5y\u201d.H\u00f3a ch\u1ea5t ng\u00e0nh gi\u1ea5y l\u00e0 c\u00e1c h\u00f3a ch\u1ea5t gi\u00fap t\u0103ng \u0111\u1ed9 b\u1ec1n cho gi\u1ea5y v\u00e0 l\u00e0m cho gi\u1ea5y b\u1ec1n [&hellip;]","og_url":"https:\/\/www.chemipaz.com\/vi\/tech\/ecotechnology\/paper\/","og_site_name":"C\u00d4NG TY SEIKO PMC CORPORATION","article_modified_time":"2025-03-31T05:25:51+00:00","twitter_card":"summary_large_image","twitter_misc":{"\u01af\u1edbc t\u00ednh th\u1eddi gian \u0111\u1ecdc":"3 ph\u00fat"},"schema":{"@context":"https:\/\/schema.org","@graph":[{"@type":"WebPage","@id":"https:\/\/www.chemipaz.com\/vi\/tech\/ecotechnology\/paper\/","url":"https:\/\/www.chemipaz.com\/vi\/tech\/ecotechnology\/paper\/","name":"C\u00f4ng ngh\u1ec7 m\u1edf r\u1ed9ng t\u00ednh n\u0103ng c\u1ee7a gi\u1ea5y - C\u00d4NG TY SEIKO PMC CORPORATION","isPartOf":{"@id":"https:\/\/www.chemipaz.com\/vi\/#website"},"primaryImageOfPage":{"@id":"https:\/\/www.chemipaz.com\/vi\/tech\/ecotechnology\/paper\/#primaryimage"},"image":{"@id":"https:\/\/www.chemipaz.com\/vi\/tech\/ecotechnology\/paper\/#primaryimage"},"thumbnailUrl":"https:\/\/www.chemipaz.com\/wp-content\/uploads\/2025\/01\/tech-paper-mv.png","datePublished":"2020-11-11T01:32:15+00:00","dateModified":"2025-03-31T05:25:51+00:00","breadcrumb":{"@id":"https:\/\/www.chemipaz.com\/vi\/tech\/ecotechnology\/paper\/#breadcrumb"},"inLanguage":"vi","potentialAction":[{"@type":"ReadAction","target":["https:\/\/www.chemipaz.com\/vi\/tech\/ecotechnology\/paper\/"]}]},{"@type":"ImageObject","inLanguage":"vi","@id":"https:\/\/www.chemipaz.com\/vi\/tech\/ecotechnology\/paper\/#primaryimage","url":"https:\/\/www.chemipaz.com\/wp-content\/uploads\/2025\/01\/tech-paper-mv.png","contentUrl":"https:\/\/www.chemipaz.com\/wp-content\/uploads\/2025\/01\/tech-paper-mv.png"},{"@type":"BreadcrumbList","@id":"https:\/\/www.chemipaz.com\/vi\/tech\/ecotechnology\/paper\/#breadcrumb","itemListElement":[{"@type":"ListItem","position":1,"name":"Trang ch\u1ee7","item":"https:\/\/www.chemipaz.com\/vi\/"},{"@type":"ListItem","position":2,"name":"Nghi\u00ean c\u1ee9u v\u00e0 ph\u00e1t tri\u1ec3n","item":"https:\/\/www.chemipaz.com\/vi\/tech\/"},{"@type":"ListItem","position":3,"name":"Gi\u1edbi thi\u1ec7u c\u00f4ng ngh\u1ec7 sinh th\u00e1i","item":"https:\/\/www.chemipaz.com\/vi\/tech\/ecotechnology\/"},{"@type":"ListItem","position":4,"name":"C\u00f4ng ngh\u1ec7 m\u1edf r\u1ed9ng t\u00ednh n\u0103ng c\u1ee7a gi\u1ea5y"}]},{"@type":"WebSite","@id":"https:\/\/www.chemipaz.com\/vi\/#website","url":"https:\/\/www.chemipaz.com\/vi\/","name":"C\u00d4NG TY SEIKO PMC CORPORATION","description":"Ch\u00fang t\u00f4i \u0111\u00e1p \u1ee9ng nhanh ch\u00f3ng nhu c\u1ea7u c\u1ee7a kh\u00e1ch h\u00e0ng b\u1eb1ng h\u1ec7 th\u1ed1ng ba trong m\u1ed9t, cung c\u1ea5p c\u00e1c h\u00f3a ch\u1ea5t s\u1ea3n xu\u1ea5t gi\u1ea5y v\u00e0 c\u00e1c s\u1ea3n ph\u1ea9m nh\u1ef1a c\u00f3 gi\u00e1 tr\u1ecb gia t\u0103ng cao.","potentialAction":[{"@type":"SearchAction","target":{"@type":"EntryPoint","urlTemplate":"https:\/\/www.chemipaz.com\/vi\/?s={search_term_string}"},"query-input":{"@type":"PropertyValueSpecification","valueRequired":true,"valueName":"search_term_string"}}],"inLanguage":"vi"}]}},"_links":{"self":[{"href":"https:\/\/www.chemipaz.com\/vi\/wp-json\/wp\/v2\/pages\/528","targetHints":{"allow":["GET"]}}],"collection":[{"href":"https:\/\/www.chemipaz.com\/vi\/wp-json\/wp\/v2\/pages"}],"about":[{"href":"https:\/\/www.chemipaz.com\/vi\/wp-json\/wp\/v2\/types\/page"}],"author":[{"embeddable":true,"href":"https:\/\/www.chemipaz.com\/vi\/wp-json\/wp\/v2\/users\/6"}],"replies":[{"embeddable":true,"href":"https:\/\/www.chemipaz.com\/vi\/wp-json\/wp\/v2\/comments?post=528"}],"version-history":[{"count":23,"href":"https:\/\/www.chemipaz.com\/vi\/wp-json\/wp\/v2\/pages\/528\/revisions"}],"predecessor-version":[{"id":11603,"href":"https:\/\/www.chemipaz.com\/vi\/wp-json\/wp\/v2\/pages\/528\/revisions\/11603"}],"up":[{"embeddable":true,"href":"https:\/\/www.chemipaz.com\/vi\/wp-json\/wp\/v2\/pages\/529"}],"wp:attachment":[{"href":"https:\/\/www.chemipaz.com\/vi\/wp-json\/wp\/v2\/media?parent=528"}],"curies":[{"name":"wp","href":"https:\/\/api.w.org\/{rel}","templated":true}]}}