{"id":527,"date":"2020-11-11T10:32:15","date_gmt":"2020-11-11T01:32:15","guid":{"rendered":"https:\/\/www.chemipaz.com\/vi\/tech-ecotechnology-environmental-loading-reduction\/"},"modified":"2025-03-31T14:26:25","modified_gmt":"2025-03-31T05:26:25","slug":"environmental-loading-reduction","status":"publish","type":"page","link":"https:\/\/www.chemipaz.com\/vi\/tech\/ecotechnology\/environmental-loading-reduction\/","title":{"rendered":"C\u00f4ng ngh\u1ec7 g\u00f3p ph\u1ea7n gi\u1ea3m thi\u1ec3u t\u00e1c \u0111\u1ed9ng \u0111\u1ebfn m\u00f4i tr\u01b0\u1eddng"},"content":{"rendered":"\n<div class=\"wp-block-cover under-mv-static\" style=\"min-height:384px;aspect-ratio:unset;\"><span aria-hidden=\"true\" class=\"wp-block-cover__background has-black-background-color has-background-dim-0 has-background-dim\"><\/span><img decoding=\"async\" class=\"wp-block-cover__image-background wp-image-11117\" alt=\"\" src=\"https:\/\/www.chemipaz.com\/wp-content\/uploads\/2025\/01\/tech-env-mv.png\" data-object-fit=\"cover\"\/><div class=\"wp-block-cover__inner-container is-layout-constrained wp-block-cover-is-layout-constrained\"><div class=\"yoast-breadcrumbs\"><span><span><a href=\"https:\/\/www.chemipaz.com\/vi\/\">Trang ch\u1ee7<\/a><\/span> \u00bb <span><a href=\"https:\/\/www.chemipaz.com\/vi\/tech\/\">Nghi\u00ean c\u1ee9u v\u00e0 ph\u00e1t tri\u1ec3n<\/a><\/span> \u00bb <span><a href=\"https:\/\/www.chemipaz.com\/vi\/tech\/ecotechnology\/\">Gi\u1edbi thi\u1ec7u c\u00f4ng ngh\u1ec7 sinh th\u00e1i<\/a><\/span> \u00bb <span class=\"breadcrumb_last\" aria-current=\"page\">C\u00f4ng ngh\u1ec7 g\u00f3p ph\u1ea7n gi\u1ea3m thi\u1ec3u t\u00e1c \u0111\u1ed9ng \u0111\u1ebfn m\u00f4i tr\u01b0\u1eddng<\/span><\/span><\/div>\n\n\n<p class=\"has-text-align-center\">RESEARCH &amp; DEVELOPMENT<\/p>\n\n\n<h2 class=\"has-text-align-center wp-block-post-title\">C\u00f4ng ngh\u1ec7 g\u00f3p ph\u1ea7n gi\u1ea3m thi\u1ec3u t\u00e1c \u0111\u1ed9ng \u0111\u1ebfn m\u00f4i tr\u01b0\u1eddng<\/h2><\/div><\/div>\n\n\n\n<div id=\"tech-env\" class=\"wp-block-group tech-env sec-type01 is-layout-constrained wp-block-group-is-layout-constrained\">\n<div class=\"wp-block-group content-type04 is-layout-constrained wp-block-group-is-layout-constrained\">\n<div class=\"wp-block-group inner is-vertical is-layout-flex wp-container-core-group-is-layout-8cf370e7 wp-block-group-is-layout-flex\">\n<figure class=\"wp-block-image size-large is-resized\"><img decoding=\"async\" src=\"https:\/\/www.chemipaz.com\/wp-content\/uploads\/2025\/01\/img-environmental-loading-reduction-main-1024x449.jpg\" alt=\"\" class=\"wp-image-11114\" style=\"width:1216px;height:auto\" title=\"content-type04__img\"\/><\/figure>\n\n\n\n<div class=\"wp-block-group title-type06 is-layout-constrained wp-block-group-is-layout-constrained\">\n<p class=\"en01\">COMFORTABLE LIFE, INNOVATIVE FUTURE<\/p>\n\n\n\n<h2 class=\"wp-block-heading ja\">Cu\u1ed9c s\u1ed1ng ti\u1ec7n nghi, t\u01b0\u01a1ng lai t\u01b0\u01a1i m\u1edbi<\/h2>\n<\/div>\n\n\n\n<p class=\"content-type04__text\">Trong nhi\u1ec1u l\u0129nh v\u1ef1c c\u00f4ng nghi\u1ec7p kh\u00e1c nhau, vi\u1ec7c gi\u1ea3m l\u01b0\u1ee3ng dung m\u00f4i s\u1eed d\u1ee5ng (kh\u1eed VOC) v\u1edbi m\u1ee5c ti\u00eau t\u1ea1o ra s\u1ea3n ph\u1ea9m th\u00e2n thi\u1ec7n v\u1edbi m\u00f4i tr\u01b0\u1eddng \u0111ang \u0111\u01b0\u1ee3c th\u00fac \u0111\u1ea9y.<br>T\u1eadp \u0111o\u00e0n CHEMIPAZ \u0111ang n\u1ed7 l\u1ef1c ph\u00e1t tri\u1ec3n v\u00e0 cung c\u1ea5p c\u00e1c s\u1ea3n ph\u1ea9m g\u00f3p ph\u1ea7n kh\u1eed VOC trong c\u00e1c v\u1eadt li\u1ec7u g\u1ed1c dung m\u00f4i t\u1eeb tr\u01b0\u1edbc \u0111\u1ebfn nay b\u1eb1ng c\u00e1ch s\u1eed d\u1ee5ng c\u00f4ng ngh\u1ec7 nh\u1ef1a g\u1ed1c n\u01b0\u1edbc, \u0111\u1eb7c bi\u1ec7t l\u00e0 c\u00f4ng ngh\u1ec7 nh\u0169 t\u01b0\u01a1ng l\u00f5i-v\u1ecf (core-shell) v\u00e0 c\u00f4ng ngh\u1ec7 h\u00f3a r\u1eafn v\u1eadt li\u1ec7u b\u1eb1ng tia c\u1ef1c t\u00edm (h\u00f3a r\u1eafn b\u1eb1ng UV).<\/p>\n<\/div>\n<\/div>\n\n\n\n<div class=\"wp-block-group intro is-layout-constrained wp-block-group-is-layout-constrained\">\n<div class=\"wp-block-group inner is-layout-constrained wp-block-group-is-layout-constrained\">\n<div class=\"wp-block-group intro__item is-layout-constrained wp-block-group-is-layout-constrained\">\n<h2 class=\"wp-block-heading title-type03\">Nh\u0169 t\u01b0\u01a1ng g\u00f3p ph\u1ea7n t\u1ea1o n\u00ean m\u1ef1c in v\u00e0 ch\u1ea5t tr\u00e1ng ph\u1ee7 g\u1ed1c n\u01b0\u1edbc<\/h2>\n\n\n\n<div class=\"wp-block-group title is-layout-constrained wp-block-group-is-layout-constrained\">\n<p class=\"text01\">CHEMIPAZ CORPORATION<\/p>\n\n\n\n<p class=\"text02\">Nh\u0169 t\u01b0\u01a1ng g\u1ed1c n\u01b0\u1edbc<\/p>\n<\/div>\n\n\n\n<div class=\"wp-block-group scroll-content is-layout-constrained wp-block-group-is-layout-constrained\">\n<figure class=\"wp-block-image size-large is-resized\"><img loading=\"lazy\" decoding=\"async\" width=\"1024\" height=\"567\" src=\"https:\/\/www.chemipaz.com\/vi\/wp-content\/uploads\/sites\/4\/2025\/03\/Group-2661-1024x567.png\" alt=\"\" class=\"wp-image-10943\" style=\"width:1216px;height:auto\" srcset=\"https:\/\/www.chemipaz.com\/vi\/wp-content\/uploads\/sites\/4\/2025\/03\/Group-2661-1024x567.png 1024w, https:\/\/www.chemipaz.com\/vi\/wp-content\/uploads\/sites\/4\/2025\/03\/Group-2661-512x283.png 512w, https:\/\/www.chemipaz.com\/vi\/wp-content\/uploads\/sites\/4\/2025\/03\/Group-2661-768x425.png 768w, https:\/\/www.chemipaz.com\/vi\/wp-content\/uploads\/sites\/4\/2025\/03\/Group-2661-1536x850.png 1536w, https:\/\/www.chemipaz.com\/vi\/wp-content\/uploads\/sites\/4\/2025\/03\/Group-2661-2048x1134.png 2048w\" sizes=\"auto, (max-width: 1024px) 100vw, 1024px\" \/><\/figure>\n<\/div>\n<\/div>\n\n\n\n<div class=\"wp-block-group intro__item is-layout-constrained wp-block-group-is-layout-constrained\">\n<h2 class=\"wp-block-heading title-type03\">Monome ch\u1ee9c n\u0103ng v\u00e0 ch\u1ea5t k\u1ebft d\u00ednh \u0111\u00f3ng r\u1eafn b\u1eb1ng UV<\/h2>\n\n\n\n<div class=\"wp-block-group title is-layout-constrained wp-block-group-is-layout-constrained\">\n<p class=\"text01\">KJ CHEMICALS CORPORATION<\/p>\n\n\n\n<p class=\"text02\">C\u00e1c lo\u1ea1i monomer ch\u1ee9c n\u0103ng<\/p>\n<\/div>\n\n\n\n<div class=\"wp-block-group scroll-content is-layout-constrained wp-block-group-is-layout-constrained\">\n<figure class=\"wp-block-image size-large is-resized\"><img loading=\"lazy\" decoding=\"async\" width=\"1024\" height=\"314\" src=\"https:\/\/www.chemipaz.com\/vi\/wp-content\/uploads\/sites\/4\/2025\/03\/Group-2664-1024x314.png\" alt=\"\" class=\"wp-image-10944\" style=\"width:1216px;height:auto\" srcset=\"https:\/\/www.chemipaz.com\/vi\/wp-content\/uploads\/sites\/4\/2025\/03\/Group-2664-1024x314.png 1024w, https:\/\/www.chemipaz.com\/vi\/wp-content\/uploads\/sites\/4\/2025\/03\/Group-2664-512x157.png 512w, https:\/\/www.chemipaz.com\/vi\/wp-content\/uploads\/sites\/4\/2025\/03\/Group-2664-768x236.png 768w, https:\/\/www.chemipaz.com\/vi\/wp-content\/uploads\/sites\/4\/2025\/03\/Group-2664-1536x472.png 1536w, https:\/\/www.chemipaz.com\/vi\/wp-content\/uploads\/sites\/4\/2025\/03\/Group-2664-2048x629.png 2048w\" sizes=\"auto, (max-width: 1024px) 100vw, 1024px\" \/><\/figure>\n<\/div>\n\n\n\n<div class=\"wp-block-group title is-layout-constrained wp-block-group-is-layout-constrained\">\n<p class=\"text01\">Total Acrylic Polymer Industry Corporation<\/p>\n\n\n\n<p class=\"text02\">Ch\u1ea5t k\u1ebft d\u00ednh h\u00f3a r\u1eafn b\u1eb1ng UV<\/p>\n<\/div>\n\n\n\n<div class=\"wp-block-group scroll-content is-layout-constrained wp-block-group-is-layout-constrained\">\n<figure class=\"wp-block-image size-large is-resized\"><img loading=\"lazy\" decoding=\"async\" width=\"1024\" height=\"314\" src=\"https:\/\/www.chemipaz.com\/vi\/wp-content\/uploads\/sites\/4\/2025\/03\/Group-2664-1-1024x314.png\" alt=\"\" class=\"wp-image-10945\" style=\"width:1216px;height:auto\" srcset=\"https:\/\/www.chemipaz.com\/vi\/wp-content\/uploads\/sites\/4\/2025\/03\/Group-2664-1-1024x314.png 1024w, https:\/\/www.chemipaz.com\/vi\/wp-content\/uploads\/sites\/4\/2025\/03\/Group-2664-1-512x157.png 512w, https:\/\/www.chemipaz.com\/vi\/wp-content\/uploads\/sites\/4\/2025\/03\/Group-2664-1-768x236.png 768w, https:\/\/www.chemipaz.com\/vi\/wp-content\/uploads\/sites\/4\/2025\/03\/Group-2664-1-1536x472.png 1536w, https:\/\/www.chemipaz.com\/vi\/wp-content\/uploads\/sites\/4\/2025\/03\/Group-2664-1-2048x629.png 2048w\" sizes=\"auto, (max-width: 1024px) 100vw, 1024px\" \/><\/figure>\n<\/div>\n\n\n\n<p class=\"link-type02\"><a href=\"https:\/\/www.chemipaz.com\/vi\/tech\/ecotechnology\/paper\/\">C\u00f4ng ngh\u1ec7 m\u1edf r\u1ed9ng t\u00ednh n\u0103ng c\u1ee7a gi\u1ea5y<\/a><\/p>\n<\/div>\n<\/div>\n<\/div>\n<\/div>\n\n\n\n            <div class=\"under-bottom-nav\">\n                <div class=\"inner\">\n                    <p class=\"under-bottom-nav__link01\"><a href=\"https:\/\/www.chemipaz.com\/vi\/tech\/\">Nghi\u00ean c\u1ee9u v\u00e0 ph\u00e1t tri\u1ec3n<\/a><\/p>\n                    <div class=\"under-bottom-nav__link02\">\n                        <a class=\"item\" href=\"https:\/\/www.chemipaz.com\/vi\/tech\/system\/\">Ph\u01b0\u01a1ng ch\u00e2m nghi\u00ean c\u1ee9u v\u00e0 ph\u00e1t tri\u1ec3n<\/a><a class=\"item\" href=\"https:\/\/www.chemipaz.com\/vi\/tech\/ecotechnology\/\">Gi\u1edbi thi\u1ec7u c\u00f4ng ngh\u1ec7 sinh th\u00e1i<\/a>\n                    <\/div>\n                <\/div>\n            <\/div>\n        \n","protected":false},"excerpt":{"rendered":"<p>COMFORTABLE LIFE, INNOVATIVE FUTURE Cu\u1ed9c s\u1ed1ng ti\u1ec7n nghi, t\u01b0\u01a1ng lai t\u01b0\u01a1i m\u1edbi Trong nhi\u1ec1u l\u0129nh v\u1ef1c c\u00f4ng nghi\u1ec7p kh\u00e1c nhau, vi\u1ec7c gi\u1ea3m l\u01b0\u1ee3ng dung m\u00f4i s\u1eed d\u1ee5ng (kh\u1eed VOC) v\u1edbi m\u1ee5c ti\u00eau t\u1ea1o ra s\u1ea3n ph\u1ea9m th\u00e2n thi\u1ec7n v\u1edbi m\u00f4i tr\u01b0\u1eddng \u0111ang \u0111\u01b0\u1ee3c th\u00fac \u0111\u1ea9y.T\u1eadp \u0111o\u00e0n CHEMIPAZ \u0111ang n\u1ed7 l\u1ef1c ph\u00e1t tri\u1ec3n v\u00e0 cung c\u1ea5p c\u00e1c s\u1ea3n ph\u1ea9m g\u00f3p ph\u1ea7n kh\u1eed VOC trong c\u00e1c v\u1eadt li\u1ec7u g\u1ed1c dung m\u00f4i t\u1eeb tr\u01b0\u1edbc \u0111\u1ebfn nay b\u1eb1ng c\u00e1ch s\u1eed d\u1ee5ng c\u00f4ng ngh\u1ec7 nh\u1ef1a g\u1ed1c n\u01b0\u1edbc, \u0111\u1eb7c bi\u1ec7t l\u00e0 c\u00f4ng ngh\u1ec7 nh\u0169 t\u01b0\u01a1ng l\u00f5i-v\u1ecf (core-shell) v\u00e0 c\u00f4ng ngh\u1ec7 h\u00f3a r\u1eafn v\u1eadt li\u1ec7u b\u1eb1ng tia c\u1ef1c t\u00edm (h\u00f3a r\u1eafn b\u1eb1ng UV). Nh\u0169 t\u01b0\u01a1ng g\u00f3p ph\u1ea7n [&hellip;]<\/p>\n","protected":false},"author":6,"featured_media":0,"parent":529,"menu_order":18,"comment_status":"closed","ping_status":"closed","template":"","meta":{"_acf_changed":false,"footnotes":""},"class_list":["post-527","page","type-page","status-publish","hentry"],"acf":[],"yoast_head":"<!-- This site is optimized with the Yoast SEO plugin v27.4 - https:\/\/yoast.com\/product\/yoast-seo-wordpress\/ -->\n<title>C\u00f4ng ngh\u1ec7 g\u00f3p ph\u1ea7n gi\u1ea3m thi\u1ec3u t\u00e1c \u0111\u1ed9ng \u0111\u1ebfn m\u00f4i tr\u01b0\u1eddng - C\u00d4NG TY SEIKO PMC CORPORATION<\/title>\n<meta name=\"robots\" content=\"index, follow, max-snippet:-1, max-image-preview:large, max-video-preview:-1\" \/>\n<link rel=\"canonical\" href=\"https:\/\/www.chemipaz.com\/vi\/tech\/ecotechnology\/environmental-loading-reduction\/\" \/>\n<meta property=\"og:locale\" content=\"vi_VN\" \/>\n<meta property=\"og:type\" content=\"article\" \/>\n<meta property=\"og:title\" content=\"C\u00f4ng ngh\u1ec7 g\u00f3p ph\u1ea7n gi\u1ea3m thi\u1ec3u t\u00e1c \u0111\u1ed9ng \u0111\u1ebfn m\u00f4i tr\u01b0\u1eddng - C\u00d4NG TY SEIKO PMC CORPORATION\" \/>\n<meta property=\"og:description\" content=\"COMFORTABLE LIFE, INNOVATIVE FUTURE Cu\u1ed9c s\u1ed1ng ti\u1ec7n nghi, t\u01b0\u01a1ng lai t\u01b0\u01a1i m\u1edbi Trong nhi\u1ec1u l\u0129nh v\u1ef1c c\u00f4ng nghi\u1ec7p kh\u00e1c nhau, vi\u1ec7c gi\u1ea3m l\u01b0\u1ee3ng dung m\u00f4i s\u1eed d\u1ee5ng (kh\u1eed VOC) v\u1edbi m\u1ee5c ti\u00eau t\u1ea1o ra s\u1ea3n ph\u1ea9m th\u00e2n thi\u1ec7n v\u1edbi m\u00f4i tr\u01b0\u1eddng \u0111ang \u0111\u01b0\u1ee3c th\u00fac \u0111\u1ea9y.T\u1eadp \u0111o\u00e0n CHEMIPAZ \u0111ang n\u1ed7 l\u1ef1c ph\u00e1t tri\u1ec3n v\u00e0 cung c\u1ea5p c\u00e1c s\u1ea3n ph\u1ea9m g\u00f3p ph\u1ea7n kh\u1eed VOC trong c\u00e1c v\u1eadt li\u1ec7u g\u1ed1c dung m\u00f4i t\u1eeb tr\u01b0\u1edbc \u0111\u1ebfn nay b\u1eb1ng c\u00e1ch s\u1eed d\u1ee5ng c\u00f4ng ngh\u1ec7 nh\u1ef1a g\u1ed1c n\u01b0\u1edbc, \u0111\u1eb7c bi\u1ec7t l\u00e0 c\u00f4ng ngh\u1ec7 nh\u0169 t\u01b0\u01a1ng l\u00f5i-v\u1ecf (core-shell) v\u00e0 c\u00f4ng ngh\u1ec7 h\u00f3a r\u1eafn v\u1eadt li\u1ec7u b\u1eb1ng tia c\u1ef1c t\u00edm (h\u00f3a r\u1eafn b\u1eb1ng UV). Nh\u0169 t\u01b0\u01a1ng g\u00f3p ph\u1ea7n [&hellip;]\" \/>\n<meta property=\"og:url\" content=\"https:\/\/www.chemipaz.com\/vi\/tech\/ecotechnology\/environmental-loading-reduction\/\" \/>\n<meta property=\"og:site_name\" content=\"C\u00d4NG TY SEIKO PMC CORPORATION\" \/>\n<meta property=\"article:modified_time\" content=\"2025-03-31T05:26:25+00:00\" \/>\n<meta name=\"twitter:card\" content=\"summary_large_image\" \/>\n<meta name=\"twitter:label1\" content=\"\u01af\u1edbc t\u00ednh th\u1eddi gian \u0111\u1ecdc\" \/>\n\t<meta name=\"twitter:data1\" content=\"2 ph\u00fat\" \/>\n<script type=\"application\/ld+json\" class=\"yoast-schema-graph\">{\"@context\":\"https:\\\/\\\/schema.org\",\"@graph\":[{\"@type\":\"WebPage\",\"@id\":\"https:\\\/\\\/www.chemipaz.com\\\/vi\\\/tech\\\/ecotechnology\\\/environmental-loading-reduction\\\/\",\"url\":\"https:\\\/\\\/www.chemipaz.com\\\/vi\\\/tech\\\/ecotechnology\\\/environmental-loading-reduction\\\/\",\"name\":\"C\u00f4ng ngh\u1ec7 g\u00f3p ph\u1ea7n gi\u1ea3m thi\u1ec3u t\u00e1c \u0111\u1ed9ng \u0111\u1ebfn m\u00f4i tr\u01b0\u1eddng - C\u00d4NG TY SEIKO PMC CORPORATION\",\"isPartOf\":{\"@id\":\"https:\\\/\\\/www.chemipaz.com\\\/vi\\\/#website\"},\"primaryImageOfPage\":{\"@id\":\"https:\\\/\\\/www.chemipaz.com\\\/vi\\\/tech\\\/ecotechnology\\\/environmental-loading-reduction\\\/#primaryimage\"},\"image\":{\"@id\":\"https:\\\/\\\/www.chemipaz.com\\\/vi\\\/tech\\\/ecotechnology\\\/environmental-loading-reduction\\\/#primaryimage\"},\"thumbnailUrl\":\"https:\\\/\\\/www.chemipaz.com\\\/wp-content\\\/uploads\\\/2025\\\/01\\\/tech-env-mv.png\",\"datePublished\":\"2020-11-11T01:32:15+00:00\",\"dateModified\":\"2025-03-31T05:26:25+00:00\",\"breadcrumb\":{\"@id\":\"https:\\\/\\\/www.chemipaz.com\\\/vi\\\/tech\\\/ecotechnology\\\/environmental-loading-reduction\\\/#breadcrumb\"},\"inLanguage\":\"vi\",\"potentialAction\":[{\"@type\":\"ReadAction\",\"target\":[\"https:\\\/\\\/www.chemipaz.com\\\/vi\\\/tech\\\/ecotechnology\\\/environmental-loading-reduction\\\/\"]}]},{\"@type\":\"ImageObject\",\"inLanguage\":\"vi\",\"@id\":\"https:\\\/\\\/www.chemipaz.com\\\/vi\\\/tech\\\/ecotechnology\\\/environmental-loading-reduction\\\/#primaryimage\",\"url\":\"https:\\\/\\\/www.chemipaz.com\\\/wp-content\\\/uploads\\\/2025\\\/01\\\/tech-env-mv.png\",\"contentUrl\":\"https:\\\/\\\/www.chemipaz.com\\\/wp-content\\\/uploads\\\/2025\\\/01\\\/tech-env-mv.png\"},{\"@type\":\"BreadcrumbList\",\"@id\":\"https:\\\/\\\/www.chemipaz.com\\\/vi\\\/tech\\\/ecotechnology\\\/environmental-loading-reduction\\\/#breadcrumb\",\"itemListElement\":[{\"@type\":\"ListItem\",\"position\":1,\"name\":\"Trang ch\u1ee7\",\"item\":\"https:\\\/\\\/www.chemipaz.com\\\/vi\\\/\"},{\"@type\":\"ListItem\",\"position\":2,\"name\":\"Nghi\u00ean c\u1ee9u v\u00e0 ph\u00e1t tri\u1ec3n\",\"item\":\"https:\\\/\\\/www.chemipaz.com\\\/vi\\\/tech\\\/\"},{\"@type\":\"ListItem\",\"position\":3,\"name\":\"Gi\u1edbi thi\u1ec7u c\u00f4ng ngh\u1ec7 sinh th\u00e1i\",\"item\":\"https:\\\/\\\/www.chemipaz.com\\\/vi\\\/tech\\\/ecotechnology\\\/\"},{\"@type\":\"ListItem\",\"position\":4,\"name\":\"C\u00f4ng ngh\u1ec7 g\u00f3p ph\u1ea7n gi\u1ea3m thi\u1ec3u t\u00e1c \u0111\u1ed9ng \u0111\u1ebfn m\u00f4i tr\u01b0\u1eddng\"}]},{\"@type\":\"WebSite\",\"@id\":\"https:\\\/\\\/www.chemipaz.com\\\/vi\\\/#website\",\"url\":\"https:\\\/\\\/www.chemipaz.com\\\/vi\\\/\",\"name\":\"C\u00d4NG TY SEIKO PMC CORPORATION\",\"description\":\"Ch\u00fang t\u00f4i \u0111\u00e1p \u1ee9ng nhanh ch\u00f3ng nhu c\u1ea7u c\u1ee7a kh\u00e1ch h\u00e0ng b\u1eb1ng h\u1ec7 th\u1ed1ng ba trong m\u1ed9t, cung c\u1ea5p c\u00e1c h\u00f3a ch\u1ea5t s\u1ea3n xu\u1ea5t gi\u1ea5y v\u00e0 c\u00e1c s\u1ea3n ph\u1ea9m nh\u1ef1a c\u00f3 gi\u00e1 tr\u1ecb gia t\u0103ng cao.\",\"potentialAction\":[{\"@type\":\"SearchAction\",\"target\":{\"@type\":\"EntryPoint\",\"urlTemplate\":\"https:\\\/\\\/www.chemipaz.com\\\/vi\\\/?s={search_term_string}\"},\"query-input\":{\"@type\":\"PropertyValueSpecification\",\"valueRequired\":true,\"valueName\":\"search_term_string\"}}],\"inLanguage\":\"vi\"}]}<\/script>\n<!-- \/ Yoast SEO plugin. -->","yoast_head_json":{"title":"C\u00f4ng ngh\u1ec7 g\u00f3p ph\u1ea7n gi\u1ea3m thi\u1ec3u t\u00e1c \u0111\u1ed9ng \u0111\u1ebfn m\u00f4i tr\u01b0\u1eddng - C\u00d4NG TY SEIKO PMC CORPORATION","robots":{"index":"index","follow":"follow","max-snippet":"max-snippet:-1","max-image-preview":"max-image-preview:large","max-video-preview":"max-video-preview:-1"},"canonical":"https:\/\/www.chemipaz.com\/vi\/tech\/ecotechnology\/environmental-loading-reduction\/","og_locale":"vi_VN","og_type":"article","og_title":"C\u00f4ng ngh\u1ec7 g\u00f3p ph\u1ea7n gi\u1ea3m thi\u1ec3u t\u00e1c \u0111\u1ed9ng \u0111\u1ebfn m\u00f4i tr\u01b0\u1eddng - C\u00d4NG TY SEIKO PMC CORPORATION","og_description":"COMFORTABLE LIFE, INNOVATIVE FUTURE Cu\u1ed9c s\u1ed1ng ti\u1ec7n nghi, t\u01b0\u01a1ng lai t\u01b0\u01a1i m\u1edbi Trong nhi\u1ec1u l\u0129nh v\u1ef1c c\u00f4ng nghi\u1ec7p kh\u00e1c nhau, vi\u1ec7c gi\u1ea3m l\u01b0\u1ee3ng dung m\u00f4i s\u1eed d\u1ee5ng (kh\u1eed VOC) v\u1edbi m\u1ee5c ti\u00eau t\u1ea1o ra s\u1ea3n ph\u1ea9m th\u00e2n thi\u1ec7n v\u1edbi m\u00f4i tr\u01b0\u1eddng \u0111ang \u0111\u01b0\u1ee3c th\u00fac \u0111\u1ea9y.T\u1eadp \u0111o\u00e0n CHEMIPAZ \u0111ang n\u1ed7 l\u1ef1c ph\u00e1t tri\u1ec3n v\u00e0 cung c\u1ea5p c\u00e1c s\u1ea3n ph\u1ea9m g\u00f3p ph\u1ea7n kh\u1eed VOC trong c\u00e1c v\u1eadt li\u1ec7u g\u1ed1c dung m\u00f4i t\u1eeb tr\u01b0\u1edbc \u0111\u1ebfn nay b\u1eb1ng c\u00e1ch s\u1eed d\u1ee5ng c\u00f4ng ngh\u1ec7 nh\u1ef1a g\u1ed1c n\u01b0\u1edbc, \u0111\u1eb7c bi\u1ec7t l\u00e0 c\u00f4ng ngh\u1ec7 nh\u0169 t\u01b0\u01a1ng l\u00f5i-v\u1ecf (core-shell) v\u00e0 c\u00f4ng ngh\u1ec7 h\u00f3a r\u1eafn v\u1eadt li\u1ec7u b\u1eb1ng tia c\u1ef1c t\u00edm (h\u00f3a r\u1eafn b\u1eb1ng UV). Nh\u0169 t\u01b0\u01a1ng g\u00f3p ph\u1ea7n [&hellip;]","og_url":"https:\/\/www.chemipaz.com\/vi\/tech\/ecotechnology\/environmental-loading-reduction\/","og_site_name":"C\u00d4NG TY SEIKO PMC CORPORATION","article_modified_time":"2025-03-31T05:26:25+00:00","twitter_card":"summary_large_image","twitter_misc":{"\u01af\u1edbc t\u00ednh th\u1eddi gian \u0111\u1ecdc":"2 ph\u00fat"},"schema":{"@context":"https:\/\/schema.org","@graph":[{"@type":"WebPage","@id":"https:\/\/www.chemipaz.com\/vi\/tech\/ecotechnology\/environmental-loading-reduction\/","url":"https:\/\/www.chemipaz.com\/vi\/tech\/ecotechnology\/environmental-loading-reduction\/","name":"C\u00f4ng ngh\u1ec7 g\u00f3p ph\u1ea7n gi\u1ea3m thi\u1ec3u t\u00e1c \u0111\u1ed9ng \u0111\u1ebfn m\u00f4i tr\u01b0\u1eddng - C\u00d4NG TY SEIKO PMC CORPORATION","isPartOf":{"@id":"https:\/\/www.chemipaz.com\/vi\/#website"},"primaryImageOfPage":{"@id":"https:\/\/www.chemipaz.com\/vi\/tech\/ecotechnology\/environmental-loading-reduction\/#primaryimage"},"image":{"@id":"https:\/\/www.chemipaz.com\/vi\/tech\/ecotechnology\/environmental-loading-reduction\/#primaryimage"},"thumbnailUrl":"https:\/\/www.chemipaz.com\/wp-content\/uploads\/2025\/01\/tech-env-mv.png","datePublished":"2020-11-11T01:32:15+00:00","dateModified":"2025-03-31T05:26:25+00:00","breadcrumb":{"@id":"https:\/\/www.chemipaz.com\/vi\/tech\/ecotechnology\/environmental-loading-reduction\/#breadcrumb"},"inLanguage":"vi","potentialAction":[{"@type":"ReadAction","target":["https:\/\/www.chemipaz.com\/vi\/tech\/ecotechnology\/environmental-loading-reduction\/"]}]},{"@type":"ImageObject","inLanguage":"vi","@id":"https:\/\/www.chemipaz.com\/vi\/tech\/ecotechnology\/environmental-loading-reduction\/#primaryimage","url":"https:\/\/www.chemipaz.com\/wp-content\/uploads\/2025\/01\/tech-env-mv.png","contentUrl":"https:\/\/www.chemipaz.com\/wp-content\/uploads\/2025\/01\/tech-env-mv.png"},{"@type":"BreadcrumbList","@id":"https:\/\/www.chemipaz.com\/vi\/tech\/ecotechnology\/environmental-loading-reduction\/#breadcrumb","itemListElement":[{"@type":"ListItem","position":1,"name":"Trang ch\u1ee7","item":"https:\/\/www.chemipaz.com\/vi\/"},{"@type":"ListItem","position":2,"name":"Nghi\u00ean c\u1ee9u v\u00e0 ph\u00e1t tri\u1ec3n","item":"https:\/\/www.chemipaz.com\/vi\/tech\/"},{"@type":"ListItem","position":3,"name":"Gi\u1edbi thi\u1ec7u c\u00f4ng ngh\u1ec7 sinh th\u00e1i","item":"https:\/\/www.chemipaz.com\/vi\/tech\/ecotechnology\/"},{"@type":"ListItem","position":4,"name":"C\u00f4ng ngh\u1ec7 g\u00f3p ph\u1ea7n gi\u1ea3m thi\u1ec3u t\u00e1c \u0111\u1ed9ng \u0111\u1ebfn m\u00f4i tr\u01b0\u1eddng"}]},{"@type":"WebSite","@id":"https:\/\/www.chemipaz.com\/vi\/#website","url":"https:\/\/www.chemipaz.com\/vi\/","name":"C\u00d4NG TY SEIKO PMC CORPORATION","description":"Ch\u00fang t\u00f4i \u0111\u00e1p \u1ee9ng nhanh ch\u00f3ng nhu c\u1ea7u c\u1ee7a kh\u00e1ch h\u00e0ng b\u1eb1ng h\u1ec7 th\u1ed1ng ba trong m\u1ed9t, cung c\u1ea5p c\u00e1c h\u00f3a ch\u1ea5t s\u1ea3n xu\u1ea5t gi\u1ea5y v\u00e0 c\u00e1c s\u1ea3n ph\u1ea9m nh\u1ef1a c\u00f3 gi\u00e1 tr\u1ecb gia t\u0103ng cao.","potentialAction":[{"@type":"SearchAction","target":{"@type":"EntryPoint","urlTemplate":"https:\/\/www.chemipaz.com\/vi\/?s={search_term_string}"},"query-input":{"@type":"PropertyValueSpecification","valueRequired":true,"valueName":"search_term_string"}}],"inLanguage":"vi"}]}},"_links":{"self":[{"href":"https:\/\/www.chemipaz.com\/vi\/wp-json\/wp\/v2\/pages\/527","targetHints":{"allow":["GET"]}}],"collection":[{"href":"https:\/\/www.chemipaz.com\/vi\/wp-json\/wp\/v2\/pages"}],"about":[{"href":"https:\/\/www.chemipaz.com\/vi\/wp-json\/wp\/v2\/types\/page"}],"author":[{"embeddable":true,"href":"https:\/\/www.chemipaz.com\/vi\/wp-json\/wp\/v2\/users\/6"}],"replies":[{"embeddable":true,"href":"https:\/\/www.chemipaz.com\/vi\/wp-json\/wp\/v2\/comments?post=527"}],"version-history":[{"count":38,"href":"https:\/\/www.chemipaz.com\/vi\/wp-json\/wp\/v2\/pages\/527\/revisions"}],"predecessor-version":[{"id":11604,"href":"https:\/\/www.chemipaz.com\/vi\/wp-json\/wp\/v2\/pages\/527\/revisions\/11604"}],"up":[{"embeddable":true,"href":"https:\/\/www.chemipaz.com\/vi\/wp-json\/wp\/v2\/pages\/529"}],"wp:attachment":[{"href":"https:\/\/www.chemipaz.com\/vi\/wp-json\/wp\/v2\/media?parent=527"}],"curies":[{"name":"wp","href":"https:\/\/api.w.org\/{rel}","templated":true}]}}