{"id":526,"date":"2020-11-11T10:32:15","date_gmt":"2020-11-11T01:32:15","guid":{"rendered":"https:\/\/www.chemipaz.com\/vi\/sustainability\/"},"modified":"2025-03-28T00:07:21","modified_gmt":"2025-03-27T15:07:21","slug":"sustainability","status":"publish","type":"page","link":"https:\/\/www.chemipaz.com\/vi\/sustainability\/","title":{"rendered":"T\u00ednh b\u1ec1n v\u1eefng"},"content":{"rendered":"\n<div class=\"wp-block-cover under-mv-static\" style=\"min-height:455px;aspect-ratio:unset;\"><span aria-hidden=\"true\" class=\"wp-block-cover__background has-black-background-color has-background-dim-0 has-background-dim\"><\/span><img decoding=\"async\" class=\"wp-block-cover__image-background wp-image-12904\" alt=\"\" src=\"https:\/\/www.chemipaz.com\/wp-content\/uploads\/2025\/03\/Rectangle-289.png\" data-object-fit=\"cover\"\/><div class=\"wp-block-cover__inner-container is-layout-constrained wp-block-cover-is-layout-constrained\"><div class=\"yoast-breadcrumbs\"><span><span><a href=\"https:\/\/www.chemipaz.com\/vi\/\">Trang ch\u1ee7<\/a><\/span> \u00bb <span class=\"breadcrumb_last\" aria-current=\"page\">T\u00ednh b\u1ec1n v\u1eefng<\/span><\/span><\/div>\n\n\n<p class=\"has-text-align-center\">SUSTAINABILITY<\/p>\n\n\n<h2 class=\"has-text-align-center wp-block-post-title\">T\u00ednh b\u1ec1n v\u1eefng<\/h2>\n\n\n<figure class=\"wp-block-image size-full is-resized bg-sp\"><img decoding=\"async\" src=\"https:\/\/www.chemipaz.com\/wp-content\/uploads\/2025\/03\/Rectangle-13-3.png\" alt=\"\" class=\"wp-image-12959\" style=\"width:248px;height:auto\"\/><\/figure>\n<\/div><\/div>\n\n\n\n<div id=\"sustainability-home\" class=\"wp-block-group sustainability-home sec-type01 is-layout-constrained wp-block-group-is-layout-constrained\">\n<div class=\"wp-block-group inner is-layout-constrained wp-block-group-is-layout-constrained\">\n<div class=\"wp-block-group content-type01 is-layout-grid wp-container-core-group-is-layout-baef362d wp-block-group-is-layout-grid\"><a href=\"https:\/\/www.chemipaz.com\/vi\/sustainability\/policy\/\"    class=\"content-type01__item wp-block-tiptip-hyperlink-group-block\" >\n<figure class=\"wp-block-image size-full is-resized\"><img decoding=\"async\" src=\"https:\/\/www.chemipaz.com\/wp-content\/uploads\/2025\/01\/sustainability-home-item01.png\" alt=\"\" class=\"wp-image-11147\" style=\"width:276px;height:auto\"\/><\/figure>\n\n<p class=\"text\">Ph\u01b0\u01a1ng ch\u00e2m c\u01a1 b\u1ea3n<\/p>\n<\/a>\n\n<a href=\"https:\/\/www.chemipaz.com\/vi\/sustainability\/product-development\/\"    class=\"content-type01__item wp-block-tiptip-hyperlink-group-block\" >\n<figure class=\"wp-block-image size-full is-resized\"><img decoding=\"async\" src=\"https:\/\/www.chemipaz.com\/wp-content\/uploads\/2025\/01\/sustainability-home-item09.png\" alt=\"\" class=\"wp-image-11138\" style=\"width:277px;height:auto\"\/><\/figure>\n\n<p class=\"text\">Ph\u00e1t tri\u1ec3n s\u1ea3n ph\u1ea9m <br class=\"pc\">g\u00f3p ph\u1ea7n x\u00e2y d\u1ef1ng <br class=\"pc\">x\u00e3 h\u1ed9i b\u1ec1n v\u1eefng<\/p>\n<\/a><\/div>\n<\/div>\n<\/div>\n\n\n\n<p><\/p>\n","protected":false},"excerpt":{"rendered":"","protected":false},"author":6,"featured_media":0,"parent":0,"menu_order":19,"comment_status":"closed","ping_status":"closed","template":"","meta":{"_acf_changed":false,"footnotes":""},"class_list":["post-526","page","type-page","status-publish","hentry"],"acf":[],"yoast_head":"<!-- This site is optimized with the Yoast SEO plugin v27.4 - https:\/\/yoast.com\/product\/yoast-seo-wordpress\/ -->\n<title>T\u00ednh b\u1ec1n v\u1eefng - C\u00d4NG TY SEIKO PMC CORPORATION<\/title>\n<meta name=\"robots\" content=\"index, follow, max-snippet:-1, max-image-preview:large, max-video-preview:-1\" \/>\n<link rel=\"canonical\" href=\"https:\/\/www.chemipaz.com\/vi\/sustainability\/\" \/>\n<meta property=\"og:locale\" content=\"vi_VN\" \/>\n<meta property=\"og:type\" content=\"article\" \/>\n<meta property=\"og:title\" content=\"T\u00ednh b\u1ec1n v\u1eefng - C\u00d4NG TY SEIKO PMC CORPORATION\" \/>\n<meta property=\"og:url\" content=\"https:\/\/www.chemipaz.com\/vi\/sustainability\/\" \/>\n<meta property=\"og:site_name\" content=\"C\u00d4NG TY SEIKO PMC CORPORATION\" \/>\n<meta property=\"article:modified_time\" content=\"2025-03-27T15:07:21+00:00\" \/>\n<meta name=\"twitter:card\" content=\"summary_large_image\" \/>\n<meta name=\"twitter:label1\" content=\"\u01af\u1edbc t\u00ednh th\u1eddi gian \u0111\u1ecdc\" \/>\n\t<meta name=\"twitter:data1\" content=\"1 ph\u00fat\" \/>\n<script type=\"application\/ld+json\" class=\"yoast-schema-graph\">{\"@context\":\"https:\\\/\\\/schema.org\",\"@graph\":[{\"@type\":\"WebPage\",\"@id\":\"https:\\\/\\\/www.chemipaz.com\\\/vi\\\/sustainability\\\/\",\"url\":\"https:\\\/\\\/www.chemipaz.com\\\/vi\\\/sustainability\\\/\",\"name\":\"T\u00ednh b\u1ec1n v\u1eefng - C\u00d4NG TY SEIKO PMC CORPORATION\",\"isPartOf\":{\"@id\":\"https:\\\/\\\/www.chemipaz.com\\\/vi\\\/#website\"},\"primaryImageOfPage\":{\"@id\":\"https:\\\/\\\/www.chemipaz.com\\\/vi\\\/sustainability\\\/#primaryimage\"},\"image\":{\"@id\":\"https:\\\/\\\/www.chemipaz.com\\\/vi\\\/sustainability\\\/#primaryimage\"},\"thumbnailUrl\":\"https:\\\/\\\/www.chemipaz.com\\\/wp-content\\\/uploads\\\/2025\\\/03\\\/Rectangle-289.png\",\"datePublished\":\"2020-11-11T01:32:15+00:00\",\"dateModified\":\"2025-03-27T15:07:21+00:00\",\"breadcrumb\":{\"@id\":\"https:\\\/\\\/www.chemipaz.com\\\/vi\\\/sustainability\\\/#breadcrumb\"},\"inLanguage\":\"vi\",\"potentialAction\":[{\"@type\":\"ReadAction\",\"target\":[\"https:\\\/\\\/www.chemipaz.com\\\/vi\\\/sustainability\\\/\"]}]},{\"@type\":\"ImageObject\",\"inLanguage\":\"vi\",\"@id\":\"https:\\\/\\\/www.chemipaz.com\\\/vi\\\/sustainability\\\/#primaryimage\",\"url\":\"https:\\\/\\\/www.chemipaz.com\\\/wp-content\\\/uploads\\\/2025\\\/03\\\/Rectangle-289.png\",\"contentUrl\":\"https:\\\/\\\/www.chemipaz.com\\\/wp-content\\\/uploads\\\/2025\\\/03\\\/Rectangle-289.png\"},{\"@type\":\"BreadcrumbList\",\"@id\":\"https:\\\/\\\/www.chemipaz.com\\\/vi\\\/sustainability\\\/#breadcrumb\",\"itemListElement\":[{\"@type\":\"ListItem\",\"position\":1,\"name\":\"Trang ch\u1ee7\",\"item\":\"https:\\\/\\\/www.chemipaz.com\\\/vi\\\/\"},{\"@type\":\"ListItem\",\"position\":2,\"name\":\"T\u00ednh b\u1ec1n v\u1eefng\"}]},{\"@type\":\"WebSite\",\"@id\":\"https:\\\/\\\/www.chemipaz.com\\\/vi\\\/#website\",\"url\":\"https:\\\/\\\/www.chemipaz.com\\\/vi\\\/\",\"name\":\"C\u00d4NG TY SEIKO PMC CORPORATION\",\"description\":\"Ch\u00fang t\u00f4i \u0111\u00e1p \u1ee9ng nhanh ch\u00f3ng nhu c\u1ea7u c\u1ee7a kh\u00e1ch h\u00e0ng b\u1eb1ng h\u1ec7 th\u1ed1ng ba trong m\u1ed9t, cung c\u1ea5p c\u00e1c h\u00f3a ch\u1ea5t s\u1ea3n xu\u1ea5t gi\u1ea5y v\u00e0 c\u00e1c s\u1ea3n ph\u1ea9m nh\u1ef1a c\u00f3 gi\u00e1 tr\u1ecb gia t\u0103ng cao.\",\"potentialAction\":[{\"@type\":\"SearchAction\",\"target\":{\"@type\":\"EntryPoint\",\"urlTemplate\":\"https:\\\/\\\/www.chemipaz.com\\\/vi\\\/?s={search_term_string}\"},\"query-input\":{\"@type\":\"PropertyValueSpecification\",\"valueRequired\":true,\"valueName\":\"search_term_string\"}}],\"inLanguage\":\"vi\"}]}<\/script>\n<!-- \/ Yoast SEO plugin. -->","yoast_head_json":{"title":"T\u00ednh b\u1ec1n v\u1eefng - C\u00d4NG TY SEIKO PMC CORPORATION","robots":{"index":"index","follow":"follow","max-snippet":"max-snippet:-1","max-image-preview":"max-image-preview:large","max-video-preview":"max-video-preview:-1"},"canonical":"https:\/\/www.chemipaz.com\/vi\/sustainability\/","og_locale":"vi_VN","og_type":"article","og_title":"T\u00ednh b\u1ec1n v\u1eefng - C\u00d4NG TY SEIKO PMC CORPORATION","og_url":"https:\/\/www.chemipaz.com\/vi\/sustainability\/","og_site_name":"C\u00d4NG TY SEIKO PMC CORPORATION","article_modified_time":"2025-03-27T15:07:21+00:00","twitter_card":"summary_large_image","twitter_misc":{"\u01af\u1edbc t\u00ednh th\u1eddi gian \u0111\u1ecdc":"1 ph\u00fat"},"schema":{"@context":"https:\/\/schema.org","@graph":[{"@type":"WebPage","@id":"https:\/\/www.chemipaz.com\/vi\/sustainability\/","url":"https:\/\/www.chemipaz.com\/vi\/sustainability\/","name":"T\u00ednh b\u1ec1n v\u1eefng - C\u00d4NG TY SEIKO PMC CORPORATION","isPartOf":{"@id":"https:\/\/www.chemipaz.com\/vi\/#website"},"primaryImageOfPage":{"@id":"https:\/\/www.chemipaz.com\/vi\/sustainability\/#primaryimage"},"image":{"@id":"https:\/\/www.chemipaz.com\/vi\/sustainability\/#primaryimage"},"thumbnailUrl":"https:\/\/www.chemipaz.com\/wp-content\/uploads\/2025\/03\/Rectangle-289.png","datePublished":"2020-11-11T01:32:15+00:00","dateModified":"2025-03-27T15:07:21+00:00","breadcrumb":{"@id":"https:\/\/www.chemipaz.com\/vi\/sustainability\/#breadcrumb"},"inLanguage":"vi","potentialAction":[{"@type":"ReadAction","target":["https:\/\/www.chemipaz.com\/vi\/sustainability\/"]}]},{"@type":"ImageObject","inLanguage":"vi","@id":"https:\/\/www.chemipaz.com\/vi\/sustainability\/#primaryimage","url":"https:\/\/www.chemipaz.com\/wp-content\/uploads\/2025\/03\/Rectangle-289.png","contentUrl":"https:\/\/www.chemipaz.com\/wp-content\/uploads\/2025\/03\/Rectangle-289.png"},{"@type":"BreadcrumbList","@id":"https:\/\/www.chemipaz.com\/vi\/sustainability\/#breadcrumb","itemListElement":[{"@type":"ListItem","position":1,"name":"Trang ch\u1ee7","item":"https:\/\/www.chemipaz.com\/vi\/"},{"@type":"ListItem","position":2,"name":"T\u00ednh b\u1ec1n v\u1eefng"}]},{"@type":"WebSite","@id":"https:\/\/www.chemipaz.com\/vi\/#website","url":"https:\/\/www.chemipaz.com\/vi\/","name":"C\u00d4NG TY SEIKO PMC CORPORATION","description":"Ch\u00fang t\u00f4i \u0111\u00e1p \u1ee9ng nhanh ch\u00f3ng nhu c\u1ea7u c\u1ee7a kh\u00e1ch h\u00e0ng b\u1eb1ng h\u1ec7 th\u1ed1ng ba trong m\u1ed9t, cung c\u1ea5p c\u00e1c h\u00f3a ch\u1ea5t s\u1ea3n xu\u1ea5t gi\u1ea5y v\u00e0 c\u00e1c s\u1ea3n ph\u1ea9m nh\u1ef1a c\u00f3 gi\u00e1 tr\u1ecb gia t\u0103ng cao.","potentialAction":[{"@type":"SearchAction","target":{"@type":"EntryPoint","urlTemplate":"https:\/\/www.chemipaz.com\/vi\/?s={search_term_string}"},"query-input":{"@type":"PropertyValueSpecification","valueRequired":true,"valueName":"search_term_string"}}],"inLanguage":"vi"}]}},"_links":{"self":[{"href":"https:\/\/www.chemipaz.com\/vi\/wp-json\/wp\/v2\/pages\/526","targetHints":{"allow":["GET"]}}],"collection":[{"href":"https:\/\/www.chemipaz.com\/vi\/wp-json\/wp\/v2\/pages"}],"about":[{"href":"https:\/\/www.chemipaz.com\/vi\/wp-json\/wp\/v2\/types\/page"}],"author":[{"embeddable":true,"href":"https:\/\/www.chemipaz.com\/vi\/wp-json\/wp\/v2\/users\/6"}],"replies":[{"embeddable":true,"href":"https:\/\/www.chemipaz.com\/vi\/wp-json\/wp\/v2\/comments?post=526"}],"version-history":[{"count":16,"href":"https:\/\/www.chemipaz.com\/vi\/wp-json\/wp\/v2\/pages\/526\/revisions"}],"predecessor-version":[{"id":11174,"href":"https:\/\/www.chemipaz.com\/vi\/wp-json\/wp\/v2\/pages\/526\/revisions\/11174"}],"wp:attachment":[{"href":"https:\/\/www.chemipaz.com\/vi\/wp-json\/wp\/v2\/media?parent=526"}],"curies":[{"name":"wp","href":"https:\/\/api.w.org\/{rel}","templated":true}]}}