{"id":517,"date":"2020-11-11T10:32:15","date_gmt":"2020-11-11T01:32:15","guid":{"rendered":"https:\/\/www.chemipaz.com\/vi\/security\/"},"modified":"2025-03-11T23:32:24","modified_gmt":"2025-03-11T14:32:24","slug":"security","status":"publish","type":"page","link":"https:\/\/www.chemipaz.com\/vi\/security\/","title":{"rendered":"CH\u00cdNH S\u00c1CH B\u1ea2O M\u1eacT TH\u00d4NG TIN"},"content":{"rendered":"\n<div class=\"wp-block-cover is-light under-mv-static mv-base\"><span aria-hidden=\"true\" class=\"wp-block-cover__background has-black-background-color has-background-dim-0 has-background-dim\"><\/span><div class=\"wp-block-cover__inner-container is-layout-constrained wp-block-cover-is-layout-constrained\"><div class=\"yoast-breadcrumbs\"><span><span><a href=\"https:\/\/www.chemipaz.com\/vi\/\">Trang ch\u1ee7<\/a><\/span> \u00bb <span class=\"breadcrumb_last\" aria-current=\"page\">CH\u00cdNH S\u00c1CH B\u1ea2O M\u1eacT TH\u00d4NG TIN<\/span><\/span><\/div>\n\n<h2 class=\"has-text-align-center wp-block-post-title\">CH\u00cdNH S\u00c1CH B\u1ea2O M\u1eacT TH\u00d4NG TIN<\/h2><\/div><\/div>\n\n\n\n<div class=\"wp-block-group content-base privacy-content is-layout-constrained wp-block-group-is-layout-constrained\">\n<div class=\"wp-block-group inner is-layout-constrained wp-block-group-is-layout-constrained\">\n<p class=\"privacy__intro\">CHEMIPAZ CORPORATIONMAP v\u00e0 c\u00e1c c\u00f4ng ty con li\u00ean k\u1ebft (sau \u0111\u00e2y \u0111\u01b0\u1ee3c g\u1ecdi l\u00e0 \u201cT\u1eadp \u0111o\u00e0n ch\u00fang t\u00f4i\u201d) nh\u1eadn th\u1ee9c \u0111\u01b0\u1ee3c t\u1ea7m quan tr\u1ecdng c\u1ee7a vi\u1ec7c qu\u1ea3n l\u00fd r\u1ee7i ro th\u00f4ng tin \u0111\u1ed1i v\u1edbi vi\u1ec7c ho\u1ea1t \u0111\u1ed9ng kinh doanh v\u00e0 ki\u1ec3m so\u00e1t n\u1ed9i b\u1ed9, ch\u00fang t\u00f4i n\u1ed7 l\u1ef1c n\u00e2ng cao b\u1ea3o m\u1eadt th\u00f4ng tin b\u1eb1ng c\u00e1ch b\u1ea3o v\u1ec7 t\u00e0i s\u1ea3n th\u00f4ng tin kh\u1ecfi c\u00e1c m\u1ed1i \u0111e d\u1ecda nh\u01b0 truy c\u1eadp tr\u00e1i ph\u00e9p, r\u00f2 r\u1ec9 th\u00f4ng tin v\u00e0 th\u1ea3m h\u1ecda h\u1ec7 th\u1ed1ng. Ch\u00ednh s\u00e1ch n\u00e0y thi\u1ebft l\u1eadp ch\u00ednh s\u00e1ch c\u01a1 b\u1ea3n cho c\u00e1c bi\u1ec7n ph\u00e1p b\u1ea3o m\u1eadt th\u00f4ng tin kh\u00e1c nhau \u0111\u01b0\u1ee3c t\u1eadp \u0111o\u00e0n c\u1ee7a ch\u00fang t\u00f4i th\u1ef1c hi\u1ec7n.<\/p>\n\n\n\n<div class=\"wp-block-group privacy__section is-layout-constrained wp-block-group-is-layout-constrained\">\n<h3 class=\"wp-block-heading\">1. \u00dd \u0111\u1ed3, m\u1ee5c \u0111\u00edch<\/h3>\n\n\n\n<p>T\u1eadp \u0111o\u00e0n ch\u00fang t\u00f4i nh\u1eadn bi\u1ebft th\u00f4ng tin li\u00ean quan \u0111\u1ebfn ho\u1ea1t \u0111\u1ed9ng kinh doanh l\u00e0 t\u00e0i s\u1ea3n quan tr\u1ecdng, ch\u00fang t\u00f4i qu\u1ea3n l\u00fd v\u00e0 b\u1ea3o v\u1ec7 t\u00e0i s\u1ea3n th\u00f4ng tin m\u1ed9t c\u00e1ch h\u1ee3p l\u00fd \u0111\u1ec3 \u0111\u1ea3m b\u1ea3o an ninh th\u00f4ng tin theo Ch\u00ednh s\u00e1ch b\u1ea3o m\u1eadt th\u00f4ng tin (sau \u0111\u00e2y g\u1ecdi l\u00e0 \u201cCh\u00ednh s\u00e1ch n\u00e0y\u201d). Ch\u00ednh s\u00e1ch n\u00e0y \u00e1p d\u1ee5ng cho t\u1ea5t c\u1ea3 vi\u1ec7c li\u00ean quan \u0111\u1ebfn t\u00e0i s\u1ea3n th\u00f4ng tin c\u1ee7a T\u1eadp \u0111o\u00e0n.<\/p>\n<\/div>\n\n\n\n<div class=\"wp-block-group privacy__section is-layout-constrained wp-block-group-is-layout-constrained\">\n<h3 class=\"wp-block-heading\">2. \u0110\u1ecbnh ngh\u0129a v\u1ec1 b\u1ea3o m\u1eadt th\u00f4ng tin<\/h3>\n\n\n\n<p>B\u1ea3o m\u1eadt th\u00f4ng tin l\u00e0 s\u1ef1 duy tr\u00ec \u0111\u1ea3m b\u1ea3o t\u00ednh b\u1ea3o m\u1eadt, t\u00ednh to\u00e0n v\u1eb9n, t\u00ednh kh\u1ea3 d\u1ee5ng, nh\u01b0 \u0111\u01b0\u1ee3c \u0111\u1ecbnh ngh\u0129a d\u01b0\u1edbi \u0111\u00e2y.<br><br><strong>T\u00ednh b\u1ea3o m\u1eadt: <\/strong>Ng\u0103n ch\u1eb7n th\u00f4ng tin r\u00f2 r\u1ec9 ra b\u00ean ngo\u00e0i, x\u00e2m nh\u1eadp v\u00e0o h\u1ec7 th\u1ed1ng th\u00f4ng tin, v.v. v\u00e0 \u0111\u1ea3m b\u1ea3o r\u1eb1ng ch\u1ec9 nh\u1eefng ng\u01b0\u1eddi \u0111\u01b0\u1ee3c c\u1ea5p quy\u1ec1n truy c\u1eadp th\u00f4ng tin m\u1edbi c\u00f3 th\u1ec3 truy c\u1eadp th\u00f4ng tin.<br><strong>T\u00ednh to\u00e0n v\u1eb9n:<\/strong> \u0110\u1ea3m b\u1ea3o th\u00f4ng tin v\u00e0 ph\u01b0\u01a1ng ph\u00e1p x\u1eed l\u00fd l\u00e0 ch\u00ednh x\u00e1c v\u00e0 \u0111\u1ea7y \u0111\u1ee7<br><strong>T\u00ednh kh\u1ea3 d\u1ee5ng: <\/strong>Ng\u01b0\u1eddi d\u00f9ng \u0111\u01b0\u1ee3c c\u1ea5p quy\u1ec1n c\u00f3 th\u1ec3 truy c\u1eadp v\u00e0o t\u00e0i s\u1ea3n th\u00f4ng tin khi c\u1ea7n.<br><br>Ngo\u00e0i ra, t\u00e0i s\u1ea3n th\u00f4ng tin trong ch\u00ednh s\u00e1ch n\u00e0y \u0111\u1ec1 c\u1eadp \u0111\u1ebfn t\u1ea5t c\u1ea3 th\u00f4ng tin \u0111i\u1ec7n t\u1eed do C\u00f4ng ty n\u1eafm gi\u1eef, th\u00f4ng tin phi \u0111i\u1ec7n t\u1eed, th\u00f4ng tin b\u1ed9 nh\u1edb li\u00ean quan \u0111\u1ebfn kinh doanh v\u00e0 th\u00f4ng tin \u0111\u01b0\u1ee3c s\u1eed d\u1ee5ng \u0111\u1ec3 t\u1ea1o, l\u01b0u tr\u1eef, truy\u1ec1n t\u1ea3i, thu th\u1eadp, v.v., b\u1ea5t k\u1ec3 ph\u01b0\u01a1ng ti\u1ec7n ghi \u00e2m l\u00e0 m\u1ed9t thu\u1eadt ng\u1eef chung cho m\u1ed9t lo\u1ea1t c\u00e1c ph\u01b0\u01a1ng ti\u1ec7n \u0111\u1ec3 x\u1eed l\u00fd th\u00f4ng tin, ch\u1eb3ng h\u1ea1n nh\u01b0 t\u1ea5t c\u1ea3 ph\u1ea7n c\u1ee9ng, ph\u1ea7n m\u1ec1m v\u00e0 h\u1ec7 th\u1ed1ng m\u1ea1ng.<\/p>\n<\/div>\n\n\n\n<div class=\"wp-block-group privacy__section is-layout-constrained wp-block-group-is-layout-constrained\">\n<h3 class=\"wp-block-heading\">3. Qu\u1ea3n l\u00fd v\u00e0 b\u1ea3o tr\u00ec h\u1ec7 th\u1ed1ng th\u00f4ng tin<\/h3>\n\n\n\n<p>T\u1eadp \u0111o\u00e0n ch\u00fang t\u00f4i li\u00ean t\u1ee5c c\u1ea3i ti\u1ebfn c\u00e1c h\u1ec7 th\u1ed1ng th\u00f4ng tin l\u00e0m c\u1ed1t l\u00f5i cho ho\u1ea1t \u0111\u1ed9ng kinh doanh v\u00e0 x\u00e2y d\u1ef1ng h\u1ec7 th\u1ed1ng d\u1ef1 ph\u00f2ng \u0111\u1ec3 ng\u0103n ch\u1eb7n c\u00e1c h\u1ec7 th\u1ed1ng th\u00f4ng tin ch\u00ednh b\u1ecb h\u01b0 h\u1ecfng do thi\u00ean tai, tai n\u1ea1n, v.v. s\u1ef1 c\u1ed1 v\u1ec1 ch\u1ee9c n\u0103ng, ch\u00fang t\u00f4i s\u1ebd t\u1ea1o ra m\u1ed9t h\u1ec7 th\u1ed1ng \u0111\u1ea3m b\u1ea3o ho\u1ea1t \u0111\u1ed9ng kinh doanh li\u00ean t\u1ee5c th\u00f4ng qua vi\u1ec7c ph\u1ee5c h\u1ed3i nhanh ch\u00f3ng.<\/p>\n<\/div>\n\n\n\n<div class=\"wp-block-group privacy__section is-layout-constrained wp-block-group-is-layout-constrained\">\n<h3 class=\"wp-block-heading\">4. S\u1ef1 tu\u00e2n th\u1ee7<\/h3>\n\n\n\n<p>T\u1eadp \u0111o\u00e0n ch\u00fang t\u00f4i tu\u00e2n th\u1ee7 c\u00e1c quy \u0111\u1ecbnh ph\u00e1p lu\u1eadt v\u00e0 quy \u0111\u1ecbnh n\u1ed9i b\u1ed9 li\u00ean quan \u0111\u1ebfn vi\u1ec7c x\u1eed l\u00fd th\u00f4ng tin, \u0111\u1ed3ng th\u1eddi ch\u00fang t\u00f4i c\u0169ng \u0111\u1ea3m b\u1ea3o r\u1eb1ng c\u00e1c nh\u00e2n vi\u00ean h\u1ee3p \u0111\u1ed3ng v\u00e0 c\u00e1c c\u00f4ng ty gia c\u00f4ng th\u1ef1c hi\u1ec7n \u0111\u00fang ngh\u0129a v\u1ee5 b\u1ea3o m\u1eadt theo h\u1ee3p \u0111\u1ed3ng c\u1ee7a h\u1ecd.<br>Ngo\u00e0i ra, ch\u00fang t\u00f4i s\u1ebd c\u00f3 bi\u1ec7n ph\u00e1p x\u1eed l\u00fd nghi\u00eam kh\u1eafc \u0111\u1ed1i v\u1edbi c\u00e1c h\u00e0nh vi vi ph\u1ea1m b\u1ea3o m\u1eadt th\u00f4ng tin theo n\u1ed9i quy lao \u0111\u1ed9ng.<\/p>\n<\/div>\n\n\n\n<div class=\"wp-block-group privacy__section is-layout-constrained wp-block-group-is-layout-constrained\">\n<h3 class=\"wp-block-heading\">5. Thi\u1ebft l\u1eadp v\u00e0 v\u1eadn h\u00e0nh h\u1ec7 th\u1ed1ng b\u1ea3o m\u1eadt th\u00f4ng tin<\/h3>\n\n\n\n<p>T\u1eadp \u0111o\u00e0n ch\u00fang t\u00f4i \u0111\u00e3 thi\u1ebft l\u1eadp c\u00e1c quy \u0111\u1ecbnh n\u1ed9i b\u1ed9 v\u00e0 h\u01b0\u1edbng d\u1eabn v\u1eadn h\u00e0nh li\u00ean quan d\u1ef1a tr\u00ean ch\u00ednh s\u00e1ch n\u00e0y, c\u00f9ng v\u1edbi vi\u1ec7c thi\u1ebft l\u1eadp c\u00e1c ch\u00ednh s\u00e1ch r\u00f5 r\u00e0ng v\u1ec1 vi\u1ec7c x\u1eed l\u00fd t\u00e0i s\u1ea3n th\u00f4ng tin chung, \u0111\u1ec3 \u0111\u1ea3m b\u1ea3o b\u1ea3o m\u1eadt th\u00f4ng tin ch\u00fang t\u00f4i ti\u1ebfn h\u00e0nh x\u00e2y d\u1ef1ng c\u00e1c h\u1ec7 th\u1ed1ng c\u1ea7n thi\u1ebft v\u00e0 ti\u00eau chu\u1ea9n h\u00f3a c\u00e1c quy t\u1eafc \u0111\u1ec3 c\u00f3 th\u1ec3 \u0111\u1ed1i \u1ee9ng h\u00e0nh \u0111\u1ed9ng ph\u00f9 h\u1ee3p trong c\u00f4ng vi\u1ec7c h\u1eb1ng ng\u00e0y v\u00e0 \u1ee9ng ph\u00f3 ph\u00f9 h\u1ee3p trong tr\u01b0\u1eddng h\u1ee3p kh\u1ea9n c\u1ea5p.<\/p>\n<\/div>\n\n\n\n<div class=\"wp-block-group privacy__section is-layout-constrained wp-block-group-is-layout-constrained\">\n<h3 class=\"wp-block-heading\">6. Gi\u00e1o d\u1ee5c\/ \u0110\u00e0o t\u1ea1o<\/h3>\n\n\n\n<p>T\u1eadp \u0111o\u00e0n ch\u00fang t\u00f4i s\u1ebd tri\u1ec3n khai gi\u00e1o d\u1ee5c v\u00e0 \u0111\u00e0o t\u1ea1o c\u1ea7n thi\u1ebft khi ph\u00f9 h\u1ee3p \u0111\u1ec3 n\u00e2ng cao hi\u1ec3u bi\u1ebft v\u1ec1 b\u1ea3o m\u1eadt th\u00f4ng tin v\u00e0 c\u1ed1 g\u1eafng n\u00e2ng cao nh\u1eadn th\u1ee9c v\u1ec1 b\u1ea3o m\u1eadt th\u00f4ng tin.<\/p>\n<\/div>\n\n\n\n<div class=\"wp-block-group privacy__section is-layout-constrained wp-block-group-is-layout-constrained\">\n<h3 class=\"wp-block-heading\">7. C\u1ea3i ti\u1ebfn li\u00ean t\u1ee5c v\u1ec1 b\u1ea3o m\u1eadt th\u00f4ng tin<\/h3>\n\n\n\n<p>T\u1eadp \u0111o\u00e0n ch\u00fang t\u00f4i li\u00ean t\u1ee5c \u0111\u00e1nh gi\u00e1 t\u00ecnh tr\u1ea1ng b\u1ea3o m\u1eadt th\u00f4ng tin v\u00e0 ch\u1ec9nh s\u1eeda c\u00e1c quy \u0111\u1ecbnh n\u1ed9i b\u1ed9 v\u00e0 h\u01b0\u1edbng d\u1eabn v\u1eadn h\u00e0nh li\u00ean quan \u0111\u1ec3 \u0111\u00e1p \u1ee9ng nh\u1eefng thay \u0111\u1ed5i trong h\u1ec7 th\u1ed1ng ph\u00e1p lu\u1eadt v\u00e0 t\u00ecnh h\u00ecnh x\u00e3 h\u1ed9i xung quanh b\u1ea3o m\u1eadt th\u00f4ng tin. Ch\u00fang t\u00f4i s\u1ebd ti\u1ebfp t\u1ee5c n\u1ed7 l\u1ef1c duy tr\u00ec b\u1ea3o m\u1eadt th\u00f4ng tin t\u1ed1t nh\u1ea5t.<\/p>\n<\/div>\n\n\n\n<div class=\"wp-block-group privacy__section is-layout-constrained wp-block-group-is-layout-constrained\">\n<h3 class=\"wp-block-heading\">8. Th\u1ef1c hi\u1ec7n ki\u1ec3m tra b\u1ea3o m\u1eadt th\u00f4ng tin<\/h3>\n\n\n\n<p>T\u1eadp \u0111o\u00e0n ch\u00fang t\u00f4i s\u1ebd ti\u1ebfn h\u00e0nh theo k\u1ebf ho\u1ea1ch ki\u1ec3m tra n\u1ed9i b\u1ed9 \u0111\u1ecbnh k\u1ef3 \u0111\u1ec3 \u0111\u1ea3m b\u1ea3o ch\u00ednh s\u00e1ch n\u00e0y, c\u00e1c quy \u0111\u1ecbnh n\u1ed9i b\u1ed9 li\u00ean quan, c\u00e1c h\u01b0\u1edbng d\u1eabn v\u1eadn h\u00e0nh, v.v. \u0111\u01b0\u1ee3c ph\u1ed5 bi\u1ebfn m\u1ed9t c\u00e1ch tri\u1ec7t \u0111\u1ec3, c\u00e1c t\u00e0i s\u1ea3n th\u00f4ng tin \u0111\u01b0\u1ee3c qu\u1ea3n l\u00fd ph\u00f9 h\u1ee3p.<\/p>\n<\/div>\n<\/div>\n<\/div>\n","protected":false},"excerpt":{"rendered":"<p>CHEMIPAZ CORPORATIONMAP v\u00e0 c\u00e1c c\u00f4ng ty con li\u00ean k\u1ebft (sau \u0111\u00e2y \u0111\u01b0\u1ee3c g\u1ecdi l\u00e0 \u201cT\u1eadp \u0111o\u00e0n ch\u00fang t\u00f4i\u201d) nh\u1eadn th\u1ee9c \u0111\u01b0\u1ee3c t\u1ea7m quan tr\u1ecdng c\u1ee7a vi\u1ec7c qu\u1ea3n l\u00fd r\u1ee7i ro th\u00f4ng tin \u0111\u1ed1i v\u1edbi vi\u1ec7c ho\u1ea1t \u0111\u1ed9ng kinh doanh v\u00e0 ki\u1ec3m so\u00e1t n\u1ed9i b\u1ed9, ch\u00fang t\u00f4i n\u1ed7 l\u1ef1c n\u00e2ng cao b\u1ea3o m\u1eadt th\u00f4ng tin b\u1eb1ng c\u00e1ch b\u1ea3o v\u1ec7 t\u00e0i s\u1ea3n th\u00f4ng tin kh\u1ecfi c\u00e1c m\u1ed1i \u0111e d\u1ecda nh\u01b0 truy c\u1eadp tr\u00e1i ph\u00e9p, r\u00f2 r\u1ec9 th\u00f4ng tin v\u00e0 th\u1ea3m h\u1ecda h\u1ec7 th\u1ed1ng. Ch\u00ednh s\u00e1ch n\u00e0y thi\u1ebft l\u1eadp ch\u00ednh s\u00e1ch c\u01a1 b\u1ea3n cho c\u00e1c bi\u1ec7n ph\u00e1p b\u1ea3o m\u1eadt th\u00f4ng tin kh\u00e1c nhau \u0111\u01b0\u1ee3c t\u1eadp \u0111o\u00e0n c\u1ee7a ch\u00fang t\u00f4i th\u1ef1c hi\u1ec7n. 1. \u00dd [&hellip;]<\/p>\n","protected":false},"author":6,"featured_media":0,"parent":0,"menu_order":24,"comment_status":"closed","ping_status":"closed","template":"","meta":{"_acf_changed":false,"footnotes":""},"class_list":["post-517","page","type-page","status-publish","hentry"],"acf":[],"yoast_head":"<!-- This site is optimized with the Yoast SEO plugin v27.4 - https:\/\/yoast.com\/product\/yoast-seo-wordpress\/ -->\n<title>CH\u00cdNH S\u00c1CH B\u1ea2O M\u1eacT TH\u00d4NG TIN - C\u00d4NG TY SEIKO PMC CORPORATION<\/title>\n<meta name=\"robots\" content=\"index, follow, max-snippet:-1, max-image-preview:large, max-video-preview:-1\" \/>\n<link rel=\"canonical\" href=\"https:\/\/www.chemipaz.com\/vi\/security\/\" \/>\n<meta property=\"og:locale\" content=\"vi_VN\" \/>\n<meta property=\"og:type\" content=\"article\" \/>\n<meta property=\"og:title\" content=\"CH\u00cdNH S\u00c1CH B\u1ea2O M\u1eacT TH\u00d4NG TIN - C\u00d4NG TY SEIKO PMC CORPORATION\" \/>\n<meta property=\"og:description\" content=\"CHEMIPAZ CORPORATIONMAP v\u00e0 c\u00e1c c\u00f4ng ty con li\u00ean k\u1ebft (sau \u0111\u00e2y \u0111\u01b0\u1ee3c g\u1ecdi l\u00e0 \u201cT\u1eadp \u0111o\u00e0n ch\u00fang t\u00f4i\u201d) nh\u1eadn th\u1ee9c \u0111\u01b0\u1ee3c t\u1ea7m quan tr\u1ecdng c\u1ee7a vi\u1ec7c qu\u1ea3n l\u00fd r\u1ee7i ro th\u00f4ng tin \u0111\u1ed1i v\u1edbi vi\u1ec7c ho\u1ea1t \u0111\u1ed9ng kinh doanh v\u00e0 ki\u1ec3m so\u00e1t n\u1ed9i b\u1ed9, ch\u00fang t\u00f4i n\u1ed7 l\u1ef1c n\u00e2ng cao b\u1ea3o m\u1eadt th\u00f4ng tin b\u1eb1ng c\u00e1ch b\u1ea3o v\u1ec7 t\u00e0i s\u1ea3n th\u00f4ng tin kh\u1ecfi c\u00e1c m\u1ed1i \u0111e d\u1ecda nh\u01b0 truy c\u1eadp tr\u00e1i ph\u00e9p, r\u00f2 r\u1ec9 th\u00f4ng tin v\u00e0 th\u1ea3m h\u1ecda h\u1ec7 th\u1ed1ng. Ch\u00ednh s\u00e1ch n\u00e0y thi\u1ebft l\u1eadp ch\u00ednh s\u00e1ch c\u01a1 b\u1ea3n cho c\u00e1c bi\u1ec7n ph\u00e1p b\u1ea3o m\u1eadt th\u00f4ng tin kh\u00e1c nhau \u0111\u01b0\u1ee3c t\u1eadp \u0111o\u00e0n c\u1ee7a ch\u00fang t\u00f4i th\u1ef1c hi\u1ec7n. 1. \u00dd [&hellip;]\" \/>\n<meta property=\"og:url\" content=\"https:\/\/www.chemipaz.com\/vi\/security\/\" \/>\n<meta property=\"og:site_name\" content=\"C\u00d4NG TY SEIKO PMC CORPORATION\" \/>\n<meta property=\"article:modified_time\" content=\"2025-03-11T14:32:24+00:00\" \/>\n<meta name=\"twitter:card\" content=\"summary_large_image\" \/>\n<meta name=\"twitter:label1\" content=\"\u01af\u1edbc t\u00ednh th\u1eddi gian \u0111\u1ecdc\" \/>\n\t<meta name=\"twitter:data1\" content=\"5 ph\u00fat\" \/>\n<script type=\"application\/ld+json\" class=\"yoast-schema-graph\">{\"@context\":\"https:\\\/\\\/schema.org\",\"@graph\":[{\"@type\":\"WebPage\",\"@id\":\"https:\\\/\\\/www.chemipaz.com\\\/vi\\\/security\\\/\",\"url\":\"https:\\\/\\\/www.chemipaz.com\\\/vi\\\/security\\\/\",\"name\":\"CH\u00cdNH S\u00c1CH B\u1ea2O M\u1eacT TH\u00d4NG TIN - C\u00d4NG TY SEIKO PMC CORPORATION\",\"isPartOf\":{\"@id\":\"https:\\\/\\\/www.chemipaz.com\\\/vi\\\/#website\"},\"datePublished\":\"2020-11-11T01:32:15+00:00\",\"dateModified\":\"2025-03-11T14:32:24+00:00\",\"breadcrumb\":{\"@id\":\"https:\\\/\\\/www.chemipaz.com\\\/vi\\\/security\\\/#breadcrumb\"},\"inLanguage\":\"vi\",\"potentialAction\":[{\"@type\":\"ReadAction\",\"target\":[\"https:\\\/\\\/www.chemipaz.com\\\/vi\\\/security\\\/\"]}]},{\"@type\":\"BreadcrumbList\",\"@id\":\"https:\\\/\\\/www.chemipaz.com\\\/vi\\\/security\\\/#breadcrumb\",\"itemListElement\":[{\"@type\":\"ListItem\",\"position\":1,\"name\":\"Trang ch\u1ee7\",\"item\":\"https:\\\/\\\/www.chemipaz.com\\\/vi\\\/\"},{\"@type\":\"ListItem\",\"position\":2,\"name\":\"CH\u00cdNH S\u00c1CH B\u1ea2O M\u1eacT TH\u00d4NG TIN\"}]},{\"@type\":\"WebSite\",\"@id\":\"https:\\\/\\\/www.chemipaz.com\\\/vi\\\/#website\",\"url\":\"https:\\\/\\\/www.chemipaz.com\\\/vi\\\/\",\"name\":\"C\u00d4NG TY SEIKO PMC CORPORATION\",\"description\":\"Ch\u00fang t\u00f4i \u0111\u00e1p \u1ee9ng nhanh ch\u00f3ng nhu c\u1ea7u c\u1ee7a kh\u00e1ch h\u00e0ng b\u1eb1ng h\u1ec7 th\u1ed1ng ba trong m\u1ed9t, cung c\u1ea5p c\u00e1c h\u00f3a ch\u1ea5t s\u1ea3n xu\u1ea5t gi\u1ea5y v\u00e0 c\u00e1c s\u1ea3n ph\u1ea9m nh\u1ef1a c\u00f3 gi\u00e1 tr\u1ecb gia t\u0103ng cao.\",\"potentialAction\":[{\"@type\":\"SearchAction\",\"target\":{\"@type\":\"EntryPoint\",\"urlTemplate\":\"https:\\\/\\\/www.chemipaz.com\\\/vi\\\/?s={search_term_string}\"},\"query-input\":{\"@type\":\"PropertyValueSpecification\",\"valueRequired\":true,\"valueName\":\"search_term_string\"}}],\"inLanguage\":\"vi\"}]}<\/script>\n<!-- \/ Yoast SEO plugin. -->","yoast_head_json":{"title":"CH\u00cdNH S\u00c1CH B\u1ea2O M\u1eacT TH\u00d4NG TIN - C\u00d4NG TY SEIKO PMC CORPORATION","robots":{"index":"index","follow":"follow","max-snippet":"max-snippet:-1","max-image-preview":"max-image-preview:large","max-video-preview":"max-video-preview:-1"},"canonical":"https:\/\/www.chemipaz.com\/vi\/security\/","og_locale":"vi_VN","og_type":"article","og_title":"CH\u00cdNH S\u00c1CH B\u1ea2O M\u1eacT TH\u00d4NG TIN - C\u00d4NG TY SEIKO PMC CORPORATION","og_description":"CHEMIPAZ CORPORATIONMAP v\u00e0 c\u00e1c c\u00f4ng ty con li\u00ean k\u1ebft (sau \u0111\u00e2y \u0111\u01b0\u1ee3c g\u1ecdi l\u00e0 \u201cT\u1eadp \u0111o\u00e0n ch\u00fang t\u00f4i\u201d) nh\u1eadn th\u1ee9c \u0111\u01b0\u1ee3c t\u1ea7m quan tr\u1ecdng c\u1ee7a vi\u1ec7c qu\u1ea3n l\u00fd r\u1ee7i ro th\u00f4ng tin \u0111\u1ed1i v\u1edbi vi\u1ec7c ho\u1ea1t \u0111\u1ed9ng kinh doanh v\u00e0 ki\u1ec3m so\u00e1t n\u1ed9i b\u1ed9, ch\u00fang t\u00f4i n\u1ed7 l\u1ef1c n\u00e2ng cao b\u1ea3o m\u1eadt th\u00f4ng tin b\u1eb1ng c\u00e1ch b\u1ea3o v\u1ec7 t\u00e0i s\u1ea3n th\u00f4ng tin kh\u1ecfi c\u00e1c m\u1ed1i \u0111e d\u1ecda nh\u01b0 truy c\u1eadp tr\u00e1i ph\u00e9p, r\u00f2 r\u1ec9 th\u00f4ng tin v\u00e0 th\u1ea3m h\u1ecda h\u1ec7 th\u1ed1ng. Ch\u00ednh s\u00e1ch n\u00e0y thi\u1ebft l\u1eadp ch\u00ednh s\u00e1ch c\u01a1 b\u1ea3n cho c\u00e1c bi\u1ec7n ph\u00e1p b\u1ea3o m\u1eadt th\u00f4ng tin kh\u00e1c nhau \u0111\u01b0\u1ee3c t\u1eadp \u0111o\u00e0n c\u1ee7a ch\u00fang t\u00f4i th\u1ef1c hi\u1ec7n. 1. \u00dd [&hellip;]","og_url":"https:\/\/www.chemipaz.com\/vi\/security\/","og_site_name":"C\u00d4NG TY SEIKO PMC CORPORATION","article_modified_time":"2025-03-11T14:32:24+00:00","twitter_card":"summary_large_image","twitter_misc":{"\u01af\u1edbc t\u00ednh th\u1eddi gian \u0111\u1ecdc":"5 ph\u00fat"},"schema":{"@context":"https:\/\/schema.org","@graph":[{"@type":"WebPage","@id":"https:\/\/www.chemipaz.com\/vi\/security\/","url":"https:\/\/www.chemipaz.com\/vi\/security\/","name":"CH\u00cdNH S\u00c1CH B\u1ea2O M\u1eacT TH\u00d4NG TIN - C\u00d4NG TY SEIKO PMC CORPORATION","isPartOf":{"@id":"https:\/\/www.chemipaz.com\/vi\/#website"},"datePublished":"2020-11-11T01:32:15+00:00","dateModified":"2025-03-11T14:32:24+00:00","breadcrumb":{"@id":"https:\/\/www.chemipaz.com\/vi\/security\/#breadcrumb"},"inLanguage":"vi","potentialAction":[{"@type":"ReadAction","target":["https:\/\/www.chemipaz.com\/vi\/security\/"]}]},{"@type":"BreadcrumbList","@id":"https:\/\/www.chemipaz.com\/vi\/security\/#breadcrumb","itemListElement":[{"@type":"ListItem","position":1,"name":"Trang ch\u1ee7","item":"https:\/\/www.chemipaz.com\/vi\/"},{"@type":"ListItem","position":2,"name":"CH\u00cdNH S\u00c1CH B\u1ea2O M\u1eacT TH\u00d4NG TIN"}]},{"@type":"WebSite","@id":"https:\/\/www.chemipaz.com\/vi\/#website","url":"https:\/\/www.chemipaz.com\/vi\/","name":"C\u00d4NG TY SEIKO PMC CORPORATION","description":"Ch\u00fang t\u00f4i \u0111\u00e1p \u1ee9ng nhanh ch\u00f3ng nhu c\u1ea7u c\u1ee7a kh\u00e1ch h\u00e0ng b\u1eb1ng h\u1ec7 th\u1ed1ng ba trong m\u1ed9t, cung c\u1ea5p c\u00e1c h\u00f3a ch\u1ea5t s\u1ea3n xu\u1ea5t gi\u1ea5y v\u00e0 c\u00e1c s\u1ea3n ph\u1ea9m nh\u1ef1a c\u00f3 gi\u00e1 tr\u1ecb gia t\u0103ng cao.","potentialAction":[{"@type":"SearchAction","target":{"@type":"EntryPoint","urlTemplate":"https:\/\/www.chemipaz.com\/vi\/?s={search_term_string}"},"query-input":{"@type":"PropertyValueSpecification","valueRequired":true,"valueName":"search_term_string"}}],"inLanguage":"vi"}]}},"_links":{"self":[{"href":"https:\/\/www.chemipaz.com\/vi\/wp-json\/wp\/v2\/pages\/517","targetHints":{"allow":["GET"]}}],"collection":[{"href":"https:\/\/www.chemipaz.com\/vi\/wp-json\/wp\/v2\/pages"}],"about":[{"href":"https:\/\/www.chemipaz.com\/vi\/wp-json\/wp\/v2\/types\/page"}],"author":[{"embeddable":true,"href":"https:\/\/www.chemipaz.com\/vi\/wp-json\/wp\/v2\/users\/6"}],"replies":[{"embeddable":true,"href":"https:\/\/www.chemipaz.com\/vi\/wp-json\/wp\/v2\/comments?post=517"}],"version-history":[{"count":4,"href":"https:\/\/www.chemipaz.com\/vi\/wp-json\/wp\/v2\/pages\/517\/revisions"}],"predecessor-version":[{"id":9916,"href":"https:\/\/www.chemipaz.com\/vi\/wp-json\/wp\/v2\/pages\/517\/revisions\/9916"}],"wp:attachment":[{"href":"https:\/\/www.chemipaz.com\/vi\/wp-json\/wp\/v2\/media?parent=517"}],"curies":[{"name":"wp","href":"https:\/\/api.w.org\/{rel}","templated":true}]}}