{"id":480,"date":"2020-11-11T10:32:14","date_gmt":"2020-11-11T01:32:14","guid":{"rendered":"https:\/\/www.chemipaz.com\/vi\/privacy\/"},"modified":"2025-03-11T23:26:04","modified_gmt":"2025-03-11T14:26:04","slug":"privacy","status":"publish","type":"page","link":"https:\/\/www.chemipaz.com\/vi\/privacy\/","title":{"rendered":"CH\u00cdNH S\u00c1CH B\u1ea2O V\u1ec6 TH\u00d4NG TIN C\u00c1 NH\u00c2N"},"content":{"rendered":"\n<div class=\"wp-block-cover is-light under-mv-static mv-base\"><span aria-hidden=\"true\" class=\"wp-block-cover__background has-black-background-color has-background-dim-0 has-background-dim\"><\/span><div class=\"wp-block-cover__inner-container is-layout-constrained wp-block-cover-is-layout-constrained\"><div class=\"yoast-breadcrumbs\"><span><span><a href=\"https:\/\/www.chemipaz.com\/vi\/\">Trang ch\u1ee7<\/a><\/span> \u00bb <span class=\"breadcrumb_last\" aria-current=\"page\">CH\u00cdNH S\u00c1CH B\u1ea2O V\u1ec6 TH\u00d4NG TIN C\u00c1 NH\u00c2N<\/span><\/span><\/div>\n\n<h2 class=\"has-text-align-center wp-block-post-title\">CH\u00cdNH S\u00c1CH B\u1ea2O V\u1ec6 TH\u00d4NG TIN C\u00c1 NH\u00c2N<\/h2><\/div><\/div>\n\n\n\n<div class=\"wp-block-group content-base privacy-content is-layout-constrained wp-block-group-is-layout-constrained\">\n<div class=\"wp-block-group inner is-layout-constrained wp-block-group-is-layout-constrained\">\n<p class=\"privacy__intro\">CHEMIPAZ CORPORATION (sau \u0111\u00e2y g\u1ecdi l\u00e0 \u201cC\u00f4ng ty\u201d) nh\u1eadn th\u1ee9c \u0111\u01b0\u1ee3c t\u1ea7m quan tr\u1ecdng c\u1ee7a th\u00f4ng tin c\u00e1 nh\u00e2n v\u00e0 n\u1ed7 l\u1ef1c b\u1ea3o v\u1ec7 th\u00f4ng tin c\u00e1 nh\u00e2n d\u1ef1a tr\u00ean ch\u00ednh s\u00e1ch c\u01a1 b\u1ea3n sau.<\/p>\n\n\n\n<div class=\"wp-block-group privacy__section is-layout-constrained wp-block-group-is-layout-constrained\">\n<h3 class=\"wp-block-heading\">1.\u00a0Tu\u00e2n th\u1ee7 lu\u1eadt ph\u00e1p v\u00e0 c\u00e1c quy \u0111\u1ecbnh li\u00ean quan \u0111\u1ebfn vi\u1ec7c b\u1ea3o v\u1ec7 th\u00f4ng tin c\u00e1 nh\u00e2n<\/h3>\n\n\n\n<p>Khi x\u1eed l\u00fd th\u00f4ng tin c\u00e1 nh\u00e2n, C\u00f4ng ty s\u1ebd tu\u00e2n th\u1ee7 lu\u1eadt ph\u00e1p v\u00e0 c\u00e1c quy \u0111\u1ecbnh kh\u00e1c \u00e1p d\u1ee5ng cho vi\u1ec7c b\u1ea3o v\u1ec7 th\u00f4ng tin c\u00e1 nh\u00e2n.<\/p>\n<\/div>\n\n\n\n<div class=\"wp-block-group privacy__section is-layout-constrained wp-block-group-is-layout-constrained\">\n<h3 class=\"wp-block-heading\">2. Thu th\u1eadp th\u00f4ng tin c\u00e1 nh\u00e2n<\/h3>\n\n\n\n<p>Khi C\u00f4ng ty thu th\u1eadp th\u00f4ng tin c\u00e1 nh\u00e2n, C\u00f4ng ty s\u1ebd th\u1ef1c hi\u1ec7n vi\u1ec7c \u0111\u00f3 b\u1eb1ng c\u00e1c bi\u1ec7n ph\u00e1p h\u1ee3p ph\u00e1p v\u00e0 c\u00f4ng b\u1eb1ng trong ph\u1ea1m vi c\u1ea7n thi\u1ebft \u0111\u1ec3 \u0111\u1ea1t \u0111\u01b0\u1ee3c m\u1ee5c \u0111\u00edch.<\/p>\n<\/div>\n\n\n\n<div class=\"wp-block-group privacy__section is-layout-constrained wp-block-group-is-layout-constrained\">\n<h3 class=\"wp-block-heading\">3. S\u1eed d\u1ee5ng th\u00f4ng tin c\u00e1 nh\u00e2n<\/h3>\n\n\n\n<p>C\u00f4ng ty s\u1ebd ch\u1ec9 s\u1eed d\u1ee5ng th\u00f4ng tin c\u00e1 nh\u00e2n m\u00e0 c\u00f4ng ty c\u00f3 \u0111\u01b0\u1ee3c trong ph\u1ea1m vi m\u1ee5c \u0111\u00edch s\u1eed d\u1ee5ng v\u00e0 s\u1ebd c\u00f3 s\u1ef1 xem x\u00e9t \u0111\u1ea7y \u0111\u1ee7 \u0111\u1ec3 \u0111\u1ea3m b\u1ea3o r\u1eb1ng c\u00e1c quy\u1ec1n c\u1ee7a c\u00e1 nh\u00e2n kh\u00f4ng b\u1ecb x\u00e2m ph\u1ea1m.<\/p>\n<\/div>\n\n\n\n<div class=\"wp-block-group privacy__section is-layout-constrained wp-block-group-is-layout-constrained\">\n<h3 class=\"wp-block-heading\">4. C\u00e1c bi\u1ec7n ph\u00e1p b\u1ea3o m\u1eadt th\u00f4ng tin c\u00e1 nh\u00e2n<\/h3>\n\n\n\n<p>\u0110\u1ec3 b\u1ea3o v\u1ec7 th\u00f4ng tin c\u00e1 nh\u00e2n, C\u00f4ng ty n\u1ed7 l\u1ef1c \u0111\u1ea3m b\u1ea3o t\u00ednh ch\u00ednh x\u00e1c v\u00e0 an to\u00e0n c\u1ee7a th\u00f4ng tin \u0111\u00f3.<br>\u0110\u1ec3 qu\u1ea3n l\u00fd v\u00e0 v\u1eadn h\u00e0nh th\u00f4ng tin c\u00e1 nh\u00e2n m\u1ed9t c\u00e1ch an to\u00e0n, C\u00f4ng ty s\u1ebd th\u1ef1c hi\u1ec7n c\u00e1c bi\u1ec7n ph\u00e1p b\u1ea3o m\u1eadt h\u1ee3p l\u00fd v\u00e0 ph\u00f9 h\u1ee3p \u0111\u1ec3 ng\u0103n ch\u1eb7n vi\u1ec7c truy c\u1eadp tr\u00e1i ph\u00e9p v\u00e0o th\u00f4ng tin c\u00e1 nh\u00e2n t\u1eeb b\u00ean ngo\u00e0i, m\u1ea5t m\u00e1t, ph\u00e1 h\u1ee7y, gi\u1ea3 m\u1ea1o, r\u00f2 r\u1ec9, v.v. th\u00f4ng tin c\u00e1 nh\u00e2n.<br>Ngo\u00e0i ra, C\u00f4ng ty s\u1ebd n\u1ed7 l\u1ef1c qu\u1ea3n l\u00fd th\u00f4ng tin c\u00e1 nh\u00e2n m\u1ed9t c\u00e1ch th\u00edch h\u1ee3p v\u00e0 c\u00e2n nh\u1eafc k\u1ef9 l\u01b0\u1ee1ng v\u1ec1 v\u1ea5n \u0111\u1ec1 b\u1ea3o m\u1eadt th\u00f4ng tin.<\/p>\n<\/div>\n\n\n\n<div class=\"wp-block-group privacy__section is-layout-constrained wp-block-group-is-layout-constrained\">\n<h3 class=\"wp-block-heading\">5. Cung c\u1ea5p cho b\u00ean th\u1ee9 ba<\/h3>\n\n\n\n<p>Lo\u1ea1i tr\u1eeb tr\u01b0\u1eddng h\u1ee3p ph\u00e1p lu\u1eadt c\u00f3 quy \u0111\u1ecbnh kh\u00e1c, tr\u1eeb khi c\u00f3 l\u00fd do ch\u00ednh \u0111\u00e1ng C\u00f4ng ty s\u1ebd x\u1eed l\u00fd th\u00f4ng tin c\u00e1 nh\u00e2n m\u00e0 C\u00f4ng ty c\u00f3 \u0111\u01b0\u1ee3c trong ph\u1ea1m vi m\u1ee5c \u0111\u00edch s\u1eed d\u1ee5ng m\u00e0 C\u00f4ng ty \u0111\u00e3 nh\u1eadn \u0111\u01b0\u1ee3c s\u1ef1 \u0111\u1ed3ng \u00fd c\u1ee7a c\u00e1 nh\u00e2n \u0111\u00f3 v\u00e0 s\u1ebd kh\u00f4ng ti\u1ebft l\u1ed9 ho\u1eb7c cung c\u1ea5p th\u00f4ng tin \u0111\u00f3 cho b\u1ea5t k\u1ef3 b\u00ean th\u1ee9 ba n\u00e0o.<\/p>\n<\/div>\n\n\n\n<div class=\"wp-block-group privacy__section is-layout-constrained wp-block-group-is-layout-constrained\">\n<h3 class=\"wp-block-heading\">6. Ti\u1ebft l\u1ed9, ch\u1ec9nh s\u1eeda, ng\u01b0ng s\u1eed d\u1ee5ng, x\u00f3a th\u00f4ng tin c\u00e1 nh\u00e2n<\/h3>\n\n\n\n<p>C\u00f4ng ty t\u00f4n tr\u1ecdng quy\u1ec1n c\u1ee7a c\u00e1c c\u00e1 nh\u00e2n li\u00ean quan \u0111\u1ebfn th\u00f4ng tin c\u00e1 nh\u00e2n c\u1ee7a h\u1ecd v\u00e0 khi \u0111\u01b0\u1ee3c c\u00e1 nh\u00e2n y\u00eau c\u1ea7u ti\u1ebft l\u1ed9, ch\u1ec9nh s\u1eeda, \u0111\u00ecnh ch\u1ec9 s\u1eed d\u1ee5ng, x\u00f3a, v.v. th\u00f4ng tin c\u00e1 nh\u00e2n c\u1ee7a h\u1ecd, C\u00f4ng ty s\u1ebd \u0111\u1ed1i \u1ee9ng ph\u1ea3n h\u1ed3i m\u1ed9t c\u00e1ch thi\u1ec7n ch\u00ed v\u00e0 trong gi\u1edbi h\u1ea1n h\u1ee3p l\u00fd d\u1ef1a tr\u00ean th\u00f4ng l\u1ec7 chung c\u1ee7a x\u00e3 h\u1ed9i.<\/p>\n<\/div>\n\n\n\n<div class=\"wp-block-group privacy__section is-layout-constrained wp-block-group-is-layout-constrained\">\n<h3 class=\"wp-block-heading\">7. Ho\u00e0n ch\u1ec9nh v\u00e0 c\u1ea3i ti\u1ebfn li\u00ean t\u1ee5c h\u1ec7 th\u1ed1ng b\u1ea3o v\u1ec7 th\u00f4ng tin c\u00e1 nh\u00e2n<\/h3>\n\n\n\n<p>C\u00f4ng ty n\u1ed7 l\u1ef1c ho\u00e0n ch\u1ec9nh h\u1ec7 th\u1ed1ng b\u1ea3o v\u1ec7 th\u00f4ng tin c\u00e1 nh\u00e2n c\u00f9ng v\u1edbi vi\u1ec7c n\u00e2ng cao nh\u1eadn th\u1ee9c v\u1ec1 t\u1ea7m quan tr\u1ecdng v\u1ec1 th\u00f4ng tin c\u00e1 nh\u00e2n c\u1ee7a c\u00e1n b\u1ed9 v\u00e0 c\u00f4ng nh\u00e2n vi\u00ean, thi\u1ebft l\u1eadp c\u00e1c quy \u0111\u1ecbnh n\u1ed9i b\u1ed9, duy tr\u00ec v\u00e0 c\u1ea3i ti\u1ebfn li\u00ean t\u1ee5c.<\/p>\n<\/div>\n\n\n\n<div class=\"wp-block-group privacy__section privacy__contact is-layout-constrained wp-block-group-is-layout-constrained\">\n<h3 class=\"wp-block-heading\">Th\u00f4ng tin li\u00ean h\u1ec7<\/h3>\n\n\n\n<p>CHEMIPAZ CORPORATION\u3000Tr\u1ee5 s\u1edf \u0111i\u1ec1u h\u00e0nh Ph\u00f2ng T\u1ed5ng h\u1ee3p<br>3-3-6 Nihonbashi Honcho, Chuo-ku, Tokyo<br>S\u1ed1 \u0111i\u1ec7n tho\u1ea1i\u300003-6202-7331<br>S\u1ed1 Fax\u300003-6202-7341<\/p>\n<\/div>\n<\/div>\n<\/div>\n","protected":false},"excerpt":{"rendered":"<p>CHEMIPAZ CORPORATION (sau \u0111\u00e2y g\u1ecdi l\u00e0 \u201cC\u00f4ng ty\u201d) nh\u1eadn th\u1ee9c \u0111\u01b0\u1ee3c t\u1ea7m quan tr\u1ecdng c\u1ee7a th\u00f4ng tin c\u00e1 nh\u00e2n v\u00e0 n\u1ed7 l\u1ef1c b\u1ea3o v\u1ec7 th\u00f4ng tin c\u00e1 nh\u00e2n d\u1ef1a tr\u00ean ch\u00ednh s\u00e1ch c\u01a1 b\u1ea3n sau. 1.\u00a0Tu\u00e2n th\u1ee7 lu\u1eadt ph\u00e1p v\u00e0 c\u00e1c quy \u0111\u1ecbnh li\u00ean quan \u0111\u1ebfn vi\u1ec7c b\u1ea3o v\u1ec7 th\u00f4ng tin c\u00e1 nh\u00e2n Khi x\u1eed l\u00fd th\u00f4ng tin c\u00e1 nh\u00e2n, C\u00f4ng ty s\u1ebd tu\u00e2n th\u1ee7 lu\u1eadt ph\u00e1p v\u00e0 c\u00e1c quy \u0111\u1ecbnh kh\u00e1c \u00e1p d\u1ee5ng cho vi\u1ec7c b\u1ea3o v\u1ec7 th\u00f4ng tin c\u00e1 nh\u00e2n. 2. Thu th\u1eadp th\u00f4ng tin c\u00e1 nh\u00e2n Khi C\u00f4ng ty thu th\u1eadp th\u00f4ng tin c\u00e1 nh\u00e2n, C\u00f4ng ty s\u1ebd th\u1ef1c hi\u1ec7n vi\u1ec7c \u0111\u00f3 b\u1eb1ng c\u00e1c bi\u1ec7n ph\u00e1p h\u1ee3p [&hellip;]<\/p>\n","protected":false},"author":6,"featured_media":0,"parent":0,"menu_order":25,"comment_status":"closed","ping_status":"closed","template":"","meta":{"_acf_changed":false,"footnotes":""},"class_list":["post-480","page","type-page","status-publish","hentry"],"acf":[],"yoast_head":"<!-- This site is optimized with the Yoast SEO plugin v26.7 - https:\/\/yoast.com\/wordpress\/plugins\/seo\/ -->\n<title>CH\u00cdNH S\u00c1CH B\u1ea2O V\u1ec6 TH\u00d4NG TIN C\u00c1 NH\u00c2N - C\u00d4NG TY SEIKO PMC CORPORATION<\/title>\n<meta name=\"robots\" content=\"index, follow, max-snippet:-1, max-image-preview:large, max-video-preview:-1\" \/>\n<link rel=\"canonical\" href=\"https:\/\/www.chemipaz.com\/vi\/privacy\/\" \/>\n<meta property=\"og:locale\" content=\"vi_VN\" \/>\n<meta property=\"og:type\" content=\"article\" \/>\n<meta property=\"og:title\" content=\"CH\u00cdNH S\u00c1CH B\u1ea2O V\u1ec6 TH\u00d4NG TIN C\u00c1 NH\u00c2N - C\u00d4NG TY SEIKO PMC CORPORATION\" \/>\n<meta property=\"og:description\" content=\"CHEMIPAZ CORPORATION (sau \u0111\u00e2y g\u1ecdi l\u00e0 \u201cC\u00f4ng ty\u201d) nh\u1eadn th\u1ee9c \u0111\u01b0\u1ee3c t\u1ea7m quan tr\u1ecdng c\u1ee7a th\u00f4ng tin c\u00e1 nh\u00e2n v\u00e0 n\u1ed7 l\u1ef1c b\u1ea3o v\u1ec7 th\u00f4ng tin c\u00e1 nh\u00e2n d\u1ef1a tr\u00ean ch\u00ednh s\u00e1ch c\u01a1 b\u1ea3n sau. 1.\u00a0Tu\u00e2n th\u1ee7 lu\u1eadt ph\u00e1p v\u00e0 c\u00e1c quy \u0111\u1ecbnh li\u00ean quan \u0111\u1ebfn vi\u1ec7c b\u1ea3o v\u1ec7 th\u00f4ng tin c\u00e1 nh\u00e2n Khi x\u1eed l\u00fd th\u00f4ng tin c\u00e1 nh\u00e2n, C\u00f4ng ty s\u1ebd tu\u00e2n th\u1ee7 lu\u1eadt ph\u00e1p v\u00e0 c\u00e1c quy \u0111\u1ecbnh kh\u00e1c \u00e1p d\u1ee5ng cho vi\u1ec7c b\u1ea3o v\u1ec7 th\u00f4ng tin c\u00e1 nh\u00e2n. 2. Thu th\u1eadp th\u00f4ng tin c\u00e1 nh\u00e2n Khi C\u00f4ng ty thu th\u1eadp th\u00f4ng tin c\u00e1 nh\u00e2n, C\u00f4ng ty s\u1ebd th\u1ef1c hi\u1ec7n vi\u1ec7c \u0111\u00f3 b\u1eb1ng c\u00e1c bi\u1ec7n ph\u00e1p h\u1ee3p [&hellip;]\" \/>\n<meta property=\"og:url\" content=\"https:\/\/www.chemipaz.com\/vi\/privacy\/\" \/>\n<meta property=\"og:site_name\" content=\"C\u00d4NG TY SEIKO PMC CORPORATION\" \/>\n<meta property=\"article:modified_time\" content=\"2025-03-11T14:26:04+00:00\" \/>\n<meta name=\"twitter:card\" content=\"summary_large_image\" \/>\n<meta name=\"twitter:label1\" content=\"\u01af\u1edbc t\u00ednh th\u1eddi gian \u0111\u1ecdc\" \/>\n\t<meta name=\"twitter:data1\" content=\"3 ph\u00fat\" \/>\n<script type=\"application\/ld+json\" class=\"yoast-schema-graph\">{\"@context\":\"https:\/\/schema.org\",\"@graph\":[{\"@type\":\"WebPage\",\"@id\":\"https:\/\/www.chemipaz.com\/vi\/privacy\/\",\"url\":\"https:\/\/www.chemipaz.com\/vi\/privacy\/\",\"name\":\"CH\u00cdNH S\u00c1CH B\u1ea2O V\u1ec6 TH\u00d4NG TIN C\u00c1 NH\u00c2N - C\u00d4NG TY SEIKO PMC CORPORATION\",\"isPartOf\":{\"@id\":\"https:\/\/www.chemipaz.com\/vi\/#website\"},\"datePublished\":\"2020-11-11T01:32:14+00:00\",\"dateModified\":\"2025-03-11T14:26:04+00:00\",\"breadcrumb\":{\"@id\":\"https:\/\/www.chemipaz.com\/vi\/privacy\/#breadcrumb\"},\"inLanguage\":\"vi\",\"potentialAction\":[{\"@type\":\"ReadAction\",\"target\":[\"https:\/\/www.chemipaz.com\/vi\/privacy\/\"]}]},{\"@type\":\"BreadcrumbList\",\"@id\":\"https:\/\/www.chemipaz.com\/vi\/privacy\/#breadcrumb\",\"itemListElement\":[{\"@type\":\"ListItem\",\"position\":1,\"name\":\"Trang ch\u1ee7\",\"item\":\"https:\/\/www.chemipaz.com\/vi\/\"},{\"@type\":\"ListItem\",\"position\":2,\"name\":\"CH\u00cdNH S\u00c1CH B\u1ea2O V\u1ec6 TH\u00d4NG TIN C\u00c1 NH\u00c2N\"}]},{\"@type\":\"WebSite\",\"@id\":\"https:\/\/www.chemipaz.com\/vi\/#website\",\"url\":\"https:\/\/www.chemipaz.com\/vi\/\",\"name\":\"C\u00d4NG TY SEIKO PMC CORPORATION\",\"description\":\"Ch\u00fang t\u00f4i \u0111\u00e1p \u1ee9ng nhanh ch\u00f3ng nhu c\u1ea7u c\u1ee7a kh\u00e1ch h\u00e0ng b\u1eb1ng h\u1ec7 th\u1ed1ng ba trong m\u1ed9t, cung c\u1ea5p c\u00e1c h\u00f3a ch\u1ea5t s\u1ea3n xu\u1ea5t gi\u1ea5y v\u00e0 c\u00e1c s\u1ea3n ph\u1ea9m nh\u1ef1a c\u00f3 gi\u00e1 tr\u1ecb gia t\u0103ng cao.\",\"potentialAction\":[{\"@type\":\"SearchAction\",\"target\":{\"@type\":\"EntryPoint\",\"urlTemplate\":\"https:\/\/www.chemipaz.com\/vi\/?s={search_term_string}\"},\"query-input\":{\"@type\":\"PropertyValueSpecification\",\"valueRequired\":true,\"valueName\":\"search_term_string\"}}],\"inLanguage\":\"vi\"}]}<\/script>\n<!-- \/ Yoast SEO plugin. -->","yoast_head_json":{"title":"CH\u00cdNH S\u00c1CH B\u1ea2O V\u1ec6 TH\u00d4NG TIN C\u00c1 NH\u00c2N - C\u00d4NG TY SEIKO PMC CORPORATION","robots":{"index":"index","follow":"follow","max-snippet":"max-snippet:-1","max-image-preview":"max-image-preview:large","max-video-preview":"max-video-preview:-1"},"canonical":"https:\/\/www.chemipaz.com\/vi\/privacy\/","og_locale":"vi_VN","og_type":"article","og_title":"CH\u00cdNH S\u00c1CH B\u1ea2O V\u1ec6 TH\u00d4NG TIN C\u00c1 NH\u00c2N - C\u00d4NG TY SEIKO PMC CORPORATION","og_description":"CHEMIPAZ CORPORATION (sau \u0111\u00e2y g\u1ecdi l\u00e0 \u201cC\u00f4ng ty\u201d) nh\u1eadn th\u1ee9c \u0111\u01b0\u1ee3c t\u1ea7m quan tr\u1ecdng c\u1ee7a th\u00f4ng tin c\u00e1 nh\u00e2n v\u00e0 n\u1ed7 l\u1ef1c b\u1ea3o v\u1ec7 th\u00f4ng tin c\u00e1 nh\u00e2n d\u1ef1a tr\u00ean ch\u00ednh s\u00e1ch c\u01a1 b\u1ea3n sau. 1.\u00a0Tu\u00e2n th\u1ee7 lu\u1eadt ph\u00e1p v\u00e0 c\u00e1c quy \u0111\u1ecbnh li\u00ean quan \u0111\u1ebfn vi\u1ec7c b\u1ea3o v\u1ec7 th\u00f4ng tin c\u00e1 nh\u00e2n Khi x\u1eed l\u00fd th\u00f4ng tin c\u00e1 nh\u00e2n, C\u00f4ng ty s\u1ebd tu\u00e2n th\u1ee7 lu\u1eadt ph\u00e1p v\u00e0 c\u00e1c quy \u0111\u1ecbnh kh\u00e1c \u00e1p d\u1ee5ng cho vi\u1ec7c b\u1ea3o v\u1ec7 th\u00f4ng tin c\u00e1 nh\u00e2n. 2. Thu th\u1eadp th\u00f4ng tin c\u00e1 nh\u00e2n Khi C\u00f4ng ty thu th\u1eadp th\u00f4ng tin c\u00e1 nh\u00e2n, C\u00f4ng ty s\u1ebd th\u1ef1c hi\u1ec7n vi\u1ec7c \u0111\u00f3 b\u1eb1ng c\u00e1c bi\u1ec7n ph\u00e1p h\u1ee3p [&hellip;]","og_url":"https:\/\/www.chemipaz.com\/vi\/privacy\/","og_site_name":"C\u00d4NG TY SEIKO PMC CORPORATION","article_modified_time":"2025-03-11T14:26:04+00:00","twitter_card":"summary_large_image","twitter_misc":{"\u01af\u1edbc t\u00ednh th\u1eddi gian \u0111\u1ecdc":"3 ph\u00fat"},"schema":{"@context":"https:\/\/schema.org","@graph":[{"@type":"WebPage","@id":"https:\/\/www.chemipaz.com\/vi\/privacy\/","url":"https:\/\/www.chemipaz.com\/vi\/privacy\/","name":"CH\u00cdNH S\u00c1CH B\u1ea2O V\u1ec6 TH\u00d4NG TIN C\u00c1 NH\u00c2N - C\u00d4NG TY SEIKO PMC CORPORATION","isPartOf":{"@id":"https:\/\/www.chemipaz.com\/vi\/#website"},"datePublished":"2020-11-11T01:32:14+00:00","dateModified":"2025-03-11T14:26:04+00:00","breadcrumb":{"@id":"https:\/\/www.chemipaz.com\/vi\/privacy\/#breadcrumb"},"inLanguage":"vi","potentialAction":[{"@type":"ReadAction","target":["https:\/\/www.chemipaz.com\/vi\/privacy\/"]}]},{"@type":"BreadcrumbList","@id":"https:\/\/www.chemipaz.com\/vi\/privacy\/#breadcrumb","itemListElement":[{"@type":"ListItem","position":1,"name":"Trang ch\u1ee7","item":"https:\/\/www.chemipaz.com\/vi\/"},{"@type":"ListItem","position":2,"name":"CH\u00cdNH S\u00c1CH B\u1ea2O V\u1ec6 TH\u00d4NG TIN C\u00c1 NH\u00c2N"}]},{"@type":"WebSite","@id":"https:\/\/www.chemipaz.com\/vi\/#website","url":"https:\/\/www.chemipaz.com\/vi\/","name":"C\u00d4NG TY SEIKO PMC CORPORATION","description":"Ch\u00fang t\u00f4i \u0111\u00e1p \u1ee9ng nhanh ch\u00f3ng nhu c\u1ea7u c\u1ee7a kh\u00e1ch h\u00e0ng b\u1eb1ng h\u1ec7 th\u1ed1ng ba trong m\u1ed9t, cung c\u1ea5p c\u00e1c h\u00f3a ch\u1ea5t s\u1ea3n xu\u1ea5t gi\u1ea5y v\u00e0 c\u00e1c s\u1ea3n ph\u1ea9m nh\u1ef1a c\u00f3 gi\u00e1 tr\u1ecb gia t\u0103ng cao.","potentialAction":[{"@type":"SearchAction","target":{"@type":"EntryPoint","urlTemplate":"https:\/\/www.chemipaz.com\/vi\/?s={search_term_string}"},"query-input":{"@type":"PropertyValueSpecification","valueRequired":true,"valueName":"search_term_string"}}],"inLanguage":"vi"}]}},"_links":{"self":[{"href":"https:\/\/www.chemipaz.com\/vi\/wp-json\/wp\/v2\/pages\/480","targetHints":{"allow":["GET"]}}],"collection":[{"href":"https:\/\/www.chemipaz.com\/vi\/wp-json\/wp\/v2\/pages"}],"about":[{"href":"https:\/\/www.chemipaz.com\/vi\/wp-json\/wp\/v2\/types\/page"}],"author":[{"embeddable":true,"href":"https:\/\/www.chemipaz.com\/vi\/wp-json\/wp\/v2\/users\/6"}],"replies":[{"embeddable":true,"href":"https:\/\/www.chemipaz.com\/vi\/wp-json\/wp\/v2\/comments?post=480"}],"version-history":[{"count":4,"href":"https:\/\/www.chemipaz.com\/vi\/wp-json\/wp\/v2\/pages\/480\/revisions"}],"predecessor-version":[{"id":9901,"href":"https:\/\/www.chemipaz.com\/vi\/wp-json\/wp\/v2\/pages\/480\/revisions\/9901"}],"wp:attachment":[{"href":"https:\/\/www.chemipaz.com\/vi\/wp-json\/wp\/v2\/media?parent=480"}],"curies":[{"name":"wp","href":"https:\/\/api.w.org\/{rel}","templated":true}]}}