{"id":468,"date":"2020-11-11T10:32:14","date_gmt":"2020-11-11T01:32:14","guid":{"rendered":"https:\/\/www.chemipaz.com\/vi\/info-vision\/"},"modified":"2025-07-02T16:11:49","modified_gmt":"2025-07-02T07:11:49","slug":"network","status":"publish","type":"page","link":"https:\/\/www.chemipaz.com\/vi\/info\/network\/","title":{"rendered":"Danh s\u00e1ch c\u00e1c doanh nghi\u1ec7p\/v\u0103n ph\u00f2ng kinh doanh thu\u1ed9c T\u1eadp \u0111o\u00e0n"},"content":{"rendered":"\n<div class=\"wp-block-cover is-light under-mv-static\" style=\"min-height:455px;aspect-ratio:unset;\"><span aria-hidden=\"true\" class=\"wp-block-cover__background has-black-background-color has-background-dim-0 has-background-dim\"><\/span><img decoding=\"async\" class=\"wp-block-cover__image-background wp-image-10953\" alt=\"\" src=\"https:\/\/www.chemipaz.com\/wp-content\/uploads\/2025\/01\/Rectangle-38.png\" data-object-fit=\"cover\" \/><div class=\"wp-block-cover__inner-container is-layout-constrained wp-block-cover-is-layout-constrained\"><div class=\"yoast-breadcrumbs\"><span><span><a href=\"https:\/\/www.chemipaz.com\/vi\/\">Trang ch\u1ee7<\/a><\/span> \u00bb <span><a href=\"https:\/\/www.chemipaz.com\/vi\/info\/\">Th\u00f4ng tin c\u00f4ng ty<\/a><\/span> \u00bb <span class=\"breadcrumb_last\" aria-current=\"page\">Danh s\u00e1ch c\u00e1c doanh nghi\u1ec7p\/v\u0103n ph\u00f2ng kinh doanh thu\u1ed9c T\u1eadp \u0111o\u00e0n<\/span><\/span><\/div>\n\n\n<p class=\"has-text-align-center\">CORPORATE INFORMATION<\/p>\n\n\n<h2 class=\"has-text-align-center wp-block-post-title\">Danh s\u00e1ch c\u00e1c doanh nghi\u1ec7p\/v\u0103n ph\u00f2ng kinh doanh thu\u1ed9c T\u1eadp \u0111o\u00e0n<\/h2>\n\n\n<figure class=\"wp-block-image size-full is-resized bg-sp\"><img decoding=\"async\" src=\"https:\/\/www.chemipaz.com\/wp-content\/uploads\/2025\/03\/corp-network-mv-sp.png\" alt=\"\" class=\"wp-image-13812\" style=\"width:248px;height:auto\" \/><\/figure>\n<\/div><\/div>\n\n\n\n<div id=\"corp-gruop\" class=\"wp-block-group corp-gruop is-layout-constrained wp-block-group-is-layout-constrained\">\n<div class=\"wp-block-group inner is-layout-constrained wp-block-group-is-layout-constrained\">\n<h2 class=\"wp-block-heading title-type04\">Danh s\u00e1ch li\u00ean h\u1ec7 c\u1ee7a T\u1eadp \u0111o\u00e0n CHEMIPAZ<\/h2>\n\n\n\n<div class=\"wp-block-group page-link-nav is-nowrap is-layout-flex wp-container-core-group-is-layout-ad2f72ca wp-block-group-is-layout-flex\">\n<p><a href=\"#sec01\">CHEMIPAZ CORPORATION<\/a><\/p>\n\n\n\n<p><a href=\"#sec02\">B\u1ed9 ph\u1eadn Qu\u1ea3n l\u00fd kinh doanh h\u00f3a ch\u1ea5t ng\u00e0nh gi\u1ea5y<\/a><\/p>\n\n\n\n<p><a href=\"#sec03\">B\u1ed9 ph\u1eadn Qu\u1ea3n l\u00fd kinh doanh nh\u1ef1a<\/a><\/p>\n\n\n\n<p><a href=\"#sec04\">C\u01a1 s\u1edf nghi\u00ean c\u1ee9u v\u00e0 ph\u00e1t tri\u1ec3n<\/a><\/p>\n\n\n\n<p><a href=\"#sec05\">C\u01a1 s\u1edf s\u1ea3n xu\u1ea5t<\/a><\/p>\n\n\n\n<p><a href=\"#sec06\">C\u00e1c c\u00f4ng ty thu\u1ed9c T\u1eadp \u0111o\u00e0n \u1edf Nh\u1eadt B\u1ea3n<\/a><\/p>\n\n\n\n<p><a href=\"#sec07\">C\u00e1c c\u00f4ng ty th\u00e0nh vi\u00ean thu\u1ed9c T\u1eadp \u0111o\u00e0n \u1edf n\u01b0\u1edbc ngo\u00e0i<\/a><\/p>\n<\/div>\n\n\n\n<div class=\"wp-block-group company-list is-layout-constrained wp-block-group-is-layout-constrained\">\n<div class=\"wp-block-group company-list__item is-layout-constrained wp-block-group-is-layout-constrained\">\n<h3 class=\"wp-block-heading title-type05\" id=\"sec01\">B\u1ed9 ph\u1eadn Qu\u1ea3n l\u00fd kinh doanh h\u00f3a ch\u1ea5t ng\u00e0nh gi\u1ea5y<\/h3>\n\n\n\n<div class=\"wp-block-group company-list__detail is-layout-constrained wp-block-group-is-layout-constrained\">\n<p><strong>Tr\u1ee5 s\u1edf ch\u00ednh<br><\/strong>8F T\u00f2a nh\u00e0 Wakamatsu, 3-3-6 Nihonbashi Honcho, Chuo-ku, Tokyo 103-0023, Nh\u1eadt B\u1ea3n<br>\u0110T: +81-3-6202-7331 (T\u1ed5ng \u0111\u00e0i)\u3000 FAX: +81-3-6202-7341<\/p>\n<\/div>\n<\/div>\n\n\n\n<div class=\"wp-block-group company-list__item is-layout-constrained wp-block-group-is-layout-constrained\">\n<h3 class=\"wp-block-heading title-type05\" id=\"sec02\">B\u1ed9 ph\u1eadn Qu\u1ea3n l\u00fd kinh doanh h\u00f3a ch\u1ea5t ng\u00e0nh gi\u1ea5y<\/h3>\n\n\n\n<div class=\"wp-block-group company-list__detail is-layout-constrained wp-block-group-is-layout-constrained\">\n<h4 class=\"wp-block-heading subtitle\">Chi nh\u00e1nh Higashi-Nihon<\/h4>\n\n\n\n<p><strong>B\u1ed9 ph\u1eadn ph\u1ee5 tr\u00e1ch khu v\u1ef1c Tohoku<br><\/strong>Ph\u00f2ng D, 2F, 5-19-17 Nakayama, Aoba-ku, Sendai-shi, Miyagi 981-0952, Nh\u1eadt B\u1ea3n<br>\u0110T: +81-22-279-7177\u3000 FAX: +81-22-279-7167<\/p>\n\n\n\n<p><strong>B\u1ed9 ph\u1eadn ph\u1ee5 tr\u00e1ch khu v\u1ef1c Tokyo<br><\/strong>8F T\u00f2a nh\u00e0 Wakamatsu, 3-3-6 Nihonbashi Honcho, Chuo-ku, Tokyo 103-0023, Nh\u1eadt B\u1ea3n<br>+81-3-6202-7333\u3000+81-3-6202-7343<\/p>\n\n\n\n<h4 class=\"wp-block-heading subtitle\">Chi nh\u00e1nh Fuji<\/h4>\n\n\n\n<p><strong>B\u1ed9 ph\u1eadn ph\u1ee5 tr\u00e1ch khu v\u1ef1c Fuji<br><\/strong>6-8-21 Yokowari, Fuji-shi, Shizuoka 416-0944, Nh\u1eadt B\u1ea3n<br>+81-545-64-0914\u3000+81-545-64-0994<\/p>\n\n\n\n<h4 class=\"wp-block-heading subtitle\">Chi nh\u00e1nh Nishi-Nihon<\/h4>\n\n\n\n<p><strong>B\u1ed9 ph\u1eadn ph\u1ee5 tr\u00e1ch khu v\u1ef1c Kansai<br><\/strong>1-1-1 Tateishi, Akashi-shi, Hyogo 673-0032, Nh\u1eadt B\u1ea3n<br>+81-78-925-0565\u3000+81-78-925-0558<\/p>\n\n\n\n<p class=\"company-list__detail\"><strong>B\u1ed9 ph\u1eadn ph\u1ee5 tr\u00e1ch khu v\u1ef1c Kyushu<\/strong><br>T\u00f2a nh\u00e0 Sumiyon 101, 4-2-15 Sumiyoshi, Hakata-ku, Fukuoka 812-0018, Nh\u1eadt B\u1ea3n<br>+81-92-431-5611\u3000+81-92-431-5618<\/p>\n\n\n\n<div class=\"wp-block-group company-list__item is-layout-constrained wp-block-group-is-layout-constrained\">\n<h3 class=\"wp-block-heading title-type05\" id=\"sec03\">B\u1ed9 ph\u1eadn Qu\u1ea3n l\u00fd kinh doanh nh\u1ef1a<\/h3>\n\n\n\n<div class=\"wp-block-group company-list__detail is-layout-constrained wp-block-group-is-layout-constrained\">\n<p><strong>B\u1ed9 ph\u1eadn ph\u1ee5 tr\u00e1ch khu v\u1ef1c Kanto<br><\/strong>8F T\u00f2a nh\u00e0 Wakamatsu, 3-3-6 Nihonbashi Honcho, Chuo-ku, Tokyo 103-0023, Nh\u1eadt B\u1ea3n<br>+81-3-3548-3933\u3000+81-3-3548-3938<\/p>\n\n\n\n<p><strong>B\u1ed9 ph\u1eadn ph\u1ee5 tr\u00e1ch khu v\u1ef1c Kansai<br><\/strong>1-1-1 Tateishi, Akashi-shi, Hyogo 673-0032, Nh\u1eadt B\u1ea3n<br>+81-78-925-8612\u3000+81-78-925-8616<\/p>\n<\/div>\n<\/div>\n\n\n\n<div class=\"wp-block-group company-list__item is-layout-constrained wp-block-group-is-layout-constrained\">\n<h3 class=\"wp-block-heading title-type05\" id=\"sec04\">C\u01a1 s\u1edf Nghi\u00ean c\u1ee9u v\u00e0 Ph\u00e1t tri\u1ec3n<\/h3>\n\n\n\n<div class=\"wp-block-group company-list__detail is-layout-constrained wp-block-group-is-layout-constrained\">\n<p><strong>Trung t\u00e2m nghi\u00ean c\u1ee9u Chiba<br><\/strong>2-3-37 Onodai, Midori-ku, Chiba-shi, Chiba 267-0056, Nh\u1eadt B\u1ea3n<br>+81-43-226-5911\u3000+81-43-226-5928<\/p>\n\n\n\n<p><strong>Trung t\u00e2m nghi\u00ean c\u1ee9u Ichihara<br><\/strong>17-2 Yawatakaigan-dori, Ichihara-shi, Chiba 290-0067, Nh\u1eadt B\u1ea3n<br>+81-436-41-2451\u3000+81-436-43-3107<\/p>\n\n\n\n<p><strong>Trung t\u00e2m nghi\u00ean c\u1ee9u Akashi<br><\/strong>1-1-1 Tateishi, Akashi-shi, Hyogo 673-0032, Nh\u1eadt B\u1ea3n<br>+81-78-925-8618\u3000+81-78-926-2090<\/p>\n<\/div>\n<\/div>\n\n\n\n<div class=\"wp-block-group company-list__item is-layout-constrained wp-block-group-is-layout-constrained\">\n<h3 class=\"wp-block-heading title-type05\" id=\"sec05\">C\u01a1 s\u1edf s\u1ea3n xu\u1ea5t<\/h3>\n\n\n\n<div class=\"wp-block-group company-list__detail is-layout-constrained wp-block-group-is-layout-constrained\">\n<p>Nh\u00e0 m\u00e1y Iwai<br>28 Koshindaira, Bando-shi, Ibaraki 306-0608, Nh\u1eadt B\u1ea3n<br>+81-297-35-9910\u3000+81-297-35-9315<\/p>\n\n\n\n<p>Nh\u00e0 m\u00e1y Ryugasaki<br>Khu c\u00f4ng nghi\u1ec7p Tsukubanosato, 5-3-1 Koyodai, Ryugasaki-shi, Ibaraki 301-0852, Nh\u1eadt B\u1ea3n<br>+81-297-64-2331\u3000+81-297-64-2363<\/p>\n\n\n\n<p>Nh\u00e0 m\u00e1y Chiba<br>Trong Nh\u00e0 m\u00e1y Chiba c\u1ee7a t\u1eadp \u0111o\u00e0n DIC, 12 Yawatakaigan-dori, Ichihara-shi, Chiba 290-0067, Nh\u1eadt B\u1ea3n<br>+81-436-41-2346\u3000+81-436-41-3675<\/p>\n\n\n\n<p>Nh\u00e0 m\u00e1y Shizuoka<br>4386-1 Utsubusa, Fujinomiya-shi, Shizuoka 419-0317, Nh\u1eadt B\u1ea3n<br>+81-544-65-2310\u3000+81-544-65-2319<\/p>\n\n\n\n<p>Nh\u00e0 m\u00e1y Harima<br>47-2 Niijima, Harima-sho, Kako-gun, Hyogo 675-0155, Nh\u1eadt B\u1ea3n<br>+81-79-437-7687\u3000+81-79-437-4139<\/p>\n\n\n\n<p>Nh\u00e0 m\u00e1y Mizushima<br>8252-40 Shinminato, Tamashima-otoshima, Kurashiki-shi, Okayama 713-8103, Nh\u1eadt B\u1ea3n<br>+81-86-522-7822\u3000 +81-86-522-7820<\/p>\n\n\n\n<div class=\"wp-block-group company-list__item is-layout-constrained wp-block-group-is-layout-constrained\">\n<h3 class=\"wp-block-heading title-type05\" id=\"sec06\">C\u00e1c c\u00f4ng ty thu\u1ed9c T\u1eadp \u0111o\u00e0n t\u1ea1i Nh\u1eadt B\u1ea3n<\/h3>\n\n\n\n<div class=\"wp-block-group company-list__detail is-layout-constrained wp-block-group-is-layout-constrained\">\n<p class=\"link-type01\"><a href=\"https:\/\/www.kjchemicals.co.jp\/\" target=\"_blank\" rel=\"noreferrer noopener\">KJ Chemicals Corporation<\/a><\/p>\n\n\n\n<p><strong>Tr\u1ee5 s\u1edf ch\u00ednh<br><\/strong>2F T\u00f2a nh\u00e0 Wakamatsu, 3-3-6 Nihonbashi Honcho, Chuo-ku, Tokyo 103-0023, Nh\u1eadt B\u1ea3n<br>+81-3-3242-3018\u3000+81-3-3242-3077<\/p>\n\n\n\n<p><strong>Nh\u00e0 m\u00e1y Yatsushiro<br><\/strong>1-3 Kokokucho, Yatsushiro-shi, Kumamoto 866-0881, Nh\u1eadt B\u1ea3n<br>+81-965-33-9797\u3000+81-965-33-9705<\/p>\n\n\n\n<p class=\"link-type01\"><a href=\"https:\/\/www.marine-nf.com\/\" target=\"_blank\" rel=\"noreferrer noopener\">Marine Nano-fiber Co., Ltd.<\/a><\/p>\n\n\n\n<p><strong>Tr\u1ee5 s\u1edf ch\u00ednh<br><\/strong>1F Serenaru IZUMI, 1-419 Kita, Koyamacho, Tottori-shi, Tottori 680-0941, Nh\u1eadt B\u1ea3n<br>+81-857-28-5228\u3000+81-857-28-5228<\/p>\n\n\n\n<p><strong>Nh\u00e0 m\u00e1y Chiyomi<br><\/strong>2-88 Chiyomi, Tottori-shi, Tottori 680-0911, Nh\u1eadt B\u1ea3n<br>+81-857-32-9941<\/p>\n<\/div>\n<\/div>\n<\/div>\n<\/div>\n\n\n\n<div class=\"wp-block-group company-list__item is-layout-constrained wp-block-group-is-layout-constrained\">\n<h3 class=\"wp-block-heading title-type05\" id=\"sec07\">C\u00e1c c\u00f4ng ty th\u00e0nh vi\u00ean thu\u1ed9c T\u1eadp \u0111o\u00e0n \u1edf n\u01b0\u1edbc ngo\u00e0i<\/h3>\n\n\n\n<div class=\"wp-block-group company-list__detail is-layout-constrained wp-block-group-is-layout-constrained\">\n<p><strong>SEIKO PMC (ZHANGJIAGANG) CORPORATION<br><\/strong>68-Nanhai Road, Jiangsu Yangtze River International Chemicals Park, Zhangjiagang, Jiangsu, P.R.China 215633<br>+86-512-5893-7260\u3000+86-512-5893-7601<\/p>\n\n\n\n<p><strong>Seiko PMC (Shanghai) Commerce &amp; Trading Corp.<br><\/strong>Room 905, No. 1065 Zhaojiabang Road, Xuhui District, Shanghai, P.R.China 200030<br>+86-21-52283211\u3000+86-21-62187200<\/p>\n\n\n\n<p><strong>Total Acrylic Polymer Industry Corporation<br><\/strong>No 7., Kung-Yeh 5th. Rd., Ping-Zhen Industrial Park, Taoyuan City, Taiwan. 32459<br>+886-3-469-2301\u3000+886-3-469-2320<\/p>\n\n\n\n<p><strong>SEIKO PMC VIETNAM CO., LTD.<br><\/strong>N2 Road, Lot D4, Phu My 3 Specialized Industrial Park, Tan Phuoc Ward, Ho Chi Minh City, Vietnam<\/p>\n<\/div>\n<\/div>\n<\/div>\n<\/div>\n<\/div>\n<\/div>\n<\/div>\n\n\n\n            <div class=\"under-bottom-nav\">\n                <div class=\"inner\">\n                    <p class=\"under-bottom-nav__link01\"><a href=\"https:\/\/www.chemipaz.com\/vi\/info\/\">Th\u00f4ng tin c\u00f4ng ty<\/a><\/p>\n                    <div class=\"under-bottom-nav__link02\">\n                        <a class=\"item\" href=\"https:\/\/www.chemipaz.com\/vi\/info\/profile\/\">T\u1ed5ng quan c\u00f4ng ty<\/a><a class=\"item\" href=\"https:\/\/www.chemipaz.com\/vi\/info\/system\/\">C\u01a1 c\u1ea5u doanh nghi\u1ec7p<\/a><a class=\"item\" href=\"https:\/\/www.chemipaz.com\/vi\/info\/introduction\/\">Gi\u1edbi thi\u1ec7u doanh nghi\u1ec7p<\/a><a class=\"item\" href=\"https:\/\/www.chemipaz.com\/vi\/info\/network\/\">Danh s\u00e1ch c\u00e1c doanh nghi\u1ec7p\/v\u0103n ph\u00f2ng kinh doanh thu\u1ed9c T\u1eadp \u0111o\u00e0n<\/a>\n                    <\/div>\n                <\/div>\n            <\/div>\n        \n\n\n\n<p><\/p>\n","protected":false},"excerpt":{"rendered":"<p>Danh s\u00e1ch li\u00ean h\u1ec7 c\u1ee7a T\u1eadp \u0111o\u00e0n CHEMIPAZ CHEMIPAZ CORPORATION B\u1ed9 ph\u1eadn Qu\u1ea3n l\u00fd kinh doanh h\u00f3a ch\u1ea5t ng\u00e0nh gi\u1ea5y B\u1ed9 ph\u1eadn Qu\u1ea3n l\u00fd kinh doanh nh\u1ef1a C\u01a1 s\u1edf nghi\u00ean c\u1ee9u v\u00e0 ph\u00e1t tri\u1ec3n C\u01a1 s\u1edf s\u1ea3n xu\u1ea5t C\u00e1c c\u00f4ng ty thu\u1ed9c T\u1eadp \u0111o\u00e0n \u1edf Nh\u1eadt B\u1ea3n C\u00e1c c\u00f4ng ty th\u00e0nh vi\u00ean thu\u1ed9c T\u1eadp \u0111o\u00e0n \u1edf n\u01b0\u1edbc ngo\u00e0i B\u1ed9 ph\u1eadn Qu\u1ea3n l\u00fd kinh doanh h\u00f3a ch\u1ea5t ng\u00e0nh gi\u1ea5y Tr\u1ee5 s\u1edf ch\u00ednh8F T\u00f2a nh\u00e0 Wakamatsu, 3-3-6 Nihonbashi Honcho, Chuo-ku, Tokyo 103-0023, Nh\u1eadt B\u1ea3n\u0110T: +81-3-6202-7331 (T\u1ed5ng \u0111\u00e0i)\u3000 FAX: +81-3-6202-7341 B\u1ed9 ph\u1eadn Qu\u1ea3n l\u00fd kinh doanh h\u00f3a ch\u1ea5t ng\u00e0nh gi\u1ea5y Chi nh\u00e1nh Higashi-Nihon B\u1ed9 ph\u1eadn ph\u1ee5 tr\u00e1ch khu v\u1ef1c TohokuPh\u00f2ng D, 2F, 5-19-17 [&hellip;]<\/p>\n","protected":false},"author":6,"featured_media":0,"parent":469,"menu_order":10,"comment_status":"closed","ping_status":"closed","template":"","meta":{"_acf_changed":false,"footnotes":""},"class_list":["post-468","page","type-page","status-publish","hentry"],"acf":[],"yoast_head":"<!-- This site is optimized with the Yoast SEO plugin v27.4 - https:\/\/yoast.com\/product\/yoast-seo-wordpress\/ -->\n<title>Danh s\u00e1ch c\u00e1c doanh nghi\u1ec7p\/v\u0103n ph\u00f2ng kinh doanh thu\u1ed9c T\u1eadp \u0111o\u00e0n - C\u00d4NG TY SEIKO PMC CORPORATION<\/title>\n<meta name=\"robots\" content=\"index, follow, max-snippet:-1, max-image-preview:large, max-video-preview:-1\" \/>\n<link rel=\"canonical\" href=\"https:\/\/www.chemipaz.com\/vi\/info\/network\/\" \/>\n<meta property=\"og:locale\" content=\"vi_VN\" \/>\n<meta property=\"og:type\" content=\"article\" \/>\n<meta property=\"og:title\" content=\"Danh s\u00e1ch c\u00e1c doanh nghi\u1ec7p\/v\u0103n ph\u00f2ng kinh doanh thu\u1ed9c T\u1eadp \u0111o\u00e0n - C\u00d4NG TY SEIKO PMC CORPORATION\" \/>\n<meta property=\"og:description\" content=\"Danh s\u00e1ch li\u00ean h\u1ec7 c\u1ee7a T\u1eadp \u0111o\u00e0n CHEMIPAZ CHEMIPAZ CORPORATION B\u1ed9 ph\u1eadn Qu\u1ea3n l\u00fd kinh doanh h\u00f3a ch\u1ea5t ng\u00e0nh gi\u1ea5y B\u1ed9 ph\u1eadn Qu\u1ea3n l\u00fd kinh doanh nh\u1ef1a C\u01a1 s\u1edf nghi\u00ean c\u1ee9u v\u00e0 ph\u00e1t tri\u1ec3n C\u01a1 s\u1edf s\u1ea3n xu\u1ea5t C\u00e1c c\u00f4ng ty thu\u1ed9c T\u1eadp \u0111o\u00e0n \u1edf Nh\u1eadt B\u1ea3n C\u00e1c c\u00f4ng ty th\u00e0nh vi\u00ean thu\u1ed9c T\u1eadp \u0111o\u00e0n \u1edf n\u01b0\u1edbc ngo\u00e0i B\u1ed9 ph\u1eadn Qu\u1ea3n l\u00fd kinh doanh h\u00f3a ch\u1ea5t ng\u00e0nh gi\u1ea5y Tr\u1ee5 s\u1edf ch\u00ednh8F T\u00f2a nh\u00e0 Wakamatsu, 3-3-6 Nihonbashi Honcho, Chuo-ku, Tokyo 103-0023, Nh\u1eadt B\u1ea3n\u0110T: +81-3-6202-7331 (T\u1ed5ng \u0111\u00e0i)\u3000 FAX: +81-3-6202-7341 B\u1ed9 ph\u1eadn Qu\u1ea3n l\u00fd kinh doanh h\u00f3a ch\u1ea5t ng\u00e0nh gi\u1ea5y Chi nh\u00e1nh Higashi-Nihon B\u1ed9 ph\u1eadn ph\u1ee5 tr\u00e1ch khu v\u1ef1c TohokuPh\u00f2ng D, 2F, 5-19-17 [&hellip;]\" \/>\n<meta property=\"og:url\" content=\"https:\/\/www.chemipaz.com\/vi\/info\/network\/\" \/>\n<meta property=\"og:site_name\" content=\"C\u00d4NG TY SEIKO PMC CORPORATION\" \/>\n<meta property=\"article:modified_time\" content=\"2025-07-02T07:11:49+00:00\" \/>\n<meta name=\"twitter:card\" content=\"summary_large_image\" \/>\n<meta name=\"twitter:label1\" content=\"\u01af\u1edbc t\u00ednh th\u1eddi gian \u0111\u1ecdc\" \/>\n\t<meta name=\"twitter:data1\" content=\"4 ph\u00fat\" \/>\n<script type=\"application\/ld+json\" class=\"yoast-schema-graph\">{\"@context\":\"https:\\\/\\\/schema.org\",\"@graph\":[{\"@type\":\"WebPage\",\"@id\":\"https:\\\/\\\/www.chemipaz.com\\\/vi\\\/info\\\/network\\\/\",\"url\":\"https:\\\/\\\/www.chemipaz.com\\\/vi\\\/info\\\/network\\\/\",\"name\":\"Danh s\u00e1ch c\u00e1c doanh nghi\u1ec7p\\\/v\u0103n ph\u00f2ng kinh doanh thu\u1ed9c T\u1eadp \u0111o\u00e0n - C\u00d4NG TY SEIKO PMC CORPORATION\",\"isPartOf\":{\"@id\":\"https:\\\/\\\/www.chemipaz.com\\\/vi\\\/#website\"},\"primaryImageOfPage\":{\"@id\":\"https:\\\/\\\/www.chemipaz.com\\\/vi\\\/info\\\/network\\\/#primaryimage\"},\"image\":{\"@id\":\"https:\\\/\\\/www.chemipaz.com\\\/vi\\\/info\\\/network\\\/#primaryimage\"},\"thumbnailUrl\":\"https:\\\/\\\/www.chemipaz.com\\\/wp-content\\\/uploads\\\/2025\\\/01\\\/Rectangle-38.png\",\"datePublished\":\"2020-11-11T01:32:14+00:00\",\"dateModified\":\"2025-07-02T07:11:49+00:00\",\"breadcrumb\":{\"@id\":\"https:\\\/\\\/www.chemipaz.com\\\/vi\\\/info\\\/network\\\/#breadcrumb\"},\"inLanguage\":\"vi\",\"potentialAction\":[{\"@type\":\"ReadAction\",\"target\":[\"https:\\\/\\\/www.chemipaz.com\\\/vi\\\/info\\\/network\\\/\"]}]},{\"@type\":\"ImageObject\",\"inLanguage\":\"vi\",\"@id\":\"https:\\\/\\\/www.chemipaz.com\\\/vi\\\/info\\\/network\\\/#primaryimage\",\"url\":\"https:\\\/\\\/www.chemipaz.com\\\/wp-content\\\/uploads\\\/2025\\\/01\\\/Rectangle-38.png\",\"contentUrl\":\"https:\\\/\\\/www.chemipaz.com\\\/wp-content\\\/uploads\\\/2025\\\/01\\\/Rectangle-38.png\"},{\"@type\":\"BreadcrumbList\",\"@id\":\"https:\\\/\\\/www.chemipaz.com\\\/vi\\\/info\\\/network\\\/#breadcrumb\",\"itemListElement\":[{\"@type\":\"ListItem\",\"position\":1,\"name\":\"Trang ch\u1ee7\",\"item\":\"https:\\\/\\\/www.chemipaz.com\\\/vi\\\/\"},{\"@type\":\"ListItem\",\"position\":2,\"name\":\"Th\u00f4ng tin c\u00f4ng ty\",\"item\":\"https:\\\/\\\/www.chemipaz.com\\\/vi\\\/info\\\/\"},{\"@type\":\"ListItem\",\"position\":3,\"name\":\"Danh s\u00e1ch c\u00e1c doanh nghi\u1ec7p\\\/v\u0103n ph\u00f2ng kinh doanh thu\u1ed9c T\u1eadp \u0111o\u00e0n\"}]},{\"@type\":\"WebSite\",\"@id\":\"https:\\\/\\\/www.chemipaz.com\\\/vi\\\/#website\",\"url\":\"https:\\\/\\\/www.chemipaz.com\\\/vi\\\/\",\"name\":\"C\u00d4NG TY SEIKO PMC CORPORATION\",\"description\":\"Ch\u00fang t\u00f4i \u0111\u00e1p \u1ee9ng nhanh ch\u00f3ng nhu c\u1ea7u c\u1ee7a kh\u00e1ch h\u00e0ng b\u1eb1ng h\u1ec7 th\u1ed1ng ba trong m\u1ed9t, cung c\u1ea5p c\u00e1c h\u00f3a ch\u1ea5t s\u1ea3n xu\u1ea5t gi\u1ea5y v\u00e0 c\u00e1c s\u1ea3n ph\u1ea9m nh\u1ef1a c\u00f3 gi\u00e1 tr\u1ecb gia t\u0103ng cao.\",\"potentialAction\":[{\"@type\":\"SearchAction\",\"target\":{\"@type\":\"EntryPoint\",\"urlTemplate\":\"https:\\\/\\\/www.chemipaz.com\\\/vi\\\/?s={search_term_string}\"},\"query-input\":{\"@type\":\"PropertyValueSpecification\",\"valueRequired\":true,\"valueName\":\"search_term_string\"}}],\"inLanguage\":\"vi\"}]}<\/script>\n<!-- \/ Yoast SEO plugin. -->","yoast_head_json":{"title":"Danh s\u00e1ch c\u00e1c doanh nghi\u1ec7p\/v\u0103n ph\u00f2ng kinh doanh thu\u1ed9c T\u1eadp \u0111o\u00e0n - C\u00d4NG TY SEIKO PMC CORPORATION","robots":{"index":"index","follow":"follow","max-snippet":"max-snippet:-1","max-image-preview":"max-image-preview:large","max-video-preview":"max-video-preview:-1"},"canonical":"https:\/\/www.chemipaz.com\/vi\/info\/network\/","og_locale":"vi_VN","og_type":"article","og_title":"Danh s\u00e1ch c\u00e1c doanh nghi\u1ec7p\/v\u0103n ph\u00f2ng kinh doanh thu\u1ed9c T\u1eadp \u0111o\u00e0n - C\u00d4NG TY SEIKO PMC CORPORATION","og_description":"Danh s\u00e1ch li\u00ean h\u1ec7 c\u1ee7a T\u1eadp \u0111o\u00e0n CHEMIPAZ CHEMIPAZ CORPORATION B\u1ed9 ph\u1eadn Qu\u1ea3n l\u00fd kinh doanh h\u00f3a ch\u1ea5t ng\u00e0nh gi\u1ea5y B\u1ed9 ph\u1eadn Qu\u1ea3n l\u00fd kinh doanh nh\u1ef1a C\u01a1 s\u1edf nghi\u00ean c\u1ee9u v\u00e0 ph\u00e1t tri\u1ec3n C\u01a1 s\u1edf s\u1ea3n xu\u1ea5t C\u00e1c c\u00f4ng ty thu\u1ed9c T\u1eadp \u0111o\u00e0n \u1edf Nh\u1eadt B\u1ea3n C\u00e1c c\u00f4ng ty th\u00e0nh vi\u00ean thu\u1ed9c T\u1eadp \u0111o\u00e0n \u1edf n\u01b0\u1edbc ngo\u00e0i B\u1ed9 ph\u1eadn Qu\u1ea3n l\u00fd kinh doanh h\u00f3a ch\u1ea5t ng\u00e0nh gi\u1ea5y Tr\u1ee5 s\u1edf ch\u00ednh8F T\u00f2a nh\u00e0 Wakamatsu, 3-3-6 Nihonbashi Honcho, Chuo-ku, Tokyo 103-0023, Nh\u1eadt B\u1ea3n\u0110T: +81-3-6202-7331 (T\u1ed5ng \u0111\u00e0i)\u3000 FAX: +81-3-6202-7341 B\u1ed9 ph\u1eadn Qu\u1ea3n l\u00fd kinh doanh h\u00f3a ch\u1ea5t ng\u00e0nh gi\u1ea5y Chi nh\u00e1nh Higashi-Nihon B\u1ed9 ph\u1eadn ph\u1ee5 tr\u00e1ch khu v\u1ef1c TohokuPh\u00f2ng D, 2F, 5-19-17 [&hellip;]","og_url":"https:\/\/www.chemipaz.com\/vi\/info\/network\/","og_site_name":"C\u00d4NG TY SEIKO PMC CORPORATION","article_modified_time":"2025-07-02T07:11:49+00:00","twitter_card":"summary_large_image","twitter_misc":{"\u01af\u1edbc t\u00ednh th\u1eddi gian \u0111\u1ecdc":"4 ph\u00fat"},"schema":{"@context":"https:\/\/schema.org","@graph":[{"@type":"WebPage","@id":"https:\/\/www.chemipaz.com\/vi\/info\/network\/","url":"https:\/\/www.chemipaz.com\/vi\/info\/network\/","name":"Danh s\u00e1ch c\u00e1c doanh nghi\u1ec7p\/v\u0103n ph\u00f2ng kinh doanh thu\u1ed9c T\u1eadp \u0111o\u00e0n - C\u00d4NG TY SEIKO PMC CORPORATION","isPartOf":{"@id":"https:\/\/www.chemipaz.com\/vi\/#website"},"primaryImageOfPage":{"@id":"https:\/\/www.chemipaz.com\/vi\/info\/network\/#primaryimage"},"image":{"@id":"https:\/\/www.chemipaz.com\/vi\/info\/network\/#primaryimage"},"thumbnailUrl":"https:\/\/www.chemipaz.com\/wp-content\/uploads\/2025\/01\/Rectangle-38.png","datePublished":"2020-11-11T01:32:14+00:00","dateModified":"2025-07-02T07:11:49+00:00","breadcrumb":{"@id":"https:\/\/www.chemipaz.com\/vi\/info\/network\/#breadcrumb"},"inLanguage":"vi","potentialAction":[{"@type":"ReadAction","target":["https:\/\/www.chemipaz.com\/vi\/info\/network\/"]}]},{"@type":"ImageObject","inLanguage":"vi","@id":"https:\/\/www.chemipaz.com\/vi\/info\/network\/#primaryimage","url":"https:\/\/www.chemipaz.com\/wp-content\/uploads\/2025\/01\/Rectangle-38.png","contentUrl":"https:\/\/www.chemipaz.com\/wp-content\/uploads\/2025\/01\/Rectangle-38.png"},{"@type":"BreadcrumbList","@id":"https:\/\/www.chemipaz.com\/vi\/info\/network\/#breadcrumb","itemListElement":[{"@type":"ListItem","position":1,"name":"Trang ch\u1ee7","item":"https:\/\/www.chemipaz.com\/vi\/"},{"@type":"ListItem","position":2,"name":"Th\u00f4ng tin c\u00f4ng ty","item":"https:\/\/www.chemipaz.com\/vi\/info\/"},{"@type":"ListItem","position":3,"name":"Danh s\u00e1ch c\u00e1c doanh nghi\u1ec7p\/v\u0103n ph\u00f2ng kinh doanh thu\u1ed9c T\u1eadp \u0111o\u00e0n"}]},{"@type":"WebSite","@id":"https:\/\/www.chemipaz.com\/vi\/#website","url":"https:\/\/www.chemipaz.com\/vi\/","name":"C\u00d4NG TY SEIKO PMC CORPORATION","description":"Ch\u00fang t\u00f4i \u0111\u00e1p \u1ee9ng nhanh ch\u00f3ng nhu c\u1ea7u c\u1ee7a kh\u00e1ch h\u00e0ng b\u1eb1ng h\u1ec7 th\u1ed1ng ba trong m\u1ed9t, cung c\u1ea5p c\u00e1c h\u00f3a ch\u1ea5t s\u1ea3n xu\u1ea5t gi\u1ea5y v\u00e0 c\u00e1c s\u1ea3n ph\u1ea9m nh\u1ef1a c\u00f3 gi\u00e1 tr\u1ecb gia t\u0103ng cao.","potentialAction":[{"@type":"SearchAction","target":{"@type":"EntryPoint","urlTemplate":"https:\/\/www.chemipaz.com\/vi\/?s={search_term_string}"},"query-input":{"@type":"PropertyValueSpecification","valueRequired":true,"valueName":"search_term_string"}}],"inLanguage":"vi"}]}},"_links":{"self":[{"href":"https:\/\/www.chemipaz.com\/vi\/wp-json\/wp\/v2\/pages\/468","targetHints":{"allow":["GET"]}}],"collection":[{"href":"https:\/\/www.chemipaz.com\/vi\/wp-json\/wp\/v2\/pages"}],"about":[{"href":"https:\/\/www.chemipaz.com\/vi\/wp-json\/wp\/v2\/types\/page"}],"author":[{"embeddable":true,"href":"https:\/\/www.chemipaz.com\/vi\/wp-json\/wp\/v2\/users\/6"}],"replies":[{"embeddable":true,"href":"https:\/\/www.chemipaz.com\/vi\/wp-json\/wp\/v2\/comments?post=468"}],"version-history":[{"count":100,"href":"https:\/\/www.chemipaz.com\/vi\/wp-json\/wp\/v2\/pages\/468\/revisions"}],"predecessor-version":[{"id":11749,"href":"https:\/\/www.chemipaz.com\/vi\/wp-json\/wp\/v2\/pages\/468\/revisions\/11749"}],"up":[{"embeddable":true,"href":"https:\/\/www.chemipaz.com\/vi\/wp-json\/wp\/v2\/pages\/469"}],"wp:attachment":[{"href":"https:\/\/www.chemipaz.com\/vi\/wp-json\/wp\/v2\/media?parent=468"}],"curies":[{"name":"wp","href":"https:\/\/api.w.org\/{rel}","templated":true}]}}