{"id":467,"date":"2020-11-11T10:32:14","date_gmt":"2020-11-11T01:32:14","guid":{"rendered":"https:\/\/www.chemipaz.com\/vi\/info-system\/"},"modified":"2025-04-22T14:29:21","modified_gmt":"2025-04-22T05:29:21","slug":"system","status":"publish","type":"page","link":"https:\/\/www.chemipaz.com\/vi\/info\/system\/","title":{"rendered":"C\u01a1 c\u1ea5u doanh nghi\u1ec7p"},"content":{"rendered":"\n<div class=\"wp-block-cover under-mv-static\" style=\"min-height:384px;aspect-ratio:unset;\"><span aria-hidden=\"true\" class=\"wp-block-cover__background has-black-background-color has-background-dim-0 has-background-dim\"><\/span><img decoding=\"async\" class=\"wp-block-cover__image-background wp-image-11476\" alt=\"\" src=\"https:\/\/www.chemipaz.com\/wp-content\/uploads\/2025\/01\/corp-system-mv.png\" data-object-fit=\"cover\"\/><div class=\"wp-block-cover__inner-container is-layout-constrained wp-block-cover-is-layout-constrained\"><div class=\"yoast-breadcrumbs\"><span><span><a href=\"https:\/\/www.chemipaz.com\/vi\/\">Trang ch\u1ee7<\/a><\/span> \u00bb <span><a href=\"https:\/\/www.chemipaz.com\/vi\/info\/\">Th\u00f4ng tin c\u00f4ng ty<\/a><\/span> \u00bb <span class=\"breadcrumb_last\" aria-current=\"page\">C\u01a1 c\u1ea5u doanh nghi\u1ec7p<\/span><\/span><\/div>\n\n\n<p class=\"has-text-align-center\">CORPORATE INFORMATION<\/p>\n\n\n<h2 class=\"has-text-align-center wp-block-post-title\">C\u01a1 c\u1ea5u doanh nghi\u1ec7p<\/h2><\/div><\/div>\n\n\n\n<div id=\"corp-system\" class=\"wp-block-group corp-system sec-type01 is-layout-constrained wp-block-group-is-layout-constrained\">\n<div class=\"wp-block-group intro is-layout-constrained wp-block-group-is-layout-constrained\">\n<div class=\"wp-block-group inner is-layout-constrained wp-block-group-is-layout-constrained\">\n<div class=\"wp-block-group title-type02 is-layout-constrained wp-block-group-is-layout-constrained\">\n<p class=\"en\">BUSINESS UNIT<\/p>\n<\/div>\n\n\n\n<h3 class=\"wp-block-heading title-type04\">H\u1ec7 th\u1ed1ng kinh doanh h\u01b0\u1edbng \u0111\u1ebfn<br>vi\u1ec7c cung c\u1ea5p d\u1ecbch v\u1ee5 l\u1ea5y kh\u00e1ch h\u00e0ng l\u00e0m tr\u1ecdng t\u00e2m v\u00e0 t\u1ea1o ra nh\u1eefng gi\u00e1 tr\u1ecb m\u1edbi<\/h3>\n\n\n\n<p class=\"has-text-align-center text-type01 size01\">T\u1eadp \u0111o\u00e0n CHEMIPAZ v\u1eadn h\u00e0nh theo m\u00f4 h\u00ecnh t\u1ed5 ch\u1ee9c g\u1ed3m hai \u0111\u01a1n v\u1ecb kinh doanh c\u00f9ng v\u1edbi b\u1ed9 ph\u1eadn doanh nghi\u1ec7p \u0111\u00f3ng vai tr\u00f2 k\u1ebft n\u1ed1i to\u00e0n b\u1ed9 T\u1eadp \u0111o\u00e0n.<br>B\u00ean trong t\u1eebng \u0111\u01a1n v\u1ecb kinh doanh, ch\u00fang t\u00f4i x\u00e2y d\u1ef1ng m\u1ed9t h\u1ec7 th\u1ed1ng linh ho\u1ea1t, k\u1ebft h\u1ee3p ch\u1eb7t ch\u1ebd gi\u1eefa s\u1ea3n xu\u1ea5t, kinh doanh v\u00e0 k\u1ef9 thu\u1eadt, gi\u00fap cung c\u1ea5p d\u1ecbch v\u1ee5 t\u1ed1t nh\u1ea5t cho kh\u00e1ch h\u00e0ng, \u0111\u1ed3ng th\u1eddi th\u00fac \u0111\u1ea9y s\u1ef1 h\u1ee3p t\u00e1c \u0111\u1ec3 t\u1ea1o ra gi\u00e1 tr\u1ecb c\u1ed9ng h\u01b0\u1edfng v\u01b0\u1ee3t ra ngo\u00e0i ranh gi\u1edbi c\u1ee7a c\u00e1c s\u1ea3n ph\u1ea9m ph\u1ee5 tr\u00e1ch.<\/p>\n<\/div>\n<\/div>\n\n\n\n<div class=\"wp-block-group business is-layout-constrained wp-block-group-is-layout-constrained\">\n<div class=\"wp-block-group business__item is-layout-constrained wp-block-group-is-layout-constrained\">\n<div class=\"wp-block-group business__detail is-layout-constrained wp-block-group-is-layout-constrained\">\n<figure class=\"wp-block-image size-full is-resized business__img\"><img decoding=\"async\" src=\"https:\/\/www.chemipaz.com\/wp-content\/uploads\/2025\/01\/corp-system-item01.png\" alt=\"\" class=\"wp-image-11477\" style=\"width:566px;height:auto\"\/><\/figure>\n\n\n\n<div class=\"wp-block-group inner is-vertical is-layout-flex wp-container-core-group-is-layout-8cf370e7 wp-block-group-is-layout-flex\">\n<div class=\"wp-block-group business__info is-layout-constrained wp-block-group-is-layout-constrained\">\n<p class=\"number\">Business Unit 01<\/p>\n\n\n\n<p class=\"title\">\u0110\u01a1n v\u1ecb kinh doanh v\u1eadt li\u1ec7u b\u1ec1n v\u1eefng<\/p>\n<\/div>\n\n\n\n<div class=\"wp-block-group business__text is-layout-constrained wp-block-group-is-layout-constrained\">\n<h2 class=\"wp-block-heading title\">Hi\u1ec7n th\u1ef1c h\u00f3a h\u1ec7 th\u1ed1ng cho ph\u00e9p cung c\u1ea5p s\u1ea3n ph\u1ea9m \u1ed5n \u0111\u1ecbnh trong v\u00e0 ngo\u00e0i n\u01b0\u1edbc<\/h2>\n\n\n\n<p class=\"text-type01 size01\">\u0110\u01a1n v\u1ecb kinh doanh v\u1eadt li\u1ec7u b\u1ec1n v\u1eefng l\u00e0 \u0111\u01a1n v\u1ecb kinh doanh ti\u1ebfn h\u00e0nh cung c\u1ea5p v\u1eadt li\u1ec7u b\u1ec1n v\u1eefng c\u0169ng nh\u01b0 \u0111\u1ec1 xu\u1ea5t c\u00e1c gi\u1ea3i ph\u00e1p cho ho\u1ea1t \u0111\u1ed9ng kinh doanh c\u1ee7a to\u00e0n t\u1eadp \u0111o\u00e0n trong l\u0129nh v\u1ef1c h\u00f3a ch\u1ea5t ng\u00e0nh gi\u1ea5y, nh\u1ef1a m\u1ef1c in v\u00e0 c\u00e1c s\u1ea3n ph\u1ea9m ph\u00e1t tri\u1ec3n m\u1edbi nh\u01b0 cellulose nano-fiber v\u00e0 nano b\u1ea1c, v.v\u2026<\/p>\n\n\n\n<p class=\"text-type01 size01\">Ngo\u00e0i 3 trung t\u00e2m nghi\u00ean c\u1ee9u trong n\u01b0\u1edbc, 6 nh\u00e0 m\u00e1y trong n\u01b0\u1edbc c\u1ee7a t\u1eadp \u0111o\u00e0n CHEMIPAZ, \u0111\u01a1n v\u1ecb kinh doanh n\u00e0y c\u00f2n bao g\u1ed3m c\u00f4ng ty TNHH Seiko PMC (Zhangjiagang), c\u00f4ng ty TNHH th\u01b0\u01a1ng m\u1ea1i v\u00e0 kinh doanh Seiko PMC (Shanghai), c\u00f4ng ty TNHH Seiko PMC Vi\u1ec7t Nam. T\u1eeb \u0111\u00f3, t\u1eadp \u0111o\u00e0n ch\u00fang t\u00f4i \u0111\u00e3 x\u00e2y d\u1ef1ng m\u1ed9t h\u1ec7 th\u1ed1ng cho ph\u00e9p trao \u0111\u1ed5i k\u1ef9 thu\u1eadt v\u01b0\u1ee3t ngo\u00e0i ph\u1ea1m vi c\u00e1c s\u1ea3n ph\u1ea9m v\u00e0 cung c\u1ea5p s\u1ea3n ph\u1ea9m \u1ed5n \u0111\u1ecbnh c\u1ea3 trong v\u00e0 ngo\u00e0i n\u01b0\u1edbc.<\/p>\n<\/div>\n<\/div>\n<\/div>\n\n\n\n<div class=\"wp-block-group business__list is-layout-constrained wp-block-group-is-layout-constrained\">\n<div class=\"wp-block-group inner is-vertical is-layout-flex wp-container-core-group-is-layout-8cf370e7 wp-block-group-is-layout-flex\">\n<p class=\"item\">CHEMIPAZ<\/p>\n\n\n\n<p class=\"item\">SEIKO PMC<br>VIETNAM <br class=\"sp\">CO., LTD.<\/p>\n\n\n\n<p class=\"item\">SEIKO PMC<br> (ZHANGJIAGANG)<br> CORPORATION<\/p>\n\n\n\n<p class=\"item\">Seiko PMC<br class=\"tab\"> (Shanghai) <br>Commerce &amp;<br class=\"tab\">Trading Corp.<\/p>\n\n\n\n<p class=\"item\">Marine Nano-fiber CO., LTD.<\/p>\n<\/div>\n<\/div>\n<\/div>\n\n\n\n<div class=\"wp-block-group business__item is-layout-constrained wp-block-group-is-layout-constrained\">\n<div class=\"wp-block-group business__detail is-layout-constrained wp-block-group-is-layout-constrained\">\n<figure class=\"wp-block-image size-full is-resized business__img\"><img decoding=\"async\" src=\"https:\/\/www.chemipaz.com\/wp-content\/uploads\/2025\/01\/corp-system-item02.png\" alt=\"\" class=\"wp-image-11475\" style=\"width:568px;height:auto\"\/><\/figure>\n\n\n\n<div class=\"wp-block-group inner is-vertical is-layout-flex wp-container-core-group-is-layout-8cf370e7 wp-block-group-is-layout-flex\">\n<div class=\"wp-block-group business__info is-layout-constrained wp-block-group-is-layout-constrained\">\n<p class=\"number\">Business Unit 02<\/p>\n\n\n\n<p class=\"title\">\u0110\u01a1n v\u1ecb kinh doanh h\u00f3a ch\u1ea5t \u0111\u1eb7c bi\u1ec7t<\/p>\n<\/div>\n\n\n\n<div class=\"wp-block-group business__text is-layout-constrained wp-block-group-is-layout-constrained\">\n<h2 class=\"wp-block-heading title\">Cung c\u1ea5p gi\u00e1 tr\u1ecb m\u1edbi tr\u00ean to\u00e0n c\u1ea7u<\/h2>\n\n\n\n<p class=\"text-type01 size01\">\u0110\u01a1n v\u1ecb kinh doanh h\u00f3a ch\u1ea5t \u0111\u1eb7c bi\u1ec7t l\u00e0 \u0111\u01a1n v\u1ecb kinh doanh bao g\u1ed3m c\u00f4ng ty KJ Chemicals Corporation, Total Acrylic Polymer Industry Corporation v\u00e0 b\u1ed9 ph\u1eadn qu\u1ea3n l\u00fd ho\u1ea1t \u0111\u1ed9ng kinh doanh c\u1ee7a c\u1ea3 hai c\u00f4ng ty.<br>Ngo\u00e0i c\u00e1c monomer v\u00e0 oligomer ch\u1ee9c n\u0103ng, dung m\u00f4i ch\u1ee9c n\u0103ng v\u00e0 ch\u1ea5t k\u1ebft d\u00ednh ch\u1ee9c n\u0103ng \u0111\u01b0\u1ee3c ph\u00e1t tri\u1ec3n v\u00e0 s\u1ea3n xu\u1ea5t b\u1eb1ng c\u00f4ng ngh\u1ec7 s\u1ea3n xu\u1ea5t \u0111\u1ed9c quy\u1ec1n, T\u1eadp \u0111o\u00e0n ch\u00fang t\u00f4i c\u00f2n cung c\u1ea5p c\u00e1c gi\u00e1 tr\u1ecb m\u1edbi \u0111\u01b0\u1ee3c t\u1ea1o ra th\u00f4ng qua s\u1ef1 h\u1ee3p t\u00e1c tr\u00ean ph\u1ea1m vi to\u00e0n c\u1ea7u.<\/p>\n<\/div>\n<\/div>\n<\/div>\n\n\n\n<div class=\"wp-block-group business__list is-layout-constrained wp-block-group-is-layout-constrained\">\n<div class=\"wp-block-group inner is-vertical is-layout-flex wp-container-core-group-is-layout-8cf370e7 wp-block-group-is-layout-flex\">\n<p class=\"item\">CHEMIPAZ<\/p>\n\n\n\n<p class=\"item\">KJ CHEMICALS<br>CORPORATION<\/p>\n\n\n\n<p class=\"item\">Total Acrylic <br class=\"tab\">Polymer<br class=\"pc\">Industry <br class=\"tab\">Corporation<\/p>\n<\/div>\n<\/div>\n<\/div>\n<\/div>\n<\/div>\n\n\n\n            <div class=\"under-bottom-nav\">\n                <div class=\"inner\">\n                    <p class=\"under-bottom-nav__link01\"><a href=\"https:\/\/www.chemipaz.com\/vi\/info\/\">Th\u00f4ng tin c\u00f4ng ty<\/a><\/p>\n                    <div class=\"under-bottom-nav__link02\">\n                        <a class=\"item\" href=\"https:\/\/www.chemipaz.com\/vi\/info\/profile\/\">T\u1ed5ng quan c\u00f4ng ty<\/a><a class=\"item\" href=\"https:\/\/www.chemipaz.com\/vi\/info\/system\/\">C\u01a1 c\u1ea5u doanh nghi\u1ec7p<\/a><a class=\"item\" href=\"https:\/\/www.chemipaz.com\/vi\/info\/introduction\/\">Gi\u1edbi thi\u1ec7u doanh nghi\u1ec7p<\/a><a class=\"item\" href=\"https:\/\/www.chemipaz.com\/vi\/info\/network\/\">Danh s\u00e1ch c\u00e1c doanh nghi\u1ec7p\/v\u0103n ph\u00f2ng kinh doanh thu\u1ed9c T\u1eadp \u0111o\u00e0n<\/a>\n                    <\/div>\n                <\/div>\n            <\/div>\n        \n\n\n\n<p><\/p>\n","protected":false},"excerpt":{"rendered":"<p>BUSINESS UNIT H\u1ec7 th\u1ed1ng kinh doanh h\u01b0\u1edbng \u0111\u1ebfnvi\u1ec7c cung c\u1ea5p d\u1ecbch v\u1ee5 l\u1ea5y kh\u00e1ch h\u00e0ng l\u00e0m tr\u1ecdng t\u00e2m v\u00e0 t\u1ea1o ra nh\u1eefng gi\u00e1 tr\u1ecb m\u1edbi T\u1eadp \u0111o\u00e0n CHEMIPAZ v\u1eadn h\u00e0nh theo m\u00f4 h\u00ecnh t\u1ed5 ch\u1ee9c g\u1ed3m hai \u0111\u01a1n v\u1ecb kinh doanh c\u00f9ng v\u1edbi b\u1ed9 ph\u1eadn doanh nghi\u1ec7p \u0111\u00f3ng vai tr\u00f2 k\u1ebft n\u1ed1i to\u00e0n b\u1ed9 T\u1eadp \u0111o\u00e0n.B\u00ean trong t\u1eebng \u0111\u01a1n v\u1ecb kinh doanh, ch\u00fang t\u00f4i x\u00e2y d\u1ef1ng m\u1ed9t h\u1ec7 th\u1ed1ng linh ho\u1ea1t, k\u1ebft h\u1ee3p ch\u1eb7t ch\u1ebd gi\u1eefa s\u1ea3n xu\u1ea5t, kinh doanh v\u00e0 k\u1ef9 thu\u1eadt, gi\u00fap cung c\u1ea5p d\u1ecbch v\u1ee5 t\u1ed1t nh\u1ea5t cho kh\u00e1ch h\u00e0ng, \u0111\u1ed3ng th\u1eddi th\u00fac \u0111\u1ea9y s\u1ef1 h\u1ee3p t\u00e1c \u0111\u1ec3 t\u1ea1o ra gi\u00e1 tr\u1ecb c\u1ed9ng h\u01b0\u1edfng v\u01b0\u1ee3t ra ngo\u00e0i [&hellip;]<\/p>\n","protected":false},"author":6,"featured_media":0,"parent":469,"menu_order":11,"comment_status":"closed","ping_status":"closed","template":"","meta":{"_acf_changed":false,"footnotes":""},"class_list":["post-467","page","type-page","status-publish","hentry"],"acf":[],"yoast_head":"<!-- This site is optimized with the Yoast SEO plugin v27.4 - https:\/\/yoast.com\/product\/yoast-seo-wordpress\/ -->\n<title>C\u01a1 c\u1ea5u doanh nghi\u1ec7p - C\u00d4NG TY SEIKO PMC CORPORATION<\/title>\n<meta name=\"robots\" content=\"index, follow, max-snippet:-1, max-image-preview:large, max-video-preview:-1\" \/>\n<link rel=\"canonical\" href=\"https:\/\/www.chemipaz.com\/vi\/info\/system\/\" \/>\n<meta property=\"og:locale\" content=\"vi_VN\" \/>\n<meta property=\"og:type\" content=\"article\" \/>\n<meta property=\"og:title\" content=\"C\u01a1 c\u1ea5u doanh nghi\u1ec7p - C\u00d4NG TY SEIKO PMC CORPORATION\" \/>\n<meta property=\"og:description\" content=\"BUSINESS UNIT H\u1ec7 th\u1ed1ng kinh doanh h\u01b0\u1edbng \u0111\u1ebfnvi\u1ec7c cung c\u1ea5p d\u1ecbch v\u1ee5 l\u1ea5y kh\u00e1ch h\u00e0ng l\u00e0m tr\u1ecdng t\u00e2m v\u00e0 t\u1ea1o ra nh\u1eefng gi\u00e1 tr\u1ecb m\u1edbi T\u1eadp \u0111o\u00e0n CHEMIPAZ v\u1eadn h\u00e0nh theo m\u00f4 h\u00ecnh t\u1ed5 ch\u1ee9c g\u1ed3m hai \u0111\u01a1n v\u1ecb kinh doanh c\u00f9ng v\u1edbi b\u1ed9 ph\u1eadn doanh nghi\u1ec7p \u0111\u00f3ng vai tr\u00f2 k\u1ebft n\u1ed1i to\u00e0n b\u1ed9 T\u1eadp \u0111o\u00e0n.B\u00ean trong t\u1eebng \u0111\u01a1n v\u1ecb kinh doanh, ch\u00fang t\u00f4i x\u00e2y d\u1ef1ng m\u1ed9t h\u1ec7 th\u1ed1ng linh ho\u1ea1t, k\u1ebft h\u1ee3p ch\u1eb7t ch\u1ebd gi\u1eefa s\u1ea3n xu\u1ea5t, kinh doanh v\u00e0 k\u1ef9 thu\u1eadt, gi\u00fap cung c\u1ea5p d\u1ecbch v\u1ee5 t\u1ed1t nh\u1ea5t cho kh\u00e1ch h\u00e0ng, \u0111\u1ed3ng th\u1eddi th\u00fac \u0111\u1ea9y s\u1ef1 h\u1ee3p t\u00e1c \u0111\u1ec3 t\u1ea1o ra gi\u00e1 tr\u1ecb c\u1ed9ng h\u01b0\u1edfng v\u01b0\u1ee3t ra ngo\u00e0i [&hellip;]\" \/>\n<meta property=\"og:url\" content=\"https:\/\/www.chemipaz.com\/vi\/info\/system\/\" \/>\n<meta property=\"og:site_name\" content=\"C\u00d4NG TY SEIKO PMC CORPORATION\" \/>\n<meta property=\"article:modified_time\" content=\"2025-04-22T05:29:21+00:00\" \/>\n<meta name=\"twitter:card\" content=\"summary_large_image\" \/>\n<meta name=\"twitter:label1\" content=\"\u01af\u1edbc t\u00ednh th\u1eddi gian \u0111\u1ecdc\" \/>\n\t<meta name=\"twitter:data1\" content=\"3 ph\u00fat\" \/>\n<script type=\"application\/ld+json\" class=\"yoast-schema-graph\">{\"@context\":\"https:\\\/\\\/schema.org\",\"@graph\":[{\"@type\":\"WebPage\",\"@id\":\"https:\\\/\\\/www.chemipaz.com\\\/vi\\\/info\\\/system\\\/\",\"url\":\"https:\\\/\\\/www.chemipaz.com\\\/vi\\\/info\\\/system\\\/\",\"name\":\"C\u01a1 c\u1ea5u doanh nghi\u1ec7p - C\u00d4NG TY SEIKO PMC CORPORATION\",\"isPartOf\":{\"@id\":\"https:\\\/\\\/www.chemipaz.com\\\/vi\\\/#website\"},\"primaryImageOfPage\":{\"@id\":\"https:\\\/\\\/www.chemipaz.com\\\/vi\\\/info\\\/system\\\/#primaryimage\"},\"image\":{\"@id\":\"https:\\\/\\\/www.chemipaz.com\\\/vi\\\/info\\\/system\\\/#primaryimage\"},\"thumbnailUrl\":\"https:\\\/\\\/www.chemipaz.com\\\/wp-content\\\/uploads\\\/2025\\\/01\\\/corp-system-mv.png\",\"datePublished\":\"2020-11-11T01:32:14+00:00\",\"dateModified\":\"2025-04-22T05:29:21+00:00\",\"breadcrumb\":{\"@id\":\"https:\\\/\\\/www.chemipaz.com\\\/vi\\\/info\\\/system\\\/#breadcrumb\"},\"inLanguage\":\"vi\",\"potentialAction\":[{\"@type\":\"ReadAction\",\"target\":[\"https:\\\/\\\/www.chemipaz.com\\\/vi\\\/info\\\/system\\\/\"]}]},{\"@type\":\"ImageObject\",\"inLanguage\":\"vi\",\"@id\":\"https:\\\/\\\/www.chemipaz.com\\\/vi\\\/info\\\/system\\\/#primaryimage\",\"url\":\"https:\\\/\\\/www.chemipaz.com\\\/wp-content\\\/uploads\\\/2025\\\/01\\\/corp-system-mv.png\",\"contentUrl\":\"https:\\\/\\\/www.chemipaz.com\\\/wp-content\\\/uploads\\\/2025\\\/01\\\/corp-system-mv.png\"},{\"@type\":\"BreadcrumbList\",\"@id\":\"https:\\\/\\\/www.chemipaz.com\\\/vi\\\/info\\\/system\\\/#breadcrumb\",\"itemListElement\":[{\"@type\":\"ListItem\",\"position\":1,\"name\":\"Trang ch\u1ee7\",\"item\":\"https:\\\/\\\/www.chemipaz.com\\\/vi\\\/\"},{\"@type\":\"ListItem\",\"position\":2,\"name\":\"Th\u00f4ng tin c\u00f4ng ty\",\"item\":\"https:\\\/\\\/www.chemipaz.com\\\/vi\\\/info\\\/\"},{\"@type\":\"ListItem\",\"position\":3,\"name\":\"C\u01a1 c\u1ea5u doanh nghi\u1ec7p\"}]},{\"@type\":\"WebSite\",\"@id\":\"https:\\\/\\\/www.chemipaz.com\\\/vi\\\/#website\",\"url\":\"https:\\\/\\\/www.chemipaz.com\\\/vi\\\/\",\"name\":\"C\u00d4NG TY SEIKO PMC CORPORATION\",\"description\":\"Ch\u00fang t\u00f4i \u0111\u00e1p \u1ee9ng nhanh ch\u00f3ng nhu c\u1ea7u c\u1ee7a kh\u00e1ch h\u00e0ng b\u1eb1ng h\u1ec7 th\u1ed1ng ba trong m\u1ed9t, cung c\u1ea5p c\u00e1c h\u00f3a ch\u1ea5t s\u1ea3n xu\u1ea5t gi\u1ea5y v\u00e0 c\u00e1c s\u1ea3n ph\u1ea9m nh\u1ef1a c\u00f3 gi\u00e1 tr\u1ecb gia t\u0103ng cao.\",\"potentialAction\":[{\"@type\":\"SearchAction\",\"target\":{\"@type\":\"EntryPoint\",\"urlTemplate\":\"https:\\\/\\\/www.chemipaz.com\\\/vi\\\/?s={search_term_string}\"},\"query-input\":{\"@type\":\"PropertyValueSpecification\",\"valueRequired\":true,\"valueName\":\"search_term_string\"}}],\"inLanguage\":\"vi\"}]}<\/script>\n<!-- \/ Yoast SEO plugin. -->","yoast_head_json":{"title":"C\u01a1 c\u1ea5u doanh nghi\u1ec7p - C\u00d4NG TY SEIKO PMC CORPORATION","robots":{"index":"index","follow":"follow","max-snippet":"max-snippet:-1","max-image-preview":"max-image-preview:large","max-video-preview":"max-video-preview:-1"},"canonical":"https:\/\/www.chemipaz.com\/vi\/info\/system\/","og_locale":"vi_VN","og_type":"article","og_title":"C\u01a1 c\u1ea5u doanh nghi\u1ec7p - C\u00d4NG TY SEIKO PMC CORPORATION","og_description":"BUSINESS UNIT H\u1ec7 th\u1ed1ng kinh doanh h\u01b0\u1edbng \u0111\u1ebfnvi\u1ec7c cung c\u1ea5p d\u1ecbch v\u1ee5 l\u1ea5y kh\u00e1ch h\u00e0ng l\u00e0m tr\u1ecdng t\u00e2m v\u00e0 t\u1ea1o ra nh\u1eefng gi\u00e1 tr\u1ecb m\u1edbi T\u1eadp \u0111o\u00e0n CHEMIPAZ v\u1eadn h\u00e0nh theo m\u00f4 h\u00ecnh t\u1ed5 ch\u1ee9c g\u1ed3m hai \u0111\u01a1n v\u1ecb kinh doanh c\u00f9ng v\u1edbi b\u1ed9 ph\u1eadn doanh nghi\u1ec7p \u0111\u00f3ng vai tr\u00f2 k\u1ebft n\u1ed1i to\u00e0n b\u1ed9 T\u1eadp \u0111o\u00e0n.B\u00ean trong t\u1eebng \u0111\u01a1n v\u1ecb kinh doanh, ch\u00fang t\u00f4i x\u00e2y d\u1ef1ng m\u1ed9t h\u1ec7 th\u1ed1ng linh ho\u1ea1t, k\u1ebft h\u1ee3p ch\u1eb7t ch\u1ebd gi\u1eefa s\u1ea3n xu\u1ea5t, kinh doanh v\u00e0 k\u1ef9 thu\u1eadt, gi\u00fap cung c\u1ea5p d\u1ecbch v\u1ee5 t\u1ed1t nh\u1ea5t cho kh\u00e1ch h\u00e0ng, \u0111\u1ed3ng th\u1eddi th\u00fac \u0111\u1ea9y s\u1ef1 h\u1ee3p t\u00e1c \u0111\u1ec3 t\u1ea1o ra gi\u00e1 tr\u1ecb c\u1ed9ng h\u01b0\u1edfng v\u01b0\u1ee3t ra ngo\u00e0i [&hellip;]","og_url":"https:\/\/www.chemipaz.com\/vi\/info\/system\/","og_site_name":"C\u00d4NG TY SEIKO PMC CORPORATION","article_modified_time":"2025-04-22T05:29:21+00:00","twitter_card":"summary_large_image","twitter_misc":{"\u01af\u1edbc t\u00ednh th\u1eddi gian \u0111\u1ecdc":"3 ph\u00fat"},"schema":{"@context":"https:\/\/schema.org","@graph":[{"@type":"WebPage","@id":"https:\/\/www.chemipaz.com\/vi\/info\/system\/","url":"https:\/\/www.chemipaz.com\/vi\/info\/system\/","name":"C\u01a1 c\u1ea5u doanh nghi\u1ec7p - C\u00d4NG TY SEIKO PMC CORPORATION","isPartOf":{"@id":"https:\/\/www.chemipaz.com\/vi\/#website"},"primaryImageOfPage":{"@id":"https:\/\/www.chemipaz.com\/vi\/info\/system\/#primaryimage"},"image":{"@id":"https:\/\/www.chemipaz.com\/vi\/info\/system\/#primaryimage"},"thumbnailUrl":"https:\/\/www.chemipaz.com\/wp-content\/uploads\/2025\/01\/corp-system-mv.png","datePublished":"2020-11-11T01:32:14+00:00","dateModified":"2025-04-22T05:29:21+00:00","breadcrumb":{"@id":"https:\/\/www.chemipaz.com\/vi\/info\/system\/#breadcrumb"},"inLanguage":"vi","potentialAction":[{"@type":"ReadAction","target":["https:\/\/www.chemipaz.com\/vi\/info\/system\/"]}]},{"@type":"ImageObject","inLanguage":"vi","@id":"https:\/\/www.chemipaz.com\/vi\/info\/system\/#primaryimage","url":"https:\/\/www.chemipaz.com\/wp-content\/uploads\/2025\/01\/corp-system-mv.png","contentUrl":"https:\/\/www.chemipaz.com\/wp-content\/uploads\/2025\/01\/corp-system-mv.png"},{"@type":"BreadcrumbList","@id":"https:\/\/www.chemipaz.com\/vi\/info\/system\/#breadcrumb","itemListElement":[{"@type":"ListItem","position":1,"name":"Trang ch\u1ee7","item":"https:\/\/www.chemipaz.com\/vi\/"},{"@type":"ListItem","position":2,"name":"Th\u00f4ng tin c\u00f4ng ty","item":"https:\/\/www.chemipaz.com\/vi\/info\/"},{"@type":"ListItem","position":3,"name":"C\u01a1 c\u1ea5u doanh nghi\u1ec7p"}]},{"@type":"WebSite","@id":"https:\/\/www.chemipaz.com\/vi\/#website","url":"https:\/\/www.chemipaz.com\/vi\/","name":"C\u00d4NG TY SEIKO PMC CORPORATION","description":"Ch\u00fang t\u00f4i \u0111\u00e1p \u1ee9ng nhanh ch\u00f3ng nhu c\u1ea7u c\u1ee7a kh\u00e1ch h\u00e0ng b\u1eb1ng h\u1ec7 th\u1ed1ng ba trong m\u1ed9t, cung c\u1ea5p c\u00e1c h\u00f3a ch\u1ea5t s\u1ea3n xu\u1ea5t gi\u1ea5y v\u00e0 c\u00e1c s\u1ea3n ph\u1ea9m nh\u1ef1a c\u00f3 gi\u00e1 tr\u1ecb gia t\u0103ng cao.","potentialAction":[{"@type":"SearchAction","target":{"@type":"EntryPoint","urlTemplate":"https:\/\/www.chemipaz.com\/vi\/?s={search_term_string}"},"query-input":{"@type":"PropertyValueSpecification","valueRequired":true,"valueName":"search_term_string"}}],"inLanguage":"vi"}]}},"_links":{"self":[{"href":"https:\/\/www.chemipaz.com\/vi\/wp-json\/wp\/v2\/pages\/467","targetHints":{"allow":["GET"]}}],"collection":[{"href":"https:\/\/www.chemipaz.com\/vi\/wp-json\/wp\/v2\/pages"}],"about":[{"href":"https:\/\/www.chemipaz.com\/vi\/wp-json\/wp\/v2\/types\/page"}],"author":[{"embeddable":true,"href":"https:\/\/www.chemipaz.com\/vi\/wp-json\/wp\/v2\/users\/6"}],"replies":[{"embeddable":true,"href":"https:\/\/www.chemipaz.com\/vi\/wp-json\/wp\/v2\/comments?post=467"}],"version-history":[{"count":52,"href":"https:\/\/www.chemipaz.com\/vi\/wp-json\/wp\/v2\/pages\/467\/revisions"}],"predecessor-version":[{"id":11629,"href":"https:\/\/www.chemipaz.com\/vi\/wp-json\/wp\/v2\/pages\/467\/revisions\/11629"}],"up":[{"embeddable":true,"href":"https:\/\/www.chemipaz.com\/vi\/wp-json\/wp\/v2\/pages\/469"}],"wp:attachment":[{"href":"https:\/\/www.chemipaz.com\/vi\/wp-json\/wp\/v2\/media?parent=467"}],"curies":[{"name":"wp","href":"https:\/\/api.w.org\/{rel}","templated":true}]}}