{"id":463,"date":"2020-11-11T10:32:14","date_gmt":"2020-11-11T01:32:14","guid":{"rendered":"https:\/\/www.chemipaz.com\/vi\/info-introduction\/"},"modified":"2025-03-30T12:55:59","modified_gmt":"2025-03-30T03:55:59","slug":"introduction","status":"publish","type":"page","link":"https:\/\/www.chemipaz.com\/vi\/info\/introduction\/","title":{"rendered":"Gi\u1edbi thi\u1ec7u doanh nghi\u1ec7p"},"content":{"rendered":"\n<div class=\"wp-block-cover is-light under-mv-static\" style=\"min-height:455px;aspect-ratio:unset;\"><span aria-hidden=\"true\" class=\"wp-block-cover__background has-black-background-color has-background-dim-0 has-background-dim\"><\/span><img decoding=\"async\" class=\"wp-block-cover__image-background wp-image-10816\" alt=\"\" src=\"https:\/\/www.chemipaz.com\/wp-content\/uploads\/2025\/01\/corp-intro-mv.png\" data-object-fit=\"cover\"\/><div class=\"wp-block-cover__inner-container is-layout-constrained wp-block-cover-is-layout-constrained\"><div class=\"yoast-breadcrumbs\"><span><span><a href=\"https:\/\/www.chemipaz.com\/vi\/\">Trang ch\u1ee7<\/a><\/span> \u00bb <span><a href=\"https:\/\/www.chemipaz.com\/vi\/info\/\">Th\u00f4ng tin c\u00f4ng ty<\/a><\/span> \u00bb <span class=\"breadcrumb_last\" aria-current=\"page\">Gi\u1edbi thi\u1ec7u doanh nghi\u1ec7p<\/span><\/span><\/div>\n\n\n<p class=\"has-text-align-center\">CORPORATE INFORMATION<\/p>\n\n\n<h2 class=\"has-text-align-center wp-block-post-title\">Gi\u1edbi thi\u1ec7u doanh nghi\u1ec7p<\/h2>\n\n\n<figure class=\"wp-block-image size-full is-resized bg-sp\"><img decoding=\"async\" src=\"https:\/\/www.chemipaz.com\/wp-content\/uploads\/2025\/03\/corp-intro-mv-sp.png\" alt=\"\" class=\"wp-image-13809\" style=\"width:248px;height:auto\"\/><\/figure>\n<\/div><\/div>\n\n\n\n<div id=\"corp-intro\" class=\"wp-block-group corp-intro sec-type01 is-layout-constrained wp-block-group-is-layout-constrained\">\n<div class=\"wp-block-group inner is-layout-constrained wp-block-group-is-layout-constrained\">\n<h2 class=\"wp-block-heading has-text-align-center title-type04\">Gi\u1edbi thi\u1ec7u v\u1ec1 l\u0129nh v\u1ef1c kinh doanh c\u1ee7a T\u1eadp \u0111o\u00e0n CHEMIPAZ<\/h2>\n\n\n\n<div class=\"wp-block-group content-type02 is-layout-constrained wp-block-group-is-layout-constrained\">\n<div class=\"wp-block-group content-type02__item scrollItem fadeTop is-nowrap is-layout-flex wp-container-core-group-is-layout-2 wp-block-group-is-layout-flex\">\n<figure class=\"wp-block-image size-full is-resized\"><img decoding=\"async\" src=\"https:\/\/www.chemipaz.com\/wp-content\/uploads\/2025\/01\/corp-intro-item01.png\" alt=\"\" class=\"wp-image-10811\" style=\"width:702px;height:auto\"\/><\/figure>\n\n\n\n<div class=\"wp-block-group content-type02__detail is-layout-constrained wp-block-group-is-layout-constrained\">\n<h3 class=\"wp-block-heading title01\">Kinh doanh h\u00f3a ch\u1ea5t s\u1ea3n xu\u1ea5t cho ng\u00e0nh gi\u1ea5y<\/h3>\n\n\n\n<p class=\"text\">H\u00f3a ch\u1ea5t s\u1ea3n xu\u1ea5t ng\u00e0nh gi\u1ea5y, \u0111\u00fang nh\u01b0 t\u00ean g\u1ecdi, \u0111\u00e2y l\u00e0 thu\u1eadt ng\u1eef chung \u0111\u1ec3 ch\u1ec9 c\u00e1c h\u00f3a ch\u1ea5t \u0111\u01b0\u1ee3c s\u1eed d\u1ee5ng trong s\u1ea3n xu\u1ea5t gi\u1ea5y. H\u00f3a ch\u1ea5t s\u1ea3n xu\u1ea5t ng\u00e0nh gi\u1ea5y cung c\u1ea5p cho gi\u1ea5y v\u1edbi nhi\u1ec1u ch\u1ee9c n\u0103ng c\u1ea7n thi\u1ebft t\u00f9y theo m\u1ee5c \u0111\u00edch s\u1eed d\u1ee5ng. V\u00ed d\u1ee5, ch\u1ea5t ph\u1ee5 gia ch\u1ed1ng th\u1ea5m c\u00f3 kh\u1ea3 n\u0103ng ch\u1ed1ng n\u01b0\u1edbc cho gi\u1ea5y v\u00e0 ng\u0103n ch\u1eb7n m\u1ef1c nh\u00f2e tr\u00ean b\u01b0u thi\u1ebfp v\u00e0 gi\u1ea5y vi\u1ebft. Ch\u1ea5t t\u0103ng \u0111\u1ed9 b\u1ec1n gi\u1ea5y \u0111\u01b0\u1ee3c s\u1eed d\u1ee5ng trong s\u1ea3n xu\u1ea5t b\u00eca c\u1ee9ng, \u0111\u00f2i h\u1ecfi \u0111\u1ed9 b\u1ec1n cao, g\u00f3p ph\u1ea7n n\u00e2ng cao \u0111\u1ed9 b\u1ec1n c\u1ee7a b\u00eca carton. Ch\u1ea5t ph\u1ee5 gia t\u0103ng \u0111\u1ed9 b\u1ec1n d\u1ea1ng \u01b0\u1edbt l\u00e0 nh\u1eefng h\u00f3a ch\u1ea5t gi\u00fap gi\u1ea5y c\u00f3 kh\u1ea3 n\u0103ng ch\u1ed1ng r\u00e1ch t\u1ed1t h\u01a1n ngay c\u1ea3 khi b\u1ecb \u01b0\u1edbt, lu\u00f4n \u0111\u01b0\u1ee3c s\u1eed d\u1ee5ng trong kh\u0103n gi\u1ea5y v\u00e0 gi\u1ea5y lau m\u1eb7t. Th\u00f4ng qua vi\u1ec7c s\u1ea3n xu\u1ea5t c\u00e1c lo\u1ea1i h\u00f3a ch\u1ea5t l\u00e0m gi\u1ea5y kh\u00e1c nhau, ch\u00fang t\u00f4i \u0111ang g\u00f3p ph\u1ea7n v\u00e0o s\u1ef1 ph\u00e1t tri\u1ec3n c\u1ee7a ng\u00e0nh gi\u1ea5y, ng\u00e0nh r\u1ea5t c\u1ea7n thi\u1ebft cho cu\u1ed9c s\u1ed1ng c\u1ee7a ch\u00fang ta. Ngo\u00e0i ho\u1ea1t \u0111\u1ed9ng kinh doanh trong n\u01b0\u1edbc, ch\u00fang t\u00f4i \u0111\u00e3 kinh doanh t\u1ea1i th\u1ecb tr\u01b0\u1eddng Trung Qu\u1ed1c t\u1eeb n\u0103m 2006, nh\u01b0ng trong t\u01b0\u01a1ng lai, ch\u00fang t\u00f4i \u0111\u1eb7t m\u1ee5c ti\u00eau m\u1edf r\u1ed9ng h\u01a1n n\u1eefa ho\u1ea1t \u0111\u1ed9ng kinh doanh sang khu v\u1ef1c ch\u00e2u \u00c1, ch\u1ee7 y\u1ebfu t\u1eadp trung \u1edf \u0110\u00f4ng Nam \u00c1.<\/p>\n<\/div>\n<\/div>\n\n\n\n<div class=\"wp-block-group content-type02__item scrollItem fadeTop is-nowrap is-layout-flex wp-container-core-group-is-layout-4 wp-block-group-is-layout-flex\">\n<figure class=\"wp-block-image size-full is-resized\"><img decoding=\"async\" src=\"https:\/\/www.chemipaz.com\/wp-content\/uploads\/2025\/01\/corp-intro-item02.png\" alt=\"\" class=\"wp-image-10812\" style=\"width:704px;height:auto\"\/><\/figure>\n\n\n\n<div class=\"wp-block-group content-type02__detail is-layout-constrained wp-block-group-is-layout-constrained\">\n<h3 class=\"wp-block-heading title01\">L\u0129nh v\u1ef1c kinh doanh in \u1ea5n &amp; tr\u00e1ng ph\u1ee7<\/h3>\n\n\n\n<p class=\"text\">Trong l\u0129nh v\u1ef1c kinh doanh in \u1ea5n &amp; tr\u00e1ng ph\u1ee7, ch\u00fang t\u00f4i s\u1ea3n xu\u1ea5t c\u00e1c lo\u1ea1i nh\u1ef1a ch\u1ee9c n\u0103ng kh\u00e1c nhau c\u00f3 li\u00ean quan, ch\u1ee7 y\u1ebfu l\u00e0 nh\u1ef1a d\u00f9ng cho m\u1ef1c in \u0111\u1ec3 t\u1ea1o m\u00e0u s\u1eafc cho nhi\u1ec1u lo\u1ea1i bao b\u00ec kh\u00e1c nhau.<br> S\u1ea3n ph\u1ea9m ch\u1ee7 l\u1ef1c v\u1edbi nh\u1ef1a d\u00f9ng cho m\u1ef1c in g\u1ed1c n\u01b0\u1edbc kh\u00f4ng ch\u1ec9 \u0111\u01b0\u1ee3c \u0111\u00e1nh gi\u00e1 cao \u1edf Nh\u1eadt B\u1ea3n m\u00e0 c\u00f2n \u0111\u01b0\u1ee3c \u0111\u00e1nh gi\u00e1 cao \u1edf n\u01b0\u1edbc ngo\u00e0i, \u0111\u1eb7c bi\u1ec7t l\u00e0 Trung Qu\u1ed1c v\u00e0 \u0110\u00f4ng Nam \u00c1. Hi\u1ec7n ch\u00fang t\u00f4i \u0111ang t\u0103ng c\u01b0\u1eddng s\u1ea3n xu\u1ea5t v\u00e0 b\u00e1n h\u00e0ng t\u1ea1i n\u01b0\u1edbc s\u1edf t\u1ea1i.<br>G\u1ea7n \u0111\u00e2y, ch\u00fang t\u00f4i \u0111ang \u0111\u1ea9y nhanh qu\u00e1 tr\u00ecnh ph\u00e1t tri\u1ec3n c\u00e1c s\u1ea3n ph\u1ea9m th\u00e2n thi\u1ec7n v\u1edbi m\u00f4i tr\u01b0\u1eddng nh\u01b0 ph\u00e1t tri\u1ec3n v\u1eadt li\u1ec7u c\u00f3 s\u1eed d\u1ee5ng v\u1eadt li\u1ec7u sinh kh\u1ed1i biomass v\u00e0 ph\u00e1t tri\u1ec3n ch\u1ea5t tr\u00e1ng ph\u1ee7 gi\u1ea5y chuy\u00ean d\u1ee5ng g\u00f3p ph\u1ea7n v\u00e0o vi\u1ec7c gi\u1ea3m thi\u1ec3u plastic, v.v\u2026<\/p>\n<\/div>\n<\/div>\n\n\n\n<div class=\"wp-block-group content-type02__item scrollItem fadeTop is-nowrap is-layout-flex wp-container-core-group-is-layout-6 wp-block-group-is-layout-flex\">\n<figure class=\"wp-block-image size-full is-resized\"><img decoding=\"async\" src=\"https:\/\/www.chemipaz.com\/wp-content\/uploads\/2025\/01\/corp-intro-item03.png\" alt=\"\" class=\"wp-image-10813\" style=\"width:705px;height:auto\"\/><\/figure>\n\n\n\n<div class=\"wp-block-group content-type02__detail is-layout-constrained wp-block-group-is-layout-constrained\">\n<h3 class=\"wp-block-heading title01\">Kinh doanh s\u1ea3n ph\u1ea9m h\u00f3a ch\u1ea5t <\/h3>\n\n\n\n<p class=\"text\">Trong l\u0129nh v\u1ef1c kinh doanh s\u1ea3n ph\u1ea9m h\u00f3a ch\u1ea5t KJ Chemicals thu\u1ed9c t\u1eadp \u0111o\u00e0n ch\u00fang t\u00f4i ph\u1ee5 tr\u00e1ch, ch\u00fang t\u00f4i s\u1ea3n xu\u1ea5t nhi\u1ec1u lo\u1ea1i v\u1eadt li\u1ec7u ch\u1ee9c n\u0103ng, ch\u1ee7 y\u1ebfu l\u00e0 d\u1eabn xu\u1ea5t acrylamide.<br>Ch\u00fang t\u00f4i \u0111ang t\u1eadp trung v\u00e0o monome v\u00e0 oligome cho l\u0129nh v\u1ef1c s\u01a1n, m\u1ef1c v\u00e0 ch\u1ea5t k\u1ebft d\u00ednh n\u01b0\u1edbc kh\u00f4ng dung m\u00f4i (nh\u1ef1a \u0111\u00f3ng r\u1eafn b\u1eb1ng tia c\u1ef1c t\u00edm), nh\u1eefng l\u0129nh v\u1ef1c c\u00f3 th\u1ecb tr\u01b0\u1eddng \u0111ang m\u1edf r\u1ed9ng do nh\u1eadn th\u1ee9c v\u1ec1 m\u00f4i tr\u01b0\u1eddng ng\u00e0y c\u00e0ng t\u0103ng. Ch\u00fang t\u00f4i c\u00f3 nhi\u1ec1u d\u00f2ng s\u1ea3n ph\u1ea9m monome c\u00f3 m\u1ee9c \u0111\u1ed9 k\u00edch \u1ee9ng th\u1ea5p, v\u00e0 kh\u1ea3 n\u0103ng ch\u1eefa tia c\u1ef1c t\u00edm cao.<\/p>\n\n\n\n<p class=\"text\">Ngo\u00e0i ra, ch\u00fang t\u00f4i l\u00e0 c\u00f4ng ty \u0111\u1ea7u ti\u00ean tr\u00ean th\u1ebf gi\u1edbi cung c\u1ea5p KJCMPA\u00ae-100, dung m\u00f4i amit c\u00f3 \u0111\u1ed9 h\u00f2a tan tuy\u1ec7t v\u1eddi v\u00e0 an to\u00e0n, b\u1eb1ng c\u00e1ch s\u1eed d\u1ee5ng c\u00f4ng ngh\u1ec7 m\u00e0 ch\u00fang t\u00f4i \u0111\u00e3 ph\u00e1t tri\u1ec3n trong s\u1ea3n xu\u1ea5t monome.<\/p>\n<\/div>\n<\/div>\n\n\n\n<div class=\"wp-block-group content-type02__item scrollItem fadeTop is-nowrap is-layout-flex wp-container-core-group-is-layout-8 wp-block-group-is-layout-flex\">\n<figure class=\"wp-block-image size-large is-resized\"><img decoding=\"async\" src=\"https:\/\/www.chemipaz.com\/wp-content\/uploads\/2025\/03\/img-introduction-03.jpg.png\" alt=\"\" style=\"width:704px;height:auto\"\/><\/figure>\n\n\n\n<div class=\"wp-block-group content-type02__detail is-layout-constrained wp-block-group-is-layout-constrained\">\n<h3 class=\"wp-block-heading title01\">L\u0129nh v\u1ef1c kinh doanh ch\u1ea5t k\u1ebft d\u00ednh<\/h3>\n\n\n\n<p class=\"text\">\u0110\u1ed1i v\u1edbi l\u0129nh v\u1ef1c kinh doanh ch\u1ea5t k\u1ebft d\u00ednh do C\u00f4ng ty TNHH c\u00f4ng nghi\u1ec7p Shinsho c\u1ee7a t\u1eadp \u0111o\u00e0n ph\u1ee5 tr\u00e1ch, ch\u00fang t\u00f4i \u0111ang cung c\u1ea5p c\u00e1c lo\u1ea1i ch\u1ea5t k\u1ebft d\u00ednh \u0111\u01b0\u1ee3c s\u1eed d\u1ee5ng trong quy tr\u00ecnh s\u1ea3n xu\u1ea5t nhi\u1ec1u lo\u1ea1i s\u1ea3n ph\u1ea9m kh\u00e1c nhau gi\u00fap l\u00e0m phong ph\u00fa th\u00eam cu\u1ed9c s\u1ed1ng.<\/p>\n\n\n\n<p class=\"text\"> V\u00ed d\u1ee5, c\u00e1c ch\u1ea5t k\u1ebft d\u00ednh \u0111\u01b0\u1ee3c s\u1eed d\u1ee5ng trong nhi\u1ec1u ng\u00e0nh c\u00f4ng nghi\u1ec7p v\u00e0 \u1ee9ng d\u1ee5ng kh\u00e1c nhau nh\u01b0 \u1ee9ng d\u1ee5ng b\u1ea3o v\u1ec7 s\u1ea3n ph\u1ea9m cho m\u00e0n h\u00ecnh \u0111i\u1ec7n tho\u1ea1i th\u00f4ng minh, \u1ee9ng d\u1ee5ng c\u00f4ng nghi\u1ec7p \u0111\u1ec3 c\u1ed1 \u0111\u1ecbnh c\u00e1c b\u1ed9 ph\u1eadn \u00f4 t\u00f4, \u1ee9ng d\u1ee5ng quang h\u1ecdc \u0111\u01b0\u1ee3c s\u1eed d\u1ee5ng \u0111\u1ec3 li\u00ean k\u1ebft c\u00e1c th\u00e0nh ph\u1ea7n b\u1ea3ng \u0111i\u1ec1u khi\u1ec3n c\u1ea3m \u1ee9ng v\u00e0 \u1ee9ng d\u1ee5ng trong c\u00f4ng \u0111o\u1ea1n s\u1ea3n xu\u1ea5t ch\u1ea5t b\u00e1n d\u1eabn, v.v\u2026<br>Ch\u00fang t\u00f4i c\u0169ng \u0111ang t\u00edch c\u1ef1c n\u1ed7 l\u1ef1c trong vi\u1ec7c \u0111\u1ec1 xu\u1ea5t c\u00e1c lo\u1ea1i ch\u1ea5t k\u1ebft d\u00ednh h\u00f3a r\u1eafn b\u1eb1ng UV kh\u00f4ng g\u00e2y h\u1ea1i cho m\u00f4i tr\u01b0\u1eddng, kh\u00f4ng ph\u00e1t th\u1ea3i h\u01a1i dung m\u00f4i h\u1eefu c\u01a1 v\u00e0 th\u00e2n thi\u1ec7n v\u1edbi ng\u01b0\u1eddi lao \u0111\u1ed9ng.<\/p>\n<\/div>\n<\/div>\n\n\n\n<div class=\"wp-block-group content-type02__item scrollItem fadeTop is-nowrap is-layout-flex wp-container-core-group-is-layout-10 wp-block-group-is-layout-flex\">\n<figure class=\"wp-block-image size-full is-resized\"><img decoding=\"async\" src=\"https:\/\/www.chemipaz.com\/wp-content\/uploads\/2025\/01\/corp-intro-item05.png\" alt=\"\" class=\"wp-image-10815\" style=\"width:704px;height:auto\"\/><\/figure>\n\n\n\n<div class=\"wp-block-group content-type02__detail is-layout-constrained wp-block-group-is-layout-constrained\">\n<h3 class=\"wp-block-heading title01\">L\u0129nh v\u1ef1c kinh doanh v\u1eadt li\u1ec7u h\u00f3a h\u1ecdc ch\u1ee9c n\u0103ng n\u00e2ng cao<\/h3>\n\n\n\n<p class=\"text\">Trong l\u0129nh v\u1ef1c kinh doanh v\u1eadt li\u1ec7u h\u00f3a h\u1ecdc ch\u1ee9c n\u0103ng n\u00e2ng cao, ch\u00fang t\u00f4i cung c\u1ea5p nhi\u1ec1u lo\u1ea1i v\u1eadt li\u1ec7u ch\u1ee9c n\u0103ng n\u00e2ng cao kh\u00e1c nhau, bao g\u1ed3m c\u00e1c s\u1ea3n ph\u1ea9m ph\u00e1t tri\u1ec3n m\u1edbi nh\u01b0 cellulose nano-fiber, nano b\u1ea1c, ch\u1ea5t ki\u1ec3m so\u00e1t m\u00e0ng sinh h\u1ecdc, chitin nano-fiber do c\u00f4ng ty Marine Nano-fiber \u0111\u1ea3m nhi\u1ec7m, v.v\u2026 Ch\u00fang t\u00f4i \u0111ang g\u00f3p ph\u1ea7n t\u1ea1o ra gi\u00e1 tr\u1ecb m\u1edbi cho kh\u00e1ch h\u00e0ng th\u00f4ng qua vi\u1ec7c \u0111\u1ec1 xu\u1ea5t cho th\u1ecb tr\u01b0\u1eddng nh\u1eefng lo\u1ea1i v\u1eadt li\u1ec7u th\u00e2n thi\u1ec7n v\u1edbi m\u00f4i tr\u01b0\u1eddng v\u00e0 c\u00f3 t\u00ednh n\u0103ng n\u00e2ng cao.<\/p>\n<\/div>\n<\/div>\n<\/div>\n<\/div>\n<\/div>\n\n\n\n            <div class=\"under-bottom-nav\">\n                <div class=\"inner\">\n                    <p class=\"under-bottom-nav__link01\"><a href=\"https:\/\/www.chemipaz.com\/vi\/info\/\">Th\u00f4ng tin c\u00f4ng ty<\/a><\/p>\n                    <div class=\"under-bottom-nav__link02\">\n                        <a class=\"item\" href=\"https:\/\/www.chemipaz.com\/vi\/info\/profile\/\">T\u1ed5ng quan c\u00f4ng ty<\/a><a class=\"item\" href=\"https:\/\/www.chemipaz.com\/vi\/info\/system\/\">C\u01a1 c\u1ea5u doanh nghi\u1ec7p<\/a><a class=\"item\" href=\"https:\/\/www.chemipaz.com\/vi\/info\/introduction\/\">Gi\u1edbi thi\u1ec7u doanh nghi\u1ec7p<\/a><a class=\"item\" href=\"https:\/\/www.chemipaz.com\/vi\/info\/network\/\">Danh s\u00e1ch c\u00e1c doanh nghi\u1ec7p\/v\u0103n ph\u00f2ng kinh doanh thu\u1ed9c T\u1eadp \u0111o\u00e0n<\/a>\n                    <\/div>\n                <\/div>\n            <\/div>\n        \n\n\n\n<p><\/p>\n","protected":false},"excerpt":{"rendered":"<p>Gi\u1edbi thi\u1ec7u v\u1ec1 l\u0129nh v\u1ef1c kinh doanh c\u1ee7a T\u1eadp \u0111o\u00e0n CHEMIPAZ Kinh doanh h\u00f3a ch\u1ea5t s\u1ea3n xu\u1ea5t cho ng\u00e0nh gi\u1ea5y H\u00f3a ch\u1ea5t s\u1ea3n xu\u1ea5t ng\u00e0nh gi\u1ea5y, \u0111\u00fang nh\u01b0 t\u00ean g\u1ecdi, \u0111\u00e2y l\u00e0 thu\u1eadt ng\u1eef chung \u0111\u1ec3 ch\u1ec9 c\u00e1c h\u00f3a ch\u1ea5t \u0111\u01b0\u1ee3c s\u1eed d\u1ee5ng trong s\u1ea3n xu\u1ea5t gi\u1ea5y. H\u00f3a ch\u1ea5t s\u1ea3n xu\u1ea5t ng\u00e0nh gi\u1ea5y cung c\u1ea5p cho gi\u1ea5y v\u1edbi nhi\u1ec1u ch\u1ee9c n\u0103ng c\u1ea7n thi\u1ebft t\u00f9y theo m\u1ee5c \u0111\u00edch s\u1eed d\u1ee5ng. V\u00ed d\u1ee5, ch\u1ea5t ph\u1ee5 gia ch\u1ed1ng th\u1ea5m c\u00f3 kh\u1ea3 n\u0103ng ch\u1ed1ng n\u01b0\u1edbc cho gi\u1ea5y v\u00e0 ng\u0103n ch\u1eb7n m\u1ef1c nh\u00f2e tr\u00ean b\u01b0u thi\u1ebfp v\u00e0 gi\u1ea5y vi\u1ebft. Ch\u1ea5t t\u0103ng \u0111\u1ed9 b\u1ec1n gi\u1ea5y \u0111\u01b0\u1ee3c s\u1eed d\u1ee5ng trong s\u1ea3n xu\u1ea5t b\u00eca c\u1ee9ng, \u0111\u00f2i h\u1ecfi \u0111\u1ed9 [&hellip;]<\/p>\n","protected":false},"author":6,"featured_media":0,"parent":469,"menu_order":12,"comment_status":"closed","ping_status":"closed","template":"","meta":{"_acf_changed":false,"footnotes":""},"class_list":["post-463","page","type-page","status-publish","hentry"],"acf":[],"yoast_head":"<!-- This site is optimized with the Yoast SEO plugin v26.7 - https:\/\/yoast.com\/wordpress\/plugins\/seo\/ -->\n<title>Gi\u1edbi thi\u1ec7u doanh nghi\u1ec7p - C\u00d4NG TY SEIKO PMC CORPORATION<\/title>\n<meta name=\"robots\" content=\"index, follow, max-snippet:-1, max-image-preview:large, max-video-preview:-1\" \/>\n<link rel=\"canonical\" href=\"https:\/\/www.chemipaz.com\/vi\/info\/introduction\/\" \/>\n<meta property=\"og:locale\" content=\"vi_VN\" \/>\n<meta property=\"og:type\" content=\"article\" \/>\n<meta property=\"og:title\" content=\"Gi\u1edbi thi\u1ec7u doanh nghi\u1ec7p - C\u00d4NG TY SEIKO PMC CORPORATION\" \/>\n<meta property=\"og:description\" content=\"Gi\u1edbi thi\u1ec7u v\u1ec1 l\u0129nh v\u1ef1c kinh doanh c\u1ee7a T\u1eadp \u0111o\u00e0n CHEMIPAZ Kinh doanh h\u00f3a ch\u1ea5t s\u1ea3n xu\u1ea5t cho ng\u00e0nh gi\u1ea5y H\u00f3a ch\u1ea5t s\u1ea3n xu\u1ea5t ng\u00e0nh gi\u1ea5y, \u0111\u00fang nh\u01b0 t\u00ean g\u1ecdi, \u0111\u00e2y l\u00e0 thu\u1eadt ng\u1eef chung \u0111\u1ec3 ch\u1ec9 c\u00e1c h\u00f3a ch\u1ea5t \u0111\u01b0\u1ee3c s\u1eed d\u1ee5ng trong s\u1ea3n xu\u1ea5t gi\u1ea5y. H\u00f3a ch\u1ea5t s\u1ea3n xu\u1ea5t ng\u00e0nh gi\u1ea5y cung c\u1ea5p cho gi\u1ea5y v\u1edbi nhi\u1ec1u ch\u1ee9c n\u0103ng c\u1ea7n thi\u1ebft t\u00f9y theo m\u1ee5c \u0111\u00edch s\u1eed d\u1ee5ng. V\u00ed d\u1ee5, ch\u1ea5t ph\u1ee5 gia ch\u1ed1ng th\u1ea5m c\u00f3 kh\u1ea3 n\u0103ng ch\u1ed1ng n\u01b0\u1edbc cho gi\u1ea5y v\u00e0 ng\u0103n ch\u1eb7n m\u1ef1c nh\u00f2e tr\u00ean b\u01b0u thi\u1ebfp v\u00e0 gi\u1ea5y vi\u1ebft. Ch\u1ea5t t\u0103ng \u0111\u1ed9 b\u1ec1n gi\u1ea5y \u0111\u01b0\u1ee3c s\u1eed d\u1ee5ng trong s\u1ea3n xu\u1ea5t b\u00eca c\u1ee9ng, \u0111\u00f2i h\u1ecfi \u0111\u1ed9 [&hellip;]\" \/>\n<meta property=\"og:url\" content=\"https:\/\/www.chemipaz.com\/vi\/info\/introduction\/\" \/>\n<meta property=\"og:site_name\" content=\"C\u00d4NG TY SEIKO PMC CORPORATION\" \/>\n<meta property=\"article:modified_time\" content=\"2025-03-30T03:55:59+00:00\" \/>\n<meta name=\"twitter:card\" content=\"summary_large_image\" \/>\n<meta name=\"twitter:label1\" content=\"\u01af\u1edbc t\u00ednh th\u1eddi gian \u0111\u1ecdc\" \/>\n\t<meta name=\"twitter:data1\" content=\"6 ph\u00fat\" \/>\n<script type=\"application\/ld+json\" class=\"yoast-schema-graph\">{\"@context\":\"https:\/\/schema.org\",\"@graph\":[{\"@type\":\"WebPage\",\"@id\":\"https:\/\/www.chemipaz.com\/vi\/info\/introduction\/\",\"url\":\"https:\/\/www.chemipaz.com\/vi\/info\/introduction\/\",\"name\":\"Gi\u1edbi thi\u1ec7u doanh nghi\u1ec7p - C\u00d4NG TY SEIKO PMC CORPORATION\",\"isPartOf\":{\"@id\":\"https:\/\/www.chemipaz.com\/vi\/#website\"},\"primaryImageOfPage\":{\"@id\":\"https:\/\/www.chemipaz.com\/vi\/info\/introduction\/#primaryimage\"},\"image\":{\"@id\":\"https:\/\/www.chemipaz.com\/vi\/info\/introduction\/#primaryimage\"},\"thumbnailUrl\":\"https:\/\/www.chemipaz.com\/wp-content\/uploads\/2025\/01\/corp-intro-mv.png\",\"datePublished\":\"2020-11-11T01:32:14+00:00\",\"dateModified\":\"2025-03-30T03:55:59+00:00\",\"breadcrumb\":{\"@id\":\"https:\/\/www.chemipaz.com\/vi\/info\/introduction\/#breadcrumb\"},\"inLanguage\":\"vi\",\"potentialAction\":[{\"@type\":\"ReadAction\",\"target\":[\"https:\/\/www.chemipaz.com\/vi\/info\/introduction\/\"]}]},{\"@type\":\"ImageObject\",\"inLanguage\":\"vi\",\"@id\":\"https:\/\/www.chemipaz.com\/vi\/info\/introduction\/#primaryimage\",\"url\":\"https:\/\/www.chemipaz.com\/wp-content\/uploads\/2025\/01\/corp-intro-mv.png\",\"contentUrl\":\"https:\/\/www.chemipaz.com\/wp-content\/uploads\/2025\/01\/corp-intro-mv.png\"},{\"@type\":\"BreadcrumbList\",\"@id\":\"https:\/\/www.chemipaz.com\/vi\/info\/introduction\/#breadcrumb\",\"itemListElement\":[{\"@type\":\"ListItem\",\"position\":1,\"name\":\"Trang ch\u1ee7\",\"item\":\"https:\/\/www.chemipaz.com\/vi\/\"},{\"@type\":\"ListItem\",\"position\":2,\"name\":\"Th\u00f4ng tin c\u00f4ng ty\",\"item\":\"https:\/\/www.chemipaz.com\/vi\/info\/\"},{\"@type\":\"ListItem\",\"position\":3,\"name\":\"Gi\u1edbi thi\u1ec7u doanh nghi\u1ec7p\"}]},{\"@type\":\"WebSite\",\"@id\":\"https:\/\/www.chemipaz.com\/vi\/#website\",\"url\":\"https:\/\/www.chemipaz.com\/vi\/\",\"name\":\"C\u00d4NG TY SEIKO PMC CORPORATION\",\"description\":\"Ch\u00fang t\u00f4i \u0111\u00e1p \u1ee9ng nhanh ch\u00f3ng nhu c\u1ea7u c\u1ee7a kh\u00e1ch h\u00e0ng b\u1eb1ng h\u1ec7 th\u1ed1ng ba trong m\u1ed9t, cung c\u1ea5p c\u00e1c h\u00f3a ch\u1ea5t s\u1ea3n xu\u1ea5t gi\u1ea5y v\u00e0 c\u00e1c s\u1ea3n ph\u1ea9m nh\u1ef1a c\u00f3 gi\u00e1 tr\u1ecb gia t\u0103ng cao.\",\"potentialAction\":[{\"@type\":\"SearchAction\",\"target\":{\"@type\":\"EntryPoint\",\"urlTemplate\":\"https:\/\/www.chemipaz.com\/vi\/?s={search_term_string}\"},\"query-input\":{\"@type\":\"PropertyValueSpecification\",\"valueRequired\":true,\"valueName\":\"search_term_string\"}}],\"inLanguage\":\"vi\"}]}<\/script>\n<!-- \/ Yoast SEO plugin. -->","yoast_head_json":{"title":"Gi\u1edbi thi\u1ec7u doanh nghi\u1ec7p - C\u00d4NG TY SEIKO PMC CORPORATION","robots":{"index":"index","follow":"follow","max-snippet":"max-snippet:-1","max-image-preview":"max-image-preview:large","max-video-preview":"max-video-preview:-1"},"canonical":"https:\/\/www.chemipaz.com\/vi\/info\/introduction\/","og_locale":"vi_VN","og_type":"article","og_title":"Gi\u1edbi thi\u1ec7u doanh nghi\u1ec7p - C\u00d4NG TY SEIKO PMC CORPORATION","og_description":"Gi\u1edbi thi\u1ec7u v\u1ec1 l\u0129nh v\u1ef1c kinh doanh c\u1ee7a T\u1eadp \u0111o\u00e0n CHEMIPAZ Kinh doanh h\u00f3a ch\u1ea5t s\u1ea3n xu\u1ea5t cho ng\u00e0nh gi\u1ea5y H\u00f3a ch\u1ea5t s\u1ea3n xu\u1ea5t ng\u00e0nh gi\u1ea5y, \u0111\u00fang nh\u01b0 t\u00ean g\u1ecdi, \u0111\u00e2y l\u00e0 thu\u1eadt ng\u1eef chung \u0111\u1ec3 ch\u1ec9 c\u00e1c h\u00f3a ch\u1ea5t \u0111\u01b0\u1ee3c s\u1eed d\u1ee5ng trong s\u1ea3n xu\u1ea5t gi\u1ea5y. H\u00f3a ch\u1ea5t s\u1ea3n xu\u1ea5t ng\u00e0nh gi\u1ea5y cung c\u1ea5p cho gi\u1ea5y v\u1edbi nhi\u1ec1u ch\u1ee9c n\u0103ng c\u1ea7n thi\u1ebft t\u00f9y theo m\u1ee5c \u0111\u00edch s\u1eed d\u1ee5ng. V\u00ed d\u1ee5, ch\u1ea5t ph\u1ee5 gia ch\u1ed1ng th\u1ea5m c\u00f3 kh\u1ea3 n\u0103ng ch\u1ed1ng n\u01b0\u1edbc cho gi\u1ea5y v\u00e0 ng\u0103n ch\u1eb7n m\u1ef1c nh\u00f2e tr\u00ean b\u01b0u thi\u1ebfp v\u00e0 gi\u1ea5y vi\u1ebft. Ch\u1ea5t t\u0103ng \u0111\u1ed9 b\u1ec1n gi\u1ea5y \u0111\u01b0\u1ee3c s\u1eed d\u1ee5ng trong s\u1ea3n xu\u1ea5t b\u00eca c\u1ee9ng, \u0111\u00f2i h\u1ecfi \u0111\u1ed9 [&hellip;]","og_url":"https:\/\/www.chemipaz.com\/vi\/info\/introduction\/","og_site_name":"C\u00d4NG TY SEIKO PMC CORPORATION","article_modified_time":"2025-03-30T03:55:59+00:00","twitter_card":"summary_large_image","twitter_misc":{"\u01af\u1edbc t\u00ednh th\u1eddi gian \u0111\u1ecdc":"6 ph\u00fat"},"schema":{"@context":"https:\/\/schema.org","@graph":[{"@type":"WebPage","@id":"https:\/\/www.chemipaz.com\/vi\/info\/introduction\/","url":"https:\/\/www.chemipaz.com\/vi\/info\/introduction\/","name":"Gi\u1edbi thi\u1ec7u doanh nghi\u1ec7p - C\u00d4NG TY SEIKO PMC CORPORATION","isPartOf":{"@id":"https:\/\/www.chemipaz.com\/vi\/#website"},"primaryImageOfPage":{"@id":"https:\/\/www.chemipaz.com\/vi\/info\/introduction\/#primaryimage"},"image":{"@id":"https:\/\/www.chemipaz.com\/vi\/info\/introduction\/#primaryimage"},"thumbnailUrl":"https:\/\/www.chemipaz.com\/wp-content\/uploads\/2025\/01\/corp-intro-mv.png","datePublished":"2020-11-11T01:32:14+00:00","dateModified":"2025-03-30T03:55:59+00:00","breadcrumb":{"@id":"https:\/\/www.chemipaz.com\/vi\/info\/introduction\/#breadcrumb"},"inLanguage":"vi","potentialAction":[{"@type":"ReadAction","target":["https:\/\/www.chemipaz.com\/vi\/info\/introduction\/"]}]},{"@type":"ImageObject","inLanguage":"vi","@id":"https:\/\/www.chemipaz.com\/vi\/info\/introduction\/#primaryimage","url":"https:\/\/www.chemipaz.com\/wp-content\/uploads\/2025\/01\/corp-intro-mv.png","contentUrl":"https:\/\/www.chemipaz.com\/wp-content\/uploads\/2025\/01\/corp-intro-mv.png"},{"@type":"BreadcrumbList","@id":"https:\/\/www.chemipaz.com\/vi\/info\/introduction\/#breadcrumb","itemListElement":[{"@type":"ListItem","position":1,"name":"Trang ch\u1ee7","item":"https:\/\/www.chemipaz.com\/vi\/"},{"@type":"ListItem","position":2,"name":"Th\u00f4ng tin c\u00f4ng ty","item":"https:\/\/www.chemipaz.com\/vi\/info\/"},{"@type":"ListItem","position":3,"name":"Gi\u1edbi thi\u1ec7u doanh nghi\u1ec7p"}]},{"@type":"WebSite","@id":"https:\/\/www.chemipaz.com\/vi\/#website","url":"https:\/\/www.chemipaz.com\/vi\/","name":"C\u00d4NG TY SEIKO PMC CORPORATION","description":"Ch\u00fang t\u00f4i \u0111\u00e1p \u1ee9ng nhanh ch\u00f3ng nhu c\u1ea7u c\u1ee7a kh\u00e1ch h\u00e0ng b\u1eb1ng h\u1ec7 th\u1ed1ng ba trong m\u1ed9t, cung c\u1ea5p c\u00e1c h\u00f3a ch\u1ea5t s\u1ea3n xu\u1ea5t gi\u1ea5y v\u00e0 c\u00e1c s\u1ea3n ph\u1ea9m nh\u1ef1a c\u00f3 gi\u00e1 tr\u1ecb gia t\u0103ng cao.","potentialAction":[{"@type":"SearchAction","target":{"@type":"EntryPoint","urlTemplate":"https:\/\/www.chemipaz.com\/vi\/?s={search_term_string}"},"query-input":{"@type":"PropertyValueSpecification","valueRequired":true,"valueName":"search_term_string"}}],"inLanguage":"vi"}]}},"_links":{"self":[{"href":"https:\/\/www.chemipaz.com\/vi\/wp-json\/wp\/v2\/pages\/463","targetHints":{"allow":["GET"]}}],"collection":[{"href":"https:\/\/www.chemipaz.com\/vi\/wp-json\/wp\/v2\/pages"}],"about":[{"href":"https:\/\/www.chemipaz.com\/vi\/wp-json\/wp\/v2\/types\/page"}],"author":[{"embeddable":true,"href":"https:\/\/www.chemipaz.com\/vi\/wp-json\/wp\/v2\/users\/6"}],"replies":[{"embeddable":true,"href":"https:\/\/www.chemipaz.com\/vi\/wp-json\/wp\/v2\/comments?post=463"}],"version-history":[{"count":45,"href":"https:\/\/www.chemipaz.com\/vi\/wp-json\/wp\/v2\/pages\/463\/revisions"}],"predecessor-version":[{"id":11473,"href":"https:\/\/www.chemipaz.com\/vi\/wp-json\/wp\/v2\/pages\/463\/revisions\/11473"}],"up":[{"embeddable":true,"href":"https:\/\/www.chemipaz.com\/vi\/wp-json\/wp\/v2\/pages\/469"}],"wp:attachment":[{"href":"https:\/\/www.chemipaz.com\/vi\/wp-json\/wp\/v2\/media?parent=463"}],"curies":[{"name":"wp","href":"https:\/\/api.w.org\/{rel}","templated":true}]}}