{"id":459,"date":"2020-11-11T10:32:14","date_gmt":"2020-11-11T01:32:14","guid":{"rendered":"https:\/\/www.chemipaz.com\/vi\/contact-2\/"},"modified":"2025-03-22T16:43:36","modified_gmt":"2025-03-22T07:43:36","slug":"contact","status":"publish","type":"page","link":"https:\/\/www.chemipaz.com\/vi\/contact\/","title":{"rendered":"Li\u00ean h\u1ec7"},"content":{"rendered":"\n<div class=\"wp-block-cover is-light under-mv-static mv-base\"><span aria-hidden=\"true\" class=\"wp-block-cover__background has-black-background-color has-background-dim-0 has-background-dim\"><\/span><div class=\"wp-block-cover__inner-container is-layout-constrained wp-block-cover-is-layout-constrained\"><div class=\"yoast-breadcrumbs\"><span><span><a href=\"https:\/\/www.chemipaz.com\/vi\/\">Trang ch\u1ee7<\/a><\/span> \u00bb <span class=\"breadcrumb_last\" aria-current=\"page\">Li\u00ean h\u1ec7<\/span><\/span><\/div>\n\n<h2 class=\"has-text-align-center wp-block-post-title\">Li\u00ean h\u1ec7<\/h2><\/div><\/div>\n\n\n\n<div class=\"wp-block-group inner contact-content is-layout-constrained wp-block-group-is-layout-constrained\">\n<p class=\"has-text-align-center contact-intro\">Sau khi nh\u1eadp t\u1eebng m\u1ee5c, nh\u1ea5p v\u00e0o n\u00fat [Chuy\u1ec3n \u0111\u1ebfn m\u00e0n h\u00ecnh x\u00e1c nh\u1eadn] \u1edf cu\u1ed1i m\u00e0n h\u00ecnh \u0111\u1ec3 x\u00e1c nh\u1eadn th\u00f4ng tin \u0111\u00e3 nh\u1eadp.<br>Sau khi ki\u1ec3m tra n\u1ed9i dung, vui l\u00f2ng nh\u1ea5n n\u00fat [G\u1eedi].<\/p>\n\n\n\n<p class=\"has-text-align-center contact-intro\"><\/p>\n\n\n\n<div class=\"wpcf7 no-js\" id=\"wpcf7-f10707-o1\" lang=\"ja\" dir=\"ltr\" data-wpcf7-id=\"10707\">\n<div class=\"screen-reader-response\"><p role=\"status\" aria-live=\"polite\" aria-atomic=\"true\"><\/p> <ul><\/ul><\/div>\n<form action=\"\/vi\/wp-json\/wp\/v2\/pages\/459#wpcf7-f10707-o1\" method=\"post\" class=\"wpcf7-form init\" aria-label=\"\u30b3\u30f3\u30bf\u30af\u30c8\u30d5\u30a9\u30fc\u30e0\" novalidate=\"novalidate\" data-status=\"init\">\n<fieldset class=\"hidden-fields-container\"><input type=\"hidden\" name=\"_wpcf7\" value=\"10707\" \/><input type=\"hidden\" name=\"_wpcf7_version\" value=\"6.1.5\" \/><input type=\"hidden\" name=\"_wpcf7_locale\" value=\"ja\" \/><input type=\"hidden\" name=\"_wpcf7_unit_tag\" value=\"wpcf7-f10707-o1\" \/><input type=\"hidden\" name=\"_wpcf7_container_post\" value=\"0\" \/><input type=\"hidden\" name=\"_wpcf7_posted_data_hash\" value=\"\" \/><input type=\"hidden\" name=\"_wpcf7_recaptcha_response\" value=\"\" \/>\n<\/fieldset>\n<div class=\"form input\">\n    <dl class=\"item-center\">\n        <dt>\n            <label>T\u00ean s\u1ea3n ph\u1ea9m c\u1ea7n li\u00ean h\u1ec7<\/label>\n        <\/dt>\n        <dd class=\"sb-cf7-input\">\n                            <select name=\"contact-product\" class=\"form__select-product\">\n                    <option value=\"\">L\u1ef1a ch\u1ecdn...<\/option>\n                                            <optgroup label=\"S\u1ea3n Ph\u1ea9m M\u1edbi, C\u00e1c Ph\u00e1t Tri\u1ec3n M\u1edbi\">\n                                                                    <option value=\"Nano B\u1ea1c\" data-contact-to=\"\">\n                                            Nano B\u1ea1c                                        <\/option>\n                                                                                <option value=\"Ch\u1ea5t ki\u1ec3m so\u00e1t m\u00e0ng sinh h\u1ecdc\" data-contact-to=\"\">\n                                            Ch\u1ea5t ki\u1ec3m so\u00e1t m\u00e0ng sinh h\u1ecdc                                        <\/option>\n                                                                                <option value=\"Nh\u1ef1a Biomass g\u1ed1c n\u01b0\u1edbc\" data-contact-to=\"\">\n                                            Nh\u1ef1a Biomass g\u1ed1c n\u01b0\u1edbc                                        <\/option>\n                                                                                <option value=\"Ch\u1ea5t tr\u00e1ng ph\u1ee7 gi\u1ea5y chuy\u00ean d\u1ee5ng\" data-contact-to=\"\">\n                                            Ch\u1ea5t tr\u00e1ng ph\u1ee7 gi\u1ea5y chuy\u00ean d\u1ee5ng                                        <\/option>\n                                                                                <option value=\"Ph\u1ee5 gia ch\u1ed1ng th\u1ea5m Rosin \u0111\u1ea1t chu\u1ea9n FCN\" data-contact-to=\"\">\n                                            Ph\u1ee5 gia ch\u1ed1ng th\u1ea5m Rosin \u0111\u1ea1t chu\u1ea9n FCN                                        <\/option>\n                                                                                <option value=\"Ch\u1ea5t tr\u00e1ng ph\u1ee7 kh\u00e1ng d\u1ea7u kh\u00f4ng ch\u1ee9a Flo\" data-contact-to=\"\">\n                                            Ch\u1ea5t tr\u00e1ng ph\u1ee7 kh\u00e1ng d\u1ea7u kh\u00f4ng ch\u1ee9a Flo                                        <\/option>\n                                                                <\/optgroup>\n                                                <optgroup label=\"H\u00f3a Ch\u1ea5t Ng\u00e0nh Gi\u1ea5y\">\n                                                                    <option value=\"Ph\u1ee5 gia ch\u1ed1ng th\u1ea5m b\u1ec1 m\u1eb7t\" data-contact-to=\"\">\n                                            Ph\u1ee5 gia ch\u1ed1ng th\u1ea5m b\u1ec1 m\u1eb7t                                        <\/option>\n                                                                                <option value=\"Ph\u1ee5 gia ch\u1ed1ng th\u1ea5m n\u1ed9i b\u1ed9\" data-contact-to=\"\">\n                                            Ph\u1ee5 gia ch\u1ed1ng th\u1ea5m n\u1ed9i b\u1ed9                                        <\/option>\n                                                                                <option value=\"Ph\u1ee5 gia t\u0103ng b\u1ec1n b\u1ec1 m\u1eb7t\" data-contact-to=\"\">\n                                            Ph\u1ee5 gia t\u0103ng b\u1ec1n b\u1ec1 m\u1eb7t                                        <\/option>\n                                                                                <option value=\"Ph\u1ee5 gia t\u0103ng b\u1ec1n n\u1ed9i b\u1ed9\" data-contact-to=\"\">\n                                            Ph\u1ee5 gia t\u0103ng b\u1ec1n n\u1ed9i b\u1ed9                                        <\/option>\n                                                                                <option value=\"Ph\u1ee5 gia t\u0103ng \u0111\u1ed9 b\u1ec1n \u01b0\u1edbt\" data-contact-to=\"\">\n                                            Ph\u1ee5 gia t\u0103ng \u0111\u1ed9 b\u1ec1n \u01b0\u1edbt                                        <\/option>\n                                                                                <option value=\"Ch\u1ea5t tr\u1ee3 b\u1ea3o l\u01b0u - Ch\u1ea5t h\u1ed7 tr\u1ee3 \u0111\u00f4ng t\u1ee5 - Ch\u1ea5t h\u1ed7 tr\u1ee3 c\u1ed1 \u0111\u1ecbnh ph\u1ee5 gia ch\u1ed1ng th\u1ea5m\" data-contact-to=\"\">\n                                            Ch\u1ea5t tr\u1ee3 b\u1ea3o l\u01b0u - Ch\u1ea5t h\u1ed7 tr\u1ee3 \u0111\u00f4ng t\u1ee5 - Ch\u1ea5t h\u1ed7 tr\u1ee3 c\u1ed1 \u0111\u1ecbnh ph\u1ee5 gia ch\u1ed1ng th\u1ea5m                                        <\/option>\n                                                                                <option value=\"Ph\u1ee5 gia t\u0103ng c\u01b0\u1eddng kh\u1ea3 n\u0103ng in \u1ea5n - Ph\u1ee5 gia ch\u1ed1ng th\u1ea5m cho in phun\" data-contact-to=\"\">\n                                            Ph\u1ee5 gia t\u0103ng c\u01b0\u1eddng kh\u1ea3 n\u0103ng in \u1ea5n - Ph\u1ee5 gia ch\u1ed1ng th\u1ea5m cho in phun                                        <\/option>\n                                                                                <option value=\"Ph\u1ee5 gia Ph\u1ee7 T\u00e1ch l\u00f4 - Ph\u1ee5 gia c\u1ea3i thi\u1ec7n k\u1ebft c\u1ea5u\" data-contact-to=\"\">\n                                            Ph\u1ee5 gia Ph\u1ee7 T\u00e1ch l\u00f4 - Ph\u1ee5 gia c\u1ea3i thi\u1ec7n k\u1ebft c\u1ea5u                                        <\/option>\n                                                                                <option value=\"H\u00f3a ch\u1ea5t ch\u1ee9c n\u0103ng kh\u00e1c\" data-contact-to=\"\">\n                                            H\u00f3a ch\u1ea5t ch\u1ee9c n\u0103ng kh\u00e1c                                        <\/option>\n                                                                                <option value=\"Ch\u1ebf ph\u1ea9m vi sinh\" data-contact-to=\"\">\n                                            Ch\u1ebf ph\u1ea9m vi sinh                                        <\/option>\n                                                                <\/optgroup>\n                                        <\/select>\n                \n        <\/dd>\n    <\/dl>\n    <dl>\n        <dt>\n            <label>Th\u00f4ng tin li\u00ean h\u1ec7<\/label>\n        <\/dt>\n        <dd class=\"sb-cf7-input\">\n            <span class=\"wpcf7-form-control-wrap\" data-name=\"contact-group\"><select class=\"wpcf7-form-control wpcf7-select\" aria-invalid=\"false\" name=\"contact-group\"><option value=\"\">L\u1ef1a ch\u1ecdn...<\/option><option value=\"CHEMIPAZ\">CHEMIPAZ<\/option><option value=\"KJ CHEMICALS CORPORATION\">KJ CHEMICALS CORPORATION<\/option><option value=\"Marine Nano-fiber Co., Ltd.\">Marine Nano-fiber Co., Ltd.<\/option><option value=\"SEIKO PMC (ZHANGJIAGANG) CORPORATION\">SEIKO PMC (ZHANGJIAGANG) CORPORATION<\/option><option value=\"Seiko PMC (Shanghai) Commerce &amp; Trading Corp.\">Seiko PMC (Shanghai) Commerce &amp; Trading Corp.<\/option><option value=\"Total Acrylic Polymer Industry Corp.\">Total Acrylic Polymer Industry Corp.<\/option><option value=\"SEIKO PMC VIETNAM CO., LTD.\">SEIKO PMC VIETNAM CO., LTD.<\/option><\/select><\/span>\n            <input class=\"wpcf7-form-control wpcf7-hidden contact-form-value\" value=\"\" type=\"hidden\" name=\"contact-group-value\" \/>\n        <\/dd>\n    <\/dl>\n    <dl>\n        <dt class=\"must\">\n            <label>T\u00ean c\u00f4ng ty<\/label>\n        <\/dt>\n        <dd class=\"sb-cf7-input\">\n            <span class=\"wpcf7-form-control-wrap\" data-name=\"contact-company\"><input size=\"40\" maxlength=\"400\" class=\"wpcf7-form-control wpcf7-text wpcf7-validates-as-required\" aria-required=\"true\" aria-invalid=\"false\" placeholder=\"C\u00f4ng ty TNHH\" value=\"\" type=\"text\" name=\"contact-company\" \/><\/span>\n            <div class=\"sb-cf7-error\"><\/div>\n        <\/dd>\n    <\/dl>\n    <dl>\n        <dt>\n            <label>T\u00ean b\u1ed9 ph\u1eadn<\/label>\n        <\/dt>\n        <dd class=\"sb-cf7-input\">\n            <span class=\"wpcf7-form-control-wrap\" data-name=\"contact-section\"><input size=\"40\" maxlength=\"400\" class=\"wpcf7-form-control wpcf7-text\" aria-invalid=\"false\" placeholder=\"Ph\u00f2ng t\u1ed5ng v\u1ee5\" value=\"\" type=\"text\" name=\"contact-section\" \/><\/span>\n        <\/dd>\n    <\/dl>\n    <dl>\n        <dt class=\"must\">\n            <label>H\u1ecd t\u00ean<\/label>\n        <\/dt>\n        <dd class=\"sb-cf7-input\">\n            <span class=\"wpcf7-form-control-wrap\" data-name=\"contact-name\"><input size=\"40\" maxlength=\"400\" class=\"wpcf7-form-control wpcf7-text wpcf7-validates-as-required\" aria-required=\"true\" aria-invalid=\"false\" placeholder=\"Yamada Taro\" value=\"\" type=\"text\" name=\"contact-name\" \/><\/span>\n            <div class=\"sb-cf7-error\"><\/div>\n        <\/dd>\n    <\/dl>\n    <dl>\n        <dt class=\"must\">\n            <label>Qu\u1ed1c gia<\/label>\n        <\/dt>\n        <dd class=\"sb-cf7-input\">\n            <span class=\"wpcf7-form-control-wrap\" data-name=\"contact-country\"><input size=\"40\" maxlength=\"400\" class=\"wpcf7-form-control wpcf7-text wpcf7-validates-as-required\" aria-required=\"true\" aria-invalid=\"false\" placeholder=\"\" value=\"\" type=\"text\" name=\"contact-country\" \/><\/span>\n            <div class=\"sb-cf7-error\"><\/div>\n        <\/dd>\n    <\/dl>\n    <dl>\n        <dt class=\"must\">\n            <label>\u0110\u1ecba ch\u1ec9<\/label>\n        <\/dt>\n        <dd class=\"sb-cf7-input\">\n            <span class=\"wpcf7-form-control-wrap\" data-name=\"contact-address\"><input size=\"40\" maxlength=\"400\" class=\"wpcf7-form-control wpcf7-text wpcf7-validates-as-required\" aria-required=\"true\" aria-invalid=\"false\" placeholder=\"Vui l\u00f2ng nh\u1eadp \u0111\u1ecba ch\u1ec9 c\u1ee7a b\u1ea1n\" value=\"\" type=\"text\" name=\"contact-address\" \/><\/span>\n            <div class=\"sb-cf7-error\"><\/div>\n        <\/dd>\n    <\/dl>\n    <dl>\n        <dt>\n            <label>\u0110i\u1ec7n tho\u1ea1i<\/label>\n        <\/dt>\n        <dd class=\"sb-cf7-input\">\n            <span class=\"wpcf7-form-control-wrap\" data-name=\"contact-tel\"><input size=\"40\" maxlength=\"400\" class=\"wpcf7-form-control wpcf7-tel wpcf7-text wpcf7-validates-as-tel\" aria-invalid=\"false\" placeholder=\"\" value=\"\" type=\"tel\" name=\"contact-tel\" \/><\/span>\n            <div class=\"sb-cf7-error\"><\/div>\n        <\/dd>\n    <\/dl>\n    <dl>\n        <dt class=\"must\">\n            <label>\u0110\u1ecba ch\u1ec9 email<\/label>\n        <\/dt>\n        <dd class=\"sb-cf7-input\">\n            <span class=\"wpcf7-form-control-wrap\" data-name=\"contact-mail\"><input size=\"40\" maxlength=\"400\" class=\"wpcf7-form-control wpcf7-email wpcf7-validates-as-required wpcf7-text wpcf7-validates-as-email\" aria-required=\"true\" aria-invalid=\"false\" placeholder=\"info@mail.com\" value=\"\" type=\"email\" name=\"contact-mail\" \/><\/span>\n            <div class=\"sb-cf7-error\"><\/div>\n        <\/dd>\n    <\/dl>\n    <dl>\n        <dt class=\"must\">\n            <label>N\u1ed9i dung li\u00ean h\u1ec7<\/label>\n        <\/dt>\n        <dd class=\"sb-cf7-input\">\n            <span class=\"wpcf7-form-control-wrap\" data-name=\"contact-comment\"><textarea cols=\"40\" rows=\"10\" maxlength=\"2000\" class=\"wpcf7-form-control wpcf7-textarea wpcf7-validates-as-required\" aria-required=\"true\" aria-invalid=\"false\" placeholder=\"Vui l\u00f2ng nh\u1eadp n\u1ed9i dung c\u1ea7n h\u1ecfi.\" name=\"contact-comment\"><\/textarea><\/span>\n            <div class=\"sb-cf7-error\"><\/div>\n        <\/dd>\n    <\/dl>\n\n    <ul class=\"form__other-text\">\n        <li>Vui l\u00f2ng nh\u1eadp c\u00e1c m\u1ee5c c\u1ea7n thi\u1ebft v\u00ec ch\u00fang t\u00f4i s\u1ebd c\u1ea7n th\u00f4ng tin \u0111\u00f3 \u0111\u1ec3 tr\u1ea3 l\u1eddi c\u00e2u h\u1ecfi c\u1ee7a b\u1ea1n.<\/li>\n        <li>Th\u00f4ng tin c\u00e1 nh\u00e2n b\u1ea1n nh\u1eadp v\u00e0o \u0111\u00e2y s\u1ebd kh\u00f4ng \u0111\u01b0\u1ee3c s\u1eed d\u1ee5ng cho b\u1ea5t k\u1ef3 m\u1ee5c \u0111\u00edch n\u00e0o kh\u00e1c ngo\u00e0i vi\u1ec7c tr\u1ea3 l\u1eddi c\u00e2u h\u1ecfi c\u1ee7a b\u1ea1n.<br>Chi ti\u1ebft vui l\u00f2ng xem ch\u00ednh s\u00e1ch b\u1ea3o v\u1ec7 th\u00f4ng tin c\u00e1 nh\u00e2n c\u1ee7a ch\u00fang t\u00f4i.<\/li>\n        <li>T\u00f9y thu\u1ed9c v\u00e0o n\u1ed9i dung c\u00e2u h\u1ecfi c\u1ee7a b\u1ea1n, c\u00f3 th\u1ec3 m\u1ea5t m\u1ed9t th\u1eddi gian \u0111\u1ec3 ch\u00fang t\u00f4i tr\u1ea3 l\u1eddi.<\/li>\n    <\/ul>\n\n    <div class=\"form__privacy sb-cf7-input\">\n        <span class=\"wpcf7-form-control-wrap\" data-name=\"contact-privacypolicy\"><span class=\"wpcf7-form-control wpcf7-acceptance\"><span class=\"wpcf7-list-item\"><label><input type=\"checkbox\" name=\"contact-privacypolicy\" value=\"1\" aria-invalid=\"false\" \/><span class=\"wpcf7-list-item-label\">X\u00e1c nh\u1eadn \u0111\u1ed3ng \u00fd v\u1edbi <a href=\"\/vi\/privacy\/\" target=\"_blank\">ch\u00ednh s\u00e1ch b\u1ea3o v\u1ec7 th\u00f4ng tin c\u00e1 nh\u00e2n c\u1ee7a ch\u00fang t\u00f4i<\/a><\/span><\/label><\/span><\/span><\/span>\n        <div class=\"sb-cf7-error\"><\/div>\n    <\/div>\n\n    <div class=\"form__submit\">\n        <button type=\"button\" class=\"form__submit-btn btn-confirm\">Chuy\u1ec3n \u0111\u1ebfn m\u00e0n h\u00ecnh x\u00e1c nh\u1eadn<\/button>\n    <\/div>\n<\/div>\n\n<div class=\"form confirm\">\n    <dl>\n        <dt>\n            <label><span class=\"confirm-sp\">\u25a0<\/span>T\u00ean s\u1ea3n ph\u1ea9m c\u1ea7n li\u00ean h\u1ec7<\/label>\n        <\/dt>\n        <dd>\n            <div class=\"sb-cf7-confirm confirm-contact-product\"><\/div>\n        <\/dd>\n    <\/dl>\n    <dl>\n        <dt>\n            <label><span class=\"confirm-sp\">\u25a0<\/span>Th\u00f4ng tin li\u00ean h\u1ec7<\/label>\n        <\/dt>\n        <dd>\n            <div class=\"sb-cf7-confirm confirm-contact-group\"><\/div>\n        <\/dd>\n    <\/dl>\n    <dl>\n        <dt class=\"must\">\n            <label><span class=\"confirm-sp\">\u25a0<\/span>T\u00ean c\u00f4ng ty<\/label>\n        <\/dt>\n        <dd>\n            <div class=\"sb-cf7-confirm confirm-contact-company\"><\/div>\n        <\/dd>\n    <\/dl>\n    <dl>\n        <dt>\n            <label><span class=\"confirm-sp\">\u25a0<\/span>T\u00ean b\u1ed9 ph\u1eadn<\/label>\n        <\/dt>\n        <dd>\n            <div class=\"sb-cf7-confirm confirm-contact-section\"><\/div>\n        <\/dd>\n    <\/dl>\n    <dl>\n        <dt class=\"must\">\n            <label><span class=\"confirm-sp\">\u25a0<\/span>H\u1ecd t\u00ean<\/label>\n        <\/dt>\n        <dd>\n            <div class=\"sb-cf7-confirm confirm-contact-name\"><\/div>\n        <\/dd>\n    <\/dl>\n    <dl>\n        <dt>\n            <label><span class=\"confirm-sp\">\u25a0<\/span>Qu\u1ed1c gia<\/label>\n        <\/dt>\n        <dd>\n            <div class=\"sb-cf7-confirm confirm-contact-country\"><\/div>\n        <\/dd>\n    <\/dl>\n    <dl>\n        <dt class=\"must\">\n            <label><span class=\"confirm-sp\">\u25a0<\/span>\u0110\u1ecba ch\u1ec9<\/label>\n        <\/dt>\n        <dd>\n            <div class=\"sb-cf7-confirm confirm-contact-address\"><\/div>\n        <\/dd>\n    <\/dl>\n    <dl>\n        <dt>\n            <label><span class=\"confirm-sp\">\u25a0<\/span>\u0110i\u1ec7n tho\u1ea1i<\/label>\n        <\/dt>\n        <dd>\n            <div class=\"sb-cf7-confirm confirm-contact-tel\"><\/div>\n        <\/dd>\n    <\/dl>\n    <dl>\n        <dt class=\"must\">\n            <label><span class=\"confirm-sp\">\u25a0<\/span>\u0110\u1ecba ch\u1ec9 email<\/label>\n        <\/dt>\n        <dd>\n            <div class=\"sb-cf7-confirm confirm-contact-mail\"><\/div>\n        <\/dd>\n    <\/dl>\n    <dl>\n        <dt class=\"must\">\n            <label><span class=\"confirm-sp\">\u25a0<\/span>N\u1ed9i dung li\u00ean h\u1ec7<\/label>\n        <\/dt>\n        <dd>\n            <div class=\"sb-cf7-confirm confirm-contact-comment\"><\/div>\n        <\/dd>\n    <\/dl>\n\n    <div class=\"form__submit\">\n        <button type=\"button\" class=\"back form__submit-back\">Quay l\u1ea1i<\/button>\n        <input class=\"wpcf7-form-control wpcf7-submit has-spinner\" type=\"submit\" value=\"G\u1eedi\" \/>\n    <\/div>\n<\/div><div class=\"wpcf7-response-output\" aria-hidden=\"true\"><\/div>\n<\/form>\n<\/div>\n\n<\/div>\n\n\n\n<p><\/p>\n","protected":false},"excerpt":{"rendered":"<p>Sau khi nh\u1eadp t\u1eebng m\u1ee5c, nh\u1ea5p v\u00e0o n\u00fat [Chuy\u1ec3n \u0111\u1ebfn m\u00e0n h\u00ecnh x\u00e1c nh\u1eadn] \u1edf cu\u1ed1i m\u00e0n h\u00ecnh \u0111\u1ec3 x\u00e1c nh\u1eadn th\u00f4ng tin \u0111\u00e3 nh\u1eadp.Sau khi ki\u1ec3m tra n\u1ed9i dung, vui l\u00f2ng nh\u1ea5n n\u00fat [G\u1eedi].<\/p>\n","protected":false},"author":6,"featured_media":0,"parent":0,"menu_order":26,"comment_status":"closed","ping_status":"closed","template":"","meta":{"_acf_changed":false,"footnotes":""},"class_list":["post-459","page","type-page","status-publish","hentry"],"acf":[],"yoast_head":"<!-- This site is optimized with the Yoast SEO plugin v26.7 - https:\/\/yoast.com\/wordpress\/plugins\/seo\/ -->\n<title>Li\u00ean h\u1ec7 - C\u00d4NG TY SEIKO PMC CORPORATION<\/title>\n<meta name=\"robots\" content=\"index, follow, max-snippet:-1, max-image-preview:large, max-video-preview:-1\" \/>\n<link rel=\"canonical\" href=\"https:\/\/www.chemipaz.com\/vi\/contact\/\" \/>\n<meta property=\"og:locale\" content=\"vi_VN\" \/>\n<meta property=\"og:type\" content=\"article\" \/>\n<meta property=\"og:title\" content=\"Li\u00ean h\u1ec7 - C\u00d4NG TY SEIKO PMC CORPORATION\" \/>\n<meta property=\"og:description\" content=\"Sau khi nh\u1eadp t\u1eebng m\u1ee5c, nh\u1ea5p v\u00e0o n\u00fat [Chuy\u1ec3n \u0111\u1ebfn m\u00e0n h\u00ecnh x\u00e1c nh\u1eadn] \u1edf cu\u1ed1i m\u00e0n h\u00ecnh \u0111\u1ec3 x\u00e1c nh\u1eadn th\u00f4ng tin \u0111\u00e3 nh\u1eadp.Sau khi ki\u1ec3m tra n\u1ed9i dung, vui l\u00f2ng nh\u1ea5n n\u00fat [G\u1eedi].\" \/>\n<meta property=\"og:url\" content=\"https:\/\/www.chemipaz.com\/vi\/contact\/\" \/>\n<meta property=\"og:site_name\" content=\"C\u00d4NG TY SEIKO PMC CORPORATION\" \/>\n<meta property=\"article:modified_time\" content=\"2025-03-22T07:43:36+00:00\" \/>\n<meta name=\"twitter:card\" content=\"summary_large_image\" \/>\n<meta name=\"twitter:label1\" content=\"\u01af\u1edbc t\u00ednh th\u1eddi gian \u0111\u1ecdc\" \/>\n\t<meta name=\"twitter:data1\" content=\"1 ph\u00fat\" \/>\n<script type=\"application\/ld+json\" class=\"yoast-schema-graph\">{\"@context\":\"https:\/\/schema.org\",\"@graph\":[{\"@type\":\"WebPage\",\"@id\":\"https:\/\/www.chemipaz.com\/vi\/contact\/\",\"url\":\"https:\/\/www.chemipaz.com\/vi\/contact\/\",\"name\":\"Li\u00ean h\u1ec7 - C\u00d4NG TY SEIKO PMC CORPORATION\",\"isPartOf\":{\"@id\":\"https:\/\/www.chemipaz.com\/vi\/#website\"},\"datePublished\":\"2020-11-11T01:32:14+00:00\",\"dateModified\":\"2025-03-22T07:43:36+00:00\",\"breadcrumb\":{\"@id\":\"https:\/\/www.chemipaz.com\/vi\/contact\/#breadcrumb\"},\"inLanguage\":\"vi\",\"potentialAction\":[{\"@type\":\"ReadAction\",\"target\":[\"https:\/\/www.chemipaz.com\/vi\/contact\/\"]}]},{\"@type\":\"BreadcrumbList\",\"@id\":\"https:\/\/www.chemipaz.com\/vi\/contact\/#breadcrumb\",\"itemListElement\":[{\"@type\":\"ListItem\",\"position\":1,\"name\":\"Trang ch\u1ee7\",\"item\":\"https:\/\/www.chemipaz.com\/vi\/\"},{\"@type\":\"ListItem\",\"position\":2,\"name\":\"Li\u00ean h\u1ec7\"}]},{\"@type\":\"WebSite\",\"@id\":\"https:\/\/www.chemipaz.com\/vi\/#website\",\"url\":\"https:\/\/www.chemipaz.com\/vi\/\",\"name\":\"C\u00d4NG TY SEIKO PMC CORPORATION\",\"description\":\"Ch\u00fang t\u00f4i \u0111\u00e1p \u1ee9ng nhanh ch\u00f3ng nhu c\u1ea7u c\u1ee7a kh\u00e1ch h\u00e0ng b\u1eb1ng h\u1ec7 th\u1ed1ng ba trong m\u1ed9t, cung c\u1ea5p c\u00e1c h\u00f3a ch\u1ea5t s\u1ea3n xu\u1ea5t gi\u1ea5y v\u00e0 c\u00e1c s\u1ea3n ph\u1ea9m nh\u1ef1a c\u00f3 gi\u00e1 tr\u1ecb gia t\u0103ng cao.\",\"potentialAction\":[{\"@type\":\"SearchAction\",\"target\":{\"@type\":\"EntryPoint\",\"urlTemplate\":\"https:\/\/www.chemipaz.com\/vi\/?s={search_term_string}\"},\"query-input\":{\"@type\":\"PropertyValueSpecification\",\"valueRequired\":true,\"valueName\":\"search_term_string\"}}],\"inLanguage\":\"vi\"}]}<\/script>\n<!-- \/ Yoast SEO plugin. -->","yoast_head_json":{"title":"Li\u00ean h\u1ec7 - C\u00d4NG TY SEIKO PMC CORPORATION","robots":{"index":"index","follow":"follow","max-snippet":"max-snippet:-1","max-image-preview":"max-image-preview:large","max-video-preview":"max-video-preview:-1"},"canonical":"https:\/\/www.chemipaz.com\/vi\/contact\/","og_locale":"vi_VN","og_type":"article","og_title":"Li\u00ean h\u1ec7 - C\u00d4NG TY SEIKO PMC CORPORATION","og_description":"Sau khi nh\u1eadp t\u1eebng m\u1ee5c, nh\u1ea5p v\u00e0o n\u00fat [Chuy\u1ec3n \u0111\u1ebfn m\u00e0n h\u00ecnh x\u00e1c nh\u1eadn] \u1edf cu\u1ed1i m\u00e0n h\u00ecnh \u0111\u1ec3 x\u00e1c nh\u1eadn th\u00f4ng tin \u0111\u00e3 nh\u1eadp.Sau khi ki\u1ec3m tra n\u1ed9i dung, vui l\u00f2ng nh\u1ea5n n\u00fat [G\u1eedi].","og_url":"https:\/\/www.chemipaz.com\/vi\/contact\/","og_site_name":"C\u00d4NG TY SEIKO PMC CORPORATION","article_modified_time":"2025-03-22T07:43:36+00:00","twitter_card":"summary_large_image","twitter_misc":{"\u01af\u1edbc t\u00ednh th\u1eddi gian \u0111\u1ecdc":"1 ph\u00fat"},"schema":{"@context":"https:\/\/schema.org","@graph":[{"@type":"WebPage","@id":"https:\/\/www.chemipaz.com\/vi\/contact\/","url":"https:\/\/www.chemipaz.com\/vi\/contact\/","name":"Li\u00ean h\u1ec7 - C\u00d4NG TY SEIKO PMC CORPORATION","isPartOf":{"@id":"https:\/\/www.chemipaz.com\/vi\/#website"},"datePublished":"2020-11-11T01:32:14+00:00","dateModified":"2025-03-22T07:43:36+00:00","breadcrumb":{"@id":"https:\/\/www.chemipaz.com\/vi\/contact\/#breadcrumb"},"inLanguage":"vi","potentialAction":[{"@type":"ReadAction","target":["https:\/\/www.chemipaz.com\/vi\/contact\/"]}]},{"@type":"BreadcrumbList","@id":"https:\/\/www.chemipaz.com\/vi\/contact\/#breadcrumb","itemListElement":[{"@type":"ListItem","position":1,"name":"Trang ch\u1ee7","item":"https:\/\/www.chemipaz.com\/vi\/"},{"@type":"ListItem","position":2,"name":"Li\u00ean h\u1ec7"}]},{"@type":"WebSite","@id":"https:\/\/www.chemipaz.com\/vi\/#website","url":"https:\/\/www.chemipaz.com\/vi\/","name":"C\u00d4NG TY SEIKO PMC CORPORATION","description":"Ch\u00fang t\u00f4i \u0111\u00e1p \u1ee9ng nhanh ch\u00f3ng nhu c\u1ea7u c\u1ee7a kh\u00e1ch h\u00e0ng b\u1eb1ng h\u1ec7 th\u1ed1ng ba trong m\u1ed9t, cung c\u1ea5p c\u00e1c h\u00f3a ch\u1ea5t s\u1ea3n xu\u1ea5t gi\u1ea5y v\u00e0 c\u00e1c s\u1ea3n ph\u1ea9m nh\u1ef1a c\u00f3 gi\u00e1 tr\u1ecb gia t\u0103ng cao.","potentialAction":[{"@type":"SearchAction","target":{"@type":"EntryPoint","urlTemplate":"https:\/\/www.chemipaz.com\/vi\/?s={search_term_string}"},"query-input":{"@type":"PropertyValueSpecification","valueRequired":true,"valueName":"search_term_string"}}],"inLanguage":"vi"}]}},"_links":{"self":[{"href":"https:\/\/www.chemipaz.com\/vi\/wp-json\/wp\/v2\/pages\/459","targetHints":{"allow":["GET"]}}],"collection":[{"href":"https:\/\/www.chemipaz.com\/vi\/wp-json\/wp\/v2\/pages"}],"about":[{"href":"https:\/\/www.chemipaz.com\/vi\/wp-json\/wp\/v2\/types\/page"}],"author":[{"embeddable":true,"href":"https:\/\/www.chemipaz.com\/vi\/wp-json\/wp\/v2\/users\/6"}],"replies":[{"embeddable":true,"href":"https:\/\/www.chemipaz.com\/vi\/wp-json\/wp\/v2\/comments?post=459"}],"version-history":[{"count":8,"href":"https:\/\/www.chemipaz.com\/vi\/wp-json\/wp\/v2\/pages\/459\/revisions"}],"predecessor-version":[{"id":10711,"href":"https:\/\/www.chemipaz.com\/vi\/wp-json\/wp\/v2\/pages\/459\/revisions\/10711"}],"wp:attachment":[{"href":"https:\/\/www.chemipaz.com\/vi\/wp-json\/wp\/v2\/media?parent=459"}],"curies":[{"name":"wp","href":"https:\/\/api.w.org\/{rel}","templated":true}]}}