{"id":10665,"date":"2025-03-20T13:48:36","date_gmt":"2025-03-20T04:48:36","guid":{"rendered":"https:\/\/www.chemipaz.com\/vi\/?page_id=10665"},"modified":"2025-03-29T12:29:26","modified_gmt":"2025-03-29T03:29:26","slug":"cookie-policy","status":"publish","type":"page","link":"https:\/\/www.chemipaz.com\/vi\/cookie-policy\/","title":{"rendered":"Ch\u00ednh s\u00e1ch Cookie"},"content":{"rendered":"\n<div class=\"wp-block-cover is-light under-mv-static mv-base\"><span aria-hidden=\"true\" class=\"wp-block-cover__background has-black-background-color has-background-dim-0 has-background-dim\"><\/span><div class=\"wp-block-cover__inner-container is-layout-constrained wp-block-cover-is-layout-constrained\"><div class=\"yoast-breadcrumbs\"><span><span><a href=\"https:\/\/www.chemipaz.com\/vi\/\">Trang ch\u1ee7<\/a><\/span> \u00bb <span class=\"breadcrumb_last\" aria-current=\"page\">Ch\u00ednh s\u00e1ch Cookie<\/span><\/span><\/div>\n\n<h2 class=\"has-text-align-center wp-block-post-title\">Ch\u00ednh s\u00e1ch Cookie<\/h2><\/div><\/div>\n\n\n\n<div class=\"wp-block-group content-base privacy-content cookie-policy-content is-layout-constrained wp-block-group-is-layout-constrained\">\n<div class=\"wp-block-group inner is-layout-constrained wp-block-group-is-layout-constrained\">\n<p class=\"privacy__intro\">C\u00f4ng ty CHEMIPAZ (sau \u0111\u00e2y g\u1ecdi l\u00e0 \u201cC\u00f4ng ty ch\u00fang t\u00f4i\u201d) s\u1eed d\u1ee5ng Cookie \u0111\u1ec3 thu th\u1eadp m\u1ed9t s\u1ed1 th\u00f4ng tin v\u1edbi m\u1ee5c \u0111\u00edch ph\u00e2n t\u00edch t\u00ecnh tr\u1ea1ng s\u1eed d\u1ee5ng trang web c\u1ee7a kh\u00e1ch h\u00e0ng, c\u0169ng nh\u01b0 cung c\u1ea5p c\u00e1c d\u1ecbch v\u1ee5 v\u00e0 qu\u1ea3ng c\u00e1o \u0111\u01b0\u1ee3c t\u00f9y ch\u1ec9nh cho t\u1eebng kh\u00e1ch h\u00e0ng.<\/p>\n\n\n\n<div class=\"wp-block-group privacy__section is-layout-constrained wp-block-group-is-layout-constrained\">\n<h3 class=\"wp-block-heading\">1. V\u1ec1 Cookie<\/h3>\n\n\n\n<p>Cookie l\u00e0 ch\u1ee9c n\u0103ng l\u01b0u tr\u1eef th\u00f4ng tin v\u1ec1 vi\u1ec7c duy\u1ec7t web c\u1ee7a kh\u00e1ch h\u00e0ng v\u00e0o thi\u1ebft b\u1ecb c\u1ee7a kh\u00e1ch h\u00e0ng (thi\u1ebft b\u1ecb c\u00f3 th\u1ec3 k\u1ebft n\u1ed1i internet nh\u01b0 m\u00e1y t\u00ednh, \u0111i\u1ec7n tho\u1ea1i th\u00f4ng minh, m\u00e1y t\u00ednh b\u1ea3ng, v.v\u2026).<br>Cookie bao g\u1ed3m lo\u1ea1i \u0111\u01b0\u1ee3c thi\u1ebft l\u1eadp b\u1edfi c\u00f4ng ty ch\u00fang t\u00f4i (Cookie c\u1ee7a b\u00ean th\u1ee9 nh\u1ea5t) v\u00e0 lo\u1ea1i \u0111\u01b0\u1ee3c thi\u1ebft l\u1eadp b\u1edfi b\u00ean th\u1ee9 ba li\u00ean k\u1ebft v\u1edbi c\u00f4ng ty ch\u00fang t\u00f4i (Cookie c\u1ee7a b\u00ean th\u1ee9 ba).<\/p>\n<\/div>\n\n\n\n<div class=\"wp-block-group privacy__section is-layout-constrained wp-block-group-is-layout-constrained\">\n<h3 class=\"wp-block-heading\">2\uff0eM\u1ee5c \u0111\u00edch s\u1eed d\u1ee5ng Cookie<\/h3>\n\n\n\n<p class=\"base-number-list\">\u2460 C\u00f4ng ty ch\u00fang t\u00f4i s\u1eed d\u1ee5ng Cookie \u0111\u1ec3 n\u1eafm b\u1eaft t\u00ecnh tr\u1ea1ng s\u1eed d\u1ee5ng khi kh\u00e1ch h\u00e0ng duy\u1ec7t web, t\u1eeb \u0111\u00f3 c\u1ea3i thi\u1ec7n v\u00e0 n\u00e2ng cao ti\u1ec7n \u00edch cho kh\u00e1ch h\u00e0ng, v.v\u2026<br>Ngo\u00e0i ra, trong qu\u00e1 tr\u00ecnh ph\u00e2n t\u00edch n\u00e0y, c\u00f4ng ty ch\u00fang t\u00f4i ch\u1ee7 y\u1ebfu s\u1eed d\u1ee5ng c\u00e1c c\u00f4ng c\u1ee5 d\u01b0\u1edbi \u0111\u00e2y, v\u00e0 th\u00f4ng tin c\u00f3 th\u1ec3 \u0111\u01b0\u1ee3c cung c\u1ea5p cho c\u00e1c nh\u00e0 cung c\u1ea5p c\u00f4ng c\u1ee5.<br><strong>Google Analytics<br><\/strong>Nh\u00e0 cung c\u1ea5p c\u00f4ng c\u1ee5: Google LLC<br>URL: <a href=\"https:\/\/analytics.google.com\/\" target=\"_blank\" rel=\"noreferrer noopener\">https:\/\/analytics.google.com\/<\/a><\/p>\n\n\n\n<p class=\"base-number-list\"><\/p>\n\n\n\n<p class=\"base-number-list no-top-space\">\u2461 C\u00f4ng ty ch\u00fang t\u00f4i s\u1eed d\u1ee5ng Cookie khi cung c\u1ea5p ch\u1ee9c n\u0103ng t\u00ecm ki\u1ebfm b\u1eb1ng c\u00f4ng c\u1ee5 t\u00ecm ki\u1ebfm c\u00f3 th\u1ec3 l\u1eadp tr\u00ecnh, nh\u1eb1m c\u1ea3i thi\u1ec7n k\u1ebft qu\u1ea3 t\u00ecm ki\u1ebfm v\u00e0 l\u1ecbch s\u1eed t\u00ecm ki\u1ebfm.<br><strong>Google programmable search Engine<\/strong><br>Nh\u00e0 cung c\u1ea5p c\u00f4ng c\u1ee5: Google LLC<br>URL<br>URL: <a href=\"https:\/\/programmablesearchengine.google.com\/about\/\">https:\/\/programmablesearchengine.google.com\/about\/<\/a><\/p>\n<\/div>\n\n\n\n<div class=\"wp-block-group privacy__section is-layout-constrained wp-block-group-is-layout-constrained\">\n<h3 class=\"wp-block-heading\">3\uff0eC\u00e1ch t\u1eeb ch\u1ed1i Cookie<\/h3>\n\n\n\n<p class=\"base-number-list\">\u2460 Kh\u00e1ch h\u00e0ng c\u00f3 th\u1ec3 v\u00f4 hi\u1ec7u h\u00f3a Cookie b\u1eb1ng c\u00e1ch thay \u0111\u1ed5i c\u00e0i \u0111\u1eb7t tr\u00ecnh duy\u1ec7t. Tuy nhi\u00ean, n\u1ebfu v\u00f4 hi\u1ec7u h\u00f3a Cookie, c\u00f3 th\u1ec3 s\u1ebd kh\u00f4ng th\u1ec3 s\u1eed d\u1ee5ng m\u1ed9t s\u1ed1 tr\u00ecnh duy\u1ec7t. Vui l\u00f2ng tham kh\u1ea3o nh\u00e0 s\u1ea3n xu\u1ea5t c\u1ee7a t\u1eebng tr\u00ecnh duy\u1ec7t \u0111\u1ec3 bi\u1ebft c\u00e1ch thay \u0111\u1ed5i c\u00e0i \u0111\u1eb7t Cookie.<br>Vi\u1ec7c t\u1eeb ch\u1ed1i nh\u1eadn Cookie c\u1ee7a Google Analytics<br>c\u00f3 th\u1ec3 th\u1ef1c hi\u1ec7n th\u00f4ng qua \u201cGoogle Analytics Opt-out Add-on\u201d<br>(<a href=\"https:\/\/tools.google.com\/dlpage\/gaoptout\" target=\"_blank\" rel=\"noreferrer noopener\">https:\/\/tools.google.com\/dlpage\/gaoptout<\/a>) <\/p>\n<\/div>\n\n\n\n<div class=\"wp-block-group privacy__section is-layout-constrained wp-block-group-is-layout-constrained\">\n<h3 class=\"wp-block-heading\">4\uff0eTh\u00f4ng tin g\u1eedi qua Cookie<\/h3>\n\n\n\n<p>Th\u00f4ng tin g\u1eedi qua Cookie nh\u01b0 sau:<\/p>\n\n\n\n<figure class=\"wp-block-table\"><table class=\"has-fixed-layout\"><thead><tr><th>T\u00ean Cookie<\/th><th>M\u1ee5c \u0111\u00edch<\/th><th>D\u1ecbch v\u1ee5 s\u1eed d\u1ee5ng<\/th><th>Th\u1eddi gian hi\u1ec7u l\u1ef1c c\u1ee7a Cookie<\/th><th>Lo\u1ea1i Cookie<\/th><\/tr><\/thead><tbody><tr><td>_ga<\/td><td>Ph\u00e2n t\u00edch\/Gi\u1ea3i th\u00edch<\/td><td>Google Analytics<\/td><td>2 n\u0103m<\/td><td>Cookie c\u1ee7a b\u00ean th\u1ee9 nh\u1ea5t<\/td><\/tr><tr><td>_ga_9JTBYHV59F<\/td><td>Ph\u00e2n t\u00edch\/Gi\u1ea3i th\u00edch<\/td><td>Google Analytics<\/td><td>2 n\u0103m<\/td><td>Cookie c\u1ee7a b\u00ean th\u1ee9 nh\u1ea5t<\/td><\/tr><tr><td>_gat_UA-165030271-16<\/td><td>Ph\u00e2n t\u00edch\/Gi\u1ea3i th\u00edch<\/td><td>Google Analytics<\/td><td>V\u00e0i gi\u00e2y<\/td><td>Cookie c\u1ee7a b\u00ean th\u1ee9 nh\u1ea5t<\/td><\/tr><tr><td>_gid<\/td><td>Ph\u00e2n t\u00edch\/Gi\u1ea3i th\u00edch<\/td><td>Google Analytics<\/td><td>24 gi\u1edd<\/td><td>Cookie c\u1ee7a b\u00ean th\u1ee9 nh\u1ea5t<\/td><\/tr><\/tbody><\/table><\/figure>\n<\/div>\n\n\n\n<div class=\"wp-block-group privacy__section is-layout-constrained wp-block-group-is-layout-constrained\">\n<h3 class=\"wp-block-heading\">5\uff0eS\u1eed d\u1ee5ng Cookie, v.v\u2026 c\u1ee7a b\u00ean th\u1ee9 ba<\/h3>\n\n\n\n<p>C\u00f4ng ty ch\u00fang t\u00f4i s\u1eed d\u1ee5ng c\u00e1c d\u1ecbch v\u1ee5 do c\u00e1c c\u00f4ng ty b\u00ean th\u1ee9 ba cung c\u1ea5p, v\u00e0 nh\u1eefng c\u00f4ng ty n\u00e0y c\u00f3 th\u1ec3 s\u1eed d\u1ee5ng Cookie, v.v\u2026 Vi\u1ec7c s\u1eed d\u1ee5ng Cookie, v.v\u2026 b\u1edfi c\u00e1c c\u00f4ng ty b\u00ean th\u1ee9 ba s\u1ebd \u0111\u01b0\u1ee3c th\u1ef1c hi\u1ec7n theo ch\u00ednh s\u00e1ch b\u1ea3o m\u1eadt c\u1ee7a t\u1eebng c\u00f4ng ty.<br><br>\u0110\u1ecba ch\u1ec9 nh\u1eadn<br>\u0110\u1ecba ch\u1ec9 nh\u1eadn th\u00f4ng tin: Google LLC v\u00e0 c\u00e1c c\u00f4ng ty li\u00ean quan<br>\u0110\u1ec3 bi\u1ebft th\u00eam th\u00f4ng tin, vui l\u00f2ng truy c\u1eadp trang web c\u1ee7a Google.<\/p>\n<\/div>\n\n\n\n<div class=\"wp-block-group privacy__section is-layout-constrained wp-block-group-is-layout-constrained\">\n<h3 class=\"wp-block-heading\">6\uff0eThay \u0111\u1ed5i ch\u00ednh s\u00e1ch n\u00e0y<\/h3>\n\n\n\n<p>C\u00f4ng ty ch\u00fang t\u00f4i c\u00f3 th\u1ec3 thay \u0111\u1ed5i ch\u00ednh s\u00e1ch n\u00e0y m\u00e0 kh\u00f4ng c\u1ea7n th\u00f4ng b\u00e1o tr\u01b0\u1edbc, t\u00f9y thu\u1ed9c v\u00e0o s\u1ef1 thay \u0111\u1ed5i c\u1ee7a ph\u00e1p lu\u1eadt, t\u00ecnh h\u00ecnh x\u00e3 h\u1ed9i ho\u1eb7c c\u00e1c tr\u01b0\u1eddng h\u1ee3p c\u1ea7n thi\u1ebft kh\u00e1c. Ch\u00ednh s\u00e1ch m\u1edbi s\u1ebd c\u00f3 hi\u1ec7u l\u1ef1c t\u1eeb th\u1eddi \u0111i\u1ec3m \u0111\u01b0\u1ee3c \u0111\u0103ng t\u1ea3i tr\u00ean trang web c\u1ee7a c\u00f4ng ty ch\u00fang t\u00f4i.<\/p>\n<\/div>\n\n\n\n<div class=\"wp-block-group privacy__section is-layout-constrained wp-block-group-is-layout-constrained\">\n<h3 class=\"wp-block-heading\">7\uff0eLi\u00ean h\u1ec7<\/h3>\n\n\n\n<p>M\u1ecdi th\u1eafc m\u1eafc li\u00ean quan \u0111\u1ebfn ch\u00ednh s\u00e1ch n\u00e0y, vui l\u00f2ng li\u00ean h\u1ec7 v\u1edbi ch\u00fang t\u00f4i qua \u0111\u1ecba ch\u1ec9 sau:<\/p>\n\n\n\n<p>CHEMIPAZ CORPORAITON Tr\u1ee5 s\u1edf Qu\u1ea3n l\u00fd, Ph\u00f2ng T\u1ed5ng v\u1ee5<br>3-3-6 Nihonbashihoncho, Chuo-ku, Tokyo<br>\u0111i\u1ec7n\u300003-6202-7331<br>S\u1ed1 FAX\u3000 03-6202-7341<br><\/p>\n<\/div>\n<\/div>\n<\/div>\n","protected":false},"excerpt":{"rendered":"<p>C\u00f4ng ty CHEMIPAZ (sau \u0111\u00e2y g\u1ecdi l\u00e0 \u201cC\u00f4ng ty ch\u00fang t\u00f4i\u201d) s\u1eed d\u1ee5ng Cookie \u0111\u1ec3 thu th\u1eadp m\u1ed9t s\u1ed1 th\u00f4ng tin v\u1edbi m\u1ee5c \u0111\u00edch ph\u00e2n t\u00edch t\u00ecnh tr\u1ea1ng s\u1eed d\u1ee5ng trang web c\u1ee7a kh\u00e1ch h\u00e0ng, c\u0169ng nh\u01b0 cung c\u1ea5p c\u00e1c d\u1ecbch v\u1ee5 v\u00e0 qu\u1ea3ng c\u00e1o \u0111\u01b0\u1ee3c t\u00f9y ch\u1ec9nh cho t\u1eebng kh\u00e1ch h\u00e0ng. 1. V\u1ec1 Cookie Cookie l\u00e0 ch\u1ee9c n\u0103ng l\u01b0u tr\u1eef th\u00f4ng tin v\u1ec1 vi\u1ec7c duy\u1ec7t web c\u1ee7a kh\u00e1ch h\u00e0ng v\u00e0o thi\u1ebft b\u1ecb c\u1ee7a kh\u00e1ch h\u00e0ng (thi\u1ebft b\u1ecb c\u00f3 th\u1ec3 k\u1ebft n\u1ed1i internet nh\u01b0 m\u00e1y t\u00ednh, \u0111i\u1ec7n tho\u1ea1i th\u00f4ng minh, m\u00e1y t\u00ednh b\u1ea3ng, v.v\u2026).Cookie bao g\u1ed3m lo\u1ea1i \u0111\u01b0\u1ee3c thi\u1ebft l\u1eadp b\u1edfi c\u00f4ng ty ch\u00fang t\u00f4i (Cookie c\u1ee7a b\u00ean th\u1ee9 nh\u1ea5t) [&hellip;]<\/p>\n","protected":false},"author":6,"featured_media":0,"parent":0,"menu_order":4,"comment_status":"closed","ping_status":"closed","template":"","meta":{"_acf_changed":false,"footnotes":""},"class_list":["post-10665","page","type-page","status-publish","hentry"],"acf":[],"yoast_head":"<!-- This site is optimized with the Yoast SEO plugin v27.4 - https:\/\/yoast.com\/product\/yoast-seo-wordpress\/ -->\n<title>Ch\u00ednh s\u00e1ch Cookie - C\u00d4NG TY SEIKO PMC CORPORATION<\/title>\n<meta name=\"robots\" content=\"index, follow, max-snippet:-1, max-image-preview:large, max-video-preview:-1\" \/>\n<link rel=\"canonical\" href=\"https:\/\/www.chemipaz.com\/vi\/cookie-policy\/\" \/>\n<meta property=\"og:locale\" content=\"vi_VN\" \/>\n<meta property=\"og:type\" content=\"article\" \/>\n<meta property=\"og:title\" content=\"Ch\u00ednh s\u00e1ch Cookie - C\u00d4NG TY SEIKO PMC CORPORATION\" \/>\n<meta property=\"og:description\" content=\"C\u00f4ng ty CHEMIPAZ (sau \u0111\u00e2y g\u1ecdi l\u00e0 \u201cC\u00f4ng ty ch\u00fang t\u00f4i\u201d) s\u1eed d\u1ee5ng Cookie \u0111\u1ec3 thu th\u1eadp m\u1ed9t s\u1ed1 th\u00f4ng tin v\u1edbi m\u1ee5c \u0111\u00edch ph\u00e2n t\u00edch t\u00ecnh tr\u1ea1ng s\u1eed d\u1ee5ng trang web c\u1ee7a kh\u00e1ch h\u00e0ng, c\u0169ng nh\u01b0 cung c\u1ea5p c\u00e1c d\u1ecbch v\u1ee5 v\u00e0 qu\u1ea3ng c\u00e1o \u0111\u01b0\u1ee3c t\u00f9y ch\u1ec9nh cho t\u1eebng kh\u00e1ch h\u00e0ng. 1. V\u1ec1 Cookie Cookie l\u00e0 ch\u1ee9c n\u0103ng l\u01b0u tr\u1eef th\u00f4ng tin v\u1ec1 vi\u1ec7c duy\u1ec7t web c\u1ee7a kh\u00e1ch h\u00e0ng v\u00e0o thi\u1ebft b\u1ecb c\u1ee7a kh\u00e1ch h\u00e0ng (thi\u1ebft b\u1ecb c\u00f3 th\u1ec3 k\u1ebft n\u1ed1i internet nh\u01b0 m\u00e1y t\u00ednh, \u0111i\u1ec7n tho\u1ea1i th\u00f4ng minh, m\u00e1y t\u00ednh b\u1ea3ng, v.v\u2026).Cookie bao g\u1ed3m lo\u1ea1i \u0111\u01b0\u1ee3c thi\u1ebft l\u1eadp b\u1edfi c\u00f4ng ty ch\u00fang t\u00f4i (Cookie c\u1ee7a b\u00ean th\u1ee9 nh\u1ea5t) [&hellip;]\" \/>\n<meta property=\"og:url\" content=\"https:\/\/www.chemipaz.com\/vi\/cookie-policy\/\" \/>\n<meta property=\"og:site_name\" content=\"C\u00d4NG TY SEIKO PMC CORPORATION\" \/>\n<meta property=\"article:modified_time\" content=\"2025-03-29T03:29:26+00:00\" \/>\n<meta name=\"twitter:card\" content=\"summary_large_image\" \/>\n<meta name=\"twitter:label1\" content=\"\u01af\u1edbc t\u00ednh th\u1eddi gian \u0111\u1ecdc\" \/>\n\t<meta name=\"twitter:data1\" content=\"4 ph\u00fat\" \/>\n<script type=\"application\/ld+json\" class=\"yoast-schema-graph\">{\"@context\":\"https:\\\/\\\/schema.org\",\"@graph\":[{\"@type\":\"WebPage\",\"@id\":\"https:\\\/\\\/www.chemipaz.com\\\/vi\\\/cookie-policy\\\/\",\"url\":\"https:\\\/\\\/www.chemipaz.com\\\/vi\\\/cookie-policy\\\/\",\"name\":\"Ch\u00ednh s\u00e1ch Cookie - C\u00d4NG TY SEIKO PMC CORPORATION\",\"isPartOf\":{\"@id\":\"https:\\\/\\\/www.chemipaz.com\\\/vi\\\/#website\"},\"datePublished\":\"2025-03-20T04:48:36+00:00\",\"dateModified\":\"2025-03-29T03:29:26+00:00\",\"breadcrumb\":{\"@id\":\"https:\\\/\\\/www.chemipaz.com\\\/vi\\\/cookie-policy\\\/#breadcrumb\"},\"inLanguage\":\"vi\",\"potentialAction\":[{\"@type\":\"ReadAction\",\"target\":[\"https:\\\/\\\/www.chemipaz.com\\\/vi\\\/cookie-policy\\\/\"]}]},{\"@type\":\"BreadcrumbList\",\"@id\":\"https:\\\/\\\/www.chemipaz.com\\\/vi\\\/cookie-policy\\\/#breadcrumb\",\"itemListElement\":[{\"@type\":\"ListItem\",\"position\":1,\"name\":\"Trang ch\u1ee7\",\"item\":\"https:\\\/\\\/www.chemipaz.com\\\/vi\\\/\"},{\"@type\":\"ListItem\",\"position\":2,\"name\":\"Ch\u00ednh s\u00e1ch Cookie\"}]},{\"@type\":\"WebSite\",\"@id\":\"https:\\\/\\\/www.chemipaz.com\\\/vi\\\/#website\",\"url\":\"https:\\\/\\\/www.chemipaz.com\\\/vi\\\/\",\"name\":\"C\u00d4NG TY SEIKO PMC CORPORATION\",\"description\":\"Ch\u00fang t\u00f4i \u0111\u00e1p \u1ee9ng nhanh ch\u00f3ng nhu c\u1ea7u c\u1ee7a kh\u00e1ch h\u00e0ng b\u1eb1ng h\u1ec7 th\u1ed1ng ba trong m\u1ed9t, cung c\u1ea5p c\u00e1c h\u00f3a ch\u1ea5t s\u1ea3n xu\u1ea5t gi\u1ea5y v\u00e0 c\u00e1c s\u1ea3n ph\u1ea9m nh\u1ef1a c\u00f3 gi\u00e1 tr\u1ecb gia t\u0103ng cao.\",\"potentialAction\":[{\"@type\":\"SearchAction\",\"target\":{\"@type\":\"EntryPoint\",\"urlTemplate\":\"https:\\\/\\\/www.chemipaz.com\\\/vi\\\/?s={search_term_string}\"},\"query-input\":{\"@type\":\"PropertyValueSpecification\",\"valueRequired\":true,\"valueName\":\"search_term_string\"}}],\"inLanguage\":\"vi\"}]}<\/script>\n<!-- \/ Yoast SEO plugin. -->","yoast_head_json":{"title":"Ch\u00ednh s\u00e1ch Cookie - C\u00d4NG TY SEIKO PMC CORPORATION","robots":{"index":"index","follow":"follow","max-snippet":"max-snippet:-1","max-image-preview":"max-image-preview:large","max-video-preview":"max-video-preview:-1"},"canonical":"https:\/\/www.chemipaz.com\/vi\/cookie-policy\/","og_locale":"vi_VN","og_type":"article","og_title":"Ch\u00ednh s\u00e1ch Cookie - C\u00d4NG TY SEIKO PMC CORPORATION","og_description":"C\u00f4ng ty CHEMIPAZ (sau \u0111\u00e2y g\u1ecdi l\u00e0 \u201cC\u00f4ng ty ch\u00fang t\u00f4i\u201d) s\u1eed d\u1ee5ng Cookie \u0111\u1ec3 thu th\u1eadp m\u1ed9t s\u1ed1 th\u00f4ng tin v\u1edbi m\u1ee5c \u0111\u00edch ph\u00e2n t\u00edch t\u00ecnh tr\u1ea1ng s\u1eed d\u1ee5ng trang web c\u1ee7a kh\u00e1ch h\u00e0ng, c\u0169ng nh\u01b0 cung c\u1ea5p c\u00e1c d\u1ecbch v\u1ee5 v\u00e0 qu\u1ea3ng c\u00e1o \u0111\u01b0\u1ee3c t\u00f9y ch\u1ec9nh cho t\u1eebng kh\u00e1ch h\u00e0ng. 1. V\u1ec1 Cookie Cookie l\u00e0 ch\u1ee9c n\u0103ng l\u01b0u tr\u1eef th\u00f4ng tin v\u1ec1 vi\u1ec7c duy\u1ec7t web c\u1ee7a kh\u00e1ch h\u00e0ng v\u00e0o thi\u1ebft b\u1ecb c\u1ee7a kh\u00e1ch h\u00e0ng (thi\u1ebft b\u1ecb c\u00f3 th\u1ec3 k\u1ebft n\u1ed1i internet nh\u01b0 m\u00e1y t\u00ednh, \u0111i\u1ec7n tho\u1ea1i th\u00f4ng minh, m\u00e1y t\u00ednh b\u1ea3ng, v.v\u2026).Cookie bao g\u1ed3m lo\u1ea1i \u0111\u01b0\u1ee3c thi\u1ebft l\u1eadp b\u1edfi c\u00f4ng ty ch\u00fang t\u00f4i (Cookie c\u1ee7a b\u00ean th\u1ee9 nh\u1ea5t) [&hellip;]","og_url":"https:\/\/www.chemipaz.com\/vi\/cookie-policy\/","og_site_name":"C\u00d4NG TY SEIKO PMC CORPORATION","article_modified_time":"2025-03-29T03:29:26+00:00","twitter_card":"summary_large_image","twitter_misc":{"\u01af\u1edbc t\u00ednh th\u1eddi gian \u0111\u1ecdc":"4 ph\u00fat"},"schema":{"@context":"https:\/\/schema.org","@graph":[{"@type":"WebPage","@id":"https:\/\/www.chemipaz.com\/vi\/cookie-policy\/","url":"https:\/\/www.chemipaz.com\/vi\/cookie-policy\/","name":"Ch\u00ednh s\u00e1ch Cookie - C\u00d4NG TY SEIKO PMC CORPORATION","isPartOf":{"@id":"https:\/\/www.chemipaz.com\/vi\/#website"},"datePublished":"2025-03-20T04:48:36+00:00","dateModified":"2025-03-29T03:29:26+00:00","breadcrumb":{"@id":"https:\/\/www.chemipaz.com\/vi\/cookie-policy\/#breadcrumb"},"inLanguage":"vi","potentialAction":[{"@type":"ReadAction","target":["https:\/\/www.chemipaz.com\/vi\/cookie-policy\/"]}]},{"@type":"BreadcrumbList","@id":"https:\/\/www.chemipaz.com\/vi\/cookie-policy\/#breadcrumb","itemListElement":[{"@type":"ListItem","position":1,"name":"Trang ch\u1ee7","item":"https:\/\/www.chemipaz.com\/vi\/"},{"@type":"ListItem","position":2,"name":"Ch\u00ednh s\u00e1ch Cookie"}]},{"@type":"WebSite","@id":"https:\/\/www.chemipaz.com\/vi\/#website","url":"https:\/\/www.chemipaz.com\/vi\/","name":"C\u00d4NG TY SEIKO PMC CORPORATION","description":"Ch\u00fang t\u00f4i \u0111\u00e1p \u1ee9ng nhanh ch\u00f3ng nhu c\u1ea7u c\u1ee7a kh\u00e1ch h\u00e0ng b\u1eb1ng h\u1ec7 th\u1ed1ng ba trong m\u1ed9t, cung c\u1ea5p c\u00e1c h\u00f3a ch\u1ea5t s\u1ea3n xu\u1ea5t gi\u1ea5y v\u00e0 c\u00e1c s\u1ea3n ph\u1ea9m nh\u1ef1a c\u00f3 gi\u00e1 tr\u1ecb gia t\u0103ng cao.","potentialAction":[{"@type":"SearchAction","target":{"@type":"EntryPoint","urlTemplate":"https:\/\/www.chemipaz.com\/vi\/?s={search_term_string}"},"query-input":{"@type":"PropertyValueSpecification","valueRequired":true,"valueName":"search_term_string"}}],"inLanguage":"vi"}]}},"_links":{"self":[{"href":"https:\/\/www.chemipaz.com\/vi\/wp-json\/wp\/v2\/pages\/10665","targetHints":{"allow":["GET"]}}],"collection":[{"href":"https:\/\/www.chemipaz.com\/vi\/wp-json\/wp\/v2\/pages"}],"about":[{"href":"https:\/\/www.chemipaz.com\/vi\/wp-json\/wp\/v2\/types\/page"}],"author":[{"embeddable":true,"href":"https:\/\/www.chemipaz.com\/vi\/wp-json\/wp\/v2\/users\/6"}],"replies":[{"embeddable":true,"href":"https:\/\/www.chemipaz.com\/vi\/wp-json\/wp\/v2\/comments?post=10665"}],"version-history":[{"count":43,"href":"https:\/\/www.chemipaz.com\/vi\/wp-json\/wp\/v2\/pages\/10665\/revisions"}],"predecessor-version":[{"id":11279,"href":"https:\/\/www.chemipaz.com\/vi\/wp-json\/wp\/v2\/pages\/10665\/revisions\/11279"}],"wp:attachment":[{"href":"https:\/\/www.chemipaz.com\/vi\/wp-json\/wp\/v2\/media?parent=10665"}],"curies":[{"name":"wp","href":"https:\/\/api.w.org\/{rel}","templated":true}]}}